{"id":6921,"date":"2025-02-06T05:56:48","date_gmt":"2025-02-06T05:56:48","guid":{"rendered":"https:\/\/banxa.com\/chinh-sach-hanh-vi\/"},"modified":"2026-04-23T20:24:17","modified_gmt":"2026-04-23T20:24:17","slug":"chinh-sach-hanh-vi","status":"publish","type":"page","link":"https:\/\/banxa.com\/vi\/chinh-sach-hanh-vi\/","title":{"rendered":"Ch\u00ednh s\u00e1ch h\u00e0nh vi"},"content":{"rendered":"\n<p>\u0110\u1ed9i ng\u0169 h\u1ed7 tr\u1ee3 t\u1ea1i Banxa l\u00e0m vi\u1ec7c kh\u00f4ng ng\u1eebng ngh\u1ec9 su\u1ed1t ng\u00e0y \u0111\u00eam \u0111\u1ec3 gi\u1ea3i quy\u1ebft c\u00e1c v\u1ea5n \u0111\u1ec1 c\u1ee7a kh\u00e1ch h\u00e0ng. M\u1ed7i th\u00e0nh vi\u00ean trong nh\u00f3m s\u1ebd n\u1ed7 l\u1ef1c h\u1ebft m\u00ecnh \u0111\u1ec3 h\u1ed7 tr\u1ee3 t\u1eebng y\u00eau c\u1ea7u.<\/p>\n\n<p>Kh\u00e1ch h\u00e0ng c\u1ee7a ch\u00fang t\u00f4i c\u00f3 quy\u1ec1n \u0111\u01b0\u1ee3c l\u1eafng nghe, th\u1ea5u hi\u1ec3u v\u00e0 t\u00f4n tr\u1ecdng. Tuy nhi\u00ean, c\u00f3 nh\u1eefng t\u00ecnh hu\u1ed1ng khi\u1ebfn \u0111\u1ed9i ng\u0169 h\u1ed7 tr\u1ee3 g\u1eb7p kh\u00f3 kh\u0103n trong vi\u1ec7c ph\u1ea3n h\u1ed3i y\u00eau c\u1ea7u. Trong m\u1ed9t s\u1ed1 tr\u01b0\u1eddng h\u1ee3p, khi kh\u00e1ch h\u00e0ng c\u00f3 th\u00e1i \u0111\u1ed9 \u0111e d\u1ecda ho\u1eb7c l\u1ea1m d\u1ee5ng, ch\u00fang t\u00f4i bu\u1ed9c ph\u1ea3i \u0111\u1eb7t ra gi\u1edbi h\u1ea1n.<\/p>\n\n<p>Do \u0111\u00f3, ch\u00fang t\u00f4i b\u1ea3o l\u01b0u quy\u1ec1n t\u1eeb ch\u1ed1i d\u1ecbch v\u1ee5 v\u00e0 ch\u1ea5m d\u1ee9t quan h\u1ec7 kinh doanh khi kh\u00e1ch h\u00e0ng c\u00f3 th\u00e1i \u0111\u1ed9 th\u00f4 l\u1ed7, ph\u00e2n bi\u1ec7t \u0111\u1ed1i x\u1eed, qu\u1ea5y r\u1ed1i ho\u1eb7c l\u1ea1m d\u1ee5ng nh\u00e2n vi\u00ean. Ngo\u00e0i ra, m\u1ecdi l\u1eddi \u0111e d\u1ecda b\u1ea1o l\u1ef1c s\u1ebd \u0111\u01b0\u1ee3c x\u1eed l\u00fd nghi\u00eam t\u00fac v\u00e0 b\u00e1o c\u00e1o cho c\u01a1 quan ch\u1ee9c n\u0103ng. M\u1ecdi ng\u01b0\u1eddi \u0111\u1ec1u c\u00f3 quy\u1ec1n c\u1ea3m th\u1ea5y an to\u00e0n t\u1ea1i n\u01a1i l\u00e0m vi\u1ec7c, v\u00e0 Banxa c\u0169ng kh\u00f4ng ngo\u1ea1i l\u1ec7.<\/p>\n\n<p>C\u1ea3m \u01a1n b\u1ea1n \u0111\u00e3 th\u00f4ng c\u1ea3m cho nhu c\u1ea7u t\u1ea1o ra m\u1ed9t m\u00f4i tr\u01b0\u1eddng l\u00e0m vi\u1ec7c t\u00f4n tr\u1ecdng v\u00e0 an to\u00e0n. Ch\u00fang t\u00f4i mu\u1ed1n l\u1eafng nghe m\u1ed1i quan ng\u1ea1i c\u1ee7a kh\u00e1ch h\u00e0ng v\u00e0 \u1edf b\u00ean h\u1ecd, nh\u01b0ng quy\u1ec1n \u0111\u01b0\u1ee3c h\u1ed7 tr\u1ee3 \u0111\u00f3 \u0111i k\u00e8m v\u1edbi k\u1ef3 v\u1ecdng v\u1ec1 h\u00e0nh vi v\u00e0 giao ti\u1ebfp chu \u0111\u00e1o, l\u1ecbch s\u1ef1.<\/p>\n\n<p>Vui l\u00f2ng li\u00ean h\u1ec7 v\u1edbi ch\u00fang t\u00f4i \u0111\u1ec3 bi\u1ebft th\u00eam th\u00f4ng tin ho\u1eb7c gi\u1ea3i \u0111\u00e1p th\u1eafc m\u1eafc v\u1ec1 ch\u00ednh s\u00e1ch n\u00e0y.<\/p>\n","protected":false},"excerpt":{"rendered":"<p>\u0110\u1ed9i ng\u0169 h\u1ed7 tr\u1ee3 t\u1ea1i Banxa l\u00e0m vi\u1ec7c kh\u00f4ng ng\u1eebng ngh\u1ec9 su\u1ed1t ng\u00e0y \u0111\u00eam \u0111\u1ec3 gi\u1ea3i quy\u1ebft c\u00e1c v\u1ea5n \u0111\u1ec1 c\u1ee7a kh\u00e1ch h\u00e0ng. M\u1ed7i th\u00e0nh vi\u00ean trong nh\u00f3m s\u1ebd n\u1ed7 l\u1ef1c h\u1ebft m\u00ecnh \u0111\u1ec3 h\u1ed7 tr\u1ee3 t\u1eebng y\u00eau c\u1ea7u. Kh\u00e1ch h\u00e0ng c\u1ee7a ch\u00fang t\u00f4i c\u00f3 quy\u1ec1n \u0111\u01b0\u1ee3c l\u1eafng nghe, th\u1ea5u hi\u1ec3u v\u00e0 t\u00f4n tr\u1ecdng. Tuy [&hellip;]<\/p>\n","protected":false},"author":3,"featured_media":0,"parent":0,"menu_order":0,"comment_status":"closed","ping_status":"closed","template":"","meta":{"footnotes":""},"class_list":["post-6921","page","type-page","status-publish","hentry"],"yoast_head":"<!-- This site is optimized with the Yoast SEO plugin v27.5 - https:\/\/yoast.com\/product\/yoast-seo-wordpress\/ -->\n<title>Ch\u00ednh S\u00e1ch H\u00e0nh Vi \u2013 H\u01b0\u1edbng D\u1eabn S\u1eed D\u1ee5ng &amp; \u1ee8ng X\u1eed Tr\u00ean N\u1ec1n T\u1ea3ng | Banxa<\/title>\n<meta name=\"description\" content=\"Xem Ch\u00ednh S\u00e1ch H\u00e0nh Vi c\u1ee7a Banxa v\u1ec1 quy \u0111\u1ecbnh s\u1eed d\u1ee5ng n\u1ec1n t\u1ea3ng, h\u01b0\u1edbng d\u1eabn \u1ee9ng x\u1eed kh\u00e1ch h\u00e0ng v\u00e0 ti\u00eau chu\u1ea9n tu\u00e2n th\u1ee7.\" \/>\n<meta name=\"robots\" content=\"index, follow, max-snippet:-1, max-image-preview:large, max-video-preview:-1\" \/>\n<link rel=\"canonical\" href=\"https:\/\/banxa.com\/vi\/chinh-sach-hanh-vi\/\" \/>\n<meta property=\"og:locale\" content=\"vi_VN\" \/>\n<meta property=\"og:type\" content=\"article\" \/>\n<meta property=\"og:title\" content=\"Ch\u00ednh S\u00e1ch H\u00e0nh Vi \u2013 H\u01b0\u1edbng D\u1eabn S\u1eed D\u1ee5ng &amp; \u1ee8ng X\u1eed Tr\u00ean N\u1ec1n T\u1ea3ng | Banxa\" \/>\n<meta property=\"og:description\" content=\"Xem Ch\u00ednh S\u00e1ch H\u00e0nh Vi c\u1ee7a Banxa v\u1ec1 quy \u0111\u1ecbnh s\u1eed d\u1ee5ng n\u1ec1n t\u1ea3ng, h\u01b0\u1edbng d\u1eabn \u1ee9ng x\u1eed kh\u00e1ch h\u00e0ng v\u00e0 ti\u00eau chu\u1ea9n tu\u00e2n th\u1ee7.\" \/>\n<meta property=\"og:url\" content=\"https:\/\/banxa.com\/vi\/chinh-sach-hanh-vi\/\" \/>\n<meta property=\"og:site_name\" content=\"Banxa\" \/>\n<meta property=\"article:publisher\" content=\"https:\/\/www.facebook.com\/Banxa.Official\/\" \/>\n<meta property=\"article:modified_time\" content=\"2026-04-23T20:24:17+00:00\" \/>\n<meta property=\"og:image\" content=\"https:\/\/banxa.com\/wp-content\/uploads\/2025\/04\/Banxa-Holdings-Inc-Cover-image.jpg\" \/>\n\t<meta property=\"og:image:width\" content=\"1200\" \/>\n\t<meta property=\"og:image:height\" content=\"675\" \/>\n\t<meta property=\"og:image:type\" content=\"image\/jpeg\" \/>\n<meta name=\"twitter:card\" content=\"summary_large_image\" \/>\n<meta name=\"twitter:site\" content=\"@BanxaHoldings\" \/>\n<meta name=\"twitter:label1\" content=\"\u01af\u1edbc t\u00ednh th\u1eddi gian \u0111\u1ecdc\" \/>\n\t<meta name=\"twitter:data1\" content=\"2 ph\u00fat\" \/>\n<script type=\"application\/ld+json\" class=\"yoast-schema-graph\">{\"@context\":\"https:\\\/\\\/schema.org\",\"@graph\":[{\"@type\":\"WebPage\",\"@id\":\"https:\\\/\\\/banxa.com\\\/vi\\\/chinh-sach-hanh-vi\\\/\",\"url\":\"https:\\\/\\\/banxa.com\\\/vi\\\/chinh-sach-hanh-vi\\\/\",\"name\":\"Ch\u00ednh S\u00e1ch H\u00e0nh Vi \u2013 H\u01b0\u1edbng D\u1eabn S\u1eed D\u1ee5ng & \u1ee8ng X\u1eed Tr\u00ean N\u1ec1n T\u1ea3ng | Banxa\",\"isPartOf\":{\"@id\":\"https:\\\/\\\/banxa.com\\\/vi\\\/#website\"},\"datePublished\":\"2025-02-06T05:56:48+00:00\",\"dateModified\":\"2026-04-23T20:24:17+00:00\",\"description\":\"Xem Ch\u00ednh S\u00e1ch H\u00e0nh Vi c\u1ee7a Banxa v\u1ec1 quy \u0111\u1ecbnh s\u1eed d\u1ee5ng n\u1ec1n t\u1ea3ng, h\u01b0\u1edbng d\u1eabn \u1ee9ng x\u1eed kh\u00e1ch h\u00e0ng v\u00e0 ti\u00eau chu\u1ea9n tu\u00e2n th\u1ee7.\",\"breadcrumb\":{\"@id\":\"https:\\\/\\\/banxa.com\\\/vi\\\/chinh-sach-hanh-vi\\\/#breadcrumb\"},\"inLanguage\":\"vi\",\"potentialAction\":[{\"@type\":\"ReadAction\",\"target\":[\"https:\\\/\\\/banxa.com\\\/vi\\\/chinh-sach-hanh-vi\\\/\"]}]},{\"@type\":\"BreadcrumbList\",\"@id\":\"https:\\\/\\\/banxa.com\\\/vi\\\/chinh-sach-hanh-vi\\\/#breadcrumb\",\"itemListElement\":[{\"@type\":\"ListItem\",\"position\":1,\"name\":\"Home\",\"item\":\"https:\\\/\\\/banxa.com\\\/vi\\\/\"},{\"@type\":\"ListItem\",\"position\":2,\"name\":\"Ch\u00ednh s\u00e1ch h\u00e0nh vi\"}]},{\"@type\":\"WebSite\",\"@id\":\"https:\\\/\\\/banxa.com\\\/vi\\\/#website\",\"url\":\"https:\\\/\\\/banxa.com\\\/vi\\\/\",\"name\":\"Banxa\",\"description\":\"\",\"publisher\":{\"@id\":\"https:\\\/\\\/banxa.com\\\/vi\\\/#organization\"},\"alternateName\":\"Banxa Holdings Inc.\",\"potentialAction\":[{\"@type\":\"SearchAction\",\"target\":{\"@type\":\"EntryPoint\",\"urlTemplate\":\"https:\\\/\\\/banxa.com\\\/vi\\\/?s={search_term_string}\"},\"query-input\":{\"@type\":\"PropertyValueSpecification\",\"valueRequired\":true,\"valueName\":\"search_term_string\"}}],\"inLanguage\":\"vi\"},{\"@type\":\"Organization\",\"@id\":\"https:\\\/\\\/banxa.com\\\/vi\\\/#organization\",\"name\":\"Banxa\",\"alternateName\":\"Banxa Holdings Inc.\",\"url\":\"https:\\\/\\\/banxa.com\\\/vi\\\/\",\"logo\":{\"@type\":\"ImageObject\",\"inLanguage\":\"vi\",\"@id\":\"https:\\\/\\\/banxa.com\\\/vi\\\/#\\\/schema\\\/logo\\\/image\\\/\",\"url\":\"https:\\\/\\\/banxa.com\\\/wp-content\\\/uploads\\\/2025\\\/02\\\/Banxa-Icon-RGB-Favicon.png\",\"contentUrl\":\"https:\\\/\\\/banxa.com\\\/wp-content\\\/uploads\\\/2025\\\/02\\\/Banxa-Icon-RGB-Favicon.png\",\"width\":520,\"height\":470,\"caption\":\"Banxa\"},\"image\":{\"@id\":\"https:\\\/\\\/banxa.com\\\/vi\\\/#\\\/schema\\\/logo\\\/image\\\/\"},\"sameAs\":[\"https:\\\/\\\/www.facebook.com\\\/Banxa.Official\\\/\",\"https:\\\/\\\/x.com\\\/BanxaHoldings\",\"https:\\\/\\\/www.instagram.com\\\/banxaofficial\\\/\",\"https:\\\/\\\/www.youtube.com\\\/channel\\\/UC1ENe9JnShhksGOaMaTyPvQ\",\"https:\\\/\\\/www.linkedin.com\\\/company\\\/banxa-com\"]}]}<\/script>\n<!-- \/ Yoast SEO plugin. -->","yoast_head_json":{"title":"Ch\u00ednh S\u00e1ch H\u00e0nh Vi \u2013 H\u01b0\u1edbng D\u1eabn S\u1eed D\u1ee5ng & \u1ee8ng X\u1eed Tr\u00ean N\u1ec1n T\u1ea3ng | Banxa","description":"Xem Ch\u00ednh S\u00e1ch H\u00e0nh Vi c\u1ee7a Banxa v\u1ec1 quy \u0111\u1ecbnh s\u1eed d\u1ee5ng n\u1ec1n t\u1ea3ng, h\u01b0\u1edbng d\u1eabn \u1ee9ng x\u1eed kh\u00e1ch h\u00e0ng v\u00e0 ti\u00eau chu\u1ea9n tu\u00e2n th\u1ee7.","robots":{"index":"index","follow":"follow","max-snippet":"max-snippet:-1","max-image-preview":"max-image-preview:large","max-video-preview":"max-video-preview:-1"},"canonical":"https:\/\/banxa.com\/vi\/chinh-sach-hanh-vi\/","og_locale":"vi_VN","og_type":"article","og_title":"Ch\u00ednh S\u00e1ch H\u00e0nh Vi \u2013 H\u01b0\u1edbng D\u1eabn S\u1eed D\u1ee5ng & \u1ee8ng X\u1eed Tr\u00ean N\u1ec1n T\u1ea3ng | Banxa","og_description":"Xem Ch\u00ednh S\u00e1ch H\u00e0nh Vi c\u1ee7a Banxa v\u1ec1 quy \u0111\u1ecbnh s\u1eed d\u1ee5ng n\u1ec1n t\u1ea3ng, h\u01b0\u1edbng d\u1eabn \u1ee9ng x\u1eed kh\u00e1ch h\u00e0ng v\u00e0 ti\u00eau chu\u1ea9n tu\u00e2n th\u1ee7.","og_url":"https:\/\/banxa.com\/vi\/chinh-sach-hanh-vi\/","og_site_name":"Banxa","article_publisher":"https:\/\/www.facebook.com\/Banxa.Official\/","article_modified_time":"2026-04-23T20:24:17+00:00","og_image":[{"width":1200,"height":675,"url":"https:\/\/banxa.com\/wp-content\/uploads\/2025\/04\/Banxa-Holdings-Inc-Cover-image.jpg","type":"image\/jpeg"}],"twitter_card":"summary_large_image","twitter_site":"@BanxaHoldings","twitter_misc":{"\u01af\u1edbc t\u00ednh th\u1eddi gian \u0111\u1ecdc":"2 ph\u00fat"},"schema":{"@context":"https:\/\/schema.org","@graph":[{"@type":"WebPage","@id":"https:\/\/banxa.com\/vi\/chinh-sach-hanh-vi\/","url":"https:\/\/banxa.com\/vi\/chinh-sach-hanh-vi\/","name":"Ch\u00ednh S\u00e1ch H\u00e0nh Vi \u2013 H\u01b0\u1edbng D\u1eabn S\u1eed D\u1ee5ng & \u1ee8ng X\u1eed Tr\u00ean N\u1ec1n T\u1ea3ng | Banxa","isPartOf":{"@id":"https:\/\/banxa.com\/vi\/#website"},"datePublished":"2025-02-06T05:56:48+00:00","dateModified":"2026-04-23T20:24:17+00:00","description":"Xem Ch\u00ednh S\u00e1ch H\u00e0nh Vi c\u1ee7a Banxa v\u1ec1 quy \u0111\u1ecbnh s\u1eed d\u1ee5ng n\u1ec1n t\u1ea3ng, h\u01b0\u1edbng d\u1eabn \u1ee9ng x\u1eed kh\u00e1ch h\u00e0ng v\u00e0 ti\u00eau chu\u1ea9n tu\u00e2n th\u1ee7.","breadcrumb":{"@id":"https:\/\/banxa.com\/vi\/chinh-sach-hanh-vi\/#breadcrumb"},"inLanguage":"vi","potentialAction":[{"@type":"ReadAction","target":["https:\/\/banxa.com\/vi\/chinh-sach-hanh-vi\/"]}]},{"@type":"BreadcrumbList","@id":"https:\/\/banxa.com\/vi\/chinh-sach-hanh-vi\/#breadcrumb","itemListElement":[{"@type":"ListItem","position":1,"name":"Home","item":"https:\/\/banxa.com\/vi\/"},{"@type":"ListItem","position":2,"name":"Ch\u00ednh s\u00e1ch h\u00e0nh vi"}]},{"@type":"WebSite","@id":"https:\/\/banxa.com\/vi\/#website","url":"https:\/\/banxa.com\/vi\/","name":"Banxa","description":"","publisher":{"@id":"https:\/\/banxa.com\/vi\/#organization"},"alternateName":"Banxa Holdings Inc.","potentialAction":[{"@type":"SearchAction","target":{"@type":"EntryPoint","urlTemplate":"https:\/\/banxa.com\/vi\/?s={search_term_string}"},"query-input":{"@type":"PropertyValueSpecification","valueRequired":true,"valueName":"search_term_string"}}],"inLanguage":"vi"},{"@type":"Organization","@id":"https:\/\/banxa.com\/vi\/#organization","name":"Banxa","alternateName":"Banxa Holdings Inc.","url":"https:\/\/banxa.com\/vi\/","logo":{"@type":"ImageObject","inLanguage":"vi","@id":"https:\/\/banxa.com\/vi\/#\/schema\/logo\/image\/","url":"https:\/\/banxa.com\/wp-content\/uploads\/2025\/02\/Banxa-Icon-RGB-Favicon.png","contentUrl":"https:\/\/banxa.com\/wp-content\/uploads\/2025\/02\/Banxa-Icon-RGB-Favicon.png","width":520,"height":470,"caption":"Banxa"},"image":{"@id":"https:\/\/banxa.com\/vi\/#\/schema\/logo\/image\/"},"sameAs":["https:\/\/www.facebook.com\/Banxa.Official\/","https:\/\/x.com\/BanxaHoldings","https:\/\/www.instagram.com\/banxaofficial\/","https:\/\/www.youtube.com\/channel\/UC1ENe9JnShhksGOaMaTyPvQ","https:\/\/www.linkedin.com\/company\/banxa-com"]}]}},"_links":{"self":[{"href":"https:\/\/banxa.com\/vi\/wp-json\/wp\/v2\/pages\/6921","targetHints":{"allow":["GET"]}}],"collection":[{"href":"https:\/\/banxa.com\/vi\/wp-json\/wp\/v2\/pages"}],"about":[{"href":"https:\/\/banxa.com\/vi\/wp-json\/wp\/v2\/types\/page"}],"author":[{"embeddable":true,"href":"https:\/\/banxa.com\/vi\/wp-json\/wp\/v2\/users\/3"}],"replies":[{"embeddable":true,"href":"https:\/\/banxa.com\/vi\/wp-json\/wp\/v2\/comments?post=6921"}],"version-history":[{"count":0,"href":"https:\/\/banxa.com\/vi\/wp-json\/wp\/v2\/pages\/6921\/revisions"}],"wp:attachment":[{"href":"https:\/\/banxa.com\/vi\/wp-json\/wp\/v2\/media?parent=6921"}],"curies":[{"name":"wp","href":"https:\/\/api.w.org\/{rel}","templated":true}]}}