{"id":6819,"date":"2025-05-15T07:31:25","date_gmt":"2025-05-15T07:31:25","guid":{"rendered":"https:\/\/banxa.com\/security\/"},"modified":"2026-04-23T20:23:26","modified_gmt":"2026-04-23T20:23:26","slug":"security","status":"publish","type":"page","link":"https:\/\/banxa.com\/vi\/security\/","title":{"rendered":"Security"},"content":{"rendered":"\n<h3 class=\"wp-block-heading\">Custody<\/h3>\n\n<p>Banxa l\u00e0 \u0111\u1ea1i l\u00fd phi l\u01b0u k\u00fd trong t\u1ea5t c\u1ea3 c\u00e1c giao d\u1ecbch v\u1edbi kh\u00e1ch h\u00e0ng. Banxa kh\u00f4ng l\u01b0u k\u00fd b\u1ea5t k\u1ef3 kho\u1ea3n ti\u1ec1n n\u00e0o c\u1ee7a kh\u00e1ch h\u00e0ng \u0111\u01b0\u1ee3c mua tr\u00ean n\u1ec1n t\u1ea3ng v\u00e0 chuy\u1ec3n t\u00e0i s\u1ea3n tr\u1ef1c ti\u1ebfp \u0111\u1ebfn\/t\u1eeb v\u00ed do kh\u00e1ch h\u00e0ng ch\u1ec9 \u0111\u1ecbnh. N\u1ebfu kh\u00e1ch h\u00e0ng mu\u1ed1n s\u1eed d\u1ee5ng d\u1ecbch v\u1ee5 c\u1ee7a Banxa ch\u01b0a c\u00f3 v\u00ed, ch\u00fang t\u00f4i y\u00eau c\u1ea7u h\u1ecd t\u1ea1o v\u00ed tr\u01b0\u1edbc khi ti\u1ebfp t\u1ee5c mua ti\u1ec1n m\u00e3 h\u00f3a.<\/p>\n\n<h3 class=\"wp-block-heading\">D\u1eef li\u1ec7u thanh to\u00e1n &amp; kh\u00e1ch h\u00e0ng<\/h3>\n\n<p>T\u1ea5t c\u1ea3 d\u1eef li\u1ec7u g\u1eedi \u0111\u1ebfn ho\u1eb7c t\u1eeb h\u1ea1 t\u1ea7ng c\u1ee7a Banxa \u0111\u1ec1u \u0111\u01b0\u1ee3c m\u00e3 h\u00f3a trong qu\u00e1 tr\u00ecnh truy\u1ec1n b\u1eb1ng Transport Layer Security (TLS) phi\u00ean b\u1ea3n 1.2 tr\u1edf l\u00ean. T\u1ea5t c\u1ea3 d\u1eef li\u1ec7u c\u1ee7a Banxa \u0111\u01b0\u1ee3c m\u00e3 h\u00f3a khi l\u01b0u tr\u1eef b\u1eb1ng m\u00e3 h\u00f3a l\u01b0u tr\u1eef c\u1ea5p kh\u1ed1i AES-256 v\u00e0 \u0111\u01b0\u1ee3c l\u01b0u tr\u1eef t\u1ea1i c\u00e1c trung t\u00e2m d\u1eef li\u1ec7u tu\u00e2n th\u1ee7 ISO27001 v\u00e0 PCI DSS. Banxa tu\u00e2n th\u1ee7 Quy \u0111\u1ecbnh B\u1ea3o v\u1ec7 D\u1eef li\u1ec7u Chung (GDPR), \u0111\u1ea3m b\u1ea3o r\u1eb1ng t\u1ea5t c\u1ea3 th\u00f4ng tin c\u00e1 nh\u00e2n c\u1ee7a kh\u00e1ch h\u00e0ng v\u00e0 nh\u00e2n vi\u00ean \u0111\u01b0\u1ee3c x\u1eed l\u00fd v\u1edbi m\u1ee9c \u0111\u1ed9 b\u1ea3o m\u1eadt cao nh\u1ea5t v\u00e0 theo c\u00e1ch h\u1ee3p ph\u00e1p. T\u1ea5t c\u1ea3 th\u00f4ng tin thanh to\u00e1n \u0111\u01b0\u1ee3c x\u1eed l\u00fd v\u00e0 l\u01b0u tr\u1eef theo Ti\u00eau chu\u1ea9n B\u1ea3o m\u1eadt D\u1eef li\u1ec7u Ng\u00e0nh Th\u1ebb Thanh to\u00e1n nghi\u00eam ng\u1eb7t (PCI DSS).<\/p>\n\n<h3 class=\"wp-block-heading\">Ph\u00e1t tri\u1ec3n b\u1ea3o m\u1eadt<\/h3>\n\n<p>Banxa s\u1eed d\u1ee5ng c\u00e1c quy tr\u00ecnh v\u00e0 c\u00f4ng c\u1ee5 \u0111\u1ec3 li\u00ean t\u1ee5c cung c\u1ea5p ph\u1ea7n m\u1ec1m an to\u00e0n cho h\u1ea1 t\u1ea7ng \u0111\u00e1m m\u00e2y v\u00e0 \u1ee9ng d\u1ee5ng. T\u1ea5t c\u1ea3 c\u00e1c thay \u0111\u1ed5i m\u00e3 \u0111\u1ec1u tr\u1ea3i qua quy tr\u00ecnh \u0111\u00e1nh gi\u00e1 m\u00e3 v\u00e0 ch\u1ecbu ki\u1ec3m tra b\u1ea3o m\u1eadt \u1ee9ng d\u1ee5ng t\u0129nh (SAST) \u0111\u1ec3 ph\u00e1t hi\u1ec7n c\u00e1c m\u1eabu m\u00e3 kh\u00f4ng an to\u00e0n. T\u1ea5t c\u1ea3 c\u00e1c ph\u1ee5 thu\u1ed9c \u0111\u01b0\u1ee3c c\u1eadp nh\u1eadt t\u1ef1 \u0111\u1ed9ng v\u00e0 \u0111\u1ed9i ng\u0169 b\u1ea3o m\u1eadt c\u1ee7a Banxa l\u00e0m vi\u1ec7c c\u00f9ng c\u00e1c \u0111\u1ed9i k\u1ef9 thu\u1eadt \u0111\u1ec3 h\u1ed7 tr\u1ee3 trong c\u00e1c giai \u0111o\u1ea1n kh\u00e1c nhau c\u1ee7a v\u00f2ng \u0111\u1eddi ph\u00e1t tri\u1ec3n ph\u1ea7n m\u1ec1m (SDLC). C\u00e1c k\u1ef9 s\u01b0 Banxa tham gia \u0111\u00e0o t\u1ea1o b\u1ea3o m\u1eadt th\u01b0\u1eddng xuy\u00ean \u0111\u1ec3 n\u00e2ng cao nh\u1eadn th\u1ee9c v\u1ec1 c\u00e1c l\u1ed7 h\u1ed5ng ph\u1ed5 bi\u1ebfn v\u00e0 th\u1ef1c h\u00e0nh ph\u00e1t tri\u1ec3n an to\u00e0n.<\/p>\n\n<h3 class=\"wp-block-heading\">B\u1ea3o m\u1eadt n\u1ed9i b\u1ed9<\/h3>\n\n<p>Nh\u00e2n vi\u00ean Banxa \u0111\u01b0\u1ee3c y\u00eau c\u1ea7u s\u1eed d\u1ee5ng thi\u1ebft b\u1ecb do c\u00f4ng ty cung c\u1ea5p, \u0111\u01b0\u1ee3c qu\u1ea3n l\u00fd th\u00f4ng qua gi\u1ea3i ph\u00e1p qu\u1ea3n l\u00fd thi\u1ebft b\u1ecb di \u0111\u1ed9ng. \u0110i\u1ec1u n\u00e0y cho ph\u00e9p \u0111\u1ed9i ng\u0169 b\u1ea3o m\u1eadt v\u00e0 CNTT th\u1ef1c thi c\u00e1c ch\u00ednh s\u00e1ch b\u1ea3o m\u1eadt, tri\u1ec3n khai c\u00e1c gi\u1ea3i ph\u00e1p b\u1ea3o v\u1ec7 \u0111i\u1ec3m cu\u1ed1i kh\u00e1c v\u00e0 qu\u1ea3n l\u00fd thi\u1ebft b\u1ecb t\u1eeb xa. T\u1ea5t c\u1ea3 nh\u00e2n vi\u00ean \u0111\u01b0\u1ee3c y\u00eau c\u1ea7u s\u1eed d\u1ee5ng \u0110\u0103ng nh\u1eadp m\u1ed9t l\u1ea7n v\u00e0 X\u00e1c th\u1ef1c \u0111a y\u1ebfu t\u1ed1 \u0111\u1ec3 truy c\u1eadp c\u00e1c \u1ee9ng d\u1ee5ng v\u00e0 d\u1ecbch v\u1ee5 b\u00ean th\u1ee9 ba. Nh\u00e2n vi\u00ean ph\u1ea3i qua ki\u1ec3m tra l\u00fd l\u1ecbch tr\u01b0\u1edbc khi<\/p>\n\n<p>tuy\u1ec3n d\u1ee5ng v\u00e0 \u0111\u01b0\u1ee3c \u0111\u00e0o t\u1ea1o v\u1ec1 h\u01b0\u1edbng d\u1eabn b\u1ea3o m\u1eadt c\u00f9ng nh\u1eadn th\u1ee9c li\u00ean t\u1ee5c. Nh\u00e2n vi\u00ean \u0111\u01b0\u1ee3c y\u00eau c\u1ea7u tu\u00e2n th\u1ee7 c\u00e1c ti\u00eau chu\u1ea9n b\u1ea3o m\u1eadt nghi\u00eam ng\u1eb7t v\u00e0 th\u01b0\u1eddng xuy\u00ean l\u00e0m vi\u1ec7c v\u1edbi \u0111\u1ed9i ng\u0169 B\u1ea3o m\u1eadt.<\/p>\n\n<h3 class=\"wp-block-heading\">B\u1ea3o m\u1eadt \u0111i\u1ec3m cu\u1ed1i<\/h3>\n\n<p>T\u1ea5t c\u1ea3 c\u00e1c thi\u1ebft b\u1ecb do Banxa qu\u1ea3n l\u00fd \u0111\u1ec1u \u0111\u01b0\u1ee3c b\u1ea3o v\u1ec7 b\u1eb1ng d\u1ecbch v\u1ee5 Ph\u00e1t hi\u1ec7n v\u00e0 Ph\u1ea3n h\u1ed3i \u0110i\u1ec3m cu\u1ed1i (EDR) c\u1ea5p doanh nghi\u1ec7p, \u0111\u01b0\u1ee3c gi\u00e1m s\u00e1t 24\/7 b\u1edfi \u0111\u1ed9i ng\u0169 chuy\u00ean gia b\u1ea3o m\u1eadt chuy\u00ean tr\u00e1ch. Banxa c\u0169ng th\u01b0\u1eddng xuy\u00ean qu\u00e9t c\u00e1c l\u1ed7 h\u1ed5ng m\u1edbi \u0111\u01b0\u1ee3c ph\u00e1t hi\u1ec7n v\u00e0 s\u1ebd kh\u1eafc ph\u1ee5c ch\u00fang trong th\u1eddi gian k\u1ecbp th\u1eddi.<\/p>\n","protected":false},"excerpt":{"rendered":"<p>Custody Banxa l\u00e0 \u0111\u1ea1i l\u00fd phi l\u01b0u k\u00fd trong t\u1ea5t c\u1ea3 c\u00e1c giao d\u1ecbch v\u1edbi kh\u00e1ch h\u00e0ng. Banxa kh\u00f4ng l\u01b0u k\u00fd b\u1ea5t k\u1ef3 kho\u1ea3n ti\u1ec1n n\u00e0o c\u1ee7a kh\u00e1ch h\u00e0ng \u0111\u01b0\u1ee3c mua tr\u00ean n\u1ec1n t\u1ea3ng v\u00e0 chuy\u1ec3n t\u00e0i s\u1ea3n tr\u1ef1c ti\u1ebfp \u0111\u1ebfn\/t\u1eeb v\u00ed do kh\u00e1ch h\u00e0ng ch\u1ec9 \u0111\u1ecbnh. N\u1ebfu kh\u00e1ch h\u00e0ng mu\u1ed1n s\u1eed d\u1ee5ng d\u1ecbch v\u1ee5 [&hellip;]<\/p>\n","protected":false},"author":3,"featured_media":0,"parent":0,"menu_order":0,"comment_status":"closed","ping_status":"closed","template":"","meta":{"footnotes":""},"class_list":["post-6819","page","type-page","status-publish","hentry"],"yoast_head":"<!-- This site is optimized with the Yoast SEO plugin v27.5 - https:\/\/yoast.com\/product\/yoast-seo-wordpress\/ -->\n<title>Security - Banxa<\/title>\n<meta name=\"robots\" content=\"index, follow, max-snippet:-1, max-image-preview:large, max-video-preview:-1\" \/>\n<link rel=\"canonical\" href=\"https:\/\/banxa.com\/vi\/security\/\" \/>\n<meta property=\"og:locale\" content=\"vi_VN\" \/>\n<meta property=\"og:type\" content=\"article\" \/>\n<meta property=\"og:title\" content=\"Security - Banxa\" \/>\n<meta property=\"og:description\" content=\"Custody Banxa l\u00e0 \u0111\u1ea1i l\u00fd phi l\u01b0u k\u00fd trong t\u1ea5t c\u1ea3 c\u00e1c giao d\u1ecbch v\u1edbi kh\u00e1ch h\u00e0ng. Banxa kh\u00f4ng l\u01b0u k\u00fd b\u1ea5t k\u1ef3 kho\u1ea3n ti\u1ec1n n\u00e0o c\u1ee7a kh\u00e1ch h\u00e0ng \u0111\u01b0\u1ee3c mua tr\u00ean n\u1ec1n t\u1ea3ng v\u00e0 chuy\u1ec3n t\u00e0i s\u1ea3n tr\u1ef1c ti\u1ebfp \u0111\u1ebfn\/t\u1eeb v\u00ed do kh\u00e1ch h\u00e0ng ch\u1ec9 \u0111\u1ecbnh. N\u1ebfu kh\u00e1ch h\u00e0ng mu\u1ed1n s\u1eed d\u1ee5ng d\u1ecbch v\u1ee5 [&hellip;]\" \/>\n<meta property=\"og:url\" content=\"https:\/\/banxa.com\/vi\/security\/\" \/>\n<meta property=\"og:site_name\" content=\"Banxa\" \/>\n<meta property=\"article:publisher\" content=\"https:\/\/www.facebook.com\/Banxa.Official\/\" \/>\n<meta property=\"article:modified_time\" content=\"2026-04-23T20:23:26+00:00\" \/>\n<meta property=\"og:image\" content=\"https:\/\/banxa.com\/wp-content\/uploads\/2025\/04\/Banxa-Holdings-Inc-Cover-image.jpg\" \/>\n\t<meta property=\"og:image:width\" content=\"1200\" \/>\n\t<meta property=\"og:image:height\" content=\"675\" \/>\n\t<meta property=\"og:image:type\" content=\"image\/jpeg\" \/>\n<meta name=\"twitter:card\" content=\"summary_large_image\" \/>\n<meta name=\"twitter:site\" content=\"@BanxaHoldings\" \/>\n<meta name=\"twitter:label1\" content=\"\u01af\u1edbc t\u00ednh th\u1eddi gian \u0111\u1ecdc\" \/>\n\t<meta name=\"twitter:data1\" content=\"4 ph\u00fat\" \/>\n<script type=\"application\/ld+json\" class=\"yoast-schema-graph\">{\"@context\":\"https:\\\/\\\/schema.org\",\"@graph\":[{\"@type\":\"WebPage\",\"@id\":\"https:\\\/\\\/banxa.com\\\/vi\\\/security\\\/\",\"url\":\"https:\\\/\\\/banxa.com\\\/vi\\\/security\\\/\",\"name\":\"Security - Banxa\",\"isPartOf\":{\"@id\":\"https:\\\/\\\/banxa.com\\\/vi\\\/#website\"},\"datePublished\":\"2025-05-15T07:31:25+00:00\",\"dateModified\":\"2026-04-23T20:23:26+00:00\",\"breadcrumb\":{\"@id\":\"https:\\\/\\\/banxa.com\\\/vi\\\/security\\\/#breadcrumb\"},\"inLanguage\":\"vi\",\"potentialAction\":[{\"@type\":\"ReadAction\",\"target\":[\"https:\\\/\\\/banxa.com\\\/vi\\\/security\\\/\"]}]},{\"@type\":\"BreadcrumbList\",\"@id\":\"https:\\\/\\\/banxa.com\\\/vi\\\/security\\\/#breadcrumb\",\"itemListElement\":[{\"@type\":\"ListItem\",\"position\":1,\"name\":\"Home\",\"item\":\"https:\\\/\\\/banxa.com\\\/vi\\\/\"},{\"@type\":\"ListItem\",\"position\":2,\"name\":\"Security\"}]},{\"@type\":\"WebSite\",\"@id\":\"https:\\\/\\\/banxa.com\\\/vi\\\/#website\",\"url\":\"https:\\\/\\\/banxa.com\\\/vi\\\/\",\"name\":\"Banxa\",\"description\":\"\",\"publisher\":{\"@id\":\"https:\\\/\\\/banxa.com\\\/vi\\\/#organization\"},\"alternateName\":\"Banxa Holdings Inc.\",\"potentialAction\":[{\"@type\":\"SearchAction\",\"target\":{\"@type\":\"EntryPoint\",\"urlTemplate\":\"https:\\\/\\\/banxa.com\\\/vi\\\/?s={search_term_string}\"},\"query-input\":{\"@type\":\"PropertyValueSpecification\",\"valueRequired\":true,\"valueName\":\"search_term_string\"}}],\"inLanguage\":\"vi\"},{\"@type\":\"Organization\",\"@id\":\"https:\\\/\\\/banxa.com\\\/vi\\\/#organization\",\"name\":\"Banxa\",\"alternateName\":\"Banxa Holdings Inc.\",\"url\":\"https:\\\/\\\/banxa.com\\\/vi\\\/\",\"logo\":{\"@type\":\"ImageObject\",\"inLanguage\":\"vi\",\"@id\":\"https:\\\/\\\/banxa.com\\\/vi\\\/#\\\/schema\\\/logo\\\/image\\\/\",\"url\":\"https:\\\/\\\/banxa.com\\\/wp-content\\\/uploads\\\/2025\\\/02\\\/Banxa-Icon-RGB-Favicon.png\",\"contentUrl\":\"https:\\\/\\\/banxa.com\\\/wp-content\\\/uploads\\\/2025\\\/02\\\/Banxa-Icon-RGB-Favicon.png\",\"width\":520,\"height\":470,\"caption\":\"Banxa\"},\"image\":{\"@id\":\"https:\\\/\\\/banxa.com\\\/vi\\\/#\\\/schema\\\/logo\\\/image\\\/\"},\"sameAs\":[\"https:\\\/\\\/www.facebook.com\\\/Banxa.Official\\\/\",\"https:\\\/\\\/x.com\\\/BanxaHoldings\",\"https:\\\/\\\/www.instagram.com\\\/banxaofficial\\\/\",\"https:\\\/\\\/www.youtube.com\\\/channel\\\/UC1ENe9JnShhksGOaMaTyPvQ\",\"https:\\\/\\\/www.linkedin.com\\\/company\\\/banxa-com\"]}]}<\/script>\n<!-- \/ Yoast SEO plugin. -->","yoast_head_json":{"title":"Security - Banxa","robots":{"index":"index","follow":"follow","max-snippet":"max-snippet:-1","max-image-preview":"max-image-preview:large","max-video-preview":"max-video-preview:-1"},"canonical":"https:\/\/banxa.com\/vi\/security\/","og_locale":"vi_VN","og_type":"article","og_title":"Security - Banxa","og_description":"Custody Banxa l\u00e0 \u0111\u1ea1i l\u00fd phi l\u01b0u k\u00fd trong t\u1ea5t c\u1ea3 c\u00e1c giao d\u1ecbch v\u1edbi kh\u00e1ch h\u00e0ng. Banxa kh\u00f4ng l\u01b0u k\u00fd b\u1ea5t k\u1ef3 kho\u1ea3n ti\u1ec1n n\u00e0o c\u1ee7a kh\u00e1ch h\u00e0ng \u0111\u01b0\u1ee3c mua tr\u00ean n\u1ec1n t\u1ea3ng v\u00e0 chuy\u1ec3n t\u00e0i s\u1ea3n tr\u1ef1c ti\u1ebfp \u0111\u1ebfn\/t\u1eeb v\u00ed do kh\u00e1ch h\u00e0ng ch\u1ec9 \u0111\u1ecbnh. N\u1ebfu kh\u00e1ch h\u00e0ng mu\u1ed1n s\u1eed d\u1ee5ng d\u1ecbch v\u1ee5 [&hellip;]","og_url":"https:\/\/banxa.com\/vi\/security\/","og_site_name":"Banxa","article_publisher":"https:\/\/www.facebook.com\/Banxa.Official\/","article_modified_time":"2026-04-23T20:23:26+00:00","og_image":[{"width":1200,"height":675,"url":"https:\/\/banxa.com\/wp-content\/uploads\/2025\/04\/Banxa-Holdings-Inc-Cover-image.jpg","type":"image\/jpeg"}],"twitter_card":"summary_large_image","twitter_site":"@BanxaHoldings","twitter_misc":{"\u01af\u1edbc t\u00ednh th\u1eddi gian \u0111\u1ecdc":"4 ph\u00fat"},"schema":{"@context":"https:\/\/schema.org","@graph":[{"@type":"WebPage","@id":"https:\/\/banxa.com\/vi\/security\/","url":"https:\/\/banxa.com\/vi\/security\/","name":"Security - Banxa","isPartOf":{"@id":"https:\/\/banxa.com\/vi\/#website"},"datePublished":"2025-05-15T07:31:25+00:00","dateModified":"2026-04-23T20:23:26+00:00","breadcrumb":{"@id":"https:\/\/banxa.com\/vi\/security\/#breadcrumb"},"inLanguage":"vi","potentialAction":[{"@type":"ReadAction","target":["https:\/\/banxa.com\/vi\/security\/"]}]},{"@type":"BreadcrumbList","@id":"https:\/\/banxa.com\/vi\/security\/#breadcrumb","itemListElement":[{"@type":"ListItem","position":1,"name":"Home","item":"https:\/\/banxa.com\/vi\/"},{"@type":"ListItem","position":2,"name":"Security"}]},{"@type":"WebSite","@id":"https:\/\/banxa.com\/vi\/#website","url":"https:\/\/banxa.com\/vi\/","name":"Banxa","description":"","publisher":{"@id":"https:\/\/banxa.com\/vi\/#organization"},"alternateName":"Banxa Holdings Inc.","potentialAction":[{"@type":"SearchAction","target":{"@type":"EntryPoint","urlTemplate":"https:\/\/banxa.com\/vi\/?s={search_term_string}"},"query-input":{"@type":"PropertyValueSpecification","valueRequired":true,"valueName":"search_term_string"}}],"inLanguage":"vi"},{"@type":"Organization","@id":"https:\/\/banxa.com\/vi\/#organization","name":"Banxa","alternateName":"Banxa Holdings Inc.","url":"https:\/\/banxa.com\/vi\/","logo":{"@type":"ImageObject","inLanguage":"vi","@id":"https:\/\/banxa.com\/vi\/#\/schema\/logo\/image\/","url":"https:\/\/banxa.com\/wp-content\/uploads\/2025\/02\/Banxa-Icon-RGB-Favicon.png","contentUrl":"https:\/\/banxa.com\/wp-content\/uploads\/2025\/02\/Banxa-Icon-RGB-Favicon.png","width":520,"height":470,"caption":"Banxa"},"image":{"@id":"https:\/\/banxa.com\/vi\/#\/schema\/logo\/image\/"},"sameAs":["https:\/\/www.facebook.com\/Banxa.Official\/","https:\/\/x.com\/BanxaHoldings","https:\/\/www.instagram.com\/banxaofficial\/","https:\/\/www.youtube.com\/channel\/UC1ENe9JnShhksGOaMaTyPvQ","https:\/\/www.linkedin.com\/company\/banxa-com"]}]}},"_links":{"self":[{"href":"https:\/\/banxa.com\/vi\/wp-json\/wp\/v2\/pages\/6819","targetHints":{"allow":["GET"]}}],"collection":[{"href":"https:\/\/banxa.com\/vi\/wp-json\/wp\/v2\/pages"}],"about":[{"href":"https:\/\/banxa.com\/vi\/wp-json\/wp\/v2\/types\/page"}],"author":[{"embeddable":true,"href":"https:\/\/banxa.com\/vi\/wp-json\/wp\/v2\/users\/3"}],"replies":[{"embeddable":true,"href":"https:\/\/banxa.com\/vi\/wp-json\/wp\/v2\/comments?post=6819"}],"version-history":[{"count":0,"href":"https:\/\/banxa.com\/vi\/wp-json\/wp\/v2\/pages\/6819\/revisions"}],"wp:attachment":[{"href":"https:\/\/banxa.com\/vi\/wp-json\/wp\/v2\/media?parent=6819"}],"curies":[{"name":"wp","href":"https:\/\/api.w.org\/{rel}","templated":true}]}}