{"id":6818,"date":"2025-05-16T02:33:53","date_gmt":"2025-05-16T02:33:53","guid":{"rendered":"https:\/\/banxa.com\/conflicts-of-interest-disclosure\/"},"modified":"2026-04-23T20:23:25","modified_gmt":"2026-04-23T20:23:25","slug":"conflicts-of-interest-disclosure","status":"publish","type":"page","link":"https:\/\/banxa.com\/vi\/conflicts-of-interest-disclosure\/","title":{"rendered":"Conflicts of Interest Disclosure"},"content":{"rendered":"\n<p>EU Internet Ventures B.V. (&#8220;EUIV&#8221;), th\u1ef1c th\u1ec3 ch\u00e2u \u00c2u c\u1ee7a Banxa, c\u00f3 ngh\u0129a v\u1ee5 tri\u1ec3n khai v\u00e0 duy tr\u00ec c\u00e1c ch\u00ednh s\u00e1ch v\u00e0 quy tr\u00ecnh hi\u1ec7u qu\u1ea3 \u0111\u1ec3 nh\u1eadn di\u1ec7n, ng\u0103n ch\u1eb7n, qu\u1ea3n l\u00fd v\u00e0 c\u00f4ng b\u1ed1 xung \u0111\u1ed9t l\u1ee3i \u00edch. Th\u00f4ng qua b\u1ea3n c\u00f4ng b\u1ed1 n\u00e0y, EUIV nh\u1eb1m m\u1ee5c \u0111\u00edch th\u00f4ng b\u00e1o cho b\u1ea1n v\u1ec1 b\u1ea3n ch\u1ea5t chung v\u00e0 ngu\u1ed3n g\u1ed1c c\u1ee7a c\u00e1c xung \u0111\u1ed9t l\u1ee3i \u00edch \u0111\u00e3 ph\u00e1t sinh ho\u1eb7c c\u00f3 th\u1ec3 ph\u00e1t sinh, v\u00e0 c\u00e1c b\u01b0\u1edbc m\u00e0 EUIV \u0111\u00e3 th\u1ef1c hi\u1ec7n \u0111\u1ec3 gi\u1ea3m thi\u1ec3u c\u00e1c xung \u0111\u1ed9t l\u1ee3i \u00edch n\u00e0y.<\/p>\n\n<h3 class=\"wp-block-heading\">B\u1ea3n ch\u1ea5t chung v\u00e0 ngu\u1ed3n g\u1ed1c xung \u0111\u1ed9t l\u1ee3i \u00edch<\/h3>\n\n<p>EUIV \u0111\u00e3 x\u00e1c \u0111\u1ecbnh hai lo\u1ea1i xung \u0111\u1ed9t l\u1ee3i \u00edch ti\u1ec1m \u1ea9n:<\/p>\n\n<ul class=\"wp-block-list\">\n<li>Xung \u0111\u1ed9t l\u1ee3i \u00edch c\u00f3 kh\u1ea3 n\u0103ng g\u00e2y b\u1ea5t l\u1ee3i cho kh\u00e1ch h\u00e0ng c\u1ee7a EUIV; v\u00e0<\/li>\n\n\n\n<li>Xung \u0111\u1ed9t l\u1ee3i \u00edch c\u00f3 kh\u1ea3 n\u0103ng g\u00e2y b\u1ea5t l\u1ee3i cho EUIV.<\/li>\n<\/ul>\n\n<p>Xung \u0111\u1ed9t l\u1ee3i \u00edch c\u00f3 kh\u1ea3 n\u0103ng g\u00e2y b\u1ea5t l\u1ee3i cho kh\u00e1ch h\u00e0ng c\u00f3 th\u1ec3 ph\u00e1t sinh khi EUIV ho\u1eb7c c\u1ed5 \u0111\u00f4ng hay th\u00e0nh vi\u00ean EUIV, b\u1ea5t k\u1ef3 ng\u01b0\u1eddi n\u00e0o li\u00ean k\u1ebft tr\u1ef1c ti\u1ebfp ho\u1eb7c gi\u00e1n ti\u1ebfp v\u1edbi EUIV ho\u1eb7c c\u1ed5 \u0111\u00f4ng hay th\u00e0nh vi\u00ean EUIV th\u00f4ng qua quy\u1ec1n ki\u1ec3m so\u00e1t, th\u00e0nh vi\u00ean h\u1ed9i \u0111\u1ed3ng qu\u1ea3n tr\u1ecb EUIV ho\u1eb7c nh\u00e2n vi\u00ean EUIV (c\u00e1c <strong>Ng\u01b0\u1eddi li\u00ean quan<\/strong>) \u1edf trong b\u1ea5t k\u1ef3 t\u00ecnh hu\u1ed1ng n\u00e0o sau \u0111\u00e2y:<\/p>\n\n<ul class=\"wp-block-list\">\n<li>EUIV ho\u1eb7c Ng\u01b0\u1eddi li\u00ean quan c\u00f3 kh\u1ea3 n\u0103ng \u0111\u1ea1t \u0111\u01b0\u1ee3c l\u1ee3i \u00edch t\u00e0i ch\u00ednh, tr\u00e1nh \u0111\u01b0\u1ee3c t\u1ed5n th\u1ea5t t\u00e0i ch\u00ednh, ho\u1eb7c nh\u1eadn \u0111\u01b0\u1ee3c m\u1ed9t lo\u1ea1i l\u1ee3i \u00edch kh\u00e1c, b\u1eb1ng chi ph\u00ed c\u1ee7a kh\u00e1ch h\u00e0ng;<\/li>\n\n\n\n<li>EUIV ho\u1eb7c Ng\u01b0\u1eddi li\u00ean quan c\u00f3 l\u1ee3i \u00edch trong k\u1ebft qu\u1ea3 c\u1ee7a d\u1ecbch v\u1ee5 t\u00e0i s\u1ea3n ti\u1ec1n m\u00e3 h\u00f3a \u0111\u01b0\u1ee3c cung c\u1ea5p cho kh\u00e1ch h\u00e0ng c\u1ee7a EUIV ho\u1eb7c giao d\u1ecbch \u0111\u01b0\u1ee3c th\u1ef1c hi\u1ec7n thay m\u1eb7t kh\u00e1ch h\u00e0ng \u0111\u00f3, kh\u00e1c bi\u1ec7t v\u1edbi l\u1ee3i \u00edch c\u1ee7a kh\u00e1ch h\u00e0ng \u0111\u00f3 trong k\u1ebft qu\u1ea3 \u0111\u00f3; <\/li>\n\n\n\n<li>EUIV ho\u1eb7c Ng\u01b0\u1eddi li\u00ean quan c\u00f3 \u0111\u1ed9ng c\u01a1 t\u00e0i ch\u00ednh ho\u1eb7c \u0111\u1ed9ng c\u01a1 kh\u00e1c \u0111\u1ec3 \u01b0u ti\u00ean l\u1ee3i \u00edch c\u1ee7a m\u1ed9t ho\u1eb7c nhi\u1ec1u kh\u00e1ch h\u00e0ng c\u1ee7a EUIV h\u01a1n l\u1ee3i \u00edch c\u1ee7a kh\u00e1ch h\u00e0ng kh\u00e1c c\u1ee7a EUIV;<\/li>\n\n\n\n<li>EUIV ho\u1eb7c B\u00ean Li\u00ean Quan kinh doanh c\u00f9ng l\u0129nh v\u1ef1c v\u1edbi kh\u00e1ch h\u00e0ng c\u1ee7a EUIV; ho\u1eb7c<\/li>\n\n\n\n<li>EUIV ho\u1eb7c Ng\u01b0\u1eddi li\u00ean quan nh\u1eadn \u0111\u01b0\u1ee3c ho\u1eb7c s\u1ebd nh\u1eadn \u0111\u01b0\u1ee3c t\u1eeb m\u1ed9t b\u00ean kh\u00f4ng ph\u1ea3i l\u00e0 kh\u00e1ch h\u00e0ng c\u1ee7a EUIV m\u1ed9t kho\u1ea3n khuy\u1ebfn kh\u00edch li\u00ean quan \u0111\u1ebfn d\u1ecbch v\u1ee5 \u0111\u01b0\u1ee3c cung c\u1ea5p cho kh\u00e1ch h\u00e0ng \u0111\u00f3, d\u01b0\u1edbi h\u00ecnh th\u1ee9c l\u1ee3i \u00edch ho\u1eb7c d\u1ecbch v\u1ee5 b\u1eb1ng ti\u1ec1n ho\u1eb7c phi ti\u1ec1n t\u1ec7.<\/li>\n<\/ul>\n\n<p>Xung \u0111\u1ed9t l\u1ee3i \u00edch c\u00f3 kh\u1ea3 n\u0103ng g\u00e2y b\u1ea5t l\u1ee3i cho EUIV c\u00f3 th\u1ec3 ph\u00e1t sinh khi B\u00ean Li\u00ean Quan:<\/p>\n\n<ul class=\"wp-block-list\">\n<li>c\u00f3 l\u1ee3i \u00edch kinh t\u1ebf v\u1edbi m\u1ed9t c\u00e1 nh\u00e2n, t\u1ed5 ch\u1ee9c ho\u1eb7c th\u1ef1c th\u1ec3 c\u00f3 l\u1ee3i \u00edch xung \u0111\u1ed9t v\u1edbi EUIV;<\/li>\n\n\n\n<li>c\u00f3 m\u1ed1i quan h\u1ec7 c\u00e1 nh\u00e2n v\u1edbi m\u1ed9t c\u00e1 nh\u00e2n, t\u1ed5 ch\u1ee9c ho\u1eb7c th\u1ef1c th\u1ec3 c\u00f3 l\u1ee3i \u00edch xung \u0111\u1ed9t v\u1edbi EUIV;<\/li>\n\n\n\n<li>c\u00f3 ho\u1eb7c \u0111\u00e3 c\u00f3 m\u1ed1i quan h\u1ec7 ngh\u1ec1 nghi\u1ec7p v\u1edbi m\u1ed9t c\u00e1 nh\u00e2n, t\u1ed5 ch\u1ee9c ho\u1eb7c th\u1ef1c th\u1ec3 c\u00f3 l\u1ee3i \u00edch xung \u0111\u1ed9t v\u1edbi EUIV;<\/li>\n\n\n\n<li>c\u00f3 m\u1ed1i quan h\u1ec7 ch\u00ednh tr\u1ecb v\u1edbi m\u1ed9t c\u00e1 nh\u00e2n, t\u1ed5 ch\u1ee9c ho\u1eb7c th\u1ef1c th\u1ec3 c\u00f3 l\u1ee3i \u00edch xung \u0111\u1ed9t v\u1edbi EUIV; ho\u1eb7c<\/li>\n\n\n\n<li>th\u1ef1c hi\u1ec7n c\u00e1c nhi\u1ec7m v\u1ee5 m\u00e2u thu\u1eabn, \u0111\u01b0\u1ee3c giao c\u00e1c tr\u00e1ch nhi\u1ec7m m\u00e2u thu\u1eabn ho\u1eb7c ch\u1ecbu s\u1ef1 gi\u00e1m s\u00e1t ph\u00e2n c\u1ea5p b\u1edfi ng\u01b0\u1eddi ph\u1ee5 tr\u00e1ch c\u00e1c ch\u1ee9c n\u0103ng ho\u1eb7c nhi\u1ec7m v\u1ee5 m\u00e2u thu\u1eabn.<\/li>\n<\/ul>\n\n<h3 class=\"wp-block-heading\">C\u00e1c b\u01b0\u1edbc EUIV \u0111\u00e3 th\u1ef1c hi\u1ec7n \u0111\u1ec3 gi\u1ea3m thi\u1ec3u c\u00e1c xung \u0111\u1ed9t l\u1ee3i \u00edch (ti\u1ec1m \u1ea9n) n\u00e0y<\/h3>\n\n<p>EUIV \u0111\u00e3 tri\u1ec3n khai nhi\u1ec1u bi\u1ec7n ph\u00e1p \u0111\u1ec3 ng\u0103n ng\u1eeba c\u00e1c xung \u0111\u1ed9t l\u1ee3i \u00edch n\u00eau tr\u00ean ph\u00e1t sinh:<\/p>\n\n<ul class=\"wp-block-list\">\n<li>Th\u00f4ng qua \u0111\u00e0o t\u1ea1o, EUIV li\u00ean t\u1ee5c \u0111\u1ea3m b\u1ea3o r\u1eb1ng c\u00e1c Ng\u01b0\u1eddi li\u00ean quan nh\u1eadn th\u1ee9c \u0111\u01b0\u1ee3c c\u00e1c r\u1ee7i ro xung \u0111\u1ed9t l\u1ee3i \u00edch v\u00e0 c\u00e1c bi\u1ec7n ph\u00e1p m\u00e0 EUIV \u0111\u00e3 th\u1ef1c hi\u1ec7n \u0111\u1ec3 ng\u0103n ch\u1eb7n ch\u00fang ph\u00e1t sinh.<\/li>\n\n\n\n<li>EUIV \u0111\u00e3 tri\u1ec3n khai nhi\u1ec1u ch\u00ednh s\u00e1ch v\u00e0 quy tr\u00ecnh nghi\u00eam ng\u1eb7t nh\u1eb1m ng\u0103n ch\u1eb7n xung \u0111\u1ed9t l\u1ee3i \u00edch ph\u00e1t sinh. C\u00e1c ch\u00ednh s\u00e1ch v\u00e0 quy tr\u00ecnh n\u00e0y \u0111i\u1ec1u ch\u1ec9nh c\u00e1c v\u1ea5n \u0111\u1ec1 sau:\n<ul class=\"wp-block-list\">\n<li>Remuneration<\/li>\n\n\n\n<li>Giao d\u1ecbch c\u00e1 nh\u00e2n<\/li>\n\n\n\n<li>Quy \u0111\u1ecbnh nh\u1eadn qu\u00e0 t\u1eb7ng<\/li>\n\n\n\n<li>Chi\u1ebfn d\u1ecbch qu\u1ea3ng c\u00e1o<\/li>\n\n\n\n<li>Commissions<\/li>\n\n\n\n<li>Ho\u1ea1t \u0111\u1ed9ng ph\u1ee5 tr\u1ee3<\/li>\n<\/ul>\n<\/li>\n\n\n\n<li>Ngo\u00e0i ra, EUIV \u0111\u00e3 tri\u1ec3n khai nhi\u1ec1u bi\u1ec7n ph\u00e1p trong qu\u1ea3n tr\u1ecb n\u1ed9i b\u1ed9 \u0111\u1ec3 ng\u0103n ch\u1eb7n xung \u0111\u1ed9t l\u1ee3i \u00edch ph\u00e1t sinh trong t\u1ed5 ch\u1ee9c v\u00e0 trong t\u1eadp \u0111o\u00e0n Banxa.<\/li>\n<\/ul>\n\n<h3 class=\"wp-block-heading\">\u0110\u00e1nh gi\u00e1 v\u00e0 c\u1eadp nh\u1eadt<\/h3>\n\n<p>EUIV duy tr\u00ec h\u1ed3 s\u01a1 c\u1eadp nh\u1eadt v\u1ec1 t\u1ea5t c\u1ea3 c\u00e1c t\u00ecnh hu\u1ed1ng ph\u00e1t sinh xung \u0111\u1ed9t l\u1ee3i \u00edch th\u1ef1c t\u1ebf v\u00e0 ti\u1ec1m \u1ea9n c\u0169ng nh\u01b0 c\u00e1c bi\u1ec7n ph\u00e1p \u0111\u01b0\u1ee3c th\u1ef1c hi\u1ec7n \u0111\u1ec3 gi\u1ea3m thi\u1ec3u c\u00e1c xung \u0111\u1ed9t \u0111\u00f3. B\u1ea3n c\u00f4ng b\u1ed1 n\u00e0y \u0111\u01b0\u1ee3c c\u1eadp nh\u1eadt th\u01b0\u1eddng xuy\u00ean d\u1ef1a tr\u00ean c\u00e1c h\u1ed3 s\u01a1 \u0111\u00f3, v\u00e0 \u0111\u01b0\u1ee3c \u0111\u00e1nh gi\u00e1 h\u00e0ng n\u0103m v\u1ec1 t\u00ednh ch\u00ednh x\u00e1c, hi\u1ec7u qu\u1ea3 v\u00e0 tu\u00e2n th\u1ee7 c\u00e1c quy \u0111\u1ecbnh hi\u1ec7n h\u00e0nh, gi\u1ea3i quy\u1ebft m\u1ecdi thi\u1ebfu s\u00f3t li\u00ean quan.<\/p>\n\n<p><\/p>\n","protected":false},"excerpt":{"rendered":"<p>EU Internet Ventures B.V. (&#8220;EUIV&#8221;), th\u1ef1c th\u1ec3 ch\u00e2u \u00c2u c\u1ee7a Banxa, c\u00f3 ngh\u0129a v\u1ee5 tri\u1ec3n khai v\u00e0 duy tr\u00ec c\u00e1c ch\u00ednh s\u00e1ch v\u00e0 quy tr\u00ecnh hi\u1ec7u qu\u1ea3 \u0111\u1ec3 nh\u1eadn di\u1ec7n, ng\u0103n ch\u1eb7n, qu\u1ea3n l\u00fd v\u00e0 c\u00f4ng b\u1ed1 xung \u0111\u1ed9t l\u1ee3i \u00edch. Th\u00f4ng qua b\u1ea3n c\u00f4ng b\u1ed1 n\u00e0y, EUIV nh\u1eb1m m\u1ee5c \u0111\u00edch th\u00f4ng b\u00e1o cho b\u1ea1n [&hellip;]<\/p>\n","protected":false},"author":3,"featured_media":0,"parent":0,"menu_order":0,"comment_status":"closed","ping_status":"closed","template":"","meta":{"footnotes":""},"class_list":["post-6818","page","type-page","status-publish","hentry"],"yoast_head":"<!-- This site is optimized with the Yoast SEO plugin v27.5 - https:\/\/yoast.com\/product\/yoast-seo-wordpress\/ -->\n<title>Conflicts of Interest Disclosure - Banxa<\/title>\n<meta name=\"robots\" content=\"index, follow, max-snippet:-1, max-image-preview:large, max-video-preview:-1\" \/>\n<link rel=\"canonical\" href=\"https:\/\/banxa.com\/vi\/conflicts-of-interest-disclosure\/\" \/>\n<meta property=\"og:locale\" content=\"vi_VN\" \/>\n<meta property=\"og:type\" content=\"article\" \/>\n<meta property=\"og:title\" content=\"Conflicts of Interest Disclosure - Banxa\" \/>\n<meta property=\"og:description\" content=\"EU Internet Ventures B.V. (&#8220;EUIV&#8221;), th\u1ef1c th\u1ec3 ch\u00e2u \u00c2u c\u1ee7a Banxa, c\u00f3 ngh\u0129a v\u1ee5 tri\u1ec3n khai v\u00e0 duy tr\u00ec c\u00e1c ch\u00ednh s\u00e1ch v\u00e0 quy tr\u00ecnh hi\u1ec7u qu\u1ea3 \u0111\u1ec3 nh\u1eadn di\u1ec7n, ng\u0103n ch\u1eb7n, qu\u1ea3n l\u00fd v\u00e0 c\u00f4ng b\u1ed1 xung \u0111\u1ed9t l\u1ee3i \u00edch. Th\u00f4ng qua b\u1ea3n c\u00f4ng b\u1ed1 n\u00e0y, EUIV nh\u1eb1m m\u1ee5c \u0111\u00edch th\u00f4ng b\u00e1o cho b\u1ea1n [&hellip;]\" \/>\n<meta property=\"og:url\" content=\"https:\/\/banxa.com\/vi\/conflicts-of-interest-disclosure\/\" \/>\n<meta property=\"og:site_name\" content=\"Banxa\" \/>\n<meta property=\"article:publisher\" content=\"https:\/\/www.facebook.com\/Banxa.Official\/\" \/>\n<meta property=\"article:modified_time\" content=\"2026-04-23T20:23:25+00:00\" \/>\n<meta property=\"og:image\" content=\"https:\/\/banxa.com\/wp-content\/uploads\/2025\/04\/Banxa-Holdings-Inc-Cover-image.jpg\" \/>\n\t<meta property=\"og:image:width\" content=\"1200\" \/>\n\t<meta property=\"og:image:height\" content=\"675\" \/>\n\t<meta property=\"og:image:type\" content=\"image\/jpeg\" \/>\n<meta name=\"twitter:card\" content=\"summary_large_image\" \/>\n<meta name=\"twitter:site\" content=\"@BanxaHoldings\" \/>\n<meta name=\"twitter:label1\" content=\"\u01af\u1edbc t\u00ednh th\u1eddi gian \u0111\u1ecdc\" \/>\n\t<meta name=\"twitter:data1\" content=\"6 ph\u00fat\" \/>\n<script type=\"application\/ld+json\" class=\"yoast-schema-graph\">{\"@context\":\"https:\\\/\\\/schema.org\",\"@graph\":[{\"@type\":\"WebPage\",\"@id\":\"https:\\\/\\\/banxa.com\\\/vi\\\/conflicts-of-interest-disclosure\\\/\",\"url\":\"https:\\\/\\\/banxa.com\\\/vi\\\/conflicts-of-interest-disclosure\\\/\",\"name\":\"Conflicts of Interest Disclosure - Banxa\",\"isPartOf\":{\"@id\":\"https:\\\/\\\/banxa.com\\\/vi\\\/#website\"},\"datePublished\":\"2025-05-16T02:33:53+00:00\",\"dateModified\":\"2026-04-23T20:23:25+00:00\",\"breadcrumb\":{\"@id\":\"https:\\\/\\\/banxa.com\\\/vi\\\/conflicts-of-interest-disclosure\\\/#breadcrumb\"},\"inLanguage\":\"vi\",\"potentialAction\":[{\"@type\":\"ReadAction\",\"target\":[\"https:\\\/\\\/banxa.com\\\/vi\\\/conflicts-of-interest-disclosure\\\/\"]}]},{\"@type\":\"BreadcrumbList\",\"@id\":\"https:\\\/\\\/banxa.com\\\/vi\\\/conflicts-of-interest-disclosure\\\/#breadcrumb\",\"itemListElement\":[{\"@type\":\"ListItem\",\"position\":1,\"name\":\"Home\",\"item\":\"https:\\\/\\\/banxa.com\\\/vi\\\/\"},{\"@type\":\"ListItem\",\"position\":2,\"name\":\"Conflicts of Interest Disclosure\"}]},{\"@type\":\"WebSite\",\"@id\":\"https:\\\/\\\/banxa.com\\\/vi\\\/#website\",\"url\":\"https:\\\/\\\/banxa.com\\\/vi\\\/\",\"name\":\"Banxa\",\"description\":\"\",\"publisher\":{\"@id\":\"https:\\\/\\\/banxa.com\\\/vi\\\/#organization\"},\"alternateName\":\"Banxa Holdings Inc.\",\"potentialAction\":[{\"@type\":\"SearchAction\",\"target\":{\"@type\":\"EntryPoint\",\"urlTemplate\":\"https:\\\/\\\/banxa.com\\\/vi\\\/?s={search_term_string}\"},\"query-input\":{\"@type\":\"PropertyValueSpecification\",\"valueRequired\":true,\"valueName\":\"search_term_string\"}}],\"inLanguage\":\"vi\"},{\"@type\":\"Organization\",\"@id\":\"https:\\\/\\\/banxa.com\\\/vi\\\/#organization\",\"name\":\"Banxa\",\"alternateName\":\"Banxa Holdings Inc.\",\"url\":\"https:\\\/\\\/banxa.com\\\/vi\\\/\",\"logo\":{\"@type\":\"ImageObject\",\"inLanguage\":\"vi\",\"@id\":\"https:\\\/\\\/banxa.com\\\/vi\\\/#\\\/schema\\\/logo\\\/image\\\/\",\"url\":\"https:\\\/\\\/banxa.com\\\/wp-content\\\/uploads\\\/2025\\\/02\\\/Banxa-Icon-RGB-Favicon.png\",\"contentUrl\":\"https:\\\/\\\/banxa.com\\\/wp-content\\\/uploads\\\/2025\\\/02\\\/Banxa-Icon-RGB-Favicon.png\",\"width\":520,\"height\":470,\"caption\":\"Banxa\"},\"image\":{\"@id\":\"https:\\\/\\\/banxa.com\\\/vi\\\/#\\\/schema\\\/logo\\\/image\\\/\"},\"sameAs\":[\"https:\\\/\\\/www.facebook.com\\\/Banxa.Official\\\/\",\"https:\\\/\\\/x.com\\\/BanxaHoldings\",\"https:\\\/\\\/www.instagram.com\\\/banxaofficial\\\/\",\"https:\\\/\\\/www.youtube.com\\\/channel\\\/UC1ENe9JnShhksGOaMaTyPvQ\",\"https:\\\/\\\/www.linkedin.com\\\/company\\\/banxa-com\"]}]}<\/script>\n<!-- \/ Yoast SEO plugin. -->","yoast_head_json":{"title":"Conflicts of Interest Disclosure - Banxa","robots":{"index":"index","follow":"follow","max-snippet":"max-snippet:-1","max-image-preview":"max-image-preview:large","max-video-preview":"max-video-preview:-1"},"canonical":"https:\/\/banxa.com\/vi\/conflicts-of-interest-disclosure\/","og_locale":"vi_VN","og_type":"article","og_title":"Conflicts of Interest Disclosure - Banxa","og_description":"EU Internet Ventures B.V. (&#8220;EUIV&#8221;), th\u1ef1c th\u1ec3 ch\u00e2u \u00c2u c\u1ee7a Banxa, c\u00f3 ngh\u0129a v\u1ee5 tri\u1ec3n khai v\u00e0 duy tr\u00ec c\u00e1c ch\u00ednh s\u00e1ch v\u00e0 quy tr\u00ecnh hi\u1ec7u qu\u1ea3 \u0111\u1ec3 nh\u1eadn di\u1ec7n, ng\u0103n ch\u1eb7n, qu\u1ea3n l\u00fd v\u00e0 c\u00f4ng b\u1ed1 xung \u0111\u1ed9t l\u1ee3i \u00edch. Th\u00f4ng qua b\u1ea3n c\u00f4ng b\u1ed1 n\u00e0y, EUIV nh\u1eb1m m\u1ee5c \u0111\u00edch th\u00f4ng b\u00e1o cho b\u1ea1n [&hellip;]","og_url":"https:\/\/banxa.com\/vi\/conflicts-of-interest-disclosure\/","og_site_name":"Banxa","article_publisher":"https:\/\/www.facebook.com\/Banxa.Official\/","article_modified_time":"2026-04-23T20:23:25+00:00","og_image":[{"width":1200,"height":675,"url":"https:\/\/banxa.com\/wp-content\/uploads\/2025\/04\/Banxa-Holdings-Inc-Cover-image.jpg","type":"image\/jpeg"}],"twitter_card":"summary_large_image","twitter_site":"@BanxaHoldings","twitter_misc":{"\u01af\u1edbc t\u00ednh th\u1eddi gian \u0111\u1ecdc":"6 ph\u00fat"},"schema":{"@context":"https:\/\/schema.org","@graph":[{"@type":"WebPage","@id":"https:\/\/banxa.com\/vi\/conflicts-of-interest-disclosure\/","url":"https:\/\/banxa.com\/vi\/conflicts-of-interest-disclosure\/","name":"Conflicts of Interest Disclosure - Banxa","isPartOf":{"@id":"https:\/\/banxa.com\/vi\/#website"},"datePublished":"2025-05-16T02:33:53+00:00","dateModified":"2026-04-23T20:23:25+00:00","breadcrumb":{"@id":"https:\/\/banxa.com\/vi\/conflicts-of-interest-disclosure\/#breadcrumb"},"inLanguage":"vi","potentialAction":[{"@type":"ReadAction","target":["https:\/\/banxa.com\/vi\/conflicts-of-interest-disclosure\/"]}]},{"@type":"BreadcrumbList","@id":"https:\/\/banxa.com\/vi\/conflicts-of-interest-disclosure\/#breadcrumb","itemListElement":[{"@type":"ListItem","position":1,"name":"Home","item":"https:\/\/banxa.com\/vi\/"},{"@type":"ListItem","position":2,"name":"Conflicts of Interest Disclosure"}]},{"@type":"WebSite","@id":"https:\/\/banxa.com\/vi\/#website","url":"https:\/\/banxa.com\/vi\/","name":"Banxa","description":"","publisher":{"@id":"https:\/\/banxa.com\/vi\/#organization"},"alternateName":"Banxa Holdings Inc.","potentialAction":[{"@type":"SearchAction","target":{"@type":"EntryPoint","urlTemplate":"https:\/\/banxa.com\/vi\/?s={search_term_string}"},"query-input":{"@type":"PropertyValueSpecification","valueRequired":true,"valueName":"search_term_string"}}],"inLanguage":"vi"},{"@type":"Organization","@id":"https:\/\/banxa.com\/vi\/#organization","name":"Banxa","alternateName":"Banxa Holdings Inc.","url":"https:\/\/banxa.com\/vi\/","logo":{"@type":"ImageObject","inLanguage":"vi","@id":"https:\/\/banxa.com\/vi\/#\/schema\/logo\/image\/","url":"https:\/\/banxa.com\/wp-content\/uploads\/2025\/02\/Banxa-Icon-RGB-Favicon.png","contentUrl":"https:\/\/banxa.com\/wp-content\/uploads\/2025\/02\/Banxa-Icon-RGB-Favicon.png","width":520,"height":470,"caption":"Banxa"},"image":{"@id":"https:\/\/banxa.com\/vi\/#\/schema\/logo\/image\/"},"sameAs":["https:\/\/www.facebook.com\/Banxa.Official\/","https:\/\/x.com\/BanxaHoldings","https:\/\/www.instagram.com\/banxaofficial\/","https:\/\/www.youtube.com\/channel\/UC1ENe9JnShhksGOaMaTyPvQ","https:\/\/www.linkedin.com\/company\/banxa-com"]}]}},"_links":{"self":[{"href":"https:\/\/banxa.com\/vi\/wp-json\/wp\/v2\/pages\/6818","targetHints":{"allow":["GET"]}}],"collection":[{"href":"https:\/\/banxa.com\/vi\/wp-json\/wp\/v2\/pages"}],"about":[{"href":"https:\/\/banxa.com\/vi\/wp-json\/wp\/v2\/types\/page"}],"author":[{"embeddable":true,"href":"https:\/\/banxa.com\/vi\/wp-json\/wp\/v2\/users\/3"}],"replies":[{"embeddable":true,"href":"https:\/\/banxa.com\/vi\/wp-json\/wp\/v2\/comments?post=6818"}],"version-history":[{"count":0,"href":"https:\/\/banxa.com\/vi\/wp-json\/wp\/v2\/pages\/6818\/revisions"}],"wp:attachment":[{"href":"https:\/\/banxa.com\/vi\/wp-json\/wp\/v2\/media?parent=6818"}],"curies":[{"name":"wp","href":"https:\/\/api.w.org\/{rel}","templated":true}]}}