{"id":6023,"date":"2025-02-06T05:56:48","date_gmt":"2025-02-06T05:56:48","guid":{"rendered":"https:\/\/banxa.com\/davranis-politikasi\/"},"modified":"2026-04-23T20:05:13","modified_gmt":"2026-04-23T20:05:13","slug":"davranis-politikasi","status":"publish","type":"page","link":"https:\/\/banxa.com\/tr\/davranis-politikasi\/","title":{"rendered":"Davran\u0131\u015f Politikas\u0131"},"content":{"rendered":"\n<p>Banxa destek ekibi, m\u00fc\u015fterilerimizin sorunlar\u0131n\u0131 \u00e7\u00f6zmek i\u00e7in gece g\u00fcnd\u00fcz \u00f6zveriyle \u00e7al\u0131\u015fmaktad\u0131r. Her ekip \u00fcyesi, gelen taleplere yard\u0131mc\u0131 olmak i\u00e7in i\u00e7tenlikle \u00e7aba g\u00f6sterecektir.<\/p>\n\n<p>M\u00fc\u015fterilerimizin dinlenme, anla\u015f\u0131lma ve sayg\u0131 g\u00f6rme hakk\u0131 vard\u0131r. Ancak destek ekibimizin taleplere yan\u0131t vermesini zorla\u015ft\u0131ran durumlar olabilir. Baz\u0131 durumlarda, bir m\u00fc\u015fteri tehditk\u00e2r veya k\u00f6t\u00fc niyetli davrand\u0131\u011f\u0131nda s\u0131n\u0131r \u00e7izmemiz gerekir.<\/p>\n\n<p>Bu nedenle, bir m\u00fc\u015fteri personelimize kar\u015f\u0131 kaba, ayr\u0131mc\u0131, taciz edici veya sald\u0131rgan davrand\u0131\u011f\u0131nda hizmetlerimizi reddetme ve i\u015f ili\u015fkisini sonland\u0131rma hakk\u0131m\u0131z\u0131 sakl\u0131 tutar\u0131z. Ayr\u0131ca, her t\u00fcrl\u00fc \u015fiddet tehdidi ciddiye al\u0131nacak ve yetkili makamlara bildirilecektir. Herkesin i\u015fyerinde kendini g\u00fcvende hissetme hakk\u0131 vard\u0131r ve Banxa i\u00e7in de durum farkl\u0131 de\u011fildir.<\/p>\n\n<p>Sayg\u0131l\u0131 ve g\u00fcvenli bir \u00e7al\u0131\u015fma ortam\u0131 olu\u015fturma ihtiyac\u0131m\u0131z\u0131 anlay\u0131\u015fla kar\u015f\u0131lad\u0131\u011f\u0131n\u0131z i\u00e7in te\u015fekk\u00fcr ederiz. M\u00fc\u015fterilerimizin endi\u015felerini dinlemek ve onlar i\u00e7in orada olmak istiyoruz; ancak bu destek hakk\u0131, d\u00fc\u015f\u00fcnceli, sayg\u0131l\u0131 davran\u0131\u015f ve ileti\u015fim beklentisiyle birlikte gelir.<\/p>\n\n<p>Bu politika hakk\u0131nda daha fazla bilgi veya a\u00e7\u0131klama i\u00e7in l\u00fctfen bizimle ileti\u015fime ge\u00e7mekten \u00e7ekinmeyin.<\/p>\n","protected":false},"excerpt":{"rendered":"<p>Banxa destek ekibi, m\u00fc\u015fterilerimizin sorunlar\u0131n\u0131 \u00e7\u00f6zmek i\u00e7in gece g\u00fcnd\u00fcz \u00f6zveriyle \u00e7al\u0131\u015fmaktad\u0131r. Her ekip \u00fcyesi, gelen taleplere yard\u0131mc\u0131 olmak i\u00e7in i\u00e7tenlikle \u00e7aba g\u00f6sterecektir. M\u00fc\u015fterilerimizin dinlenme, anla\u015f\u0131lma ve sayg\u0131 g\u00f6rme hakk\u0131 vard\u0131r. Ancak destek ekibimizin taleplere yan\u0131t vermesini zorla\u015ft\u0131ran durumlar olabilir. Baz\u0131 durumlarda, bir m\u00fc\u015fteri tehditk\u00e2r veya k\u00f6t\u00fc niyetli davrand\u0131\u011f\u0131nda s\u0131n\u0131r \u00e7izmemiz gerekir. Bu nedenle, bir m\u00fc\u015fteri [&hellip;]<\/p>\n","protected":false},"author":3,"featured_media":0,"parent":0,"menu_order":0,"comment_status":"closed","ping_status":"closed","template":"","meta":{"footnotes":""},"class_list":["post-6023","page","type-page","status-publish","hentry"],"yoast_head":"<!-- This site is optimized with the Yoast SEO plugin v27.5 - https:\/\/yoast.com\/product\/yoast-seo-wordpress\/ -->\n<title>Davran\u0131\u015f Politikas\u0131 \u2013 Platform Kullan\u0131m\u0131 ve Davran\u0131\u015f Kurallar\u0131 | Banxa<\/title>\n<meta name=\"description\" content=\"Banxa&#039;n\u0131n kabul edilebilir platform kullan\u0131m\u0131n\u0131, m\u00fc\u015fteri davran\u0131\u015f kurallar\u0131n\u0131 ve uyumluluk standartlar\u0131n\u0131 \u00f6zetleyen Davran\u0131\u015f Politikas\u0131n\u0131 inceleyin.\" \/>\n<meta name=\"robots\" content=\"index, follow, max-snippet:-1, max-image-preview:large, max-video-preview:-1\" \/>\n<link rel=\"canonical\" href=\"https:\/\/banxa.com\/tr\/davranis-politikasi\/\" \/>\n<meta property=\"og:locale\" content=\"tr_TR\" \/>\n<meta property=\"og:type\" content=\"article\" \/>\n<meta property=\"og:title\" content=\"Davran\u0131\u015f Politikas\u0131 \u2013 Platform Kullan\u0131m\u0131 ve Davran\u0131\u015f Kurallar\u0131 | Banxa\" \/>\n<meta property=\"og:description\" content=\"Banxa&#039;n\u0131n kabul edilebilir platform kullan\u0131m\u0131n\u0131, m\u00fc\u015fteri davran\u0131\u015f kurallar\u0131n\u0131 ve uyumluluk standartlar\u0131n\u0131 \u00f6zetleyen Davran\u0131\u015f Politikas\u0131n\u0131 inceleyin.\" \/>\n<meta property=\"og:url\" content=\"https:\/\/banxa.com\/tr\/davranis-politikasi\/\" \/>\n<meta property=\"og:site_name\" content=\"Banxa\" \/>\n<meta property=\"article:publisher\" content=\"https:\/\/www.facebook.com\/Banxa.Official\/\" \/>\n<meta property=\"article:modified_time\" content=\"2026-04-23T20:05:13+00:00\" \/>\n<meta property=\"og:image\" content=\"https:\/\/banxa.com\/wp-content\/uploads\/2025\/04\/Banxa-Holdings-Inc-Cover-image.jpg\" \/>\n\t<meta property=\"og:image:width\" content=\"1200\" \/>\n\t<meta property=\"og:image:height\" content=\"675\" \/>\n\t<meta property=\"og:image:type\" content=\"image\/jpeg\" \/>\n<meta name=\"twitter:card\" content=\"summary_large_image\" \/>\n<meta name=\"twitter:site\" content=\"@BanxaHoldings\" \/>\n<meta name=\"twitter:label1\" content=\"Tahmini okuma s\u00fcresi\" \/>\n\t<meta name=\"twitter:data1\" content=\"1 dakika\" \/>\n<script type=\"application\/ld+json\" class=\"yoast-schema-graph\">{\"@context\":\"https:\\\/\\\/schema.org\",\"@graph\":[{\"@type\":\"WebPage\",\"@id\":\"https:\\\/\\\/banxa.com\\\/tr\\\/davranis-politikasi\\\/\",\"url\":\"https:\\\/\\\/banxa.com\\\/tr\\\/davranis-politikasi\\\/\",\"name\":\"Davran\u0131\u015f Politikas\u0131 \u2013 Platform Kullan\u0131m\u0131 ve Davran\u0131\u015f Kurallar\u0131 | Banxa\",\"isPartOf\":{\"@id\":\"https:\\\/\\\/banxa.com\\\/tr\\\/#website\"},\"datePublished\":\"2025-02-06T05:56:48+00:00\",\"dateModified\":\"2026-04-23T20:05:13+00:00\",\"description\":\"Banxa'n\u0131n kabul edilebilir platform kullan\u0131m\u0131n\u0131, m\u00fc\u015fteri davran\u0131\u015f kurallar\u0131n\u0131 ve uyumluluk standartlar\u0131n\u0131 \u00f6zetleyen Davran\u0131\u015f Politikas\u0131n\u0131 inceleyin.\",\"breadcrumb\":{\"@id\":\"https:\\\/\\\/banxa.com\\\/tr\\\/davranis-politikasi\\\/#breadcrumb\"},\"inLanguage\":\"tr\",\"potentialAction\":[{\"@type\":\"ReadAction\",\"target\":[\"https:\\\/\\\/banxa.com\\\/tr\\\/davranis-politikasi\\\/\"]}]},{\"@type\":\"BreadcrumbList\",\"@id\":\"https:\\\/\\\/banxa.com\\\/tr\\\/davranis-politikasi\\\/#breadcrumb\",\"itemListElement\":[{\"@type\":\"ListItem\",\"position\":1,\"name\":\"Home\",\"item\":\"https:\\\/\\\/banxa.com\\\/tr\\\/\"},{\"@type\":\"ListItem\",\"position\":2,\"name\":\"Davran\u0131\u015f Politikas\u0131\"}]},{\"@type\":\"WebSite\",\"@id\":\"https:\\\/\\\/banxa.com\\\/tr\\\/#website\",\"url\":\"https:\\\/\\\/banxa.com\\\/tr\\\/\",\"name\":\"Banxa\",\"description\":\"\",\"publisher\":{\"@id\":\"https:\\\/\\\/banxa.com\\\/tr\\\/#organization\"},\"alternateName\":\"Banxa Holdings Inc.\",\"potentialAction\":[{\"@type\":\"SearchAction\",\"target\":{\"@type\":\"EntryPoint\",\"urlTemplate\":\"https:\\\/\\\/banxa.com\\\/tr\\\/?s={search_term_string}\"},\"query-input\":{\"@type\":\"PropertyValueSpecification\",\"valueRequired\":true,\"valueName\":\"search_term_string\"}}],\"inLanguage\":\"tr\"},{\"@type\":\"Organization\",\"@id\":\"https:\\\/\\\/banxa.com\\\/tr\\\/#organization\",\"name\":\"Banxa\",\"alternateName\":\"Banxa Holdings Inc.\",\"url\":\"https:\\\/\\\/banxa.com\\\/tr\\\/\",\"logo\":{\"@type\":\"ImageObject\",\"inLanguage\":\"tr\",\"@id\":\"https:\\\/\\\/banxa.com\\\/tr\\\/#\\\/schema\\\/logo\\\/image\\\/\",\"url\":\"https:\\\/\\\/banxa.com\\\/wp-content\\\/uploads\\\/2025\\\/02\\\/Banxa-Icon-RGB-Favicon.png\",\"contentUrl\":\"https:\\\/\\\/banxa.com\\\/wp-content\\\/uploads\\\/2025\\\/02\\\/Banxa-Icon-RGB-Favicon.png\",\"width\":520,\"height\":470,\"caption\":\"Banxa\"},\"image\":{\"@id\":\"https:\\\/\\\/banxa.com\\\/tr\\\/#\\\/schema\\\/logo\\\/image\\\/\"},\"sameAs\":[\"https:\\\/\\\/www.facebook.com\\\/Banxa.Official\\\/\",\"https:\\\/\\\/x.com\\\/BanxaHoldings\",\"https:\\\/\\\/www.instagram.com\\\/banxaofficial\\\/\",\"https:\\\/\\\/www.youtube.com\\\/channel\\\/UC1ENe9JnShhksGOaMaTyPvQ\",\"https:\\\/\\\/www.linkedin.com\\\/company\\\/banxa-com\"]}]}<\/script>\n<!-- \/ Yoast SEO plugin. -->","yoast_head_json":{"title":"Davran\u0131\u015f Politikas\u0131 \u2013 Platform Kullan\u0131m\u0131 ve Davran\u0131\u015f Kurallar\u0131 | Banxa","description":"Banxa'n\u0131n kabul edilebilir platform kullan\u0131m\u0131n\u0131, m\u00fc\u015fteri davran\u0131\u015f kurallar\u0131n\u0131 ve uyumluluk standartlar\u0131n\u0131 \u00f6zetleyen Davran\u0131\u015f Politikas\u0131n\u0131 inceleyin.","robots":{"index":"index","follow":"follow","max-snippet":"max-snippet:-1","max-image-preview":"max-image-preview:large","max-video-preview":"max-video-preview:-1"},"canonical":"https:\/\/banxa.com\/tr\/davranis-politikasi\/","og_locale":"tr_TR","og_type":"article","og_title":"Davran\u0131\u015f Politikas\u0131 \u2013 Platform Kullan\u0131m\u0131 ve Davran\u0131\u015f Kurallar\u0131 | Banxa","og_description":"Banxa'n\u0131n kabul edilebilir platform kullan\u0131m\u0131n\u0131, m\u00fc\u015fteri davran\u0131\u015f kurallar\u0131n\u0131 ve uyumluluk standartlar\u0131n\u0131 \u00f6zetleyen Davran\u0131\u015f Politikas\u0131n\u0131 inceleyin.","og_url":"https:\/\/banxa.com\/tr\/davranis-politikasi\/","og_site_name":"Banxa","article_publisher":"https:\/\/www.facebook.com\/Banxa.Official\/","article_modified_time":"2026-04-23T20:05:13+00:00","og_image":[{"width":1200,"height":675,"url":"https:\/\/banxa.com\/wp-content\/uploads\/2025\/04\/Banxa-Holdings-Inc-Cover-image.jpg","type":"image\/jpeg"}],"twitter_card":"summary_large_image","twitter_site":"@BanxaHoldings","twitter_misc":{"Tahmini okuma s\u00fcresi":"1 dakika"},"schema":{"@context":"https:\/\/schema.org","@graph":[{"@type":"WebPage","@id":"https:\/\/banxa.com\/tr\/davranis-politikasi\/","url":"https:\/\/banxa.com\/tr\/davranis-politikasi\/","name":"Davran\u0131\u015f Politikas\u0131 \u2013 Platform Kullan\u0131m\u0131 ve Davran\u0131\u015f Kurallar\u0131 | Banxa","isPartOf":{"@id":"https:\/\/banxa.com\/tr\/#website"},"datePublished":"2025-02-06T05:56:48+00:00","dateModified":"2026-04-23T20:05:13+00:00","description":"Banxa'n\u0131n kabul edilebilir platform kullan\u0131m\u0131n\u0131, m\u00fc\u015fteri davran\u0131\u015f kurallar\u0131n\u0131 ve uyumluluk standartlar\u0131n\u0131 \u00f6zetleyen Davran\u0131\u015f Politikas\u0131n\u0131 inceleyin.","breadcrumb":{"@id":"https:\/\/banxa.com\/tr\/davranis-politikasi\/#breadcrumb"},"inLanguage":"tr","potentialAction":[{"@type":"ReadAction","target":["https:\/\/banxa.com\/tr\/davranis-politikasi\/"]}]},{"@type":"BreadcrumbList","@id":"https:\/\/banxa.com\/tr\/davranis-politikasi\/#breadcrumb","itemListElement":[{"@type":"ListItem","position":1,"name":"Home","item":"https:\/\/banxa.com\/tr\/"},{"@type":"ListItem","position":2,"name":"Davran\u0131\u015f Politikas\u0131"}]},{"@type":"WebSite","@id":"https:\/\/banxa.com\/tr\/#website","url":"https:\/\/banxa.com\/tr\/","name":"Banxa","description":"","publisher":{"@id":"https:\/\/banxa.com\/tr\/#organization"},"alternateName":"Banxa Holdings Inc.","potentialAction":[{"@type":"SearchAction","target":{"@type":"EntryPoint","urlTemplate":"https:\/\/banxa.com\/tr\/?s={search_term_string}"},"query-input":{"@type":"PropertyValueSpecification","valueRequired":true,"valueName":"search_term_string"}}],"inLanguage":"tr"},{"@type":"Organization","@id":"https:\/\/banxa.com\/tr\/#organization","name":"Banxa","alternateName":"Banxa Holdings Inc.","url":"https:\/\/banxa.com\/tr\/","logo":{"@type":"ImageObject","inLanguage":"tr","@id":"https:\/\/banxa.com\/tr\/#\/schema\/logo\/image\/","url":"https:\/\/banxa.com\/wp-content\/uploads\/2025\/02\/Banxa-Icon-RGB-Favicon.png","contentUrl":"https:\/\/banxa.com\/wp-content\/uploads\/2025\/02\/Banxa-Icon-RGB-Favicon.png","width":520,"height":470,"caption":"Banxa"},"image":{"@id":"https:\/\/banxa.com\/tr\/#\/schema\/logo\/image\/"},"sameAs":["https:\/\/www.facebook.com\/Banxa.Official\/","https:\/\/x.com\/BanxaHoldings","https:\/\/www.instagram.com\/banxaofficial\/","https:\/\/www.youtube.com\/channel\/UC1ENe9JnShhksGOaMaTyPvQ","https:\/\/www.linkedin.com\/company\/banxa-com"]}]}},"_links":{"self":[{"href":"https:\/\/banxa.com\/tr\/wp-json\/wp\/v2\/pages\/6023","targetHints":{"allow":["GET"]}}],"collection":[{"href":"https:\/\/banxa.com\/tr\/wp-json\/wp\/v2\/pages"}],"about":[{"href":"https:\/\/banxa.com\/tr\/wp-json\/wp\/v2\/types\/page"}],"author":[{"embeddable":true,"href":"https:\/\/banxa.com\/tr\/wp-json\/wp\/v2\/users\/3"}],"replies":[{"embeddable":true,"href":"https:\/\/banxa.com\/tr\/wp-json\/wp\/v2\/comments?post=6023"}],"version-history":[{"count":0,"href":"https:\/\/banxa.com\/tr\/wp-json\/wp\/v2\/pages\/6023\/revisions"}],"wp:attachment":[{"href":"https:\/\/banxa.com\/tr\/wp-json\/wp\/v2\/media?parent=6023"}],"curies":[{"name":"wp","href":"https:\/\/api.w.org\/{rel}","templated":true}]}}