{"id":5996,"date":"2025-02-11T02:30:47","date_gmt":"2025-02-11T02:30:47","guid":{"rendered":"https:\/\/banxa.com\/risk-ozeti-2\/"},"modified":"2026-04-23T20:04:34","modified_gmt":"2026-04-23T20:04:34","slug":"risk-ozeti-2","status":"publish","type":"page","link":"https:\/\/banxa.com\/tr\/risk-ozeti-2\/","title":{"rendered":"Risk \u00d6zeti"},"content":{"rendered":"\n<p><strong>Tahmini okuma s\u00fcresi: 2 dk:<\/strong><\/p>\n\n<p>Due to the potential for losses, the Financial Conduct Authority (FCA) considers this investment to be high risk.\u00a0<\/p>\n\n<h2 class=\"wp-block-heading\">What are the key risks?\u00a0<\/h2>\n\n<h5 class=\"wp-block-heading\">1. <strong>You could lose all the money you invest\u00a0<\/strong><\/h5>\n\n<ul class=\"wp-block-list\">\n<li>\u00c7o\u011fu kripto varl\u0131\u011f\u0131n performans\u0131 olduk\u00e7a volatil olabilir; de\u011ferleri y\u00fckseldi\u011fi kadar h\u0131zl\u0131 d\u00fc\u015febilir. Kripto varl\u0131klara yat\u0131r\u0131m yapt\u0131\u011f\u0131n\u0131z t\u00fcm paray\u0131 kaybetmeye haz\u0131rl\u0131kl\u0131 olmal\u0131s\u0131n\u0131z.<\/li>\n\n\n\n<li>The cryptoasset market is largely unregulated. There is a risk of losing money or any cryptoassets you purchase due to risks such as cyber-attacks, financial crime and firm failure.\u00a0<\/li>\n<\/ul>\n\n<h5 class=\"wp-block-heading\">2. <strong>You should not expect to be protected if something goes wrong\u00a0<\/strong><\/h5>\n\n<ul class=\"wp-block-list\">\n<li>The Financial Services Compensation Scheme (FSCS) doesn\u2019t protect this type of investment because it\u2019s not a \u2018specified investment\u2019 under the UK regulatory regime \u2013 in other words, this type of investment isn\u2019t recognised as the sort of investment that the FSCS can protect. Learn more by using the FSCS investment protection checker\u00a0<a href=\"https:\/\/www.fscs.org.uk\/check\/investment-protection-checker\/\" target=\"_blank\" rel=\"noreferrer noopener\">here<\/a>.<\/li>\n\n\n\n<li>The Financial Ombudsman Service (FOS) will not be able to consider complaints related to this firm.\u00a0 Learn more about FOS protection\u00a0<a href=\"https:\/\/www.financial-ombudsman.org.uk\/consumers\" target=\"_blank\" rel=\"noreferrer noopener\">here<\/a>.<\/li>\n<\/ul>\n\n<h5 class=\"wp-block-heading\">3. <strong>You may not be able to sell your investment when you want to\u00a0<\/strong><\/h5>\n\n<ul class=\"wp-block-list\">\n<li>There is no guarantee that investments in cryptoassets can be easily sold at any given time. The ability to sell a cryptoasset depends on various factors, including the supply and demand in the market at that time.\u00a0<\/li>\n\n\n\n<li>Operational failings such as technology outages, cyber-attacks and comingling of funds could cause unwanted delay and you may be unable to sell your cryptoassets at the time you want.\u00a0<\/li>\n<\/ul>\n\n<h5 class=\"wp-block-heading\">4. <strong>Cryptoasset investments can be complex\u00a0<\/strong><\/h5>\n\n<ul class=\"wp-block-list\">\n<li>Investments in cryptoassets can be complex, making it difficult to understand the risks associated with the investment.\u00a0<\/li>\n\n\n\n<li>You should do your own research before investing. If something sounds too good to be true, it probably is.\u00a0<\/li>\n<\/ul>\n\n<h5 class=\"wp-block-heading\">5. <strong>Don\u2019t put all your eggs in one basket\u00a0<\/strong><\/h5>\n\n<ul class=\"wp-block-list\">\n<li>T\u00fcm paran\u0131z\u0131 tek bir yat\u0131r\u0131m t\u00fcr\u00fcne yat\u0131rmak risklidir. Paran\u0131z\u0131 farkl\u0131 yat\u0131r\u0131mlara yaymak, herhangi birinin iyi performans g\u00f6stermesine olan ba\u011f\u0131ml\u0131l\u0131\u011f\u0131n\u0131z\u0131 azalt\u0131r.<\/li>\n\n\n\n<li>A good rule of thumb is not to invest more than 10% of your money in high-risk investments.\u00a0<a href=\"https:\/\/www.fca.org.uk\/investsmart\/5-questions-ask-you-invest\" target=\"_blank\" rel=\"noreferrer noopener\">Learn more here<\/a>.<\/li>\n<\/ul>\n\n<p><\/p>\n\n<p>If you are interested in learning more about how to protect yourself, visit the FCA\u2019s website\u00a0<a href=\"https:\/\/www.fca.org.uk\/investsmart\" target=\"_blank\" rel=\"noreferrer noopener\">here<\/a>.<\/p>\n\n<p>For further information about cryptoassets, visit the FCA\u2019s website\u00a0<a href=\"https:\/\/www.fca.org.uk\/investsmart\/crypto-basics\" target=\"_blank\" rel=\"noreferrer noopener\">here<\/a>.<\/p>\n\n<p><\/p>\n","protected":false},"excerpt":{"rendered":"<p>Tahmini okuma s\u00fcresi: 2 dk: Due to the potential for losses, the Financial Conduct Authority (FCA) considers this investment to be high risk.\u00a0 What are the key risks?\u00a0 1. You could lose all the money you invest\u00a0 2. You should not expect to be protected if something goes wrong\u00a0 3. You may not be able [&hellip;]<\/p>\n","protected":false},"author":3,"featured_media":0,"parent":0,"menu_order":0,"comment_status":"closed","ping_status":"closed","template":"","meta":{"footnotes":""},"class_list":["post-5996","page","type-page","status-publish","hentry"],"yoast_head":"<!-- This site is optimized with the Yoast SEO plugin v27.5 - https:\/\/yoast.com\/product\/yoast-seo-wordpress\/ -->\n<title>Risk \u00d6zeti \u2013 Kripto \u0130\u015flem Riskleri ve G\u00fcvenlik | Banxa<\/title>\n<meta name=\"description\" content=\"Review Banxa\u2019s Risk Summary to understand potential risks associated with cryptocurrency transactions, volatility, and security measures.\" \/>\n<meta name=\"robots\" content=\"index, follow, max-snippet:-1, max-image-preview:large, max-video-preview:-1\" \/>\n<link rel=\"canonical\" href=\"https:\/\/banxa.com\/tr\/risk-ozeti-2\/\" \/>\n<meta property=\"og:locale\" content=\"tr_TR\" \/>\n<meta property=\"og:type\" content=\"article\" \/>\n<meta property=\"og:title\" content=\"Risk \u00d6zeti \u2013 Kripto \u0130\u015flem Riskleri ve G\u00fcvenlik | Banxa\" \/>\n<meta property=\"og:description\" content=\"Review Banxa\u2019s Risk Summary to understand potential risks associated with cryptocurrency transactions, volatility, and security measures.\" \/>\n<meta property=\"og:url\" content=\"https:\/\/banxa.com\/tr\/risk-ozeti-2\/\" \/>\n<meta property=\"og:site_name\" content=\"Banxa\" \/>\n<meta property=\"article:publisher\" content=\"https:\/\/www.facebook.com\/Banxa.Official\/\" \/>\n<meta property=\"article:modified_time\" content=\"2026-04-23T20:04:34+00:00\" \/>\n<meta property=\"og:image\" content=\"https:\/\/banxa.com\/wp-content\/uploads\/2025\/04\/Banxa-Holdings-Inc-Cover-image.jpg\" \/>\n\t<meta property=\"og:image:width\" content=\"1200\" \/>\n\t<meta property=\"og:image:height\" content=\"675\" \/>\n\t<meta property=\"og:image:type\" content=\"image\/jpeg\" \/>\n<meta name=\"twitter:card\" content=\"summary_large_image\" \/>\n<meta name=\"twitter:site\" content=\"@BanxaHoldings\" \/>\n<meta name=\"twitter:label1\" content=\"Tahmini okuma s\u00fcresi\" \/>\n\t<meta name=\"twitter:data1\" content=\"2 dakika\" \/>\n<script type=\"application\/ld+json\" class=\"yoast-schema-graph\">{\"@context\":\"https:\\\/\\\/schema.org\",\"@graph\":[{\"@type\":\"WebPage\",\"@id\":\"https:\\\/\\\/banxa.com\\\/tr\\\/risk-ozeti-2\\\/\",\"url\":\"https:\\\/\\\/banxa.com\\\/tr\\\/risk-ozeti-2\\\/\",\"name\":\"Risk \u00d6zeti \u2013 Kripto \u0130\u015flem Riskleri ve G\u00fcvenlik | Banxa\",\"isPartOf\":{\"@id\":\"https:\\\/\\\/banxa.com\\\/tr\\\/#website\"},\"datePublished\":\"2025-02-11T02:30:47+00:00\",\"dateModified\":\"2026-04-23T20:04:34+00:00\",\"description\":\"Review Banxa\u2019s Risk Summary to understand potential risks associated with cryptocurrency transactions, volatility, and security measures.\",\"breadcrumb\":{\"@id\":\"https:\\\/\\\/banxa.com\\\/tr\\\/risk-ozeti-2\\\/#breadcrumb\"},\"inLanguage\":\"tr\",\"potentialAction\":[{\"@type\":\"ReadAction\",\"target\":[\"https:\\\/\\\/banxa.com\\\/tr\\\/risk-ozeti-2\\\/\"]}]},{\"@type\":\"BreadcrumbList\",\"@id\":\"https:\\\/\\\/banxa.com\\\/tr\\\/risk-ozeti-2\\\/#breadcrumb\",\"itemListElement\":[{\"@type\":\"ListItem\",\"position\":1,\"name\":\"Home\",\"item\":\"https:\\\/\\\/banxa.com\\\/tr\\\/\"},{\"@type\":\"ListItem\",\"position\":2,\"name\":\"Risk \u00d6zeti\"}]},{\"@type\":\"WebSite\",\"@id\":\"https:\\\/\\\/banxa.com\\\/tr\\\/#website\",\"url\":\"https:\\\/\\\/banxa.com\\\/tr\\\/\",\"name\":\"Banxa\",\"description\":\"\",\"publisher\":{\"@id\":\"https:\\\/\\\/banxa.com\\\/tr\\\/#organization\"},\"alternateName\":\"Banxa Holdings Inc.\",\"potentialAction\":[{\"@type\":\"SearchAction\",\"target\":{\"@type\":\"EntryPoint\",\"urlTemplate\":\"https:\\\/\\\/banxa.com\\\/tr\\\/?s={search_term_string}\"},\"query-input\":{\"@type\":\"PropertyValueSpecification\",\"valueRequired\":true,\"valueName\":\"search_term_string\"}}],\"inLanguage\":\"tr\"},{\"@type\":\"Organization\",\"@id\":\"https:\\\/\\\/banxa.com\\\/tr\\\/#organization\",\"name\":\"Banxa\",\"alternateName\":\"Banxa Holdings Inc.\",\"url\":\"https:\\\/\\\/banxa.com\\\/tr\\\/\",\"logo\":{\"@type\":\"ImageObject\",\"inLanguage\":\"tr\",\"@id\":\"https:\\\/\\\/banxa.com\\\/tr\\\/#\\\/schema\\\/logo\\\/image\\\/\",\"url\":\"https:\\\/\\\/banxa.com\\\/wp-content\\\/uploads\\\/2025\\\/02\\\/Banxa-Icon-RGB-Favicon.png\",\"contentUrl\":\"https:\\\/\\\/banxa.com\\\/wp-content\\\/uploads\\\/2025\\\/02\\\/Banxa-Icon-RGB-Favicon.png\",\"width\":520,\"height\":470,\"caption\":\"Banxa\"},\"image\":{\"@id\":\"https:\\\/\\\/banxa.com\\\/tr\\\/#\\\/schema\\\/logo\\\/image\\\/\"},\"sameAs\":[\"https:\\\/\\\/www.facebook.com\\\/Banxa.Official\\\/\",\"https:\\\/\\\/x.com\\\/BanxaHoldings\",\"https:\\\/\\\/www.instagram.com\\\/banxaofficial\\\/\",\"https:\\\/\\\/www.youtube.com\\\/channel\\\/UC1ENe9JnShhksGOaMaTyPvQ\",\"https:\\\/\\\/www.linkedin.com\\\/company\\\/banxa-com\"]}]}<\/script>\n<!-- \/ Yoast SEO plugin. -->","yoast_head_json":{"title":"Risk \u00d6zeti \u2013 Kripto \u0130\u015flem Riskleri ve G\u00fcvenlik | Banxa","description":"Review Banxa\u2019s Risk Summary to understand potential risks associated with cryptocurrency transactions, volatility, and security measures.","robots":{"index":"index","follow":"follow","max-snippet":"max-snippet:-1","max-image-preview":"max-image-preview:large","max-video-preview":"max-video-preview:-1"},"canonical":"https:\/\/banxa.com\/tr\/risk-ozeti-2\/","og_locale":"tr_TR","og_type":"article","og_title":"Risk \u00d6zeti \u2013 Kripto \u0130\u015flem Riskleri ve G\u00fcvenlik | Banxa","og_description":"Review Banxa\u2019s Risk Summary to understand potential risks associated with cryptocurrency transactions, volatility, and security measures.","og_url":"https:\/\/banxa.com\/tr\/risk-ozeti-2\/","og_site_name":"Banxa","article_publisher":"https:\/\/www.facebook.com\/Banxa.Official\/","article_modified_time":"2026-04-23T20:04:34+00:00","og_image":[{"width":1200,"height":675,"url":"https:\/\/banxa.com\/wp-content\/uploads\/2025\/04\/Banxa-Holdings-Inc-Cover-image.jpg","type":"image\/jpeg"}],"twitter_card":"summary_large_image","twitter_site":"@BanxaHoldings","twitter_misc":{"Tahmini okuma s\u00fcresi":"2 dakika"},"schema":{"@context":"https:\/\/schema.org","@graph":[{"@type":"WebPage","@id":"https:\/\/banxa.com\/tr\/risk-ozeti-2\/","url":"https:\/\/banxa.com\/tr\/risk-ozeti-2\/","name":"Risk \u00d6zeti \u2013 Kripto \u0130\u015flem Riskleri ve G\u00fcvenlik | Banxa","isPartOf":{"@id":"https:\/\/banxa.com\/tr\/#website"},"datePublished":"2025-02-11T02:30:47+00:00","dateModified":"2026-04-23T20:04:34+00:00","description":"Review Banxa\u2019s Risk Summary to understand potential risks associated with cryptocurrency transactions, volatility, and security measures.","breadcrumb":{"@id":"https:\/\/banxa.com\/tr\/risk-ozeti-2\/#breadcrumb"},"inLanguage":"tr","potentialAction":[{"@type":"ReadAction","target":["https:\/\/banxa.com\/tr\/risk-ozeti-2\/"]}]},{"@type":"BreadcrumbList","@id":"https:\/\/banxa.com\/tr\/risk-ozeti-2\/#breadcrumb","itemListElement":[{"@type":"ListItem","position":1,"name":"Home","item":"https:\/\/banxa.com\/tr\/"},{"@type":"ListItem","position":2,"name":"Risk \u00d6zeti"}]},{"@type":"WebSite","@id":"https:\/\/banxa.com\/tr\/#website","url":"https:\/\/banxa.com\/tr\/","name":"Banxa","description":"","publisher":{"@id":"https:\/\/banxa.com\/tr\/#organization"},"alternateName":"Banxa Holdings Inc.","potentialAction":[{"@type":"SearchAction","target":{"@type":"EntryPoint","urlTemplate":"https:\/\/banxa.com\/tr\/?s={search_term_string}"},"query-input":{"@type":"PropertyValueSpecification","valueRequired":true,"valueName":"search_term_string"}}],"inLanguage":"tr"},{"@type":"Organization","@id":"https:\/\/banxa.com\/tr\/#organization","name":"Banxa","alternateName":"Banxa Holdings Inc.","url":"https:\/\/banxa.com\/tr\/","logo":{"@type":"ImageObject","inLanguage":"tr","@id":"https:\/\/banxa.com\/tr\/#\/schema\/logo\/image\/","url":"https:\/\/banxa.com\/wp-content\/uploads\/2025\/02\/Banxa-Icon-RGB-Favicon.png","contentUrl":"https:\/\/banxa.com\/wp-content\/uploads\/2025\/02\/Banxa-Icon-RGB-Favicon.png","width":520,"height":470,"caption":"Banxa"},"image":{"@id":"https:\/\/banxa.com\/tr\/#\/schema\/logo\/image\/"},"sameAs":["https:\/\/www.facebook.com\/Banxa.Official\/","https:\/\/x.com\/BanxaHoldings","https:\/\/www.instagram.com\/banxaofficial\/","https:\/\/www.youtube.com\/channel\/UC1ENe9JnShhksGOaMaTyPvQ","https:\/\/www.linkedin.com\/company\/banxa-com"]}]}},"_links":{"self":[{"href":"https:\/\/banxa.com\/tr\/wp-json\/wp\/v2\/pages\/5996","targetHints":{"allow":["GET"]}}],"collection":[{"href":"https:\/\/banxa.com\/tr\/wp-json\/wp\/v2\/pages"}],"about":[{"href":"https:\/\/banxa.com\/tr\/wp-json\/wp\/v2\/types\/page"}],"author":[{"embeddable":true,"href":"https:\/\/banxa.com\/tr\/wp-json\/wp\/v2\/users\/3"}],"replies":[{"embeddable":true,"href":"https:\/\/banxa.com\/tr\/wp-json\/wp\/v2\/comments?post=5996"}],"version-history":[{"count":0,"href":"https:\/\/banxa.com\/tr\/wp-json\/wp\/v2\/pages\/5996\/revisions"}],"wp:attachment":[{"href":"https:\/\/banxa.com\/tr\/wp-json\/wp\/v2\/media?parent=5996"}],"curies":[{"name":"wp","href":"https:\/\/api.w.org\/{rel}","templated":true}]}}