{"id":5093,"date":"2025-05-15T07:31:25","date_gmt":"2025-05-15T07:31:25","guid":{"rendered":"https:\/\/banxa.com\/guvenlik\/"},"modified":"2026-04-23T19:58:30","modified_gmt":"2026-04-23T19:58:30","slug":"guvenlik","status":"publish","type":"page","link":"https:\/\/banxa.com\/tr\/guvenlik\/","title":{"rendered":"G\u00fcvenlik"},"content":{"rendered":"\n<h3 class=\"wp-block-heading\">Saklama<\/h3>\n\n<p>Banxa is a non-custodial agent in all customer dealings. Banxa does not custody any customer funds purchased on the platform and transfers assets directly to\/from customer directed wallets. If a customer wishing to use Banxa\u2019s services does not have a wallet, then we request they generate one before continuing to purchase crypto.<\/p>\n\n<h3 class=\"wp-block-heading\">\u00d6deme ve M\u00fc\u015fteri Verileri<\/h3>\n\n<p>Banxa&#8217;n\u0131n altyap\u0131s\u0131na g\u00f6nderilen veya altyap\u0131s\u0131ndan al\u0131nan t\u00fcm veriler, Transport Layer Security (TLS) s\u00fcr\u00fcm 1.2 veya \u00fcst\u00fc kullan\u0131larak aktar\u0131m s\u0131ras\u0131nda \u015fifrelenir. T\u00fcm Banxa verileri, AES-256 blok d\u00fczeyinde depolama \u015fifreleme kullan\u0131larak bekleme durumunda \u015fifrelenir ve ISO27001 ve PCI DSS uyumlu veri merkezlerinde saklan\u0131r. Banxa, t\u00fcm m\u00fc\u015fteri ve \u00e7al\u0131\u015fan ki\u015fisel bilgilerinin en y\u00fcksek g\u00fcvenlik d\u00fczeyinde ve yasal bir \u015fekilde i\u015flenmesini sa\u011flayan Genel Veri Koruma Y\u00f6netmeli\u011fi&#8217;ne (GDPR) uygundur. T\u00fcm \u00f6deme bilgileri, kat\u0131 \u00d6deme Kart\u0131 End\u00fcstrisi Veri G\u00fcvenli\u011fi Standartlar\u0131 (PCI DSS) uyar\u0131nca i\u015flenir ve saklan\u0131r.<\/p>\n\n<h3 class=\"wp-block-heading\">G\u00fcvenli Geli\u015ftirme<\/h3>\n\n<p>Banxa, bulut altyap\u0131m\u0131za ve uygulamalar\u0131m\u0131za s\u00fcrekli olarak g\u00fcvenli yaz\u0131l\u0131m sunmak i\u00e7in s\u00fcre\u00e7ler ve ara\u00e7lar kullanmaktad\u0131r. T\u00fcm kod de\u011fi\u015fiklikleri bir kod inceleme s\u00fcrecinden ge\u00e7er ve g\u00fcvensiz kod kal\u0131plar\u0131n\u0131 tespit etmek i\u00e7in statik uygulama g\u00fcvenlik testine (SAST) tabi tutulur. T\u00fcm ba\u011f\u0131ml\u0131l\u0131klar otomatik olarak g\u00fcncellenir ve Banxa&#8217;n\u0131n g\u00fcvenlik ekibi, yaz\u0131l\u0131m geli\u015ftirme ya\u015fam d\u00f6ng\u00fcs\u00fcn\u00fcn (SDLC) farkl\u0131 a\u015famalar\u0131nda destek sa\u011flamak i\u00e7in m\u00fchendislik ekipleriyle el ele \u00e7al\u0131\u015f\u0131r. Banxa m\u00fchendisleri, yayg\u0131n g\u00fcvenlik a\u00e7\u0131klar\u0131 ve g\u00fcvenli geli\u015ftirme uygulamalar\u0131 hakk\u0131nda bilgi edinmek i\u00e7in d\u00fczenli g\u00fcvenlik e\u011fitimlerine kat\u0131l\u0131r.<\/p>\n\n<h3 class=\"wp-block-heading\">\u0130\u00e7 G\u00fcvenlik<\/h3>\n\n<p>Banxa \u00e7al\u0131\u015fanlar\u0131n\u0131n, mobil cihaz y\u00f6netimi \u00e7\u00f6z\u00fcm\u00fc arac\u0131l\u0131\u011f\u0131yla y\u00f6netilen \u015firket taraf\u0131ndan sa\u011flanan cihazlar\u0131 kullanmalar\u0131 gerekmektedir. Bu, g\u00fcvenlik ve BT ekiplerimizin g\u00fcvenlik politikalar\u0131n\u0131 uygulamas\u0131na, di\u011fer u\u00e7 nokta koruma \u00e7\u00f6z\u00fcmlerini da\u011f\u0131tmas\u0131na ve cihazlar\u0131 uzaktan y\u00f6netmesine olanak tan\u0131r. T\u00fcm \u00e7al\u0131\u015fanlar\u0131n \u00fc\u00e7\u00fcnc\u00fc taraf uygulama ve hizmetlere eri\u015fim i\u00e7in Tek Oturum A\u00e7ma ve \u00c7ok Fakt\u00f6rl\u00fc Kimlik Do\u011frulama kullanmalar\u0131 zorunludur. \u00c7al\u0131\u015fanlar,<\/p>\n\n<p>i\u015fe al\u0131nmadan \u00f6nce ge\u00e7mi\u015f kontrol\u00fcne tabi tutulur ve g\u00fcvenlik y\u00f6nergeleri ile s\u00fcrekli fark\u0131ndal\u0131k konusunda e\u011fitim al\u0131r. \u00c7al\u0131\u015fanlar, kat\u0131 g\u00fcvenlik standartlar\u0131na tabi tutulur ve G\u00fcvenlik ekibiyle d\u00fczenli olarak ileti\u015fim halinde olurlar.<\/p>\n\n<h3 class=\"wp-block-heading\">U\u00e7 Nokta G\u00fcvenli\u011fi<\/h3>\n\n<p>T\u00fcm Banxa y\u00f6netimli cihazlar, \u00f6zel g\u00fcvenlik uzmanlar\u0131 ekibi taraf\u0131ndan 7\/24 izlenen kurumsal d\u00fczeyde U\u00e7 Nokta Tespit ve M\u00fcdahale (EDR) hizmetleri kullan\u0131larak korunmaktad\u0131r. Banxa ayr\u0131ca yeni ke\u015ffedilen g\u00fcvenlik a\u00e7\u0131klar\u0131n\u0131 d\u00fczenli olarak tarar ve bunlar\u0131 zaman\u0131nda giderir.<\/p>\n","protected":false},"excerpt":{"rendered":"<p>Saklama Banxa is a non-custodial agent in all customer dealings. Banxa does not custody any customer funds purchased on the platform and transfers assets directly to\/from customer directed wallets. If a customer wishing to use Banxa\u2019s services does not have a wallet, then we request they generate one before continuing to purchase crypto. \u00d6deme ve [&hellip;]<\/p>\n","protected":false},"author":3,"featured_media":0,"parent":0,"menu_order":0,"comment_status":"closed","ping_status":"closed","template":"","meta":{"footnotes":""},"class_list":["post-5093","page","type-page","status-publish","hentry"],"yoast_head":"<!-- This site is optimized with the Yoast SEO plugin v27.5 - https:\/\/yoast.com\/product\/yoast-seo-wordpress\/ -->\n<title>G\u00fcvenlik - Banxa<\/title>\n<meta name=\"robots\" content=\"index, follow, max-snippet:-1, max-image-preview:large, max-video-preview:-1\" \/>\n<link rel=\"canonical\" href=\"https:\/\/banxa.com\/tr\/guvenlik\/\" \/>\n<meta property=\"og:locale\" content=\"tr_TR\" \/>\n<meta property=\"og:type\" content=\"article\" \/>\n<meta property=\"og:title\" content=\"G\u00fcvenlik - Banxa\" \/>\n<meta property=\"og:description\" content=\"Saklama Banxa is a non-custodial agent in all customer dealings. Banxa does not custody any customer funds purchased on the platform and transfers assets directly to\/from customer directed wallets. If a customer wishing to use Banxa\u2019s services does not have a wallet, then we request they generate one before continuing to purchase crypto. \u00d6deme ve [&hellip;]\" \/>\n<meta property=\"og:url\" content=\"https:\/\/banxa.com\/tr\/guvenlik\/\" \/>\n<meta property=\"og:site_name\" content=\"Banxa\" \/>\n<meta property=\"article:publisher\" content=\"https:\/\/www.facebook.com\/Banxa.Official\/\" \/>\n<meta property=\"article:modified_time\" content=\"2026-04-23T19:58:30+00:00\" \/>\n<meta property=\"og:image\" content=\"https:\/\/banxa.com\/wp-content\/uploads\/2025\/04\/Banxa-Holdings-Inc-Cover-image.jpg\" \/>\n\t<meta property=\"og:image:width\" content=\"1200\" \/>\n\t<meta property=\"og:image:height\" content=\"675\" \/>\n\t<meta property=\"og:image:type\" content=\"image\/jpeg\" \/>\n<meta name=\"twitter:card\" content=\"summary_large_image\" \/>\n<meta name=\"twitter:site\" content=\"@BanxaHoldings\" \/>\n<meta name=\"twitter:label1\" content=\"Tahmini okuma s\u00fcresi\" \/>\n\t<meta name=\"twitter:data1\" content=\"3 dakika\" \/>\n<script type=\"application\/ld+json\" class=\"yoast-schema-graph\">{\"@context\":\"https:\\\/\\\/schema.org\",\"@graph\":[{\"@type\":\"WebPage\",\"@id\":\"https:\\\/\\\/banxa.com\\\/tr\\\/guvenlik\\\/\",\"url\":\"https:\\\/\\\/banxa.com\\\/tr\\\/guvenlik\\\/\",\"name\":\"G\u00fcvenlik - Banxa\",\"isPartOf\":{\"@id\":\"https:\\\/\\\/banxa.com\\\/tr\\\/#website\"},\"datePublished\":\"2025-05-15T07:31:25+00:00\",\"dateModified\":\"2026-04-23T19:58:30+00:00\",\"breadcrumb\":{\"@id\":\"https:\\\/\\\/banxa.com\\\/tr\\\/guvenlik\\\/#breadcrumb\"},\"inLanguage\":\"tr\",\"potentialAction\":[{\"@type\":\"ReadAction\",\"target\":[\"https:\\\/\\\/banxa.com\\\/tr\\\/guvenlik\\\/\"]}]},{\"@type\":\"BreadcrumbList\",\"@id\":\"https:\\\/\\\/banxa.com\\\/tr\\\/guvenlik\\\/#breadcrumb\",\"itemListElement\":[{\"@type\":\"ListItem\",\"position\":1,\"name\":\"Home\",\"item\":\"https:\\\/\\\/banxa.com\\\/tr\\\/\"},{\"@type\":\"ListItem\",\"position\":2,\"name\":\"G\u00fcvenlik\"}]},{\"@type\":\"WebSite\",\"@id\":\"https:\\\/\\\/banxa.com\\\/tr\\\/#website\",\"url\":\"https:\\\/\\\/banxa.com\\\/tr\\\/\",\"name\":\"Banxa\",\"description\":\"\",\"publisher\":{\"@id\":\"https:\\\/\\\/banxa.com\\\/tr\\\/#organization\"},\"alternateName\":\"Banxa Holdings Inc.\",\"potentialAction\":[{\"@type\":\"SearchAction\",\"target\":{\"@type\":\"EntryPoint\",\"urlTemplate\":\"https:\\\/\\\/banxa.com\\\/tr\\\/?s={search_term_string}\"},\"query-input\":{\"@type\":\"PropertyValueSpecification\",\"valueRequired\":true,\"valueName\":\"search_term_string\"}}],\"inLanguage\":\"tr\"},{\"@type\":\"Organization\",\"@id\":\"https:\\\/\\\/banxa.com\\\/tr\\\/#organization\",\"name\":\"Banxa\",\"alternateName\":\"Banxa Holdings Inc.\",\"url\":\"https:\\\/\\\/banxa.com\\\/tr\\\/\",\"logo\":{\"@type\":\"ImageObject\",\"inLanguage\":\"tr\",\"@id\":\"https:\\\/\\\/banxa.com\\\/tr\\\/#\\\/schema\\\/logo\\\/image\\\/\",\"url\":\"https:\\\/\\\/banxa.com\\\/wp-content\\\/uploads\\\/2025\\\/02\\\/Banxa-Icon-RGB-Favicon.png\",\"contentUrl\":\"https:\\\/\\\/banxa.com\\\/wp-content\\\/uploads\\\/2025\\\/02\\\/Banxa-Icon-RGB-Favicon.png\",\"width\":520,\"height\":470,\"caption\":\"Banxa\"},\"image\":{\"@id\":\"https:\\\/\\\/banxa.com\\\/tr\\\/#\\\/schema\\\/logo\\\/image\\\/\"},\"sameAs\":[\"https:\\\/\\\/www.facebook.com\\\/Banxa.Official\\\/\",\"https:\\\/\\\/x.com\\\/BanxaHoldings\",\"https:\\\/\\\/www.instagram.com\\\/banxaofficial\\\/\",\"https:\\\/\\\/www.youtube.com\\\/channel\\\/UC1ENe9JnShhksGOaMaTyPvQ\",\"https:\\\/\\\/www.linkedin.com\\\/company\\\/banxa-com\"]}]}<\/script>\n<!-- \/ Yoast SEO plugin. -->","yoast_head_json":{"title":"G\u00fcvenlik - Banxa","robots":{"index":"index","follow":"follow","max-snippet":"max-snippet:-1","max-image-preview":"max-image-preview:large","max-video-preview":"max-video-preview:-1"},"canonical":"https:\/\/banxa.com\/tr\/guvenlik\/","og_locale":"tr_TR","og_type":"article","og_title":"G\u00fcvenlik - Banxa","og_description":"Saklama Banxa is a non-custodial agent in all customer dealings. Banxa does not custody any customer funds purchased on the platform and transfers assets directly to\/from customer directed wallets. If a customer wishing to use Banxa\u2019s services does not have a wallet, then we request they generate one before continuing to purchase crypto. \u00d6deme ve [&hellip;]","og_url":"https:\/\/banxa.com\/tr\/guvenlik\/","og_site_name":"Banxa","article_publisher":"https:\/\/www.facebook.com\/Banxa.Official\/","article_modified_time":"2026-04-23T19:58:30+00:00","og_image":[{"width":1200,"height":675,"url":"https:\/\/banxa.com\/wp-content\/uploads\/2025\/04\/Banxa-Holdings-Inc-Cover-image.jpg","type":"image\/jpeg"}],"twitter_card":"summary_large_image","twitter_site":"@BanxaHoldings","twitter_misc":{"Tahmini okuma s\u00fcresi":"3 dakika"},"schema":{"@context":"https:\/\/schema.org","@graph":[{"@type":"WebPage","@id":"https:\/\/banxa.com\/tr\/guvenlik\/","url":"https:\/\/banxa.com\/tr\/guvenlik\/","name":"G\u00fcvenlik - Banxa","isPartOf":{"@id":"https:\/\/banxa.com\/tr\/#website"},"datePublished":"2025-05-15T07:31:25+00:00","dateModified":"2026-04-23T19:58:30+00:00","breadcrumb":{"@id":"https:\/\/banxa.com\/tr\/guvenlik\/#breadcrumb"},"inLanguage":"tr","potentialAction":[{"@type":"ReadAction","target":["https:\/\/banxa.com\/tr\/guvenlik\/"]}]},{"@type":"BreadcrumbList","@id":"https:\/\/banxa.com\/tr\/guvenlik\/#breadcrumb","itemListElement":[{"@type":"ListItem","position":1,"name":"Home","item":"https:\/\/banxa.com\/tr\/"},{"@type":"ListItem","position":2,"name":"G\u00fcvenlik"}]},{"@type":"WebSite","@id":"https:\/\/banxa.com\/tr\/#website","url":"https:\/\/banxa.com\/tr\/","name":"Banxa","description":"","publisher":{"@id":"https:\/\/banxa.com\/tr\/#organization"},"alternateName":"Banxa Holdings Inc.","potentialAction":[{"@type":"SearchAction","target":{"@type":"EntryPoint","urlTemplate":"https:\/\/banxa.com\/tr\/?s={search_term_string}"},"query-input":{"@type":"PropertyValueSpecification","valueRequired":true,"valueName":"search_term_string"}}],"inLanguage":"tr"},{"@type":"Organization","@id":"https:\/\/banxa.com\/tr\/#organization","name":"Banxa","alternateName":"Banxa Holdings Inc.","url":"https:\/\/banxa.com\/tr\/","logo":{"@type":"ImageObject","inLanguage":"tr","@id":"https:\/\/banxa.com\/tr\/#\/schema\/logo\/image\/","url":"https:\/\/banxa.com\/wp-content\/uploads\/2025\/02\/Banxa-Icon-RGB-Favicon.png","contentUrl":"https:\/\/banxa.com\/wp-content\/uploads\/2025\/02\/Banxa-Icon-RGB-Favicon.png","width":520,"height":470,"caption":"Banxa"},"image":{"@id":"https:\/\/banxa.com\/tr\/#\/schema\/logo\/image\/"},"sameAs":["https:\/\/www.facebook.com\/Banxa.Official\/","https:\/\/x.com\/BanxaHoldings","https:\/\/www.instagram.com\/banxaofficial\/","https:\/\/www.youtube.com\/channel\/UC1ENe9JnShhksGOaMaTyPvQ","https:\/\/www.linkedin.com\/company\/banxa-com"]}]}},"_links":{"self":[{"href":"https:\/\/banxa.com\/tr\/wp-json\/wp\/v2\/pages\/5093","targetHints":{"allow":["GET"]}}],"collection":[{"href":"https:\/\/banxa.com\/tr\/wp-json\/wp\/v2\/pages"}],"about":[{"href":"https:\/\/banxa.com\/tr\/wp-json\/wp\/v2\/types\/page"}],"author":[{"embeddable":true,"href":"https:\/\/banxa.com\/tr\/wp-json\/wp\/v2\/users\/3"}],"replies":[{"embeddable":true,"href":"https:\/\/banxa.com\/tr\/wp-json\/wp\/v2\/comments?post=5093"}],"version-history":[{"count":0,"href":"https:\/\/banxa.com\/tr\/wp-json\/wp\/v2\/pages\/5093\/revisions"}],"wp:attachment":[{"href":"https:\/\/banxa.com\/tr\/wp-json\/wp\/v2\/media?parent=5093"}],"curies":[{"name":"wp","href":"https:\/\/api.w.org\/{rel}","templated":true}]}}