{"id":5084,"date":"2025-05-16T02:33:53","date_gmt":"2025-05-16T02:33:53","guid":{"rendered":"https:\/\/banxa.com\/cikar-catismalari-bildirimi\/"},"modified":"2026-04-23T19:58:20","modified_gmt":"2026-04-23T19:58:20","slug":"cikar-catismalari-bildirimi","status":"publish","type":"page","link":"https:\/\/banxa.com\/tr\/cikar-catismalari-bildirimi\/","title":{"rendered":"\u00c7\u0131kar \u00c7at\u0131\u015fmalar\u0131 Bildirimi"},"content":{"rendered":"\n<p>EU Internet Ventures B.V. (\u201cEUIV\u201d), Banxa\u2019s European entity, is obliged to implement and maintain effective policies and procedures to identify, prevent, manage and disclose conflicts of interest. Through this disclosure, EUIV aims to inform you on the general nature and sources of conflicts of interest that have arisen or might arise, and the steps that EUIV has taken to mitigate these conflicts of interest.<\/p>\n\n<h3 class=\"wp-block-heading\">\u00c7\u0131kar \u00e7at\u0131\u015fmalar\u0131n\u0131n genel niteli\u011fi ve kaynaklar\u0131<\/h3>\n\n<p>EUIV, iki kategori potansiyel \u00e7\u0131kar \u00e7at\u0131\u015fmas\u0131 tespit etmi\u015ftir:<\/p>\n\n<ul class=\"wp-block-list\">\n<li>EUIV m\u00fc\u015fterileri i\u00e7in potansiyel olarak zararl\u0131 \u00e7\u0131kar \u00e7at\u0131\u015fmalar\u0131; ve<\/li>\n\n\n\n<li>EUIV i\u00e7in potansiyel olarak zararl\u0131 \u00e7\u0131kar \u00e7at\u0131\u015fmalar\u0131.<\/li>\n<\/ul>\n\n<p>Conflicts of interest that are potentially detrimental to clients may arise when EUIV or EUIV shareholders or members, any person directly or indirectly linked to EUIV or EUIV\u2019s shareholders or members by control, EUIV\u2019s board members or EUIV\u2019s employees (the <strong>Connected Persons<\/strong>) are in any of the following situations:<\/p>\n\n<ul class=\"wp-block-list\">\n<li>EUIV veya Ba\u011flant\u0131l\u0131 Ki\u015finin, m\u00fc\u015fteri aleyhine finansal kazan\u00e7 elde etmesi, finansal kay\u0131ptan ka\u00e7\u0131nmas\u0131 veya ba\u015fka t\u00fcrde bir fayda sa\u011flamas\u0131 muhtemel oldu\u011funda;<\/li>\n\n\n\n<li>EUIV or the Connected Person has an interest in the outcome of a crypto-asset service provided to a client of EUIV or of a transaction carried out on behalf of that client, which is distinct from that client\u2019s interest in that outcome;\u00a0<\/li>\n\n\n\n<li>EUIV veya Ba\u011flant\u0131l\u0131 Ki\u015finin, EUIV&#8217;nin bir veya daha fazla m\u00fc\u015fterisinin \u00e7\u0131kar\u0131n\u0131, EUIV&#8217;nin ba\u015fka bir m\u00fc\u015fterisinin \u00e7\u0131kar\u0131na tercih etmek i\u00e7in finansal veya ba\u015fka bir te\u015fviki oldu\u011funda;<\/li>\n\n\n\n<li>EUIV veya Ba\u011flant\u0131l\u0131 Ki\u015finin, EUIV&#8217;nin m\u00fc\u015fterisi ile ayn\u0131 i\u015fi y\u00fcr\u00fctt\u00fc\u011f\u00fcnde; veya<\/li>\n\n\n\n<li>EUIV veya Ba\u011flant\u0131l\u0131 Ki\u015finin, EUIV m\u00fc\u015fterisi d\u0131\u015f\u0131ndaki bir ki\u015fiden, o m\u00fc\u015fteriye sa\u011flanan bir hizmetle ilgili olarak parasal veya parasal olmayan faydalar ya da hizmetler \u015feklinde bir te\u015fvik ald\u0131\u011f\u0131nda veya alaca\u011f\u0131nda.<\/li>\n<\/ul>\n\n<p>EUIV i\u00e7in potansiyel olarak zararl\u0131 \u00e7\u0131kar \u00e7at\u0131\u015fmalar\u0131, bir Ba\u011flant\u0131l\u0131 Ki\u015fi a\u015fa\u011f\u0131daki durumlarda oldu\u011funda ortaya \u00e7\u0131kabilir:<\/p>\n\n<ul class=\"wp-block-list\">\n<li>EUIV&#8217;nin \u00e7\u0131karlar\u0131yla \u00e7at\u0131\u015fan \u00e7\u0131karlara sahip bir ki\u015fi, kurum veya kurulu\u015fta ekonomik \u00e7\u0131kar\u0131 oldu\u011funda;<\/li>\n\n\n\n<li>EUIV&#8217;nin \u00e7\u0131karlar\u0131yla \u00e7at\u0131\u015fan \u00e7\u0131karlara sahip bir ki\u015fi, kurum veya kurulu\u015f ile ki\u015fisel ili\u015fkisi oldu\u011funda;<\/li>\n\n\n\n<li>EUIV&#8217;nin \u00e7\u0131karlar\u0131yla \u00e7at\u0131\u015fan \u00e7\u0131karlara sahip bir ki\u015fi, kurum veya kurulu\u015f ile mesleki ili\u015fkisi oldu\u011funda veya olmu\u015f oldu\u011funda;<\/li>\n\n\n\n<li>EUIV&#8217;nin \u00e7\u0131karlar\u0131yla \u00e7at\u0131\u015fan \u00e7\u0131karlara sahip bir ki\u015fi, kurum veya kurulu\u015f ile siyasi ili\u015fkisi oldu\u011funda; veya<\/li>\n\n\n\n<li>\u00e7at\u0131\u015fan g\u00f6revler y\u00fcr\u00fctt\u00fc\u011f\u00fcnde, \u00e7at\u0131\u015fan sorumluluklar \u00fcstlendi\u011finde veya \u00e7at\u0131\u015fan i\u015flevler ya da g\u00f6revlerden sorumlu biri taraf\u0131ndan hiyerar\u015fik olarak denetlendi\u011finde.<\/li>\n<\/ul>\n\n<h3 class=\"wp-block-heading\">EUIV&#8217;nin bu (potansiyel) \u00e7\u0131kar \u00e7at\u0131\u015fmalar\u0131n\u0131 azaltmak i\u00e7in ald\u0131\u011f\u0131 ad\u0131mlar<\/h3>\n\n<p>EUIV, yukar\u0131da belirtilen \u00e7\u0131kar \u00e7at\u0131\u015fmalar\u0131n\u0131n ortaya \u00e7\u0131kmas\u0131n\u0131 \u00f6nlemek i\u00e7in \u00e7e\u015fitli \u00f6nlemler uygulam\u0131\u015ft\u0131r:<\/p>\n\n<ul class=\"wp-block-list\">\n<li>E\u011fitim yoluyla EUIV, Ba\u011flant\u0131l\u0131 Ki\u015filerin \u00e7\u0131kar \u00e7at\u0131\u015fmas\u0131 riskleri ve bunlar\u0131n ortaya \u00e7\u0131kmas\u0131n\u0131 \u00f6nlemek i\u00e7in EUIV taraf\u0131ndan al\u0131nan \u00f6nlemler konusunda s\u00fcrekli olarak bilgilendirilmesini sa\u011flamaktad\u0131r.<\/li>\n\n\n\n<li>EUIV, \u00e7\u0131kar \u00e7at\u0131\u015fmalar\u0131n\u0131n ortaya \u00e7\u0131kmas\u0131n\u0131 \u00f6nlemeyi ama\u00e7layan \u00e7e\u015fitli s\u0131k\u0131 politika ve prosed\u00fcrler uygulam\u0131\u015ft\u0131r. Bu politika ve prosed\u00fcrler a\u015fa\u011f\u0131daki konular\u0131 d\u00fczenlemektedir:\n<ul class=\"wp-block-list\">\n<li>\u00dccretlendirme<\/li>\n\n\n\n<li>Ki\u015fisel i\u015flemler<\/li>\n\n\n\n<li>Hediye kabul\u00fc<\/li>\n\n\n\n<li>Promosyon kampanyalar\u0131<\/li>\n\n\n\n<li>Komisyonlar<\/li>\n\n\n\n<li>Yan faaliyetler<\/li>\n<\/ul>\n<\/li>\n\n\n\n<li>Ayr\u0131ca EUIV, kendi organizasyonu ve Banxa grubu i\u00e7inde \u00e7\u0131kar \u00e7at\u0131\u015fmalar\u0131n\u0131n ortaya \u00e7\u0131kmas\u0131n\u0131 \u00f6nlemek amac\u0131yla i\u00e7 y\u00f6neti\u015fiminde \u00e7e\u015fitli \u00f6nlemler uygulam\u0131\u015ft\u0131r.<\/li>\n<\/ul>\n\n<h3 class=\"wp-block-heading\">De\u011ferlendirme ve g\u00fcncellemeler<\/h3>\n\n<p>EUIV, fiili ve potansiyel \u00e7\u0131kar \u00e7at\u0131\u015fmalar\u0131na yol a\u00e7an t\u00fcm durumlar\u0131n ve bu t\u00fcr \u00e7at\u0131\u015fmalar\u0131 azaltmak i\u00e7in al\u0131nan \u00f6nlemlerin g\u00fcncel kay\u0131tlar\u0131n\u0131 tutmaktad\u0131r. Bu bildirim, s\u00f6z konusu kay\u0131tlar temelinde d\u00fczenli olarak g\u00fcncellenmekte ve do\u011frulu\u011fu, etkinli\u011fi ve y\u00fcr\u00fcrl\u00fckteki d\u00fczenlemelere uyumu a\u00e7\u0131s\u0131ndan y\u0131ll\u0131k olarak de\u011ferlendirilmekte, bu konudaki her t\u00fcrl\u00fc eksiklik giderilmektedir.<\/p>\n\n<p><\/p>\n","protected":false},"excerpt":{"rendered":"<p>EU Internet Ventures B.V. (\u201cEUIV\u201d), Banxa\u2019s European entity, is obliged to implement and maintain effective policies and procedures to identify, prevent, manage and disclose conflicts of interest. Through this disclosure, EUIV aims to inform you on the general nature and sources of conflicts of interest that have arisen or might arise, and the steps that [&hellip;]<\/p>\n","protected":false},"author":3,"featured_media":0,"parent":0,"menu_order":0,"comment_status":"closed","ping_status":"closed","template":"","meta":{"footnotes":""},"class_list":["post-5084","page","type-page","status-publish","hentry"],"yoast_head":"<!-- This site is optimized with the Yoast SEO plugin v27.5 - https:\/\/yoast.com\/product\/yoast-seo-wordpress\/ -->\n<title>\u00c7\u0131kar \u00c7at\u0131\u015fmalar\u0131 Bildirimi - Banxa<\/title>\n<meta name=\"robots\" content=\"index, follow, max-snippet:-1, max-image-preview:large, max-video-preview:-1\" \/>\n<link rel=\"canonical\" href=\"https:\/\/banxa.com\/tr\/cikar-catismalari-bildirimi\/\" \/>\n<meta property=\"og:locale\" content=\"tr_TR\" \/>\n<meta property=\"og:type\" content=\"article\" \/>\n<meta property=\"og:title\" content=\"\u00c7\u0131kar \u00c7at\u0131\u015fmalar\u0131 Bildirimi - Banxa\" \/>\n<meta property=\"og:description\" content=\"EU Internet Ventures B.V. (\u201cEUIV\u201d), Banxa\u2019s European entity, is obliged to implement and maintain effective policies and procedures to identify, prevent, manage and disclose conflicts of interest. Through this disclosure, EUIV aims to inform you on the general nature and sources of conflicts of interest that have arisen or might arise, and the steps that [&hellip;]\" \/>\n<meta property=\"og:url\" content=\"https:\/\/banxa.com\/tr\/cikar-catismalari-bildirimi\/\" \/>\n<meta property=\"og:site_name\" content=\"Banxa\" \/>\n<meta property=\"article:publisher\" content=\"https:\/\/www.facebook.com\/Banxa.Official\/\" \/>\n<meta property=\"article:modified_time\" content=\"2026-04-23T19:58:20+00:00\" \/>\n<meta property=\"og:image\" content=\"https:\/\/banxa.com\/wp-content\/uploads\/2025\/04\/Banxa-Holdings-Inc-Cover-image.jpg\" \/>\n\t<meta property=\"og:image:width\" content=\"1200\" \/>\n\t<meta property=\"og:image:height\" content=\"675\" \/>\n\t<meta property=\"og:image:type\" content=\"image\/jpeg\" \/>\n<meta name=\"twitter:card\" content=\"summary_large_image\" \/>\n<meta name=\"twitter:site\" content=\"@BanxaHoldings\" \/>\n<meta name=\"twitter:label1\" content=\"Tahmini okuma s\u00fcresi\" \/>\n\t<meta name=\"twitter:data1\" content=\"3 dakika\" \/>\n<script type=\"application\/ld+json\" class=\"yoast-schema-graph\">{\"@context\":\"https:\\\/\\\/schema.org\",\"@graph\":[{\"@type\":\"WebPage\",\"@id\":\"https:\\\/\\\/banxa.com\\\/tr\\\/cikar-catismalari-bildirimi\\\/\",\"url\":\"https:\\\/\\\/banxa.com\\\/tr\\\/cikar-catismalari-bildirimi\\\/\",\"name\":\"\u00c7\u0131kar \u00c7at\u0131\u015fmalar\u0131 Bildirimi - Banxa\",\"isPartOf\":{\"@id\":\"https:\\\/\\\/banxa.com\\\/tr\\\/#website\"},\"datePublished\":\"2025-05-16T02:33:53+00:00\",\"dateModified\":\"2026-04-23T19:58:20+00:00\",\"breadcrumb\":{\"@id\":\"https:\\\/\\\/banxa.com\\\/tr\\\/cikar-catismalari-bildirimi\\\/#breadcrumb\"},\"inLanguage\":\"tr\",\"potentialAction\":[{\"@type\":\"ReadAction\",\"target\":[\"https:\\\/\\\/banxa.com\\\/tr\\\/cikar-catismalari-bildirimi\\\/\"]}]},{\"@type\":\"BreadcrumbList\",\"@id\":\"https:\\\/\\\/banxa.com\\\/tr\\\/cikar-catismalari-bildirimi\\\/#breadcrumb\",\"itemListElement\":[{\"@type\":\"ListItem\",\"position\":1,\"name\":\"Home\",\"item\":\"https:\\\/\\\/banxa.com\\\/tr\\\/\"},{\"@type\":\"ListItem\",\"position\":2,\"name\":\"\u00c7\u0131kar \u00c7at\u0131\u015fmalar\u0131 Bildirimi\"}]},{\"@type\":\"WebSite\",\"@id\":\"https:\\\/\\\/banxa.com\\\/tr\\\/#website\",\"url\":\"https:\\\/\\\/banxa.com\\\/tr\\\/\",\"name\":\"Banxa\",\"description\":\"\",\"publisher\":{\"@id\":\"https:\\\/\\\/banxa.com\\\/tr\\\/#organization\"},\"alternateName\":\"Banxa Holdings Inc.\",\"potentialAction\":[{\"@type\":\"SearchAction\",\"target\":{\"@type\":\"EntryPoint\",\"urlTemplate\":\"https:\\\/\\\/banxa.com\\\/tr\\\/?s={search_term_string}\"},\"query-input\":{\"@type\":\"PropertyValueSpecification\",\"valueRequired\":true,\"valueName\":\"search_term_string\"}}],\"inLanguage\":\"tr\"},{\"@type\":\"Organization\",\"@id\":\"https:\\\/\\\/banxa.com\\\/tr\\\/#organization\",\"name\":\"Banxa\",\"alternateName\":\"Banxa Holdings Inc.\",\"url\":\"https:\\\/\\\/banxa.com\\\/tr\\\/\",\"logo\":{\"@type\":\"ImageObject\",\"inLanguage\":\"tr\",\"@id\":\"https:\\\/\\\/banxa.com\\\/tr\\\/#\\\/schema\\\/logo\\\/image\\\/\",\"url\":\"https:\\\/\\\/banxa.com\\\/wp-content\\\/uploads\\\/2025\\\/02\\\/Banxa-Icon-RGB-Favicon.png\",\"contentUrl\":\"https:\\\/\\\/banxa.com\\\/wp-content\\\/uploads\\\/2025\\\/02\\\/Banxa-Icon-RGB-Favicon.png\",\"width\":520,\"height\":470,\"caption\":\"Banxa\"},\"image\":{\"@id\":\"https:\\\/\\\/banxa.com\\\/tr\\\/#\\\/schema\\\/logo\\\/image\\\/\"},\"sameAs\":[\"https:\\\/\\\/www.facebook.com\\\/Banxa.Official\\\/\",\"https:\\\/\\\/x.com\\\/BanxaHoldings\",\"https:\\\/\\\/www.instagram.com\\\/banxaofficial\\\/\",\"https:\\\/\\\/www.youtube.com\\\/channel\\\/UC1ENe9JnShhksGOaMaTyPvQ\",\"https:\\\/\\\/www.linkedin.com\\\/company\\\/banxa-com\"]}]}<\/script>\n<!-- \/ Yoast SEO plugin. -->","yoast_head_json":{"title":"\u00c7\u0131kar \u00c7at\u0131\u015fmalar\u0131 Bildirimi - Banxa","robots":{"index":"index","follow":"follow","max-snippet":"max-snippet:-1","max-image-preview":"max-image-preview:large","max-video-preview":"max-video-preview:-1"},"canonical":"https:\/\/banxa.com\/tr\/cikar-catismalari-bildirimi\/","og_locale":"tr_TR","og_type":"article","og_title":"\u00c7\u0131kar \u00c7at\u0131\u015fmalar\u0131 Bildirimi - Banxa","og_description":"EU Internet Ventures B.V. (\u201cEUIV\u201d), Banxa\u2019s European entity, is obliged to implement and maintain effective policies and procedures to identify, prevent, manage and disclose conflicts of interest. Through this disclosure, EUIV aims to inform you on the general nature and sources of conflicts of interest that have arisen or might arise, and the steps that [&hellip;]","og_url":"https:\/\/banxa.com\/tr\/cikar-catismalari-bildirimi\/","og_site_name":"Banxa","article_publisher":"https:\/\/www.facebook.com\/Banxa.Official\/","article_modified_time":"2026-04-23T19:58:20+00:00","og_image":[{"width":1200,"height":675,"url":"https:\/\/banxa.com\/wp-content\/uploads\/2025\/04\/Banxa-Holdings-Inc-Cover-image.jpg","type":"image\/jpeg"}],"twitter_card":"summary_large_image","twitter_site":"@BanxaHoldings","twitter_misc":{"Tahmini okuma s\u00fcresi":"3 dakika"},"schema":{"@context":"https:\/\/schema.org","@graph":[{"@type":"WebPage","@id":"https:\/\/banxa.com\/tr\/cikar-catismalari-bildirimi\/","url":"https:\/\/banxa.com\/tr\/cikar-catismalari-bildirimi\/","name":"\u00c7\u0131kar \u00c7at\u0131\u015fmalar\u0131 Bildirimi - Banxa","isPartOf":{"@id":"https:\/\/banxa.com\/tr\/#website"},"datePublished":"2025-05-16T02:33:53+00:00","dateModified":"2026-04-23T19:58:20+00:00","breadcrumb":{"@id":"https:\/\/banxa.com\/tr\/cikar-catismalari-bildirimi\/#breadcrumb"},"inLanguage":"tr","potentialAction":[{"@type":"ReadAction","target":["https:\/\/banxa.com\/tr\/cikar-catismalari-bildirimi\/"]}]},{"@type":"BreadcrumbList","@id":"https:\/\/banxa.com\/tr\/cikar-catismalari-bildirimi\/#breadcrumb","itemListElement":[{"@type":"ListItem","position":1,"name":"Home","item":"https:\/\/banxa.com\/tr\/"},{"@type":"ListItem","position":2,"name":"\u00c7\u0131kar \u00c7at\u0131\u015fmalar\u0131 Bildirimi"}]},{"@type":"WebSite","@id":"https:\/\/banxa.com\/tr\/#website","url":"https:\/\/banxa.com\/tr\/","name":"Banxa","description":"","publisher":{"@id":"https:\/\/banxa.com\/tr\/#organization"},"alternateName":"Banxa Holdings Inc.","potentialAction":[{"@type":"SearchAction","target":{"@type":"EntryPoint","urlTemplate":"https:\/\/banxa.com\/tr\/?s={search_term_string}"},"query-input":{"@type":"PropertyValueSpecification","valueRequired":true,"valueName":"search_term_string"}}],"inLanguage":"tr"},{"@type":"Organization","@id":"https:\/\/banxa.com\/tr\/#organization","name":"Banxa","alternateName":"Banxa Holdings Inc.","url":"https:\/\/banxa.com\/tr\/","logo":{"@type":"ImageObject","inLanguage":"tr","@id":"https:\/\/banxa.com\/tr\/#\/schema\/logo\/image\/","url":"https:\/\/banxa.com\/wp-content\/uploads\/2025\/02\/Banxa-Icon-RGB-Favicon.png","contentUrl":"https:\/\/banxa.com\/wp-content\/uploads\/2025\/02\/Banxa-Icon-RGB-Favicon.png","width":520,"height":470,"caption":"Banxa"},"image":{"@id":"https:\/\/banxa.com\/tr\/#\/schema\/logo\/image\/"},"sameAs":["https:\/\/www.facebook.com\/Banxa.Official\/","https:\/\/x.com\/BanxaHoldings","https:\/\/www.instagram.com\/banxaofficial\/","https:\/\/www.youtube.com\/channel\/UC1ENe9JnShhksGOaMaTyPvQ","https:\/\/www.linkedin.com\/company\/banxa-com"]}]}},"_links":{"self":[{"href":"https:\/\/banxa.com\/tr\/wp-json\/wp\/v2\/pages\/5084","targetHints":{"allow":["GET"]}}],"collection":[{"href":"https:\/\/banxa.com\/tr\/wp-json\/wp\/v2\/pages"}],"about":[{"href":"https:\/\/banxa.com\/tr\/wp-json\/wp\/v2\/types\/page"}],"author":[{"embeddable":true,"href":"https:\/\/banxa.com\/tr\/wp-json\/wp\/v2\/users\/3"}],"replies":[{"embeddable":true,"href":"https:\/\/banxa.com\/tr\/wp-json\/wp\/v2\/comments?post=5084"}],"version-history":[{"count":0,"href":"https:\/\/banxa.com\/tr\/wp-json\/wp\/v2\/pages\/5084\/revisions"}],"wp:attachment":[{"href":"https:\/\/banxa.com\/tr\/wp-json\/wp\/v2\/media?parent=5084"}],"curies":[{"name":"wp","href":"https:\/\/api.w.org\/{rel}","templated":true}]}}