{"id":6022,"date":"2025-02-06T05:56:48","date_gmt":"2025-02-06T05:56:48","guid":{"rendered":"https:\/\/banxa.com\/beteendepolicy\/"},"modified":"2026-04-23T20:05:12","modified_gmt":"2026-04-23T20:05:12","slug":"beteendepolicy","status":"publish","type":"page","link":"https:\/\/banxa.com\/sv\/beteendepolicy\/","title":{"rendered":"Beteendepolicy"},"content":{"rendered":"\n<p>Supportpersonalen p\u00e5 Banxa arbetar h\u00e5rt dygnet runt f\u00f6r att l\u00f6sa v\u00e5ra kunders problem. Varje teammedlem str\u00e4var uppriktigt efter att hj\u00e4lpa till med en f\u00f6rfr\u00e5gan.<\/p>\n\n<p>V\u00e5ra kunder har r\u00e4tt att bli h\u00f6rda, f\u00f6rst\u00e5dda och respekterade. Det finns dock situationer som kan g\u00f6ra det sv\u00e5rt f\u00f6r v\u00e5rt supportteam att besvara f\u00f6rfr\u00e5gningar. I vissa fall, n\u00e4r en kund blir hotfull eller kr\u00e4nkande, m\u00e5ste vi s\u00e4tta gr\u00e4nsen.<\/p>\n\n<p>D\u00e4rf\u00f6r f\u00f6rbeh\u00e5ller vi oss r\u00e4tten att neka v\u00e5ra tj\u00e4nster och avsluta aff\u00e4rsrelationer n\u00e4r en kund \u00e4r of\u00f6rsk\u00e4md, diskriminerande, trakasserande eller kr\u00e4nkande mot v\u00e5r personal. Dessutom kommer alla hot om v\u00e5ld att tas p\u00e5 allvar och rapporteras till myndigheterna. Alla har r\u00e4tt att k\u00e4nna sig trygga p\u00e5 jobbet, och det \u00e4r inte annorlunda f\u00f6r Banxa.<\/p>\n\n<p>Tack f\u00f6r att ni f\u00f6rst\u00e5r v\u00e5rt behov av att skapa en respektfull och s\u00e4ker arbetsplats. Vi vill h\u00f6ra v\u00e5ra kunders synpunkter och finnas d\u00e4r f\u00f6r dem, men r\u00e4tten till denna support f\u00f6ruts\u00e4tter ett omtanksfullt, h\u00e4nsynsfullt beteende och kommunikation.<\/p>\n\n<p>Kontakta oss g\u00e4rna f\u00f6r mer information eller f\u00f6rtydligande av denna policy.<\/p>\n","protected":false},"excerpt":{"rendered":"<p>Supportpersonalen p\u00e5 Banxa arbetar h\u00e5rt dygnet runt f\u00f6r att l\u00f6sa v\u00e5ra kunders problem. Varje teammedlem str\u00e4var uppriktigt efter att hj\u00e4lpa till med en f\u00f6rfr\u00e5gan. V\u00e5ra kunder har r\u00e4tt att bli h\u00f6rda, f\u00f6rst\u00e5dda och respekterade. Det finns dock situationer som kan g\u00f6ra det sv\u00e5rt f\u00f6r v\u00e5rt supportteam att besvara f\u00f6rfr\u00e5gningar. I vissa fall, n\u00e4r en kund [&hellip;]<\/p>\n","protected":false},"author":3,"featured_media":0,"parent":0,"menu_order":0,"comment_status":"closed","ping_status":"closed","template":"","meta":{"footnotes":""},"class_list":["post-6022","page","type-page","status-publish","hentry"],"yoast_head":"<!-- This site is optimized with the Yoast SEO plugin v27.5 - https:\/\/yoast.com\/product\/yoast-seo-wordpress\/ -->\n<title>Uppf\u00f6randepolicy \u2013 Riktlinjer f\u00f6r plattformsanv\u00e4ndning och uppf\u00f6rande | Banxa<\/title>\n<meta name=\"description\" content=\"L\u00e4s Banxas uppf\u00f6randepolicy som beskriver acceptabel plattformsanv\u00e4ndning, riktlinjer f\u00f6r kunduppf\u00f6rande och regelefterlevnadsstandarder.\" \/>\n<meta name=\"robots\" content=\"index, follow, max-snippet:-1, max-image-preview:large, max-video-preview:-1\" \/>\n<link rel=\"canonical\" href=\"https:\/\/banxa.com\/sv\/beteendepolicy\/\" \/>\n<meta property=\"og:locale\" content=\"sv_SE\" \/>\n<meta property=\"og:type\" content=\"article\" \/>\n<meta property=\"og:title\" content=\"Uppf\u00f6randepolicy \u2013 Riktlinjer f\u00f6r plattformsanv\u00e4ndning och uppf\u00f6rande | Banxa\" \/>\n<meta property=\"og:description\" content=\"L\u00e4s Banxas uppf\u00f6randepolicy som beskriver acceptabel plattformsanv\u00e4ndning, riktlinjer f\u00f6r kunduppf\u00f6rande och regelefterlevnadsstandarder.\" \/>\n<meta property=\"og:url\" content=\"https:\/\/banxa.com\/sv\/beteendepolicy\/\" \/>\n<meta property=\"og:site_name\" content=\"Banxa\" \/>\n<meta property=\"article:publisher\" content=\"https:\/\/www.facebook.com\/Banxa.Official\/\" \/>\n<meta property=\"article:modified_time\" content=\"2026-04-23T20:05:12+00:00\" \/>\n<meta property=\"og:image\" content=\"https:\/\/banxa.com\/wp-content\/uploads\/2025\/04\/Banxa-Holdings-Inc-Cover-image.jpg\" \/>\n\t<meta property=\"og:image:width\" content=\"1200\" \/>\n\t<meta property=\"og:image:height\" content=\"675\" \/>\n\t<meta property=\"og:image:type\" content=\"image\/jpeg\" \/>\n<meta name=\"twitter:card\" content=\"summary_large_image\" \/>\n<meta name=\"twitter:site\" content=\"@BanxaHoldings\" \/>\n<meta name=\"twitter:label1\" content=\"Ber\u00e4knad l\u00e4stid\" \/>\n\t<meta name=\"twitter:data1\" content=\"1 minut\" \/>\n<script type=\"application\/ld+json\" class=\"yoast-schema-graph\">{\"@context\":\"https:\\\/\\\/schema.org\",\"@graph\":[{\"@type\":\"WebPage\",\"@id\":\"https:\\\/\\\/banxa.com\\\/sv\\\/beteendepolicy\\\/\",\"url\":\"https:\\\/\\\/banxa.com\\\/sv\\\/beteendepolicy\\\/\",\"name\":\"Uppf\u00f6randepolicy \u2013 Riktlinjer f\u00f6r plattformsanv\u00e4ndning och uppf\u00f6rande | Banxa\",\"isPartOf\":{\"@id\":\"https:\\\/\\\/banxa.com\\\/sv\\\/#website\"},\"datePublished\":\"2025-02-06T05:56:48+00:00\",\"dateModified\":\"2026-04-23T20:05:12+00:00\",\"description\":\"L\u00e4s Banxas uppf\u00f6randepolicy som beskriver acceptabel plattformsanv\u00e4ndning, riktlinjer f\u00f6r kunduppf\u00f6rande och regelefterlevnadsstandarder.\",\"breadcrumb\":{\"@id\":\"https:\\\/\\\/banxa.com\\\/sv\\\/beteendepolicy\\\/#breadcrumb\"},\"inLanguage\":\"sv-SE\",\"potentialAction\":[{\"@type\":\"ReadAction\",\"target\":[\"https:\\\/\\\/banxa.com\\\/sv\\\/beteendepolicy\\\/\"]}]},{\"@type\":\"BreadcrumbList\",\"@id\":\"https:\\\/\\\/banxa.com\\\/sv\\\/beteendepolicy\\\/#breadcrumb\",\"itemListElement\":[{\"@type\":\"ListItem\",\"position\":1,\"name\":\"Home\",\"item\":\"https:\\\/\\\/banxa.com\\\/sv\\\/\"},{\"@type\":\"ListItem\",\"position\":2,\"name\":\"Beteendepolicy\"}]},{\"@type\":\"WebSite\",\"@id\":\"https:\\\/\\\/banxa.com\\\/sv\\\/#website\",\"url\":\"https:\\\/\\\/banxa.com\\\/sv\\\/\",\"name\":\"Banxa\",\"description\":\"\",\"publisher\":{\"@id\":\"https:\\\/\\\/banxa.com\\\/sv\\\/#organization\"},\"alternateName\":\"Banxa Holdings Inc.\",\"potentialAction\":[{\"@type\":\"SearchAction\",\"target\":{\"@type\":\"EntryPoint\",\"urlTemplate\":\"https:\\\/\\\/banxa.com\\\/sv\\\/?s={search_term_string}\"},\"query-input\":{\"@type\":\"PropertyValueSpecification\",\"valueRequired\":true,\"valueName\":\"search_term_string\"}}],\"inLanguage\":\"sv-SE\"},{\"@type\":\"Organization\",\"@id\":\"https:\\\/\\\/banxa.com\\\/sv\\\/#organization\",\"name\":\"Banxa\",\"alternateName\":\"Banxa Holdings Inc.\",\"url\":\"https:\\\/\\\/banxa.com\\\/sv\\\/\",\"logo\":{\"@type\":\"ImageObject\",\"inLanguage\":\"sv-SE\",\"@id\":\"https:\\\/\\\/banxa.com\\\/sv\\\/#\\\/schema\\\/logo\\\/image\\\/\",\"url\":\"https:\\\/\\\/banxa.com\\\/wp-content\\\/uploads\\\/2025\\\/02\\\/Banxa-Icon-RGB-Favicon.png\",\"contentUrl\":\"https:\\\/\\\/banxa.com\\\/wp-content\\\/uploads\\\/2025\\\/02\\\/Banxa-Icon-RGB-Favicon.png\",\"width\":520,\"height\":470,\"caption\":\"Banxa\"},\"image\":{\"@id\":\"https:\\\/\\\/banxa.com\\\/sv\\\/#\\\/schema\\\/logo\\\/image\\\/\"},\"sameAs\":[\"https:\\\/\\\/www.facebook.com\\\/Banxa.Official\\\/\",\"https:\\\/\\\/x.com\\\/BanxaHoldings\",\"https:\\\/\\\/www.instagram.com\\\/banxaofficial\\\/\",\"https:\\\/\\\/www.youtube.com\\\/channel\\\/UC1ENe9JnShhksGOaMaTyPvQ\",\"https:\\\/\\\/www.linkedin.com\\\/company\\\/banxa-com\"]}]}<\/script>\n<!-- \/ Yoast SEO plugin. -->","yoast_head_json":{"title":"Uppf\u00f6randepolicy \u2013 Riktlinjer f\u00f6r plattformsanv\u00e4ndning och uppf\u00f6rande | Banxa","description":"L\u00e4s Banxas uppf\u00f6randepolicy som beskriver acceptabel plattformsanv\u00e4ndning, riktlinjer f\u00f6r kunduppf\u00f6rande och regelefterlevnadsstandarder.","robots":{"index":"index","follow":"follow","max-snippet":"max-snippet:-1","max-image-preview":"max-image-preview:large","max-video-preview":"max-video-preview:-1"},"canonical":"https:\/\/banxa.com\/sv\/beteendepolicy\/","og_locale":"sv_SE","og_type":"article","og_title":"Uppf\u00f6randepolicy \u2013 Riktlinjer f\u00f6r plattformsanv\u00e4ndning och uppf\u00f6rande | Banxa","og_description":"L\u00e4s Banxas uppf\u00f6randepolicy som beskriver acceptabel plattformsanv\u00e4ndning, riktlinjer f\u00f6r kunduppf\u00f6rande och regelefterlevnadsstandarder.","og_url":"https:\/\/banxa.com\/sv\/beteendepolicy\/","og_site_name":"Banxa","article_publisher":"https:\/\/www.facebook.com\/Banxa.Official\/","article_modified_time":"2026-04-23T20:05:12+00:00","og_image":[{"width":1200,"height":675,"url":"https:\/\/banxa.com\/wp-content\/uploads\/2025\/04\/Banxa-Holdings-Inc-Cover-image.jpg","type":"image\/jpeg"}],"twitter_card":"summary_large_image","twitter_site":"@BanxaHoldings","twitter_misc":{"Ber\u00e4knad l\u00e4stid":"1 minut"},"schema":{"@context":"https:\/\/schema.org","@graph":[{"@type":"WebPage","@id":"https:\/\/banxa.com\/sv\/beteendepolicy\/","url":"https:\/\/banxa.com\/sv\/beteendepolicy\/","name":"Uppf\u00f6randepolicy \u2013 Riktlinjer f\u00f6r plattformsanv\u00e4ndning och uppf\u00f6rande | Banxa","isPartOf":{"@id":"https:\/\/banxa.com\/sv\/#website"},"datePublished":"2025-02-06T05:56:48+00:00","dateModified":"2026-04-23T20:05:12+00:00","description":"L\u00e4s Banxas uppf\u00f6randepolicy som beskriver acceptabel plattformsanv\u00e4ndning, riktlinjer f\u00f6r kunduppf\u00f6rande och regelefterlevnadsstandarder.","breadcrumb":{"@id":"https:\/\/banxa.com\/sv\/beteendepolicy\/#breadcrumb"},"inLanguage":"sv-SE","potentialAction":[{"@type":"ReadAction","target":["https:\/\/banxa.com\/sv\/beteendepolicy\/"]}]},{"@type":"BreadcrumbList","@id":"https:\/\/banxa.com\/sv\/beteendepolicy\/#breadcrumb","itemListElement":[{"@type":"ListItem","position":1,"name":"Home","item":"https:\/\/banxa.com\/sv\/"},{"@type":"ListItem","position":2,"name":"Beteendepolicy"}]},{"@type":"WebSite","@id":"https:\/\/banxa.com\/sv\/#website","url":"https:\/\/banxa.com\/sv\/","name":"Banxa","description":"","publisher":{"@id":"https:\/\/banxa.com\/sv\/#organization"},"alternateName":"Banxa Holdings Inc.","potentialAction":[{"@type":"SearchAction","target":{"@type":"EntryPoint","urlTemplate":"https:\/\/banxa.com\/sv\/?s={search_term_string}"},"query-input":{"@type":"PropertyValueSpecification","valueRequired":true,"valueName":"search_term_string"}}],"inLanguage":"sv-SE"},{"@type":"Organization","@id":"https:\/\/banxa.com\/sv\/#organization","name":"Banxa","alternateName":"Banxa Holdings Inc.","url":"https:\/\/banxa.com\/sv\/","logo":{"@type":"ImageObject","inLanguage":"sv-SE","@id":"https:\/\/banxa.com\/sv\/#\/schema\/logo\/image\/","url":"https:\/\/banxa.com\/wp-content\/uploads\/2025\/02\/Banxa-Icon-RGB-Favicon.png","contentUrl":"https:\/\/banxa.com\/wp-content\/uploads\/2025\/02\/Banxa-Icon-RGB-Favicon.png","width":520,"height":470,"caption":"Banxa"},"image":{"@id":"https:\/\/banxa.com\/sv\/#\/schema\/logo\/image\/"},"sameAs":["https:\/\/www.facebook.com\/Banxa.Official\/","https:\/\/x.com\/BanxaHoldings","https:\/\/www.instagram.com\/banxaofficial\/","https:\/\/www.youtube.com\/channel\/UC1ENe9JnShhksGOaMaTyPvQ","https:\/\/www.linkedin.com\/company\/banxa-com"]}]}},"_links":{"self":[{"href":"https:\/\/banxa.com\/sv\/wp-json\/wp\/v2\/pages\/6022","targetHints":{"allow":["GET"]}}],"collection":[{"href":"https:\/\/banxa.com\/sv\/wp-json\/wp\/v2\/pages"}],"about":[{"href":"https:\/\/banxa.com\/sv\/wp-json\/wp\/v2\/types\/page"}],"author":[{"embeddable":true,"href":"https:\/\/banxa.com\/sv\/wp-json\/wp\/v2\/users\/3"}],"replies":[{"embeddable":true,"href":"https:\/\/banxa.com\/sv\/wp-json\/wp\/v2\/comments?post=6022"}],"version-history":[{"count":0,"href":"https:\/\/banxa.com\/sv\/wp-json\/wp\/v2\/pages\/6022\/revisions"}],"wp:attachment":[{"href":"https:\/\/banxa.com\/sv\/wp-json\/wp\/v2\/media?parent=6022"}],"curies":[{"name":"wp","href":"https:\/\/api.w.org\/{rel}","templated":true}]}}