{"id":5110,"date":"2025-05-08T00:58:42","date_gmt":"2025-05-08T00:58:42","guid":{"rendered":"https:\/\/banxa.com\/press\/"},"modified":"2026-04-23T19:59:02","modified_gmt":"2026-04-23T19:59:02","slug":"press","status":"publish","type":"page","link":"https:\/\/banxa.com\/sv\/press\/","title":{"rendered":"Press"},"content":{"rendered":"\t\t<div data-elementor-type=\"wp-page\" data-elementor-id=\"5110\" class=\"elementor elementor-5110 elementor-3331\" data-elementor-post-type=\"page\">\n\t\t\t\t<div class=\"elementor-element elementor-element-c086965 e-flex e-con-boxed e-con e-parent\" data-id=\"c086965\" data-element_type=\"container\" data-e-type=\"container\">\n\t\t\t\t\t<div class=\"e-con-inner\">\n\t\t<div class=\"elementor-element elementor-element-3360dec e-con-full e-flex e-con e-child\" data-id=\"3360dec\" data-element_type=\"container\" data-e-type=\"container\" id=\"t0\">\n\t\t\t\t<div class=\"elementor-element elementor-element-c0c2b46 crosshtml elementor-widget elementor-widget-html\" data-id=\"c0c2b46\" data-element_type=\"widget\" data-e-type=\"widget\" data-widget_type=\"html.default\">\n\t\t\t\t\t    <div class=\"cross\" data-position=\"top-left\"><\/div>\n    <div class=\"cross\" data-position=\"top-right\"><\/div>\n    <div class=\"cross\" data-position=\"bottom-left\"><\/div>\n    <div class=\"cross\" data-position=\"bottom-right\"><\/div>\n\n\t\t\t\t<\/div>\n\t\t\t\t<\/div>\n\t\t<div class=\"elementor-element elementor-element-ccfb266 e-con-full newcontent e-flex e-con e-child\" data-id=\"ccfb266\" data-element_type=\"container\" data-e-type=\"container\">\n\t\t\t\t<div class=\"elementor-element elementor-element-5e443eb elementor-grid-2 elementor-posts--thumbnail-none elementor-grid-tablet-2 elementor-grid-mobile-1 elementor-posts__hover-gradient elementor-widget elementor-widget-posts\" data-id=\"5e443eb\" data-element_type=\"widget\" data-e-type=\"widget\" data-settings=\"{&quot;cards_columns&quot;:&quot;2&quot;,&quot;cards_row_gap&quot;:{&quot;unit&quot;:&quot;px&quot;,&quot;size&quot;:30,&quot;sizes&quot;:[]},&quot;cards_columns_tablet&quot;:&quot;2&quot;,&quot;cards_columns_mobile&quot;:&quot;1&quot;,&quot;cards_row_gap_tablet&quot;:{&quot;unit&quot;:&quot;px&quot;,&quot;size&quot;:&quot;&quot;,&quot;sizes&quot;:[]},&quot;cards_row_gap_mobile&quot;:{&quot;unit&quot;:&quot;px&quot;,&quot;size&quot;:&quot;&quot;,&quot;sizes&quot;:[]}}\" data-widget_type=\"posts.cards\">\n\t\t\t\t<div class=\"elementor-widget-container\">\n\t\t\t\t\t\t\t<div class=\"elementor-posts-container elementor-posts elementor-posts--skin-cards elementor-grid\" role=\"list\">\n\t\t\t\t<article class=\"elementor-post elementor-grid-item post-4440 page type-page status-publish hentry\" role=\"listitem\">\n\t\t\t<div class=\"elementor-post__card\">\n\t\t\t\t<div class=\"elementor-post__text\">\n\t\t\t\t<h3 class=\"elementor-post__title\">\n\t\t\t<a href=\"https:\/\/banxa.com\/sv\/banxa-brings-seamless-google-pay-experience-to-crypto\/\" >\n\t\t\t\tBanxa Brings Seamless Google Pay Experience to Crypto\t\t\t<\/a>\n\t\t<\/h3>\n\t\t\t\t<div class=\"elementor-post__excerpt\">\n\t\t\t<p>Press Banxa is making crypto more accessible and convenient with Google Pay. Team Banxa April 2025 Have you ever been this close to making a purchase, only to hit one<\/p>\n\t\t<\/div>\n\t\t\t\t<\/div>\n\t\t\t\t<div class=\"elementor-post__meta-data\">\n\t\t\t\t\t<span class=\"elementor-post-date\">\n\t\t\t13 april 2026\t\t<\/span>\n\t\t\t\t<\/div>\n\t\t\t\t\t<\/div>\n\t\t<\/article>\n\t\t\t\t<article class=\"elementor-post elementor-grid-item post-4478 page type-page status-publish hentry\" role=\"listitem\">\n\t\t\t<div class=\"elementor-post__card\">\n\t\t\t\t<div class=\"elementor-post__text\">\n\t\t\t\t<h3 class=\"elementor-post__title\">\n\t\t\t<a href=\"https:\/\/banxa.com\/sv\/gate-partners-with-banxa-to-accelerate-access-to-the-us-crypto-market\/\" >\n\t\t\t\tGate Partners with Banxa to Accelerate Access to the US Crypto Market\t\t\t<\/a>\n\t\t<\/h3>\n\t\t\t\t<div class=\"elementor-post__excerpt\">\n\t\t\t<p>Press Team Banxa March 2026 Reno, United States \u2013 March 17, 2026 \u2014 Banxa, leading global infrastructure provider for digital assets, today announced an expansion of its strategic partnership with<\/p>\n\t\t<\/div>\n\t\t\t\t<\/div>\n\t\t\t\t<div class=\"elementor-post__meta-data\">\n\t\t\t\t\t<span class=\"elementor-post-date\">\n\t\t\t17 mars 2026\t\t<\/span>\n\t\t\t\t<\/div>\n\t\t\t\t\t<\/div>\n\t\t<\/article>\n\t\t\t\t<article class=\"elementor-post elementor-grid-item post-4489 page type-page status-publish hentry\" role=\"listitem\">\n\t\t\t<div class=\"elementor-post__card\">\n\t\t\t\t<div class=\"elementor-post__text\">\n\t\t\t\t<h3 class=\"elementor-post__title\">\n\t\t\t<a href=\"https:\/\/banxa.com\/sv\/ton-foundation-samarbetar-med-banxa-for-att-mojliggora-stablecoin-betalningar-for-foretag-i-hela-asien\/\" >\n\t\t\t\tTON Foundation samarbetar med Banxa for att mojliggora stablecoin-betalningar for foretag i hela Asien\t\t\t<\/a>\n\t\t<\/h3>\n\t\t\t\t<div class=\"elementor-post__excerpt\">\n\t\t\t<p>Press A partnership that brings regulated, enterprise-grade stablecoin-avveckling to thousands of SMEs across APAC using TON infrastructure. Team Banxa Februari 2025 Reno, United States \u2013 February 16, 2026 \u2014 Banxa,<\/p>\n\t\t<\/div>\n\t\t\t\t<\/div>\n\t\t\t\t<div class=\"elementor-post__meta-data\">\n\t\t\t\t\t<span class=\"elementor-post-date\">\n\t\t\t16 februari 2026\t\t<\/span>\n\t\t\t\t<\/div>\n\t\t\t\t\t<\/div>\n\t\t<\/article>\n\t\t\t\t<article class=\"elementor-post elementor-grid-item post-4505 page type-page status-publish has-post-thumbnail hentry\" role=\"listitem\">\n\t\t\t<div class=\"elementor-post__card\">\n\t\t\t\t<div class=\"elementor-post__text\">\n\t\t\t\t<h3 class=\"elementor-post__title\">\n\t\t\t<a href=\"https:\/\/banxa.com\/sv\/banxa-lanseras-i-viction-ekosystemet-med-coin98-super-wallet-forst-att-ga-live\/\" >\n\t\t\t\tBanxa lanseras i Viction-ekosystemet med Coin98 Super Wallet f\u00f6rst att g\u00e5 live\t\t\t<\/a>\n\t\t<\/h3>\n\t\t\t\t<div class=\"elementor-post__excerpt\">\n\t\t\t<p>Press Coin98 blir den f\u00f6rsta Viction-baserade applikationen att aktivera Banxas on-ramp-l\u00f6sning, vilket m\u00f6jligg\u00f6r snabb, regelefterlevande och anv\u00e4ndarv\u00e4nlig \u00e5tkomst till digitala tillg\u00e5ngar direkt i superpl\u00e5nboken. Team Banxa Februari 2025 Reno, United<\/p>\n\t\t<\/div>\n\t\t\t\t<\/div>\n\t\t\t\t<div class=\"elementor-post__meta-data\">\n\t\t\t\t\t<span class=\"elementor-post-date\">\n\t\t\t12 februari 2026\t\t<\/span>\n\t\t\t\t<\/div>\n\t\t\t\t\t<\/div>\n\t\t<\/article>\n\t\t\t\t<article class=\"elementor-post elementor-grid-item post-4523 page type-page status-publish has-post-thumbnail hentry\" role=\"listitem\">\n\t\t\t<div class=\"elementor-post__card\">\n\t\t\t\t<div class=\"elementor-post__text\">\n\t\t\t\t<h3 class=\"elementor-post__title\">\n\t\t\t<a href=\"https:\/\/banxa.com\/sv\/banxa-fordjupar-stod-for-polkadot-ekosystemet-och-lagger-till-hydration-i-sitt-globala-on-ramp-natverk\/\" >\n\t\t\t\tBanxa fordjupar stod for Polkadot-ekosystemet och lagger till Hydration i sitt globala on-ramp-natverk\t\t\t<\/a>\n\t\t<\/h3>\n\t\t\t\t<div class=\"elementor-post__excerpt\">\n\t\t\t<p>Press Team Banxa 14 januari 2026 Toronto, Ontario \u2013 14 januari 2026, Banxa, ledande global infrastrukturleverant\u00f6r f\u00f6r inb\u00e4ddad krypto f\u00f6r ledande b\u00f6rser, pl\u00e5nb\u00f6cker och fintechs, tillk\u00e4nnagav idag en ut\u00f6kad integration<\/p>\n\t\t<\/div>\n\t\t\t\t<\/div>\n\t\t\t\t<div class=\"elementor-post__meta-data\">\n\t\t\t\t\t<span class=\"elementor-post-date\">\n\t\t\t14 januari 2026\t\t<\/span>\n\t\t\t\t<\/div>\n\t\t\t\t\t<\/div>\n\t\t<\/article>\n\t\t\t\t<article class=\"elementor-post elementor-grid-item post-4534 page type-page status-publish hentry\" role=\"listitem\">\n\t\t\t<div class=\"elementor-post__card\">\n\t\t\t\t<div class=\"elementor-post__text\">\n\t\t\t\t<h3 class=\"elementor-post__title\">\n\t\t\t<a href=\"https:\/\/banxa.com\/sv\/banxa-bidrar-till-ranges-rapport-state-of-euro-stablecoins-2025-som-belyser-tillvaxt-under-mica\/\" >\n\t\t\t\tBanxa bidrar till Ranges rapport State of Euro Stablecoins 2025 som belyser tillv\u00e4xt under MiCA\t\t\t<\/a>\n\t\t<\/h3>\n\t\t\t\t<div class=\"elementor-post__excerpt\">\n\t\t\t<p>Press Team Banxa December 2025 Toronto, Ontario \u2014 December 18, 2025, Banxa, en global ledare inom regelefterlevande fiat-till-krypto-infrastruktur tillkannagav sitt deltagande i The State of Euro Stablecoins 2025, en omfattande<\/p>\n\t\t<\/div>\n\t\t\t\t<\/div>\n\t\t\t\t<div class=\"elementor-post__meta-data\">\n\t\t\t\t\t<span class=\"elementor-post-date\">\n\t\t\t18 december 2025\t\t<\/span>\n\t\t\t\t<\/div>\n\t\t\t\t\t<\/div>\n\t\t<\/article>\n\t\t\t\t<article class=\"elementor-post elementor-grid-item post-4550 page type-page status-publish has-post-thumbnail hentry\" role=\"listitem\">\n\t\t\t<div class=\"elementor-post__card\">\n\t\t\t\t<div class=\"elementor-post__text\">\n\t\t\t\t<h3 class=\"elementor-post__title\">\n\t\t\t<a href=\"https:\/\/banxa.com\/sv\/mezo-integrerar-med-banxa-for-att-mojliggora-global-fiat-on-ramp-for-musd-och-bitcoin-backed-finans\/\" >\n\t\t\t\tMezo integrerar med Banxa for att mojliggora global fiat on-ramp for MUSD och Bitcoin-backed finans\t\t\t<\/a>\n\t\t<\/h3>\n\t\t\t\t<div class=\"elementor-post__excerpt\">\n\t\t\t<p>Press Team Banxa December 2025 Med Banxas globala on-ramp kan anv\u00e4ndare nu k\u00f6pa Mezos ursprungliga stablecoin (MUSD) och f\u00e5 \u00e5tkomst till Mezos Bitcoin-st\u00f6dda ekosystem med vardagliga fiat-betalningsmetoder. Toronto, Ontario \u2013<\/p>\n\t\t<\/div>\n\t\t\t\t<\/div>\n\t\t\t\t<div class=\"elementor-post__meta-data\">\n\t\t\t\t\t<span class=\"elementor-post-date\">\n\t\t\t10 december 2025\t\t<\/span>\n\t\t\t\t<\/div>\n\t\t\t\t\t<\/div>\n\t\t<\/article>\n\t\t\t\t<article class=\"elementor-post elementor-grid-item post-4775 page type-page status-publish has-post-thumbnail hentry\" role=\"listitem\">\n\t\t\t<div class=\"elementor-post__card\">\n\t\t\t\t<div class=\"elementor-post__text\">\n\t\t\t\t<h3 class=\"elementor-post__title\">\n\t\t\t<a href=\"https:\/\/banxa.com\/sv\/banxa-lagger-till-stablecoin-likviditet-for-bifrost-via-polkadot-ekosystemet\/\" >\n\t\t\t\tBanxa lagger till stablecoin-likviditet for Bifrost via Polkadot-ekosystemet\t\t\t<\/a>\n\t\t<\/h3>\n\t\t\t\t<div class=\"elementor-post__excerpt\">\n\t\t\t<p>Press Team Banxa November 2025 Toronto, Ontario \u2013 13 november 2025, Banxa, ledande global infrastrukturleverant\u00f6r f\u00f6r inb\u00e4ddad krypto, avsl\u00f6jade idag sin integration med Bifrost, en Polkadot-rollup, som ut\u00f6kar nativ likviditetstillg\u00e5ng<\/p>\n\t\t<\/div>\n\t\t\t\t<\/div>\n\t\t\t\t<div class=\"elementor-post__meta-data\">\n\t\t\t\t\t<span class=\"elementor-post-date\">\n\t\t\t13 november 2025\t\t<\/span>\n\t\t\t\t<\/div>\n\t\t\t\t\t<\/div>\n\t\t<\/article>\n\t\t\t\t<article class=\"elementor-post elementor-grid-item post-4793 page type-page status-publish has-post-thumbnail hentry\" role=\"listitem\">\n\t\t\t<div class=\"elementor-post__card\">\n\t\t\t\t<div class=\"elementor-post__text\">\n\t\t\t\t<h3 class=\"elementor-post__title\">\n\t\t\t<a href=\"https:\/\/banxa.com\/sv\/samtidigt-vander-sig-investerare-till-tokeniserade-guld-och-silvertillgangar\/\" >\n\t\t\t\tSamtidigt vander sig investerare till tokeniserade guld- och silvertillgangar\t\t\t<\/a>\n\t\t<\/h3>\n\t\t\t\t<div class=\"elementor-post__excerpt\">\n\t\t\t<p>Press Team Banxa November 2025 Sammanfattning Guld steg till $4 400\/oz, fokus v\u00e4nds nu mot silver som bryter $50\/oz \u2013 vilket signalerar en historisk uppg\u00e5ng i \u00e4delmetaller.\u200b Tokeniserade guld- och<\/p>\n\t\t<\/div>\n\t\t\t\t<\/div>\n\t\t\t\t<div class=\"elementor-post__meta-data\">\n\t\t\t\t\t<span class=\"elementor-post-date\">\n\t\t\t11 november 2025\t\t<\/span>\n\t\t\t\t<\/div>\n\t\t\t\t\t<\/div>\n\t\t<\/article>\n\t\t\t\t<article class=\"elementor-post elementor-grid-item post-4811 page type-page status-publish has-post-thumbnail hentry\" role=\"listitem\">\n\t\t\t<div class=\"elementor-post__card\">\n\t\t\t\t<div class=\"elementor-post__text\">\n\t\t\t\t<h3 class=\"elementor-post__title\">\n\t\t\t<a href=\"https:\/\/banxa.com\/sv\/banxa-expanderar-till-polkadot-och-mojliggor-global-fiat-atkomst-och-stablecoin-likviditet-for-utvecklare-och-anvandare\/\" >\n\t\t\t\tBanxa expanderar till Polkadot och m\u00f6jligg\u00f6r global fiat-\u00e5tkomst och stablecoin-likviditet f\u00f6r utvecklare och anv\u00e4ndare\t\t\t<\/a>\n\t\t<\/h3>\n\t\t\t\t<div class=\"elementor-post__excerpt\">\n\t\t\t<p>Press Team Banxa November 2025 Toronto, Ontario \u2013 November 6, 2025, Banxa, den ledande globala infrastrukturleverant\u00f6ren f\u00f6r inb\u00e4ddad krypto, tillk\u00e4nnagav idag its integration with the Polkadot ecosystem, bringing regulated fiat-to-crypto<\/p>\n\t\t<\/div>\n\t\t\t\t<\/div>\n\t\t\t\t<div class=\"elementor-post__meta-data\">\n\t\t\t\t\t<span class=\"elementor-post-date\">\n\t\t\t6 november 2025\t\t<\/span>\n\t\t\t\t<\/div>\n\t\t\t\t\t<\/div>\n\t\t<\/article>\n\t\t\t\t<article class=\"elementor-post elementor-grid-item post-4927 page type-page status-publish hentry\" role=\"listitem\">\n\t\t\t<div class=\"elementor-post__card\">\n\t\t\t\t<div class=\"elementor-post__text\">\n\t\t\t\t<h3 class=\"elementor-post__title\">\n\t\t\t<a href=\"https:\/\/banxa.com\/sv\/stora-saker-hander-pa-banxa\/\" >\n\t\t\t\tStora saker h\u00e4nder p\u00e5 Banxa!\t\t\t<\/a>\n\t\t<\/h3>\n\t\t\t\t<div class=\"elementor-post__excerpt\">\n\t\t\t<p>Press We har arbetat h\u00e5rt, men vi \u00e4r glada att dela n\u00e5gra stora nyheter om Banxas expansion. There\u02bcs plenty to explore as we grow &#8211; together, so read on. Team<\/p>\n\t\t<\/div>\n\t\t\t\t<\/div>\n\t\t\t\t<div class=\"elementor-post__meta-data\">\n\t\t\t\t\t<span class=\"elementor-post-date\">\n\t\t\t30 oktober 2025\t\t<\/span>\n\t\t\t\t<\/div>\n\t\t\t\t\t<\/div>\n\t\t<\/article>\n\t\t\t\t<article class=\"elementor-post elementor-grid-item post-4973 page type-page status-publish has-post-thumbnail hentry\" role=\"listitem\">\n\t\t\t<div class=\"elementor-post__card\">\n\t\t\t\t<div class=\"elementor-post__text\">\n\t\t\t\t<h3 class=\"elementor-post__title\">\n\t\t\t<a href=\"https:\/\/banxa.com\/sv\/banxa-erhaller-mica-licens-i-nederlanderna-och-utokar-reglerade-kryptotjanster-i-hela-europa\/\" >\n\t\t\t\tBanxa erh\u00e5ller MiCA-licens i Nederl\u00e4nderna och ut\u00f6kar reglerade kryptotj\u00e4nster i hela Europa\t\t\t<\/a>\n\t\t<\/h3>\n\t\t\t\t<div class=\"elementor-post__excerpt\">\n\t\t\t<p>Press Banxa has secured a MiCA licence in the Nederl\u00e4nderna, allowing its European entity to operate as a regulated Crypto Asset Service Provider across 30 EEA countries. This milestone expands<\/p>\n\t\t<\/div>\n\t\t\t\t<\/div>\n\t\t\t\t<div class=\"elementor-post__meta-data\">\n\t\t\t\t\t<span class=\"elementor-post-date\">\n\t\t\t13 oktober 2025\t\t<\/span>\n\t\t\t\t<\/div>\n\t\t\t\t\t<\/div>\n\t\t<\/article>\n\t\t\t\t<article class=\"elementor-post elementor-grid-item post-5005 page type-page status-publish has-post-thumbnail hentry\" role=\"listitem\">\n\t\t\t<div class=\"elementor-post__card\">\n\t\t\t\t<div class=\"elementor-post__text\">\n\t\t\t\t<h3 class=\"elementor-post__title\">\n\t\t\t<a href=\"https:\/\/banxa.com\/sv\/banxa-lanserar-forsta-tezos-integrationen-med-etherlink-och-levererar-somlos-kryptotillgang\/\" >\n\t\t\t\tBanxa lanserar f\u00f6rsta Tezos-integrationen med Etherlink och levererar s\u00f6ml\u00f6s kryptotillg\u00e5ng\t\t\t<\/a>\n\t\t<\/h3>\n\t\t\t\t<div class=\"elementor-post__excerpt\">\n\t\t\t<p>Press Banxa lanserar inb\u00e4ddade kryptol\u00f6sningar f\u00f6r Tezos-ekosystemet, vilket g\u00f6r det m\u00f6jligt f\u00f6r anv\u00e4ndare att k\u00f6pa digitala tillg\u00e5ngar direkt i Tezos dAppar, med st\u00f6d av sitt globala n\u00e4tverk av lokala och<\/p>\n\t\t<\/div>\n\t\t\t\t<\/div>\n\t\t\t\t<div class=\"elementor-post__meta-data\">\n\t\t\t\t\t<span class=\"elementor-post-date\">\n\t\t\t6 oktober 2025\t\t<\/span>\n\t\t\t\t<\/div>\n\t\t\t\t\t<\/div>\n\t\t<\/article>\n\t\t\t\t<article class=\"elementor-post elementor-grid-item post-5041 page type-page status-publish hentry\" role=\"listitem\">\n\t\t\t<div class=\"elementor-post__card\">\n\t\t\t\t<div class=\"elementor-post__text\">\n\t\t\t\t<h3 class=\"elementor-post__title\">\n\t\t\t<a href=\"https:\/\/banxa.com\/sv\/ett-natverk-lokalt-overallt\/\" >\n\t\t\t\tEtt n\u00e4tverk. Lokalt \u00f6verallt.\t\t\t<\/a>\n\t\t<\/h3>\n\t\t\t\t<div class=\"elementor-post__excerpt\">\n\t\t\t<p>Press Vi bygger globalt licensierad betalningsinfrastruktur: lokala on- och off-ramps underbyggda av robust, m\u00e5ngsidig licensiering, s\u00e5 att f\u00f6retag kan lansera och skala anv\u00e4ndningsfall som gr\u00e4ns\u00f6verskridande B2B-betalningar, remitteringar, l\u00f6ner och handlaravveckling<\/p>\n\t\t<\/div>\n\t\t\t\t<\/div>\n\t\t\t\t<div class=\"elementor-post__meta-data\">\n\t\t\t\t\t<span class=\"elementor-post-date\">\n\t\t\t19 september 2025\t\t<\/span>\n\t\t\t\t<\/div>\n\t\t\t\t\t<\/div>\n\t\t<\/article>\n\t\t\t\t<article class=\"elementor-post elementor-grid-item post-5063 page type-page status-publish has-post-thumbnail hentry\" role=\"listitem\">\n\t\t\t<div class=\"elementor-post__card\">\n\t\t\t\t<div class=\"elementor-post__text\">\n\t\t\t\t<h3 class=\"elementor-post__title\">\n\t\t\t<a href=\"https:\/\/banxa.com\/sv\/banxa-samarbetar-med-concordium-for-att-mojliggora-global-tillgang-till-ccd\/\" >\n\t\t\t\tBanxa samarbetar med Concordium f\u00f6r att m\u00f6jligg\u00f6ra global tillg\u00e5ng till CCD\t\t\t<\/a>\n\t\t<\/h3>\n\t\t\t\t<div class=\"elementor-post__excerpt\">\n\t\t\t<p>Press Team Banxa Juli 2025 Banxa \u00e4r glada att tillk\u00e4nnage v\u00e5r senaste blockkedjeintegration: fullt st\u00f6d f\u00f6r Concordium-n\u00e4tverket och dess nativa token, CCD. CCD kommer nu att vara tillg\u00e4ngligt via Banxas<\/p>\n\t\t<\/div>\n\t\t\t\t<\/div>\n\t\t\t\t<div class=\"elementor-post__meta-data\">\n\t\t\t\t\t<span class=\"elementor-post-date\">\n\t\t\t10 juli 2025\t\t<\/span>\n\t\t\t\t<\/div>\n\t\t\t\t\t<\/div>\n\t\t<\/article>\n\t\t\t\t<article class=\"elementor-post elementor-grid-item post-5101 page type-page status-publish hentry\" role=\"listitem\">\n\t\t\t<div class=\"elementor-post__card\">\n\t\t\t\t<div class=\"elementor-post__text\">\n\t\t\t\t<h3 class=\"elementor-post__title\">\n\t\t\t<a href=\"https:\/\/banxa.com\/sv\/banxa-stodjer-nu-ripple-usd-rlusd-stablecoin\/\" >\n\t\t\t\tBanxa st\u00f6djer nu Ripple USD (RLUSD) Stablecoin\t\t\t<\/a>\n\t\t<\/h3>\n\t\t\t\t<div class=\"elementor-post__excerpt\">\n\t\t\t<p>Press Team Banxa Maj 2025 Banxa is excited to announce support for Ripple USD (RLUSD). RLUSD is a USD-backed stablecoin, fully backed 1:1 by a reserve of cash and cash<\/p>\n\t\t<\/div>\n\t\t\t\t<\/div>\n\t\t\t\t<div class=\"elementor-post__meta-data\">\n\t\t\t\t\t<span class=\"elementor-post-date\">\n\t\t\t8 maj 2025\t\t<\/span>\n\t\t\t\t<\/div>\n\t\t\t\t\t<\/div>\n\t\t<\/article>\n\t\t\t\t<\/div>\n\t\t\n\t\t\t\t\t\t<\/div>\n\t\t\t\t<\/div>\n\t\t\t\t<\/div>\n\t\t\t\t\t<\/div>\n\t\t\t\t<\/div>\n\t\t\t\t<\/div>\n\t\t","protected":false},"excerpt":{"rendered":"","protected":false},"author":3,"featured_media":0,"parent":0,"menu_order":0,"comment_status":"closed","ping_status":"closed","template":"","meta":{"footnotes":""},"class_list":["post-5110","page","type-page","status-publish","hentry"],"yoast_head":"<!-- This site is optimized with the Yoast SEO plugin v27.5 - https:\/\/yoast.com\/product\/yoast-seo-wordpress\/ -->\n<title>Press - Banxa<\/title>\n<meta name=\"description\" content=\"Pressmeddelanden, mediabevakning och mer.\" \/>\n<meta name=\"robots\" content=\"index, follow, max-snippet:-1, max-image-preview:large, max-video-preview:-1\" \/>\n<link rel=\"canonical\" href=\"https:\/\/banxa.com\/sv\/press\/\" \/>\n<meta property=\"og:locale\" content=\"sv_SE\" \/>\n<meta property=\"og:type\" content=\"article\" \/>\n<meta property=\"og:title\" content=\"Press - Banxa\" \/>\n<meta property=\"og:description\" content=\"Pressmeddelanden, mediabevakning och mer.\" \/>\n<meta property=\"og:url\" content=\"https:\/\/banxa.com\/sv\/press\/\" \/>\n<meta property=\"og:site_name\" content=\"Banxa\" \/>\n<meta property=\"article:publisher\" content=\"https:\/\/www.facebook.com\/Banxa.Official\/\" \/>\n<meta property=\"article:modified_time\" content=\"2026-04-23T19:59:02+00:00\" \/>\n<meta property=\"og:image\" content=\"https:\/\/banxa.com\/wp-content\/uploads\/2025\/04\/Banxa-Holdings-Inc-Cover-image.jpg\" \/>\n\t<meta property=\"og:image:width\" content=\"1200\" \/>\n\t<meta property=\"og:image:height\" content=\"675\" \/>\n\t<meta property=\"og:image:type\" content=\"image\/jpeg\" \/>\n<meta name=\"twitter:card\" content=\"summary_large_image\" \/>\n<meta name=\"twitter:site\" content=\"@BanxaHoldings\" \/>\n<script type=\"application\/ld+json\" class=\"yoast-schema-graph\">{\"@context\":\"https:\\\/\\\/schema.org\",\"@graph\":[{\"@type\":\"WebPage\",\"@id\":\"https:\\\/\\\/banxa.com\\\/sv\\\/press\\\/\",\"url\":\"https:\\\/\\\/banxa.com\\\/sv\\\/press\\\/\",\"name\":\"Press - Banxa\",\"isPartOf\":{\"@id\":\"https:\\\/\\\/banxa.com\\\/sv\\\/#website\"},\"datePublished\":\"2025-05-08T00:58:42+00:00\",\"dateModified\":\"2026-04-23T19:59:02+00:00\",\"description\":\"Pressmeddelanden, mediabevakning och mer.\",\"breadcrumb\":{\"@id\":\"https:\\\/\\\/banxa.com\\\/sv\\\/press\\\/#breadcrumb\"},\"inLanguage\":\"sv-SE\",\"potentialAction\":[{\"@type\":\"ReadAction\",\"target\":[\"https:\\\/\\\/banxa.com\\\/sv\\\/press\\\/\"]}]},{\"@type\":\"BreadcrumbList\",\"@id\":\"https:\\\/\\\/banxa.com\\\/sv\\\/press\\\/#breadcrumb\",\"itemListElement\":[{\"@type\":\"ListItem\",\"position\":1,\"name\":\"Home\",\"item\":\"https:\\\/\\\/banxa.com\\\/sv\\\/\"},{\"@type\":\"ListItem\",\"position\":2,\"name\":\"Press\"}]},{\"@type\":\"WebSite\",\"@id\":\"https:\\\/\\\/banxa.com\\\/sv\\\/#website\",\"url\":\"https:\\\/\\\/banxa.com\\\/sv\\\/\",\"name\":\"Banxa\",\"description\":\"\",\"publisher\":{\"@id\":\"https:\\\/\\\/banxa.com\\\/sv\\\/#organization\"},\"alternateName\":\"Banxa Holdings Inc.\",\"potentialAction\":[{\"@type\":\"SearchAction\",\"target\":{\"@type\":\"EntryPoint\",\"urlTemplate\":\"https:\\\/\\\/banxa.com\\\/sv\\\/?s={search_term_string}\"},\"query-input\":{\"@type\":\"PropertyValueSpecification\",\"valueRequired\":true,\"valueName\":\"search_term_string\"}}],\"inLanguage\":\"sv-SE\"},{\"@type\":\"Organization\",\"@id\":\"https:\\\/\\\/banxa.com\\\/sv\\\/#organization\",\"name\":\"Banxa\",\"alternateName\":\"Banxa Holdings Inc.\",\"url\":\"https:\\\/\\\/banxa.com\\\/sv\\\/\",\"logo\":{\"@type\":\"ImageObject\",\"inLanguage\":\"sv-SE\",\"@id\":\"https:\\\/\\\/banxa.com\\\/sv\\\/#\\\/schema\\\/logo\\\/image\\\/\",\"url\":\"https:\\\/\\\/banxa.com\\\/wp-content\\\/uploads\\\/2025\\\/02\\\/Banxa-Icon-RGB-Favicon.png\",\"contentUrl\":\"https:\\\/\\\/banxa.com\\\/wp-content\\\/uploads\\\/2025\\\/02\\\/Banxa-Icon-RGB-Favicon.png\",\"width\":520,\"height\":470,\"caption\":\"Banxa\"},\"image\":{\"@id\":\"https:\\\/\\\/banxa.com\\\/sv\\\/#\\\/schema\\\/logo\\\/image\\\/\"},\"sameAs\":[\"https:\\\/\\\/www.facebook.com\\\/Banxa.Official\\\/\",\"https:\\\/\\\/x.com\\\/BanxaHoldings\",\"https:\\\/\\\/www.instagram.com\\\/banxaofficial\\\/\",\"https:\\\/\\\/www.youtube.com\\\/channel\\\/UC1ENe9JnShhksGOaMaTyPvQ\",\"https:\\\/\\\/www.linkedin.com\\\/company\\\/banxa-com\"]}]}<\/script>\n<!-- \/ Yoast SEO plugin. -->","yoast_head_json":{"title":"Press - Banxa","description":"Pressmeddelanden, mediabevakning och mer.","robots":{"index":"index","follow":"follow","max-snippet":"max-snippet:-1","max-image-preview":"max-image-preview:large","max-video-preview":"max-video-preview:-1"},"canonical":"https:\/\/banxa.com\/sv\/press\/","og_locale":"sv_SE","og_type":"article","og_title":"Press - Banxa","og_description":"Pressmeddelanden, mediabevakning och mer.","og_url":"https:\/\/banxa.com\/sv\/press\/","og_site_name":"Banxa","article_publisher":"https:\/\/www.facebook.com\/Banxa.Official\/","article_modified_time":"2026-04-23T19:59:02+00:00","og_image":[{"width":1200,"height":675,"url":"https:\/\/banxa.com\/wp-content\/uploads\/2025\/04\/Banxa-Holdings-Inc-Cover-image.jpg","type":"image\/jpeg"}],"twitter_card":"summary_large_image","twitter_site":"@BanxaHoldings","schema":{"@context":"https:\/\/schema.org","@graph":[{"@type":"WebPage","@id":"https:\/\/banxa.com\/sv\/press\/","url":"https:\/\/banxa.com\/sv\/press\/","name":"Press - Banxa","isPartOf":{"@id":"https:\/\/banxa.com\/sv\/#website"},"datePublished":"2025-05-08T00:58:42+00:00","dateModified":"2026-04-23T19:59:02+00:00","description":"Pressmeddelanden, mediabevakning och mer.","breadcrumb":{"@id":"https:\/\/banxa.com\/sv\/press\/#breadcrumb"},"inLanguage":"sv-SE","potentialAction":[{"@type":"ReadAction","target":["https:\/\/banxa.com\/sv\/press\/"]}]},{"@type":"BreadcrumbList","@id":"https:\/\/banxa.com\/sv\/press\/#breadcrumb","itemListElement":[{"@type":"ListItem","position":1,"name":"Home","item":"https:\/\/banxa.com\/sv\/"},{"@type":"ListItem","position":2,"name":"Press"}]},{"@type":"WebSite","@id":"https:\/\/banxa.com\/sv\/#website","url":"https:\/\/banxa.com\/sv\/","name":"Banxa","description":"","publisher":{"@id":"https:\/\/banxa.com\/sv\/#organization"},"alternateName":"Banxa Holdings Inc.","potentialAction":[{"@type":"SearchAction","target":{"@type":"EntryPoint","urlTemplate":"https:\/\/banxa.com\/sv\/?s={search_term_string}"},"query-input":{"@type":"PropertyValueSpecification","valueRequired":true,"valueName":"search_term_string"}}],"inLanguage":"sv-SE"},{"@type":"Organization","@id":"https:\/\/banxa.com\/sv\/#organization","name":"Banxa","alternateName":"Banxa Holdings Inc.","url":"https:\/\/banxa.com\/sv\/","logo":{"@type":"ImageObject","inLanguage":"sv-SE","@id":"https:\/\/banxa.com\/sv\/#\/schema\/logo\/image\/","url":"https:\/\/banxa.com\/wp-content\/uploads\/2025\/02\/Banxa-Icon-RGB-Favicon.png","contentUrl":"https:\/\/banxa.com\/wp-content\/uploads\/2025\/02\/Banxa-Icon-RGB-Favicon.png","width":520,"height":470,"caption":"Banxa"},"image":{"@id":"https:\/\/banxa.com\/sv\/#\/schema\/logo\/image\/"},"sameAs":["https:\/\/www.facebook.com\/Banxa.Official\/","https:\/\/x.com\/BanxaHoldings","https:\/\/www.instagram.com\/banxaofficial\/","https:\/\/www.youtube.com\/channel\/UC1ENe9JnShhksGOaMaTyPvQ","https:\/\/www.linkedin.com\/company\/banxa-com"]}]}},"_links":{"self":[{"href":"https:\/\/banxa.com\/sv\/wp-json\/wp\/v2\/pages\/5110","targetHints":{"allow":["GET"]}}],"collection":[{"href":"https:\/\/banxa.com\/sv\/wp-json\/wp\/v2\/pages"}],"about":[{"href":"https:\/\/banxa.com\/sv\/wp-json\/wp\/v2\/types\/page"}],"author":[{"embeddable":true,"href":"https:\/\/banxa.com\/sv\/wp-json\/wp\/v2\/users\/3"}],"replies":[{"embeddable":true,"href":"https:\/\/banxa.com\/sv\/wp-json\/wp\/v2\/comments?post=5110"}],"version-history":[{"count":0,"href":"https:\/\/banxa.com\/sv\/wp-json\/wp\/v2\/pages\/5110\/revisions"}],"wp:attachment":[{"href":"https:\/\/banxa.com\/sv\/wp-json\/wp\/v2\/media?parent=5110"}],"curies":[{"name":"wp","href":"https:\/\/api.w.org\/{rel}","templated":true}]}}