{"id":5092,"date":"2025-05-15T07:31:25","date_gmt":"2025-05-15T07:31:25","guid":{"rendered":"https:\/\/banxa.com\/sakerhet\/"},"modified":"2026-04-23T19:58:29","modified_gmt":"2026-04-23T19:58:29","slug":"sakerhet","status":"publish","type":"page","link":"https:\/\/banxa.com\/sv\/sakerhet\/","title":{"rendered":"S\u00e4kerhet"},"content":{"rendered":"\n<h3 class=\"wp-block-heading\">F\u00f6rvaring<\/h3>\n\n<p>Banxa \u00e4r en icke-f\u00f6rvarande agent i alla kundrelationer. Banxa f\u00f6rvarar inte n\u00e5gra kundmedel k\u00f6pta p\u00e5 plattformen och \u00f6verf\u00f6r tillg\u00e5ngar direkt till\/fr\u00e5n kundens angivna pl\u00e5nb\u00f6cker. Om en kund som vill anv\u00e4nda Banxas tj\u00e4nster inte har en pl\u00e5nbok, ber vi dem att skapa en innan de forts\u00e4tter att k\u00f6pa krypto.<\/p>\n\n<h3 class=\"wp-block-heading\">Betalnings- och kunddata<\/h3>\n\n<p>All data som skickas till eller fr\u00e5n Banxas infrastruktur \u00e4r krypterad under \u00f6verf\u00f6ring med Transport Layer Security (TLS) version 1.2 eller senare. All Banxa-data \u00e4r krypterad i vila med AES-256 blockniv\u00e5-lagringskryptering och lagras i ISO27001- och PCI DSS-kompatibla datacenter. Banxa uppfyller General Data Protection Regulation (GDPR), vilket s\u00e4kerst\u00e4ller att all kund- och personalinformation behandlas med h\u00f6gsta s\u00e4kerhetsniv\u00e5 och p\u00e5 ett lagligt s\u00e4tt. All betalningsinformation behandlas och lagras enligt de strikta Payment Card Industry Data Security Standards (PCI DSS).<\/p>\n\n<h3 class=\"wp-block-heading\">S\u00e4ker utveckling<\/h3>\n\n<p>Banxa anv\u00e4nder processer och verktyg f\u00f6r att kontinuerligt leverera s\u00e4ker programvara till v\u00e5r molninfrastruktur och v\u00e5ra applikationer. Alla kod\u00e4ndringar g\u00e5r igenom en kodgranskningsprocess och \u00e4r f\u00f6rem\u00e5l f\u00f6r statisk applikationss\u00e4kerhetstestning (SAST) f\u00f6r att uppt\u00e4cka os\u00e4kra kodm\u00f6nster. Alla beroenden uppdateras automatiskt och Banxas s\u00e4kerhetsteam arbetar hand i hand med teknikteam f\u00f6r att ge st\u00f6d under de olika faserna av programvaruutvecklingens livscykel (SDLC). Banxas ingenj\u00f6rer deltar i regelbunden s\u00e4kerhetsutbildning f\u00f6r att l\u00e4ra sig om vanliga s\u00e5rbarheter och s\u00e4ker utvecklingspraxis.<\/p>\n\n<h3 class=\"wp-block-heading\">Intern s\u00e4kerhet<\/h3>\n\n<p>Banxas anst\u00e4llda m\u00e5ste anv\u00e4nda f\u00f6retagstillhandah\u00e5llna enheter som hanteras genom en l\u00f6sning f\u00f6r hantering av mobila enheter. Detta g\u00f6r det m\u00f6jligt f\u00f6r v\u00e5ra s\u00e4kerhets- och IT-team att till\u00e4mpa s\u00e4kerhetspolicyer, distribuera andra slutpunktsskyddsl\u00f6sningar och hantera enheter p\u00e5 distans. Alla anst\u00e4llda \u00e4r \u00e5lagda att anv\u00e4nda Single Sign-On och multifaktorautentisering f\u00f6r att komma \u00e5t tredjepartsapplikationer och -tj\u00e4nster. Anst\u00e4llda genomg\u00e5r bakgrundskontroller inf\u00f6r<\/p>\n\n<p>anst\u00e4llning och f\u00e5r utbildning i s\u00e4kerhetsriktlinjer och l\u00f6pande medvetenhet. Anst\u00e4llda h\u00e5lls till str\u00e4nga s\u00e4kerhetsstandarder och har regelbunden kontakt med s\u00e4kerhetsteamet.<\/p>\n\n<h3 class=\"wp-block-heading\">Slutpunktss\u00e4kerhet<\/h3>\n\n<p>Alla Banxa-hanterade enheter skyddas med Endpoint Detection and Response (EDR)-tj\u00e4nster p\u00e5 f\u00f6retagsniv\u00e5 som \u00f6vervakas dygnet runt av ett dedikerat team av s\u00e4kerhetsexperter. Banxa genomf\u00f6r ocks\u00e5 regelbundna s\u00f6kningar efter nyuppt\u00e4ckta s\u00e5rbarheter och \u00e5tg\u00e4rdar dessa inom rimlig tid.<\/p>\n","protected":false},"excerpt":{"rendered":"<p>F\u00f6rvaring Banxa \u00e4r en icke-f\u00f6rvarande agent i alla kundrelationer. Banxa f\u00f6rvarar inte n\u00e5gra kundmedel k\u00f6pta p\u00e5 plattformen och \u00f6verf\u00f6r tillg\u00e5ngar direkt till\/fr\u00e5n kundens angivna pl\u00e5nb\u00f6cker. Om en kund som vill anv\u00e4nda Banxas tj\u00e4nster inte har en pl\u00e5nbok, ber vi dem att skapa en innan de forts\u00e4tter att k\u00f6pa krypto. Betalnings- och kunddata All data som [&hellip;]<\/p>\n","protected":false},"author":3,"featured_media":0,"parent":0,"menu_order":0,"comment_status":"closed","ping_status":"closed","template":"","meta":{"footnotes":""},"class_list":["post-5092","page","type-page","status-publish","hentry"],"yoast_head":"<!-- This site is optimized with the Yoast SEO plugin v27.5 - https:\/\/yoast.com\/product\/yoast-seo-wordpress\/ -->\n<title>S\u00e4kerhet - Banxa<\/title>\n<meta name=\"robots\" content=\"index, follow, max-snippet:-1, max-image-preview:large, max-video-preview:-1\" \/>\n<link rel=\"canonical\" href=\"https:\/\/banxa.com\/sv\/sakerhet\/\" \/>\n<meta property=\"og:locale\" content=\"sv_SE\" \/>\n<meta property=\"og:type\" content=\"article\" \/>\n<meta property=\"og:title\" content=\"S\u00e4kerhet - Banxa\" \/>\n<meta property=\"og:description\" content=\"F\u00f6rvaring Banxa \u00e4r en icke-f\u00f6rvarande agent i alla kundrelationer. Banxa f\u00f6rvarar inte n\u00e5gra kundmedel k\u00f6pta p\u00e5 plattformen och \u00f6verf\u00f6r tillg\u00e5ngar direkt till\/fr\u00e5n kundens angivna pl\u00e5nb\u00f6cker. Om en kund som vill anv\u00e4nda Banxas tj\u00e4nster inte har en pl\u00e5nbok, ber vi dem att skapa en innan de forts\u00e4tter att k\u00f6pa krypto. Betalnings- och kunddata All data som [&hellip;]\" \/>\n<meta property=\"og:url\" content=\"https:\/\/banxa.com\/sv\/sakerhet\/\" \/>\n<meta property=\"og:site_name\" content=\"Banxa\" \/>\n<meta property=\"article:publisher\" content=\"https:\/\/www.facebook.com\/Banxa.Official\/\" \/>\n<meta property=\"article:modified_time\" content=\"2026-04-23T19:58:29+00:00\" \/>\n<meta property=\"og:image\" content=\"https:\/\/banxa.com\/wp-content\/uploads\/2025\/04\/Banxa-Holdings-Inc-Cover-image.jpg\" \/>\n\t<meta property=\"og:image:width\" content=\"1200\" \/>\n\t<meta property=\"og:image:height\" content=\"675\" \/>\n\t<meta property=\"og:image:type\" content=\"image\/jpeg\" \/>\n<meta name=\"twitter:card\" content=\"summary_large_image\" \/>\n<meta name=\"twitter:site\" content=\"@BanxaHoldings\" \/>\n<meta name=\"twitter:label1\" content=\"Ber\u00e4knad l\u00e4stid\" \/>\n\t<meta name=\"twitter:data1\" content=\"2 minuter\" \/>\n<script type=\"application\/ld+json\" class=\"yoast-schema-graph\">{\"@context\":\"https:\\\/\\\/schema.org\",\"@graph\":[{\"@type\":\"WebPage\",\"@id\":\"https:\\\/\\\/banxa.com\\\/sv\\\/sakerhet\\\/\",\"url\":\"https:\\\/\\\/banxa.com\\\/sv\\\/sakerhet\\\/\",\"name\":\"S\u00e4kerhet - Banxa\",\"isPartOf\":{\"@id\":\"https:\\\/\\\/banxa.com\\\/sv\\\/#website\"},\"datePublished\":\"2025-05-15T07:31:25+00:00\",\"dateModified\":\"2026-04-23T19:58:29+00:00\",\"breadcrumb\":{\"@id\":\"https:\\\/\\\/banxa.com\\\/sv\\\/sakerhet\\\/#breadcrumb\"},\"inLanguage\":\"sv-SE\",\"potentialAction\":[{\"@type\":\"ReadAction\",\"target\":[\"https:\\\/\\\/banxa.com\\\/sv\\\/sakerhet\\\/\"]}]},{\"@type\":\"BreadcrumbList\",\"@id\":\"https:\\\/\\\/banxa.com\\\/sv\\\/sakerhet\\\/#breadcrumb\",\"itemListElement\":[{\"@type\":\"ListItem\",\"position\":1,\"name\":\"Home\",\"item\":\"https:\\\/\\\/banxa.com\\\/sv\\\/\"},{\"@type\":\"ListItem\",\"position\":2,\"name\":\"S\u00e4kerhet\"}]},{\"@type\":\"WebSite\",\"@id\":\"https:\\\/\\\/banxa.com\\\/sv\\\/#website\",\"url\":\"https:\\\/\\\/banxa.com\\\/sv\\\/\",\"name\":\"Banxa\",\"description\":\"\",\"publisher\":{\"@id\":\"https:\\\/\\\/banxa.com\\\/sv\\\/#organization\"},\"alternateName\":\"Banxa Holdings Inc.\",\"potentialAction\":[{\"@type\":\"SearchAction\",\"target\":{\"@type\":\"EntryPoint\",\"urlTemplate\":\"https:\\\/\\\/banxa.com\\\/sv\\\/?s={search_term_string}\"},\"query-input\":{\"@type\":\"PropertyValueSpecification\",\"valueRequired\":true,\"valueName\":\"search_term_string\"}}],\"inLanguage\":\"sv-SE\"},{\"@type\":\"Organization\",\"@id\":\"https:\\\/\\\/banxa.com\\\/sv\\\/#organization\",\"name\":\"Banxa\",\"alternateName\":\"Banxa Holdings Inc.\",\"url\":\"https:\\\/\\\/banxa.com\\\/sv\\\/\",\"logo\":{\"@type\":\"ImageObject\",\"inLanguage\":\"sv-SE\",\"@id\":\"https:\\\/\\\/banxa.com\\\/sv\\\/#\\\/schema\\\/logo\\\/image\\\/\",\"url\":\"https:\\\/\\\/banxa.com\\\/wp-content\\\/uploads\\\/2025\\\/02\\\/Banxa-Icon-RGB-Favicon.png\",\"contentUrl\":\"https:\\\/\\\/banxa.com\\\/wp-content\\\/uploads\\\/2025\\\/02\\\/Banxa-Icon-RGB-Favicon.png\",\"width\":520,\"height\":470,\"caption\":\"Banxa\"},\"image\":{\"@id\":\"https:\\\/\\\/banxa.com\\\/sv\\\/#\\\/schema\\\/logo\\\/image\\\/\"},\"sameAs\":[\"https:\\\/\\\/www.facebook.com\\\/Banxa.Official\\\/\",\"https:\\\/\\\/x.com\\\/BanxaHoldings\",\"https:\\\/\\\/www.instagram.com\\\/banxaofficial\\\/\",\"https:\\\/\\\/www.youtube.com\\\/channel\\\/UC1ENe9JnShhksGOaMaTyPvQ\",\"https:\\\/\\\/www.linkedin.com\\\/company\\\/banxa-com\"]}]}<\/script>\n<!-- \/ Yoast SEO plugin. -->","yoast_head_json":{"title":"S\u00e4kerhet - Banxa","robots":{"index":"index","follow":"follow","max-snippet":"max-snippet:-1","max-image-preview":"max-image-preview:large","max-video-preview":"max-video-preview:-1"},"canonical":"https:\/\/banxa.com\/sv\/sakerhet\/","og_locale":"sv_SE","og_type":"article","og_title":"S\u00e4kerhet - Banxa","og_description":"F\u00f6rvaring Banxa \u00e4r en icke-f\u00f6rvarande agent i alla kundrelationer. Banxa f\u00f6rvarar inte n\u00e5gra kundmedel k\u00f6pta p\u00e5 plattformen och \u00f6verf\u00f6r tillg\u00e5ngar direkt till\/fr\u00e5n kundens angivna pl\u00e5nb\u00f6cker. Om en kund som vill anv\u00e4nda Banxas tj\u00e4nster inte har en pl\u00e5nbok, ber vi dem att skapa en innan de forts\u00e4tter att k\u00f6pa krypto. Betalnings- och kunddata All data som [&hellip;]","og_url":"https:\/\/banxa.com\/sv\/sakerhet\/","og_site_name":"Banxa","article_publisher":"https:\/\/www.facebook.com\/Banxa.Official\/","article_modified_time":"2026-04-23T19:58:29+00:00","og_image":[{"width":1200,"height":675,"url":"https:\/\/banxa.com\/wp-content\/uploads\/2025\/04\/Banxa-Holdings-Inc-Cover-image.jpg","type":"image\/jpeg"}],"twitter_card":"summary_large_image","twitter_site":"@BanxaHoldings","twitter_misc":{"Ber\u00e4knad l\u00e4stid":"2 minuter"},"schema":{"@context":"https:\/\/schema.org","@graph":[{"@type":"WebPage","@id":"https:\/\/banxa.com\/sv\/sakerhet\/","url":"https:\/\/banxa.com\/sv\/sakerhet\/","name":"S\u00e4kerhet - Banxa","isPartOf":{"@id":"https:\/\/banxa.com\/sv\/#website"},"datePublished":"2025-05-15T07:31:25+00:00","dateModified":"2026-04-23T19:58:29+00:00","breadcrumb":{"@id":"https:\/\/banxa.com\/sv\/sakerhet\/#breadcrumb"},"inLanguage":"sv-SE","potentialAction":[{"@type":"ReadAction","target":["https:\/\/banxa.com\/sv\/sakerhet\/"]}]},{"@type":"BreadcrumbList","@id":"https:\/\/banxa.com\/sv\/sakerhet\/#breadcrumb","itemListElement":[{"@type":"ListItem","position":1,"name":"Home","item":"https:\/\/banxa.com\/sv\/"},{"@type":"ListItem","position":2,"name":"S\u00e4kerhet"}]},{"@type":"WebSite","@id":"https:\/\/banxa.com\/sv\/#website","url":"https:\/\/banxa.com\/sv\/","name":"Banxa","description":"","publisher":{"@id":"https:\/\/banxa.com\/sv\/#organization"},"alternateName":"Banxa Holdings Inc.","potentialAction":[{"@type":"SearchAction","target":{"@type":"EntryPoint","urlTemplate":"https:\/\/banxa.com\/sv\/?s={search_term_string}"},"query-input":{"@type":"PropertyValueSpecification","valueRequired":true,"valueName":"search_term_string"}}],"inLanguage":"sv-SE"},{"@type":"Organization","@id":"https:\/\/banxa.com\/sv\/#organization","name":"Banxa","alternateName":"Banxa Holdings Inc.","url":"https:\/\/banxa.com\/sv\/","logo":{"@type":"ImageObject","inLanguage":"sv-SE","@id":"https:\/\/banxa.com\/sv\/#\/schema\/logo\/image\/","url":"https:\/\/banxa.com\/wp-content\/uploads\/2025\/02\/Banxa-Icon-RGB-Favicon.png","contentUrl":"https:\/\/banxa.com\/wp-content\/uploads\/2025\/02\/Banxa-Icon-RGB-Favicon.png","width":520,"height":470,"caption":"Banxa"},"image":{"@id":"https:\/\/banxa.com\/sv\/#\/schema\/logo\/image\/"},"sameAs":["https:\/\/www.facebook.com\/Banxa.Official\/","https:\/\/x.com\/BanxaHoldings","https:\/\/www.instagram.com\/banxaofficial\/","https:\/\/www.youtube.com\/channel\/UC1ENe9JnShhksGOaMaTyPvQ","https:\/\/www.linkedin.com\/company\/banxa-com"]}]}},"_links":{"self":[{"href":"https:\/\/banxa.com\/sv\/wp-json\/wp\/v2\/pages\/5092","targetHints":{"allow":["GET"]}}],"collection":[{"href":"https:\/\/banxa.com\/sv\/wp-json\/wp\/v2\/pages"}],"about":[{"href":"https:\/\/banxa.com\/sv\/wp-json\/wp\/v2\/types\/page"}],"author":[{"embeddable":true,"href":"https:\/\/banxa.com\/sv\/wp-json\/wp\/v2\/users\/3"}],"replies":[{"embeddable":true,"href":"https:\/\/banxa.com\/sv\/wp-json\/wp\/v2\/comments?post=5092"}],"version-history":[{"count":0,"href":"https:\/\/banxa.com\/sv\/wp-json\/wp\/v2\/pages\/5092\/revisions"}],"wp:attachment":[{"href":"https:\/\/banxa.com\/sv\/wp-json\/wp\/v2\/media?parent=5092"}],"curies":[{"name":"wp","href":"https:\/\/api.w.org\/{rel}","templated":true}]}}