{"id":5083,"date":"2025-05-16T02:33:53","date_gmt":"2025-05-16T02:33:53","guid":{"rendered":"https:\/\/banxa.com\/intressekonfliktsdeklaration\/"},"modified":"2026-04-23T19:58:18","modified_gmt":"2026-04-23T19:58:18","slug":"intressekonfliktsdeklaration","status":"publish","type":"page","link":"https:\/\/banxa.com\/sv\/intressekonfliktsdeklaration\/","title":{"rendered":"Intressekonfliktsdeklaration"},"content":{"rendered":"\n<p>EU Internet Ventures B.V. (\u201cEUIV\u201d), Banxas europeiska enhet, \u00e4r skyldig att implementera och uppr\u00e4tth\u00e5lla effektiva policyer och rutiner f\u00f6r att identifiera, f\u00f6rebygga, hantera och redovisa intressekonflikter. Genom denna deklaration syftar EUIV till att informera dig om den allm\u00e4nna karakt\u00e4ren och k\u00e4llorna till intressekonflikter som har uppst\u00e5tt eller kan uppst\u00e5, samt de \u00e5tg\u00e4rder som EUIV har vidtagit f\u00f6r att mildra dessa intressekonflikter.<\/p>\n\n<h3 class=\"wp-block-heading\">Intressekonflikters allm\u00e4nna karakt\u00e4r och k\u00e4llor<\/h3>\n\n<p>EUIV har identifierat tv\u00e5 kategorier av potentiella intressekonflikter:<\/p>\n\n<ul class=\"wp-block-list\">\n<li>Intressekonflikter som potentiellt kan vara skadliga f\u00f6r EUIV:s kunder; och<\/li>\n\n\n\n<li>Intressekonflikter som potentiellt kan vara skadliga f\u00f6r EUIV.<\/li>\n<\/ul>\n\n<p>Intressekonflikter som potentiellt \u00e4r skadliga f\u00f6r kunder kan uppst\u00e5 n\u00e4r EUIV eller EUIV:s aktie\u00e4gare eller medlemmar, alla personer direkt eller indirekt kopplade till EUIV eller EUIV:s aktie\u00e4gare eller medlemmar genom kontroll, EUIV:s styrelsemedlemmar eller EUIV:s anst\u00e4llda (de <strong>Anslutna personer<\/strong>) befinner sig i n\u00e5gon av f\u00f6ljande situationer:<\/p>\n\n<ul class=\"wp-block-list\">\n<li>EUIV eller den anslutna personen sannolikt kommer att g\u00f6ra en ekonomisk vinst, undvika en ekonomisk f\u00f6rlust eller erh\u00e5lla en annan typ av f\u00f6rdel, p\u00e5 kundens bekostnad;<\/li>\n\n\n\n<li>EUIV eller den anslutna personen har ett intresse i utfallet av en kryptotillg\u00e5ngstj\u00e4nst som tillhandah\u00e5lls en kund hos EUIV eller av en transaktion som utf\u00f6rs p\u00e5 den kundens v\u00e4gnar, som skiljer sig fr\u00e5n den kundens intresse i det utfallet;\u00a0<\/li>\n\n\n\n<li>EUIV eller den anslutna personen har ett ekonomiskt eller annat incitament att gynna intresset hos en eller flera av EUIV:s kunder framf\u00f6r intresset hos en annan kund hos EUIV;<\/li>\n\n\n\n<li>EUIV eller den anslutna personen bedriver samma verksamhet som kunden hos EUIV; eller<\/li>\n\n\n\n<li>EUIV eller den anslutna personen erh\u00e5ller eller kommer att erh\u00e5lla fr\u00e5n en annan person \u00e4n kunden hos EUIV en f\u00f6rm\u00e5n i samband med en tj\u00e4nst som tillhandah\u00e5lls den kunden, i form av monet\u00e4ra eller icke-monet\u00e4ra f\u00f6rdelar eller tj\u00e4nster.<\/li>\n<\/ul>\n\n<p>Intressekonflikter som potentiellt kan vara skadliga f\u00f6r EUIV kan uppst\u00e5 n\u00e4r en ansluten person:<\/p>\n\n<ul class=\"wp-block-list\">\n<li>har ett ekonomiskt intresse i en person, organ eller enhet vars intressen strider mot EUIV:s;<\/li>\n\n\n\n<li>har en personlig relation med en person, organ eller enhet vars intressen strider mot EUIV:s;<\/li>\n\n\n\n<li>har eller har haft en professionell relation med en person, organ eller enhet vars intressen strider mot EUIV:s;<\/li>\n\n\n\n<li>har en politisk relation med en person, organ eller enhet vars intressen strider mot EUIV:s; eller<\/li>\n\n\n\n<li>utf\u00f6r motstridiga uppgifter, anf\u00f6rtros motstridiga ansvarsomr\u00e5den eller hierarkiskt \u00f6vervakas av n\u00e5gon som ansvarar f\u00f6r motstridiga funktioner eller uppgifter.<\/li>\n<\/ul>\n\n<h3 class=\"wp-block-heading\">\u00c5tg\u00e4rder som EUIV har vidtagit f\u00f6r att mildra dessa (potentiella) intressekonflikter<\/h3>\n\n<p>EUIV har genomf\u00f6rt olika \u00e5tg\u00e4rder f\u00f6r att f\u00f6rhindra att de ovan angivna intressekonflikterna uppst\u00e5r:<\/p>\n\n<ul class=\"wp-block-list\">\n<li>Genom utbildning s\u00e4kerst\u00e4ller EUIV kontinuerligt att anslutna personer \u00e4r medvetna om riskerna f\u00f6r intressekonflikter och de \u00e5tg\u00e4rder som EUIV har vidtagit f\u00f6r att f\u00f6rhindra att de uppst\u00e5r.<\/li>\n\n\n\n<li>EUIV har implementerat olika strikta policyer och rutiner som syftar till att f\u00f6rhindra att intressekonflikter uppst\u00e5r. Dessa policyer och rutiner reglerar f\u00f6ljande omr\u00e5den:\n<ul class=\"wp-block-list\">\n<li>Ers\u00e4ttning<\/li>\n\n\n\n<li>Personliga transaktioner<\/li>\n\n\n\n<li>Mottagande av g\u00e5vor<\/li>\n\n\n\n<li>Marknadsf\u00f6ringskampanjer<\/li>\n\n\n\n<li>Provisioner<\/li>\n\n\n\n<li>Sidoverksamhet<\/li>\n<\/ul>\n<\/li>\n\n\n\n<li>Dessutom har EUIV genomf\u00f6rt olika \u00e5tg\u00e4rder i sin interna styrning f\u00f6r att f\u00f6rhindra att intressekonflikter uppst\u00e5r inom organisationen och inom Banxa-koncernen.<\/li>\n<\/ul>\n\n<h3 class=\"wp-block-heading\">Utv\u00e4rdering och uppdateringar<\/h3>\n\n<p>EUIV uppr\u00e4tth\u00e5ller aktuella register \u00f6ver alla situationer som ger upphov till faktiska och potentiella intressekonflikter och de \u00e5tg\u00e4rder som vidtagits f\u00f6r att mildra s\u00e5dana konflikter. Denna deklaration uppdateras regelbundet baserat p\u00e5 dessa register, och utv\u00e4rderas \u00e5rligen avseende dess riktighet, effektivitet och efterlevnad av till\u00e4mpliga regler, varvid eventuella brister \u00e5tg\u00e4rdas.<\/p>\n\n<p><\/p>\n","protected":false},"excerpt":{"rendered":"<p>EU Internet Ventures B.V. (\u201cEUIV\u201d), Banxas europeiska enhet, \u00e4r skyldig att implementera och uppr\u00e4tth\u00e5lla effektiva policyer och rutiner f\u00f6r att identifiera, f\u00f6rebygga, hantera och redovisa intressekonflikter. Genom denna deklaration syftar EUIV till att informera dig om den allm\u00e4nna karakt\u00e4ren och k\u00e4llorna till intressekonflikter som har uppst\u00e5tt eller kan uppst\u00e5, samt de \u00e5tg\u00e4rder som EUIV har [&hellip;]<\/p>\n","protected":false},"author":3,"featured_media":0,"parent":0,"menu_order":0,"comment_status":"closed","ping_status":"closed","template":"","meta":{"footnotes":""},"class_list":["post-5083","page","type-page","status-publish","hentry"],"yoast_head":"<!-- This site is optimized with the Yoast SEO plugin v27.5 - https:\/\/yoast.com\/product\/yoast-seo-wordpress\/ -->\n<title>Intressekonfliktsdeklaration - Banxa<\/title>\n<meta name=\"robots\" content=\"index, follow, max-snippet:-1, max-image-preview:large, max-video-preview:-1\" \/>\n<link rel=\"canonical\" href=\"https:\/\/banxa.com\/sv\/intressekonfliktsdeklaration\/\" \/>\n<meta property=\"og:locale\" content=\"sv_SE\" \/>\n<meta property=\"og:type\" content=\"article\" \/>\n<meta property=\"og:title\" content=\"Intressekonfliktsdeklaration - Banxa\" \/>\n<meta property=\"og:description\" content=\"EU Internet Ventures B.V. (\u201cEUIV\u201d), Banxas europeiska enhet, \u00e4r skyldig att implementera och uppr\u00e4tth\u00e5lla effektiva policyer och rutiner f\u00f6r att identifiera, f\u00f6rebygga, hantera och redovisa intressekonflikter. Genom denna deklaration syftar EUIV till att informera dig om den allm\u00e4nna karakt\u00e4ren och k\u00e4llorna till intressekonflikter som har uppst\u00e5tt eller kan uppst\u00e5, samt de \u00e5tg\u00e4rder som EUIV har [&hellip;]\" \/>\n<meta property=\"og:url\" content=\"https:\/\/banxa.com\/sv\/intressekonfliktsdeklaration\/\" \/>\n<meta property=\"og:site_name\" content=\"Banxa\" \/>\n<meta property=\"article:publisher\" content=\"https:\/\/www.facebook.com\/Banxa.Official\/\" \/>\n<meta property=\"article:modified_time\" content=\"2026-04-23T19:58:18+00:00\" \/>\n<meta property=\"og:image\" content=\"https:\/\/banxa.com\/wp-content\/uploads\/2025\/04\/Banxa-Holdings-Inc-Cover-image.jpg\" \/>\n\t<meta property=\"og:image:width\" content=\"1200\" \/>\n\t<meta property=\"og:image:height\" content=\"675\" \/>\n\t<meta property=\"og:image:type\" content=\"image\/jpeg\" \/>\n<meta name=\"twitter:card\" content=\"summary_large_image\" \/>\n<meta name=\"twitter:site\" content=\"@BanxaHoldings\" \/>\n<meta name=\"twitter:label1\" content=\"Ber\u00e4knad l\u00e4stid\" \/>\n\t<meta name=\"twitter:data1\" content=\"3 minuter\" \/>\n<script type=\"application\/ld+json\" class=\"yoast-schema-graph\">{\"@context\":\"https:\\\/\\\/schema.org\",\"@graph\":[{\"@type\":\"WebPage\",\"@id\":\"https:\\\/\\\/banxa.com\\\/sv\\\/intressekonfliktsdeklaration\\\/\",\"url\":\"https:\\\/\\\/banxa.com\\\/sv\\\/intressekonfliktsdeklaration\\\/\",\"name\":\"Intressekonfliktsdeklaration - Banxa\",\"isPartOf\":{\"@id\":\"https:\\\/\\\/banxa.com\\\/sv\\\/#website\"},\"datePublished\":\"2025-05-16T02:33:53+00:00\",\"dateModified\":\"2026-04-23T19:58:18+00:00\",\"breadcrumb\":{\"@id\":\"https:\\\/\\\/banxa.com\\\/sv\\\/intressekonfliktsdeklaration\\\/#breadcrumb\"},\"inLanguage\":\"sv-SE\",\"potentialAction\":[{\"@type\":\"ReadAction\",\"target\":[\"https:\\\/\\\/banxa.com\\\/sv\\\/intressekonfliktsdeklaration\\\/\"]}]},{\"@type\":\"BreadcrumbList\",\"@id\":\"https:\\\/\\\/banxa.com\\\/sv\\\/intressekonfliktsdeklaration\\\/#breadcrumb\",\"itemListElement\":[{\"@type\":\"ListItem\",\"position\":1,\"name\":\"Home\",\"item\":\"https:\\\/\\\/banxa.com\\\/sv\\\/\"},{\"@type\":\"ListItem\",\"position\":2,\"name\":\"Intressekonfliktsdeklaration\"}]},{\"@type\":\"WebSite\",\"@id\":\"https:\\\/\\\/banxa.com\\\/sv\\\/#website\",\"url\":\"https:\\\/\\\/banxa.com\\\/sv\\\/\",\"name\":\"Banxa\",\"description\":\"\",\"publisher\":{\"@id\":\"https:\\\/\\\/banxa.com\\\/sv\\\/#organization\"},\"alternateName\":\"Banxa Holdings Inc.\",\"potentialAction\":[{\"@type\":\"SearchAction\",\"target\":{\"@type\":\"EntryPoint\",\"urlTemplate\":\"https:\\\/\\\/banxa.com\\\/sv\\\/?s={search_term_string}\"},\"query-input\":{\"@type\":\"PropertyValueSpecification\",\"valueRequired\":true,\"valueName\":\"search_term_string\"}}],\"inLanguage\":\"sv-SE\"},{\"@type\":\"Organization\",\"@id\":\"https:\\\/\\\/banxa.com\\\/sv\\\/#organization\",\"name\":\"Banxa\",\"alternateName\":\"Banxa Holdings Inc.\",\"url\":\"https:\\\/\\\/banxa.com\\\/sv\\\/\",\"logo\":{\"@type\":\"ImageObject\",\"inLanguage\":\"sv-SE\",\"@id\":\"https:\\\/\\\/banxa.com\\\/sv\\\/#\\\/schema\\\/logo\\\/image\\\/\",\"url\":\"https:\\\/\\\/banxa.com\\\/wp-content\\\/uploads\\\/2025\\\/02\\\/Banxa-Icon-RGB-Favicon.png\",\"contentUrl\":\"https:\\\/\\\/banxa.com\\\/wp-content\\\/uploads\\\/2025\\\/02\\\/Banxa-Icon-RGB-Favicon.png\",\"width\":520,\"height\":470,\"caption\":\"Banxa\"},\"image\":{\"@id\":\"https:\\\/\\\/banxa.com\\\/sv\\\/#\\\/schema\\\/logo\\\/image\\\/\"},\"sameAs\":[\"https:\\\/\\\/www.facebook.com\\\/Banxa.Official\\\/\",\"https:\\\/\\\/x.com\\\/BanxaHoldings\",\"https:\\\/\\\/www.instagram.com\\\/banxaofficial\\\/\",\"https:\\\/\\\/www.youtube.com\\\/channel\\\/UC1ENe9JnShhksGOaMaTyPvQ\",\"https:\\\/\\\/www.linkedin.com\\\/company\\\/banxa-com\"]}]}<\/script>\n<!-- \/ Yoast SEO plugin. -->","yoast_head_json":{"title":"Intressekonfliktsdeklaration - Banxa","robots":{"index":"index","follow":"follow","max-snippet":"max-snippet:-1","max-image-preview":"max-image-preview:large","max-video-preview":"max-video-preview:-1"},"canonical":"https:\/\/banxa.com\/sv\/intressekonfliktsdeklaration\/","og_locale":"sv_SE","og_type":"article","og_title":"Intressekonfliktsdeklaration - Banxa","og_description":"EU Internet Ventures B.V. (\u201cEUIV\u201d), Banxas europeiska enhet, \u00e4r skyldig att implementera och uppr\u00e4tth\u00e5lla effektiva policyer och rutiner f\u00f6r att identifiera, f\u00f6rebygga, hantera och redovisa intressekonflikter. Genom denna deklaration syftar EUIV till att informera dig om den allm\u00e4nna karakt\u00e4ren och k\u00e4llorna till intressekonflikter som har uppst\u00e5tt eller kan uppst\u00e5, samt de \u00e5tg\u00e4rder som EUIV har [&hellip;]","og_url":"https:\/\/banxa.com\/sv\/intressekonfliktsdeklaration\/","og_site_name":"Banxa","article_publisher":"https:\/\/www.facebook.com\/Banxa.Official\/","article_modified_time":"2026-04-23T19:58:18+00:00","og_image":[{"width":1200,"height":675,"url":"https:\/\/banxa.com\/wp-content\/uploads\/2025\/04\/Banxa-Holdings-Inc-Cover-image.jpg","type":"image\/jpeg"}],"twitter_card":"summary_large_image","twitter_site":"@BanxaHoldings","twitter_misc":{"Ber\u00e4knad l\u00e4stid":"3 minuter"},"schema":{"@context":"https:\/\/schema.org","@graph":[{"@type":"WebPage","@id":"https:\/\/banxa.com\/sv\/intressekonfliktsdeklaration\/","url":"https:\/\/banxa.com\/sv\/intressekonfliktsdeklaration\/","name":"Intressekonfliktsdeklaration - Banxa","isPartOf":{"@id":"https:\/\/banxa.com\/sv\/#website"},"datePublished":"2025-05-16T02:33:53+00:00","dateModified":"2026-04-23T19:58:18+00:00","breadcrumb":{"@id":"https:\/\/banxa.com\/sv\/intressekonfliktsdeklaration\/#breadcrumb"},"inLanguage":"sv-SE","potentialAction":[{"@type":"ReadAction","target":["https:\/\/banxa.com\/sv\/intressekonfliktsdeklaration\/"]}]},{"@type":"BreadcrumbList","@id":"https:\/\/banxa.com\/sv\/intressekonfliktsdeklaration\/#breadcrumb","itemListElement":[{"@type":"ListItem","position":1,"name":"Home","item":"https:\/\/banxa.com\/sv\/"},{"@type":"ListItem","position":2,"name":"Intressekonfliktsdeklaration"}]},{"@type":"WebSite","@id":"https:\/\/banxa.com\/sv\/#website","url":"https:\/\/banxa.com\/sv\/","name":"Banxa","description":"","publisher":{"@id":"https:\/\/banxa.com\/sv\/#organization"},"alternateName":"Banxa Holdings Inc.","potentialAction":[{"@type":"SearchAction","target":{"@type":"EntryPoint","urlTemplate":"https:\/\/banxa.com\/sv\/?s={search_term_string}"},"query-input":{"@type":"PropertyValueSpecification","valueRequired":true,"valueName":"search_term_string"}}],"inLanguage":"sv-SE"},{"@type":"Organization","@id":"https:\/\/banxa.com\/sv\/#organization","name":"Banxa","alternateName":"Banxa Holdings Inc.","url":"https:\/\/banxa.com\/sv\/","logo":{"@type":"ImageObject","inLanguage":"sv-SE","@id":"https:\/\/banxa.com\/sv\/#\/schema\/logo\/image\/","url":"https:\/\/banxa.com\/wp-content\/uploads\/2025\/02\/Banxa-Icon-RGB-Favicon.png","contentUrl":"https:\/\/banxa.com\/wp-content\/uploads\/2025\/02\/Banxa-Icon-RGB-Favicon.png","width":520,"height":470,"caption":"Banxa"},"image":{"@id":"https:\/\/banxa.com\/sv\/#\/schema\/logo\/image\/"},"sameAs":["https:\/\/www.facebook.com\/Banxa.Official\/","https:\/\/x.com\/BanxaHoldings","https:\/\/www.instagram.com\/banxaofficial\/","https:\/\/www.youtube.com\/channel\/UC1ENe9JnShhksGOaMaTyPvQ","https:\/\/www.linkedin.com\/company\/banxa-com"]}]}},"_links":{"self":[{"href":"https:\/\/banxa.com\/sv\/wp-json\/wp\/v2\/pages\/5083","targetHints":{"allow":["GET"]}}],"collection":[{"href":"https:\/\/banxa.com\/sv\/wp-json\/wp\/v2\/pages"}],"about":[{"href":"https:\/\/banxa.com\/sv\/wp-json\/wp\/v2\/types\/page"}],"author":[{"embeddable":true,"href":"https:\/\/banxa.com\/sv\/wp-json\/wp\/v2\/users\/3"}],"replies":[{"embeddable":true,"href":"https:\/\/banxa.com\/sv\/wp-json\/wp\/v2\/comments?post=5083"}],"version-history":[{"count":0,"href":"https:\/\/banxa.com\/sv\/wp-json\/wp\/v2\/pages\/5083\/revisions"}],"wp:attachment":[{"href":"https:\/\/banxa.com\/sv\/wp-json\/wp\/v2\/media?parent=5083"}],"curies":[{"name":"wp","href":"https:\/\/api.w.org\/{rel}","templated":true}]}}