{"id":6019,"date":"2025-02-06T05:56:48","date_gmt":"2025-02-06T05:56:48","guid":{"rendered":"https:\/\/banxa.com\/politica-de-conduta\/"},"modified":"2026-04-23T20:05:09","modified_gmt":"2026-04-23T20:05:09","slug":"politica-de-conduta","status":"publish","type":"page","link":"https:\/\/banxa.com\/pt-br\/politica-de-conduta\/","title":{"rendered":"Pol\u00edtica de Conduta"},"content":{"rendered":"\n<p>A equipe de suporte da Banxa trabalha arduamente 24 horas por dia para resolver os problemas dos nossos clientes. Cada membro da equipe se esfor\u00e7ar\u00e1 sinceramente para ajudar com uma consulta.<\/p>\n\n<p>Nossos clientes t\u00eam o direito de serem ouvidos, compreendidos e respeitados. No entanto, h\u00e1 situa\u00e7\u00f5es que podem dificultar a resposta da nossa equipe de suporte \u00e0s consultas. Em alguns casos, quando um cliente se torna amea\u00e7ador ou abusivo, temos que tra\u00e7ar<\/p>\n\n<p>Portanto, reservamos o direito de recusar nossos servi\u00e7os e descontinuar rela\u00e7\u00f5es comerciais quando um cliente for rude, discriminat\u00f3rio, assediador ou abusivo com nossa equipe. Al\u00e9m disso, quaisquer amea\u00e7as de viol\u00eancia ser\u00e3o tratadas com seriedade e reportadas \u00e0s autoridades. Todos t\u00eam o direito de se sentir seguros no trabalho, e n\u00e3o \u00e9 diferente para a Banxa.<\/p>\n\n<p>Obrigado por entender nossa necessidade de criar um ambiente de trabalho respeitoso e seguro. Queremos ouvir as preocupa\u00e7\u00f5es dos nossos clientes e estar presentes para eles, mas o direito a esse suporte vem com uma expectativa de comportamento atencioso e comunica\u00e7<\/p>\n\n<p>Sinta-se \u00e0 vontade para nos contatar para mais informa\u00e7\u00f5es ou esclarecimentos sobre esta pol\u00edtica.<\/p>\n","protected":false},"excerpt":{"rendered":"<p>A equipe de suporte da Banxa trabalha arduamente 24 horas por dia para resolver os problemas dos nossos clientes. Cada membro da equipe se esfor\u00e7ar\u00e1 sinceramente para ajudar com uma consulta. Nossos clientes t\u00eam o direito de serem ouvidos, compreendidos e respeitados. No entanto, h\u00e1 situa\u00e7\u00f5es que podem dificultar a resposta da nossa equipe de [&hellip;]<\/p>\n","protected":false},"author":3,"featured_media":0,"parent":0,"menu_order":0,"comment_status":"closed","ping_status":"closed","template":"","meta":{"footnotes":""},"class_list":["post-6019","page","type-page","status-publish","hentry"],"yoast_head":"<!-- This site is optimized with the Yoast SEO plugin v27.5 - https:\/\/yoast.com\/product\/yoast-seo-wordpress\/ -->\n<title>Pol\u00edtica de Conduta \u2013 Diretrizes de Uso e Comportamento na Plataforma | Banxa<\/title>\n<meta name=\"description\" content=\"Review Banxa\u2019s Behaviour Policy outlining acceptable plataforma use, customer conduct guidelines, and conformidade standards.\" \/>\n<meta name=\"robots\" content=\"index, follow, max-snippet:-1, max-image-preview:large, max-video-preview:-1\" \/>\n<link rel=\"canonical\" href=\"https:\/\/banxa.com\/pt-br\/politica-de-conduta\/\" \/>\n<meta property=\"og:locale\" content=\"pt_BR\" \/>\n<meta property=\"og:type\" content=\"article\" \/>\n<meta property=\"og:title\" content=\"Pol\u00edtica de Conduta \u2013 Diretrizes de Uso e Comportamento na Plataforma | Banxa\" \/>\n<meta property=\"og:description\" content=\"Review Banxa\u2019s Behaviour Policy outlining acceptable plataforma use, customer conduct guidelines, and conformidade standards.\" \/>\n<meta property=\"og:url\" content=\"https:\/\/banxa.com\/pt-br\/politica-de-conduta\/\" \/>\n<meta property=\"og:site_name\" content=\"Banxa\" \/>\n<meta property=\"article:publisher\" content=\"https:\/\/www.facebook.com\/Banxa.Official\/\" \/>\n<meta property=\"article:modified_time\" content=\"2026-04-23T20:05:09+00:00\" \/>\n<meta property=\"og:image\" content=\"https:\/\/banxa.com\/wp-content\/uploads\/2025\/04\/Banxa-Holdings-Inc-Cover-image.jpg\" \/>\n\t<meta property=\"og:image:width\" content=\"1200\" \/>\n\t<meta property=\"og:image:height\" content=\"675\" \/>\n\t<meta property=\"og:image:type\" content=\"image\/jpeg\" \/>\n<meta name=\"twitter:card\" content=\"summary_large_image\" \/>\n<meta name=\"twitter:site\" content=\"@BanxaHoldings\" \/>\n<meta name=\"twitter:label1\" content=\"Est. tempo de leitura\" \/>\n\t<meta name=\"twitter:data1\" content=\"1 minuto\" \/>\n<script type=\"application\/ld+json\" class=\"yoast-schema-graph\">{\"@context\":\"https:\\\/\\\/schema.org\",\"@graph\":[{\"@type\":\"WebPage\",\"@id\":\"https:\\\/\\\/banxa.com\\\/pt-br\\\/politica-de-conduta\\\/\",\"url\":\"https:\\\/\\\/banxa.com\\\/pt-br\\\/politica-de-conduta\\\/\",\"name\":\"Pol\u00edtica de Conduta \u2013 Diretrizes de Uso e Comportamento na Plataforma | Banxa\",\"isPartOf\":{\"@id\":\"https:\\\/\\\/banxa.com\\\/pt-br\\\/#website\"},\"datePublished\":\"2025-02-06T05:56:48+00:00\",\"dateModified\":\"2026-04-23T20:05:09+00:00\",\"description\":\"Review Banxa\u2019s Behaviour Policy outlining acceptable plataforma use, customer conduct guidelines, and conformidade standards.\",\"breadcrumb\":{\"@id\":\"https:\\\/\\\/banxa.com\\\/pt-br\\\/politica-de-conduta\\\/#breadcrumb\"},\"inLanguage\":\"pt-BR\",\"potentialAction\":[{\"@type\":\"ReadAction\",\"target\":[\"https:\\\/\\\/banxa.com\\\/pt-br\\\/politica-de-conduta\\\/\"]}]},{\"@type\":\"BreadcrumbList\",\"@id\":\"https:\\\/\\\/banxa.com\\\/pt-br\\\/politica-de-conduta\\\/#breadcrumb\",\"itemListElement\":[{\"@type\":\"ListItem\",\"position\":1,\"name\":\"Home\",\"item\":\"https:\\\/\\\/banxa.com\\\/pt-br\\\/\"},{\"@type\":\"ListItem\",\"position\":2,\"name\":\"Pol\u00edtica de Conduta\"}]},{\"@type\":\"WebSite\",\"@id\":\"https:\\\/\\\/banxa.com\\\/pt-br\\\/#website\",\"url\":\"https:\\\/\\\/banxa.com\\\/pt-br\\\/\",\"name\":\"Banxa\",\"description\":\"\",\"publisher\":{\"@id\":\"https:\\\/\\\/banxa.com\\\/pt-br\\\/#organization\"},\"alternateName\":\"Banxa Holdings Inc.\",\"potentialAction\":[{\"@type\":\"SearchAction\",\"target\":{\"@type\":\"EntryPoint\",\"urlTemplate\":\"https:\\\/\\\/banxa.com\\\/pt-br\\\/?s={search_term_string}\"},\"query-input\":{\"@type\":\"PropertyValueSpecification\",\"valueRequired\":true,\"valueName\":\"search_term_string\"}}],\"inLanguage\":\"pt-BR\"},{\"@type\":\"Organization\",\"@id\":\"https:\\\/\\\/banxa.com\\\/pt-br\\\/#organization\",\"name\":\"Banxa\",\"alternateName\":\"Banxa Holdings Inc.\",\"url\":\"https:\\\/\\\/banxa.com\\\/pt-br\\\/\",\"logo\":{\"@type\":\"ImageObject\",\"inLanguage\":\"pt-BR\",\"@id\":\"https:\\\/\\\/banxa.com\\\/pt-br\\\/#\\\/schema\\\/logo\\\/image\\\/\",\"url\":\"https:\\\/\\\/banxa.com\\\/wp-content\\\/uploads\\\/2025\\\/02\\\/Banxa-Icon-RGB-Favicon.png\",\"contentUrl\":\"https:\\\/\\\/banxa.com\\\/wp-content\\\/uploads\\\/2025\\\/02\\\/Banxa-Icon-RGB-Favicon.png\",\"width\":520,\"height\":470,\"caption\":\"Banxa\"},\"image\":{\"@id\":\"https:\\\/\\\/banxa.com\\\/pt-br\\\/#\\\/schema\\\/logo\\\/image\\\/\"},\"sameAs\":[\"https:\\\/\\\/www.facebook.com\\\/Banxa.Official\\\/\",\"https:\\\/\\\/x.com\\\/BanxaHoldings\",\"https:\\\/\\\/www.instagram.com\\\/banxaofficial\\\/\",\"https:\\\/\\\/www.youtube.com\\\/channel\\\/UC1ENe9JnShhksGOaMaTyPvQ\",\"https:\\\/\\\/www.linkedin.com\\\/company\\\/banxa-com\"]}]}<\/script>\n<!-- \/ Yoast SEO plugin. -->","yoast_head_json":{"title":"Pol\u00edtica de Conduta \u2013 Diretrizes de Uso e Comportamento na Plataforma | Banxa","description":"Review Banxa\u2019s Behaviour Policy outlining acceptable plataforma use, customer conduct guidelines, and conformidade standards.","robots":{"index":"index","follow":"follow","max-snippet":"max-snippet:-1","max-image-preview":"max-image-preview:large","max-video-preview":"max-video-preview:-1"},"canonical":"https:\/\/banxa.com\/pt-br\/politica-de-conduta\/","og_locale":"pt_BR","og_type":"article","og_title":"Pol\u00edtica de Conduta \u2013 Diretrizes de Uso e Comportamento na Plataforma | Banxa","og_description":"Review Banxa\u2019s Behaviour Policy outlining acceptable plataforma use, customer conduct guidelines, and conformidade standards.","og_url":"https:\/\/banxa.com\/pt-br\/politica-de-conduta\/","og_site_name":"Banxa","article_publisher":"https:\/\/www.facebook.com\/Banxa.Official\/","article_modified_time":"2026-04-23T20:05:09+00:00","og_image":[{"width":1200,"height":675,"url":"https:\/\/banxa.com\/wp-content\/uploads\/2025\/04\/Banxa-Holdings-Inc-Cover-image.jpg","type":"image\/jpeg"}],"twitter_card":"summary_large_image","twitter_site":"@BanxaHoldings","twitter_misc":{"Est. tempo de leitura":"1 minuto"},"schema":{"@context":"https:\/\/schema.org","@graph":[{"@type":"WebPage","@id":"https:\/\/banxa.com\/pt-br\/politica-de-conduta\/","url":"https:\/\/banxa.com\/pt-br\/politica-de-conduta\/","name":"Pol\u00edtica de Conduta \u2013 Diretrizes de Uso e Comportamento na Plataforma | Banxa","isPartOf":{"@id":"https:\/\/banxa.com\/pt-br\/#website"},"datePublished":"2025-02-06T05:56:48+00:00","dateModified":"2026-04-23T20:05:09+00:00","description":"Review Banxa\u2019s Behaviour Policy outlining acceptable plataforma use, customer conduct guidelines, and conformidade standards.","breadcrumb":{"@id":"https:\/\/banxa.com\/pt-br\/politica-de-conduta\/#breadcrumb"},"inLanguage":"pt-BR","potentialAction":[{"@type":"ReadAction","target":["https:\/\/banxa.com\/pt-br\/politica-de-conduta\/"]}]},{"@type":"BreadcrumbList","@id":"https:\/\/banxa.com\/pt-br\/politica-de-conduta\/#breadcrumb","itemListElement":[{"@type":"ListItem","position":1,"name":"Home","item":"https:\/\/banxa.com\/pt-br\/"},{"@type":"ListItem","position":2,"name":"Pol\u00edtica de Conduta"}]},{"@type":"WebSite","@id":"https:\/\/banxa.com\/pt-br\/#website","url":"https:\/\/banxa.com\/pt-br\/","name":"Banxa","description":"","publisher":{"@id":"https:\/\/banxa.com\/pt-br\/#organization"},"alternateName":"Banxa Holdings Inc.","potentialAction":[{"@type":"SearchAction","target":{"@type":"EntryPoint","urlTemplate":"https:\/\/banxa.com\/pt-br\/?s={search_term_string}"},"query-input":{"@type":"PropertyValueSpecification","valueRequired":true,"valueName":"search_term_string"}}],"inLanguage":"pt-BR"},{"@type":"Organization","@id":"https:\/\/banxa.com\/pt-br\/#organization","name":"Banxa","alternateName":"Banxa Holdings Inc.","url":"https:\/\/banxa.com\/pt-br\/","logo":{"@type":"ImageObject","inLanguage":"pt-BR","@id":"https:\/\/banxa.com\/pt-br\/#\/schema\/logo\/image\/","url":"https:\/\/banxa.com\/wp-content\/uploads\/2025\/02\/Banxa-Icon-RGB-Favicon.png","contentUrl":"https:\/\/banxa.com\/wp-content\/uploads\/2025\/02\/Banxa-Icon-RGB-Favicon.png","width":520,"height":470,"caption":"Banxa"},"image":{"@id":"https:\/\/banxa.com\/pt-br\/#\/schema\/logo\/image\/"},"sameAs":["https:\/\/www.facebook.com\/Banxa.Official\/","https:\/\/x.com\/BanxaHoldings","https:\/\/www.instagram.com\/banxaofficial\/","https:\/\/www.youtube.com\/channel\/UC1ENe9JnShhksGOaMaTyPvQ","https:\/\/www.linkedin.com\/company\/banxa-com"]}]}},"_links":{"self":[{"href":"https:\/\/banxa.com\/pt-br\/wp-json\/wp\/v2\/pages\/6019","targetHints":{"allow":["GET"]}}],"collection":[{"href":"https:\/\/banxa.com\/pt-br\/wp-json\/wp\/v2\/pages"}],"about":[{"href":"https:\/\/banxa.com\/pt-br\/wp-json\/wp\/v2\/types\/page"}],"author":[{"embeddable":true,"href":"https:\/\/banxa.com\/pt-br\/wp-json\/wp\/v2\/users\/3"}],"replies":[{"embeddable":true,"href":"https:\/\/banxa.com\/pt-br\/wp-json\/wp\/v2\/comments?post=6019"}],"version-history":[{"count":0,"href":"https:\/\/banxa.com\/pt-br\/wp-json\/wp\/v2\/pages\/6019\/revisions"}],"wp:attachment":[{"href":"https:\/\/banxa.com\/pt-br\/wp-json\/wp\/v2\/media?parent=6019"}],"curies":[{"name":"wp","href":"https:\/\/api.w.org\/{rel}","templated":true}]}}