{"id":5992,"date":"2025-02-11T02:30:47","date_gmt":"2025-02-11T02:30:47","guid":{"rendered":"https:\/\/banxa.com\/resumo-de-riscos-2\/"},"modified":"2026-04-23T20:04:29","modified_gmt":"2026-04-23T20:04:29","slug":"resumo-de-riscos-2","status":"publish","type":"page","link":"https:\/\/banxa.com\/pt-br\/resumo-de-riscos-2\/","title":{"rendered":"Resumo de Riscos"},"content":{"rendered":"\n<p><strong>Tempo estimado de leitura: 2 min:<\/strong><\/p>\n\n<p>Devido ao potencial de perdas, a Financial Conduct Authority (FCA) considera este investimento como de alto risco.\u00a0<\/p>\n\n<h2 class=\"wp-block-heading\">Quais s\u00e3o os principais riscos?\u00a0<\/h2>\n\n<h5 class=\"wp-block-heading\">1. <strong>Voc\u00ea pode perder todo o dinheiro que investir\u00a0<\/strong><\/h5>\n\n<ul class=\"wp-block-list\">\n<li>O desempenho da maioria dos criptoativos pode ser altamente vol\u00e1til, com seu valor caindo t\u00e3o rapidamente quanto pode subir. Voc\u00ea deve estar preparado para perder todo o dinheiro que investir em criptoativos.<\/li>\n\n\n\n<li>O mercado de criptoativos \u00e9 amplamente n\u00e3o regulamentado. H\u00e1 risco de perder dinheiro ou quaisquer criptoativos que voc\u00ea compre devido a riscos como ataques cibern\u00e9ticos, crimes financeiros e fal\u00eancia de empresas.\u00a0<\/li>\n<\/ul>\n\n<h5 class=\"wp-block-heading\">2. <strong>Voc\u00ea n\u00e3o deve esperar ser protegido se algo der errado <\/strong><\/h5>\n\n<ul class=\"wp-block-list\">\n<li>O Financial Services Compensation Scheme (FSCS) n\u00e3o protege este tipo de investimento porque n\u00e3o \u00e9 um &#8216;investimento especificado&#8217; sob o regime regulat\u00f3rio do Reino Unido \u2013 em outras palavras, este tipo de investimento n\u00e3o \u00e9 reconhecido como o tipo de investimento que o FSCS pode proteger. Saiba mais usando o verificador de prote\u00e7\u00e3o de investimentos do FSCS <a href=\"https:\/\/www.fscs.org.uk\/check\/investment-protection-check&lt;\/div&gt;\"><\/a><\/li>\n\n\n\n<li>O Financial Ombudsman Service (FOS) n\u00e3o poder\u00e1 considerar reclama\u00e7\u00f5es relacionadas a esta empresa. Saiba mais sobre a prote\u00e7\u00e3o do FOS <a href=\"https:\/\/www.financial-ombudsman.org.uk\/consumers\" target=\"_blank\" rel=\"noreferrer noopener\">aqui<\/a>.<\/li>\n<\/ul>\n\n<h5 class=\"wp-block-heading\">3. <strong>Talvez voc\u00ea n\u00e3o consiga vender seu investimento quando quiser <\/strong><\/h5>\n\n<ul class=\"wp-block-list\">\n<li>N\u00e3o h\u00e1 garantia de que investimentos em criptoativos possam ser facilmente vendidos a qualquer momento. A capacidade de vender um criptoativo depende de v\u00e1rios fatores, incluindo a oferta e demanda no mercado naquele momento.\u00a0<\/li>\n\n\n\n<li>Falhas operacionais como interrup\u00e7\u00f5es tecnol\u00f3gicas, ataques cibern\u00e9ticos e mistura de fundos podem causar atrasos indesejados e voc\u00ea pode n\u00e3o conseguir vender seus criptoativos quando desejar.\u00a0<\/li>\n<\/ul>\n\n<h5 class=\"wp-block-heading\">4. <strong>Investimentos em criptoativos podem ser complexos\u00a0<\/strong><\/h5>\n\n<ul class=\"wp-block-list\">\n<li>Investimentos em criptoativos podem ser complexos, dificultando o entendimento dos riscos associados ao investimento.\u00a0<\/li>\n\n\n\n<li>You should do your own research before investing. If something sounds too good to be true, it probably is.\u00a0<\/li>\n<\/ul>\n\n<h5 class=\"wp-block-heading\">5. <strong>N\u00e3o coloque todos os ovos na mesma cesta\u00a0<\/strong><\/h5>\n\n<ul class=\"wp-block-list\">\n<li>Colocar todo o seu dinheiro em um \u00fanico tipo de investimento \u00e9 arriscado. Distribuir seu dinheiro entre diferentes investimentos torna voc\u00ea menos dependente de qualquer um deles para obter bons resultados.<\/li>\n\n\n\n<li>Uma boa regra \u00e9 n\u00e3o investir mais de 10% do seu dinheiro em investimentos de alto risco. <a href=\"https:\/\/www.fca.org.uk\/investsmart\/5-questions-ask-you-invest\" target=\"_blank\" rel=\"noreferrer noopener\">Saiba mais aqui<\/a>.<\/li>\n<\/ul>\n\n<p><\/p>\n\n<p>Se voc\u00ea estiver interessado em saber mais sobre como se proteger, visite o site da FCA <a href=\"https:\/\/www.fca.org.uk\/investsmart\" target=\"_blank\" rel=\"noreferrer noopener\">aqui<\/a>.<\/p>\n\n<p>Para mais informa\u00e7\u00f5es sobre criptoativos, visite o site da FCA <a href=\"https:\/\/www.fca.org.uk\/investsmart\/crypto-basics\" target=\"_blank\" rel=\"noreferrer noopener\">aqui<\/a>.<\/p>\n\n<p><\/p>\n","protected":false},"excerpt":{"rendered":"<p>Tempo estimado de leitura: 2 min: Devido ao potencial de perdas, a Financial Conduct Authority (FCA) considera este investimento como de alto risco.\u00a0 Quais s\u00e3o os principais riscos?\u00a0 1. Voc\u00ea pode perder todo o dinheiro que investir\u00a0 2. Voc\u00ea n\u00e3o deve esperar ser protegido se algo der errado 3. Talvez voc\u00ea n\u00e3o consiga vender seu [&hellip;]<\/p>\n","protected":false},"author":3,"featured_media":0,"parent":0,"menu_order":0,"comment_status":"closed","ping_status":"closed","template":"","meta":{"footnotes":""},"class_list":["post-5992","page","type-page","status-publish","hentry"],"yoast_head":"<!-- This site is optimized with the Yoast SEO plugin v27.5 - https:\/\/yoast.com\/product\/yoast-seo-wordpress\/ -->\n<title>Resumo de Riscos \u2013 Riscos de Transa\u00e7\u00e3o Cripto e Seguran\u00e7a | Banxa<\/title>\n<meta name=\"description\" content=\"Review Banxa\u2019s Risk Summary to understand potential risks associated with criptomoeda transa\u00e7\u00f5es, volatility, and security measures.\" \/>\n<meta name=\"robots\" content=\"index, follow, max-snippet:-1, max-image-preview:large, max-video-preview:-1\" \/>\n<link rel=\"canonical\" href=\"https:\/\/banxa.com\/pt-br\/resumo-de-riscos-2\/\" \/>\n<meta property=\"og:locale\" content=\"pt_BR\" \/>\n<meta property=\"og:type\" content=\"article\" \/>\n<meta property=\"og:title\" content=\"Resumo de Riscos \u2013 Riscos de Transa\u00e7\u00e3o Cripto e Seguran\u00e7a | Banxa\" \/>\n<meta property=\"og:description\" content=\"Review Banxa\u2019s Risk Summary to understand potential risks associated with criptomoeda transa\u00e7\u00f5es, volatility, and security measures.\" \/>\n<meta property=\"og:url\" content=\"https:\/\/banxa.com\/pt-br\/resumo-de-riscos-2\/\" \/>\n<meta property=\"og:site_name\" content=\"Banxa\" \/>\n<meta property=\"article:publisher\" content=\"https:\/\/www.facebook.com\/Banxa.Official\/\" \/>\n<meta property=\"article:modified_time\" content=\"2026-04-23T20:04:29+00:00\" \/>\n<meta property=\"og:image\" content=\"https:\/\/banxa.com\/wp-content\/uploads\/2025\/04\/Banxa-Holdings-Inc-Cover-image.jpg\" \/>\n\t<meta property=\"og:image:width\" content=\"1200\" \/>\n\t<meta property=\"og:image:height\" content=\"675\" \/>\n\t<meta property=\"og:image:type\" content=\"image\/jpeg\" \/>\n<meta name=\"twitter:card\" content=\"summary_large_image\" \/>\n<meta name=\"twitter:site\" content=\"@BanxaHoldings\" \/>\n<meta name=\"twitter:label1\" content=\"Est. tempo de leitura\" \/>\n\t<meta name=\"twitter:data1\" content=\"2 minutos\" \/>\n<script type=\"application\/ld+json\" class=\"yoast-schema-graph\">{\"@context\":\"https:\\\/\\\/schema.org\",\"@graph\":[{\"@type\":\"WebPage\",\"@id\":\"https:\\\/\\\/banxa.com\\\/pt-br\\\/resumo-de-riscos-2\\\/\",\"url\":\"https:\\\/\\\/banxa.com\\\/pt-br\\\/resumo-de-riscos-2\\\/\",\"name\":\"Resumo de Riscos \u2013 Riscos de Transa\u00e7\u00e3o Cripto e Seguran\u00e7a | Banxa\",\"isPartOf\":{\"@id\":\"https:\\\/\\\/banxa.com\\\/pt-br\\\/#website\"},\"datePublished\":\"2025-02-11T02:30:47+00:00\",\"dateModified\":\"2026-04-23T20:04:29+00:00\",\"description\":\"Review Banxa\u2019s Risk Summary to understand potential risks associated with criptomoeda transa\u00e7\u00f5es, volatility, and security measures.\",\"breadcrumb\":{\"@id\":\"https:\\\/\\\/banxa.com\\\/pt-br\\\/resumo-de-riscos-2\\\/#breadcrumb\"},\"inLanguage\":\"pt-BR\",\"potentialAction\":[{\"@type\":\"ReadAction\",\"target\":[\"https:\\\/\\\/banxa.com\\\/pt-br\\\/resumo-de-riscos-2\\\/\"]}]},{\"@type\":\"BreadcrumbList\",\"@id\":\"https:\\\/\\\/banxa.com\\\/pt-br\\\/resumo-de-riscos-2\\\/#breadcrumb\",\"itemListElement\":[{\"@type\":\"ListItem\",\"position\":1,\"name\":\"Home\",\"item\":\"https:\\\/\\\/banxa.com\\\/pt-br\\\/\"},{\"@type\":\"ListItem\",\"position\":2,\"name\":\"Resumo de Riscos\"}]},{\"@type\":\"WebSite\",\"@id\":\"https:\\\/\\\/banxa.com\\\/pt-br\\\/#website\",\"url\":\"https:\\\/\\\/banxa.com\\\/pt-br\\\/\",\"name\":\"Banxa\",\"description\":\"\",\"publisher\":{\"@id\":\"https:\\\/\\\/banxa.com\\\/pt-br\\\/#organization\"},\"alternateName\":\"Banxa Holdings Inc.\",\"potentialAction\":[{\"@type\":\"SearchAction\",\"target\":{\"@type\":\"EntryPoint\",\"urlTemplate\":\"https:\\\/\\\/banxa.com\\\/pt-br\\\/?s={search_term_string}\"},\"query-input\":{\"@type\":\"PropertyValueSpecification\",\"valueRequired\":true,\"valueName\":\"search_term_string\"}}],\"inLanguage\":\"pt-BR\"},{\"@type\":\"Organization\",\"@id\":\"https:\\\/\\\/banxa.com\\\/pt-br\\\/#organization\",\"name\":\"Banxa\",\"alternateName\":\"Banxa Holdings Inc.\",\"url\":\"https:\\\/\\\/banxa.com\\\/pt-br\\\/\",\"logo\":{\"@type\":\"ImageObject\",\"inLanguage\":\"pt-BR\",\"@id\":\"https:\\\/\\\/banxa.com\\\/pt-br\\\/#\\\/schema\\\/logo\\\/image\\\/\",\"url\":\"https:\\\/\\\/banxa.com\\\/wp-content\\\/uploads\\\/2025\\\/02\\\/Banxa-Icon-RGB-Favicon.png\",\"contentUrl\":\"https:\\\/\\\/banxa.com\\\/wp-content\\\/uploads\\\/2025\\\/02\\\/Banxa-Icon-RGB-Favicon.png\",\"width\":520,\"height\":470,\"caption\":\"Banxa\"},\"image\":{\"@id\":\"https:\\\/\\\/banxa.com\\\/pt-br\\\/#\\\/schema\\\/logo\\\/image\\\/\"},\"sameAs\":[\"https:\\\/\\\/www.facebook.com\\\/Banxa.Official\\\/\",\"https:\\\/\\\/x.com\\\/BanxaHoldings\",\"https:\\\/\\\/www.instagram.com\\\/banxaofficial\\\/\",\"https:\\\/\\\/www.youtube.com\\\/channel\\\/UC1ENe9JnShhksGOaMaTyPvQ\",\"https:\\\/\\\/www.linkedin.com\\\/company\\\/banxa-com\"]}]}<\/script>\n<!-- \/ Yoast SEO plugin. -->","yoast_head_json":{"title":"Resumo de Riscos \u2013 Riscos de Transa\u00e7\u00e3o Cripto e Seguran\u00e7a | Banxa","description":"Review Banxa\u2019s Risk Summary to understand potential risks associated with criptomoeda transa\u00e7\u00f5es, volatility, and security measures.","robots":{"index":"index","follow":"follow","max-snippet":"max-snippet:-1","max-image-preview":"max-image-preview:large","max-video-preview":"max-video-preview:-1"},"canonical":"https:\/\/banxa.com\/pt-br\/resumo-de-riscos-2\/","og_locale":"pt_BR","og_type":"article","og_title":"Resumo de Riscos \u2013 Riscos de Transa\u00e7\u00e3o Cripto e Seguran\u00e7a | Banxa","og_description":"Review Banxa\u2019s Risk Summary to understand potential risks associated with criptomoeda transa\u00e7\u00f5es, volatility, and security measures.","og_url":"https:\/\/banxa.com\/pt-br\/resumo-de-riscos-2\/","og_site_name":"Banxa","article_publisher":"https:\/\/www.facebook.com\/Banxa.Official\/","article_modified_time":"2026-04-23T20:04:29+00:00","og_image":[{"width":1200,"height":675,"url":"https:\/\/banxa.com\/wp-content\/uploads\/2025\/04\/Banxa-Holdings-Inc-Cover-image.jpg","type":"image\/jpeg"}],"twitter_card":"summary_large_image","twitter_site":"@BanxaHoldings","twitter_misc":{"Est. tempo de leitura":"2 minutos"},"schema":{"@context":"https:\/\/schema.org","@graph":[{"@type":"WebPage","@id":"https:\/\/banxa.com\/pt-br\/resumo-de-riscos-2\/","url":"https:\/\/banxa.com\/pt-br\/resumo-de-riscos-2\/","name":"Resumo de Riscos \u2013 Riscos de Transa\u00e7\u00e3o Cripto e Seguran\u00e7a | Banxa","isPartOf":{"@id":"https:\/\/banxa.com\/pt-br\/#website"},"datePublished":"2025-02-11T02:30:47+00:00","dateModified":"2026-04-23T20:04:29+00:00","description":"Review Banxa\u2019s Risk Summary to understand potential risks associated with criptomoeda transa\u00e7\u00f5es, volatility, and security measures.","breadcrumb":{"@id":"https:\/\/banxa.com\/pt-br\/resumo-de-riscos-2\/#breadcrumb"},"inLanguage":"pt-BR","potentialAction":[{"@type":"ReadAction","target":["https:\/\/banxa.com\/pt-br\/resumo-de-riscos-2\/"]}]},{"@type":"BreadcrumbList","@id":"https:\/\/banxa.com\/pt-br\/resumo-de-riscos-2\/#breadcrumb","itemListElement":[{"@type":"ListItem","position":1,"name":"Home","item":"https:\/\/banxa.com\/pt-br\/"},{"@type":"ListItem","position":2,"name":"Resumo de Riscos"}]},{"@type":"WebSite","@id":"https:\/\/banxa.com\/pt-br\/#website","url":"https:\/\/banxa.com\/pt-br\/","name":"Banxa","description":"","publisher":{"@id":"https:\/\/banxa.com\/pt-br\/#organization"},"alternateName":"Banxa Holdings Inc.","potentialAction":[{"@type":"SearchAction","target":{"@type":"EntryPoint","urlTemplate":"https:\/\/banxa.com\/pt-br\/?s={search_term_string}"},"query-input":{"@type":"PropertyValueSpecification","valueRequired":true,"valueName":"search_term_string"}}],"inLanguage":"pt-BR"},{"@type":"Organization","@id":"https:\/\/banxa.com\/pt-br\/#organization","name":"Banxa","alternateName":"Banxa Holdings Inc.","url":"https:\/\/banxa.com\/pt-br\/","logo":{"@type":"ImageObject","inLanguage":"pt-BR","@id":"https:\/\/banxa.com\/pt-br\/#\/schema\/logo\/image\/","url":"https:\/\/banxa.com\/wp-content\/uploads\/2025\/02\/Banxa-Icon-RGB-Favicon.png","contentUrl":"https:\/\/banxa.com\/wp-content\/uploads\/2025\/02\/Banxa-Icon-RGB-Favicon.png","width":520,"height":470,"caption":"Banxa"},"image":{"@id":"https:\/\/banxa.com\/pt-br\/#\/schema\/logo\/image\/"},"sameAs":["https:\/\/www.facebook.com\/Banxa.Official\/","https:\/\/x.com\/BanxaHoldings","https:\/\/www.instagram.com\/banxaofficial\/","https:\/\/www.youtube.com\/channel\/UC1ENe9JnShhksGOaMaTyPvQ","https:\/\/www.linkedin.com\/company\/banxa-com"]}]}},"_links":{"self":[{"href":"https:\/\/banxa.com\/pt-br\/wp-json\/wp\/v2\/pages\/5992","targetHints":{"allow":["GET"]}}],"collection":[{"href":"https:\/\/banxa.com\/pt-br\/wp-json\/wp\/v2\/pages"}],"about":[{"href":"https:\/\/banxa.com\/pt-br\/wp-json\/wp\/v2\/types\/page"}],"author":[{"embeddable":true,"href":"https:\/\/banxa.com\/pt-br\/wp-json\/wp\/v2\/users\/3"}],"replies":[{"embeddable":true,"href":"https:\/\/banxa.com\/pt-br\/wp-json\/wp\/v2\/comments?post=5992"}],"version-history":[{"count":0,"href":"https:\/\/banxa.com\/pt-br\/wp-json\/wp\/v2\/pages\/5992\/revisions"}],"wp:attachment":[{"href":"https:\/\/banxa.com\/pt-br\/wp-json\/wp\/v2\/media?parent=5992"}],"curies":[{"name":"wp","href":"https:\/\/api.w.org\/{rel}","templated":true}]}}