{"id":5116,"date":"2025-05-05T08:07:07","date_gmt":"2025-05-05T08:07:07","guid":{"rendered":"https:\/\/banxa.com\/informacoes-da-transacao\/"},"modified":"2026-04-23T19:59:11","modified_gmt":"2026-04-23T19:59:11","slug":"informacoes-da-transacao","status":"publish","type":"page","link":"https:\/\/banxa.com\/pt-br\/informacoes-da-transacao\/","title":{"rendered":"Informa\u00e7\u00f5es da Transa\u00e7\u00e3o"},"content":{"rendered":"\t\t<div data-elementor-type=\"wp-page\" data-elementor-id=\"5116\" class=\"elementor elementor-5116 elementor-3322\" data-elementor-post-type=\"page\">\n\t\t\t\t<div class=\"elementor-element elementor-element-7838abd e-flex e-con-boxed e-con e-parent\" data-id=\"7838abd\" data-element_type=\"container\" data-e-type=\"container\">\n\t\t\t\t\t<div class=\"e-con-inner\">\n\t\t\t\t<div class=\"elementor-element elementor-element-1201adf elementor-widget elementor-widget-shortcode\" data-id=\"1201adf\" data-element_type=\"widget\" data-e-type=\"widget\" data-widget_type=\"shortcode.default\">\n\t\t\t\t\t\t\t<div class=\"elementor-shortcode\"><div id=\"banxa-transaction-data-container-69fc57d6f2ecb\" class=\"banxa-transaction-data-container\" data-offset=\"50\" data-limit=\"50\" data-total=\"1939\" data-loading=\"false\"><h2>European Transaction Information<\/h2><p class=\"last-updated\">Data as of: 7 de maio de 2026 00:45<\/p><div class=\"table-responsive\"><table class=\"banxa-transaction-table\"><thead><tr><th>Trading Date and Time<\/th><th>Type<\/th><th>Crypto Asset Full Name<\/th><th>Price<\/th><th>Price Currency<\/th><th>Quantity<\/th><th>Transaction ID<\/th><\/tr><\/thead><tbody class=\"banxa-transaction-tbody\"><tr><td>2026-05-05 16:18:02<\/td><td>BUY<\/td><td>BTC - Bitcoin<\/td><td>83171.1495916297<\/td><td>EUR<\/td><td>0.0006011700000000<\/td><td>019df880c6***********<\/td><\/tr><tr><td>2026-05-05 16:30:31<\/td><td>BUY<\/td><td>BTC - Bitcoin<\/td><td>87421.9758865213<\/td><td>USD<\/td><td>0.0080071400000000<\/td><td>019df88bf6***********<\/td><\/tr><tr><td>2026-05-05 00:24:49<\/td><td>BUY<\/td><td>BTC - Bitcoin<\/td><td>84162.4068676524<\/td><td>USD<\/td><td>0.0011287700000000<\/td><td>019df5132d***********<\/td><\/tr><tr><td>2026-05-05 17:10:57<\/td><td>BUY<\/td><td>BTC - Bitcoin<\/td><td>73809.9983023700<\/td><td>EUR<\/td><td>0.0013548300000000<\/td><td>019df8b082***********<\/td><\/tr><tr><td>2026-05-05 17:46:08<\/td><td>BUY<\/td><td>USDC - Base<\/td><td>1.0080645161<\/td><td>USD<\/td><td>99.2000000000000000<\/td><td>019df8cd06***********<\/td><\/tr><tr><td>2026-05-05 17:39:16<\/td><td>BUY<\/td><td>USDC - Polygon<\/td><td>0.8843537415<\/td><td>EUR<\/td><td>44.1000000000000000<\/td><td>019df8cb0a***********<\/td><\/tr><tr><td>2026-05-05 10:20:06<\/td><td>BUY<\/td><td>SOL - Solana<\/td><td>90.7407407407<\/td><td>USD<\/td><td>0.4860000000000000<\/td><td>019df73808***********<\/td><\/tr><tr><td>2026-05-05 10:25:49<\/td><td>BUY<\/td><td>USDT - Binance Smart Chain (BEP20)<\/td><td>1.8775816748<\/td><td>NZD<\/td><td>53.2600000000000000<\/td><td>019df73e05***********<\/td><\/tr><tr><td>2026-05-05 10:39:16<\/td><td>BUY<\/td><td>XRP - Ripple<\/td><td>1.2975751046<\/td><td>EUR<\/td><td>23.1200490000000000<\/td><td>019df74a48***********<\/td><\/tr><tr><td>2026-05-05 10:24:02<\/td><td>BUY<\/td><td>USDC - Ethereum (ERC20)<\/td><td>0.9132420091<\/td><td>EUR<\/td><td>383.2500000000000000<\/td><td>019df73c44***********<\/td><\/tr><tr><td>2026-05-05 10:40:12<\/td><td>BUY<\/td><td>SOL - Solana<\/td><td>78.0487804878<\/td><td>EUR<\/td><td>0.4100000000000000<\/td><td>019df74b20***********<\/td><\/tr><tr><td>2026-05-05 10:22:25<\/td><td>BUY<\/td><td>BTC - Bitcoin<\/td><td>96415.2798935575<\/td><td>USD<\/td><td>0.0010371800000000<\/td><td>019df73b34***********<\/td><\/tr><tr><td>2026-05-05 09:55:52<\/td><td>BUY<\/td><td>BTC - Bitcoin<\/td><td>84387.4735234302<\/td><td>USD<\/td><td>0.0011850100000000<\/td><td>019df72244***********<\/td><\/tr><tr><td>2026-05-05 10:20:59<\/td><td>BUY<\/td><td>BTC - Bitcoin<\/td><td>111586.3864608518<\/td><td>SGD<\/td><td>0.0005377000000000<\/td><td>019df738bf***********<\/td><\/tr><tr><td>2026-05-05 10:09:28<\/td><td>BUY<\/td><td>BTC - Bitcoin<\/td><td>86386.6204402262<\/td><td>USD<\/td><td>0.0034727600000000<\/td><td>019df72ef6***********<\/td><\/tr><tr><td>2026-05-05 10:30:50<\/td><td>BUY<\/td><td>SOL - Solana<\/td><td>90.7818930041<\/td><td>USD<\/td><td>0.4860000000000000<\/td><td>019df74258***********<\/td><\/tr><tr><td>2026-05-05 10:42:42<\/td><td>BUY<\/td><td>CHZ - Chiliz<\/td><td>0.0369594719<\/td><td>EUR<\/td><td>1352.8331830000000000<\/td><td>019df74adc***********<\/td><\/tr><tr><td>2026-05-05 10:20:54<\/td><td>BUY<\/td><td>BNB - Binance Smart Chain (BEP20)<\/td><td>679.2324673119<\/td><td>USD<\/td><td>0.1472250000000000<\/td><td>019df738ea***********<\/td><\/tr><tr><td>2026-05-05 10:50:34<\/td><td>BUY<\/td><td>LTC - Litecoin<\/td><td>218.7500000000<\/td><td>PLN<\/td><td>0.3200000000000000<\/td><td>019df754f7***********<\/td><\/tr><tr><td>2026-05-05 10:27:52<\/td><td>BUY<\/td><td>ETH - Ethereum (ERC20)<\/td><td>16954.8999660902<\/td><td>DKK<\/td><td>0.0058980000000000<\/td><td>019df73f70***********<\/td><\/tr><tr><td>2026-05-05 10:06:01<\/td><td>BUY<\/td><td>USDT - Tron (TRC20)<\/td><td>1.0634816754<\/td><td>EUR<\/td><td>61.1200000000000000<\/td><td>019df72c30***********<\/td><\/tr><tr><td>2026-05-05 10:19:44<\/td><td>BUY<\/td><td>TRX - Tron (TRC20)<\/td><td>0.3143204458<\/td><td>EUR<\/td><td>63.6293320000000000<\/td><td>019df735e2***********<\/td><\/tr><tr><td>2026-05-05 10:22:03<\/td><td>BUY<\/td><td>USDT - Tron (TRC20)<\/td><td>19.3579609614<\/td><td>ZAR<\/td><td>61.9900000000000000<\/td><td>019df739f3***********<\/td><\/tr><tr><td>2026-05-05 10:02:44<\/td><td>BUY<\/td><td>BTC - Bitcoin<\/td><td>75588.4349694497<\/td><td>EUR<\/td><td>0.0028575800000000<\/td><td>019df727e3***********<\/td><\/tr><tr><td>2026-05-05 10:12:28<\/td><td>BUY<\/td><td>ETH - Ethereum (ERC20)<\/td><td>2586.8536099542<\/td><td>USD<\/td><td>0.0386570000000000<\/td><td>019df731c4***********<\/td><\/tr><tr><td>2026-05-05 09:53:06<\/td><td>BUY<\/td><td>BTC - Bitcoin<\/td><td>73913.1077505285<\/td><td>EUR<\/td><td>0.0148823400000000<\/td><td>019df7202c***********<\/td><\/tr><tr><td>2026-05-05 09:58:08<\/td><td>BUY<\/td><td>USDC - Ethereum (ERC20)<\/td><td>0.8895440451<\/td><td>EUR<\/td><td>393.4600000000000000<\/td><td>019df72485***********<\/td><\/tr><tr><td>2026-05-05 10:26:50<\/td><td>BUY<\/td><td>CHZ - Chiliz<\/td><td>0.0365853611<\/td><td>CHF<\/td><td>273.3333690000000000<\/td><td>019df73f00***********<\/td><\/tr><tr><td>2026-05-05 10:32:42<\/td><td>BUY<\/td><td>SOL - Solana<\/td><td>341.8803418803<\/td><td>AED<\/td><td>0.5850000000000000<\/td><td>019df74457***********<\/td><\/tr><tr><td>2026-05-05 10:30:21<\/td><td>BUY<\/td><td>ETH - Ethereum (ERC20)<\/td><td>9571.6783216783<\/td><td>PLN<\/td><td>0.0228800000000000<\/td><td>019df74205***********<\/td><\/tr><tr><td>2026-05-05 10:08:43<\/td><td>BUY<\/td><td>BTC - Bitcoin<\/td><td>74239.3253130116<\/td><td>EUR<\/td><td>0.0053879800000000<\/td><td>019df72e91***********<\/td><\/tr><tr><td>2026-05-05 10:17:59<\/td><td>BUY<\/td><td>ETH - Ethereum (ERC20)<\/td><td>2124.7823382514<\/td><td>EUR<\/td><td>0.5449970000000000<\/td><td>019df736b0***********<\/td><\/tr><tr><td>2026-05-05 09:56:21<\/td><td>BUY<\/td><td>USDT - Tron (TRC20)<\/td><td>18.8483649043<\/td><td>MXN<\/td><td>424.4400000000000000<\/td><td>019df72339***********<\/td><\/tr><tr><td>2026-05-05 10:33:30<\/td><td>BUY<\/td><td>USDT - Tron (TRC20)<\/td><td>1.1414077362<\/td><td>USD<\/td><td>31.5400000000000000<\/td><td>019df744c8***********<\/td><\/tr><tr><td>2026-05-05 10:25:54<\/td><td>BUY<\/td><td>BTC - Bitcoin<\/td><td>563629.0402767924<\/td><td>DKK<\/td><td>0.0296684500000000<\/td><td>019df73da7***********<\/td><\/tr><tr><td>2026-05-05 10:35:24<\/td><td>BUY<\/td><td>USDT - Ethereum (ERC20)<\/td><td>0.8686267800<\/td><td>EUR<\/td><td>379.9100000000000000<\/td><td>019df7451c***********<\/td><\/tr><tr><td>2026-05-05 10:27:14<\/td><td>BUY<\/td><td>BTC - Bitcoin<\/td><td>88417.3297966401<\/td><td>USD<\/td><td>0.0005655000000000<\/td><td>019df73ea4***********<\/td><\/tr><tr><td>2026-05-05 10:36:37<\/td><td>BUY<\/td><td>USDC - Solana<\/td><td>1.0079629070<\/td><td>USD<\/td><td>99.2100000000000000<\/td><td>019df74455***********<\/td><\/tr><tr><td>2026-05-05 10:08:10<\/td><td>BUY<\/td><td>BTC - Bitcoin<\/td><td>87990.9897226524<\/td><td>USD<\/td><td>0.0011364800000000<\/td><td>019df72de4***********<\/td><\/tr><tr><td>2026-05-05 10:26:57<\/td><td>BUY<\/td><td>BTC - Bitcoin<\/td><td>154380.5480509456<\/td><td>NZD<\/td><td>0.0020728000000000<\/td><td>019df73f0d***********<\/td><\/tr><tr><td>2026-05-05 10:36:36<\/td><td>BUY<\/td><td>TRX - Tron (TRC20)<\/td><td>60.8450762911<\/td><td>JPY<\/td><td>82.1759180000000000<\/td><td>019df747c0***********<\/td><\/tr><tr><td>2026-05-05 10:01:01<\/td><td>BUY<\/td><td>BTC - Bitcoin<\/td><td>84745.7627118644<\/td><td>USD<\/td><td>0.0005900000000000<\/td><td>019df72617***********<\/td><\/tr><tr><td>2026-05-05 09:52:33<\/td><td>BUY<\/td><td>USDC - Ethereum (ERC20)<\/td><td>0.8913693901<\/td><td>EUR<\/td><td>86.9000000000000000<\/td><td>019df71a46***********<\/td><\/tr><tr><td>2026-05-05 10:06:17<\/td><td>BUY<\/td><td>ETH - Ethereum (ERC20)<\/td><td>2122.8988608525<\/td><td>EUR<\/td><td>0.4710540000000000<\/td><td>019df72c0b***********<\/td><\/tr><tr><td>2026-05-05 09:52:33<\/td><td>BUY<\/td><td>USDC - Ethereum (ERC20)<\/td><td>0.8799331251<\/td><td>EUR<\/td><td>454.5800000000000000<\/td><td>019df71d76***********<\/td><\/tr><tr><td>2026-05-05 10:29:31<\/td><td>BUY<\/td><td>BTC - Bitcoin<\/td><td>87826.1919660991<\/td><td>USD<\/td><td>0.0018217800000000<\/td><td>019df74124***********<\/td><\/tr><tr><td>2026-05-05 10:00:53<\/td><td>BUY<\/td><td>SOL - Solana<\/td><td>92.8004881025<\/td><td>USD<\/td><td>1.6390000000000000<\/td><td>019df72563***********<\/td><\/tr><tr><td>2026-05-05 10:41:29<\/td><td>BUY<\/td><td>USDC - Ethereum (ERC20)<\/td><td>0.8888691362<\/td><td>EUR<\/td><td>450.0100000000000000<\/td><td>019df74c4f***********<\/td><\/tr><tr><td>2026-05-05 10:16:10<\/td><td>BUY<\/td><td>ETH - Ethereum (ERC20)<\/td><td>2193.4634788331<\/td><td>EUR<\/td><td>0.0911800000000000<\/td><td>019df73510***********<\/td><\/tr><tr><td>2026-05-05 09:53:30<\/td><td>BUY<\/td><td>LTC - Litecoin<\/td><td>268.9979825151<\/td><td>RON<\/td><td>1.4870000000000000<\/td><td>019df7201a***********<\/td><\/tr><\/tbody><\/table><\/div><div class=\"banxa-transaction-loadmore\"><button class=\"button banxa-loadmore-button\" data-container-id=\"#banxa-transaction-data-container-69fc57d6f2ecb\">Load More Transactions<\/button><span class=\"banxa-loading-spinner\" style=\"display: none;\"><\/span><\/div><\/div><\/div>\n\t\t\t\t\t\t<\/div>\n\t\t\t\t\t<\/div>\n\t\t\t\t<\/div>\n\t\t\t\t<\/div>\n\t\t","protected":false},"excerpt":{"rendered":"","protected":false},"author":3,"featured_media":0,"parent":0,"menu_order":0,"comment_status":"closed","ping_status":"closed","template":"","meta":{"footnotes":""},"class_list":["post-5116","page","type-page","status-publish","hentry"],"yoast_head":"<!-- This site is optimized with the Yoast SEO plugin v27.5 - https:\/\/yoast.com\/product\/yoast-seo-wordpress\/ -->\n<title>Informa\u00e7\u00f5es da Transa\u00e7\u00e3o - Banxa<\/title>\n<meta name=\"robots\" content=\"index, follow, max-snippet:-1, max-image-preview:large, max-video-preview:-1\" \/>\n<link rel=\"canonical\" href=\"https:\/\/banxa.com\/pt-br\/informacoes-da-transacao\/\" \/>\n<meta property=\"og:locale\" content=\"pt_BR\" \/>\n<meta property=\"og:type\" content=\"article\" \/>\n<meta property=\"og:title\" content=\"Informa\u00e7\u00f5es da Transa\u00e7\u00e3o - Banxa\" \/>\n<meta property=\"og:url\" content=\"https:\/\/banxa.com\/pt-br\/informacoes-da-transacao\/\" \/>\n<meta property=\"og:site_name\" content=\"Banxa\" \/>\n<meta property=\"article:publisher\" content=\"https:\/\/www.facebook.com\/Banxa.Official\/\" \/>\n<meta property=\"article:modified_time\" content=\"2026-04-23T19:59:11+00:00\" \/>\n<meta property=\"og:image\" content=\"https:\/\/banxa.com\/wp-content\/uploads\/2025\/04\/Banxa-Holdings-Inc-Cover-image.jpg\" \/>\n\t<meta property=\"og:image:width\" content=\"1200\" \/>\n\t<meta property=\"og:image:height\" content=\"675\" \/>\n\t<meta property=\"og:image:type\" content=\"image\/jpeg\" \/>\n<meta name=\"twitter:card\" content=\"summary_large_image\" \/>\n<meta name=\"twitter:site\" content=\"@BanxaHoldings\" \/>\n<script type=\"application\/ld+json\" class=\"yoast-schema-graph\">{\"@context\":\"https:\\\/\\\/schema.org\",\"@graph\":[{\"@type\":\"WebPage\",\"@id\":\"https:\\\/\\\/banxa.com\\\/pt-br\\\/informacoes-da-transacao\\\/\",\"url\":\"https:\\\/\\\/banxa.com\\\/pt-br\\\/informacoes-da-transacao\\\/\",\"name\":\"Informa\u00e7\u00f5es da Transa\u00e7\u00e3o - Banxa\",\"isPartOf\":{\"@id\":\"https:\\\/\\\/banxa.com\\\/pt-br\\\/#website\"},\"datePublished\":\"2025-05-05T08:07:07+00:00\",\"dateModified\":\"2026-04-23T19:59:11+00:00\",\"breadcrumb\":{\"@id\":\"https:\\\/\\\/banxa.com\\\/pt-br\\\/informacoes-da-transacao\\\/#breadcrumb\"},\"inLanguage\":\"pt-BR\",\"potentialAction\":[{\"@type\":\"ReadAction\",\"target\":[\"https:\\\/\\\/banxa.com\\\/pt-br\\\/informacoes-da-transacao\\\/\"]}]},{\"@type\":\"BreadcrumbList\",\"@id\":\"https:\\\/\\\/banxa.com\\\/pt-br\\\/informacoes-da-transacao\\\/#breadcrumb\",\"itemListElement\":[{\"@type\":\"ListItem\",\"position\":1,\"name\":\"Home\",\"item\":\"https:\\\/\\\/banxa.com\\\/pt-br\\\/\"},{\"@type\":\"ListItem\",\"position\":2,\"name\":\"Informa\u00e7\u00f5es da Transa\u00e7\u00e3o\"}]},{\"@type\":\"WebSite\",\"@id\":\"https:\\\/\\\/banxa.com\\\/pt-br\\\/#website\",\"url\":\"https:\\\/\\\/banxa.com\\\/pt-br\\\/\",\"name\":\"Banxa\",\"description\":\"\",\"publisher\":{\"@id\":\"https:\\\/\\\/banxa.com\\\/pt-br\\\/#organization\"},\"alternateName\":\"Banxa Holdings Inc.\",\"potentialAction\":[{\"@type\":\"SearchAction\",\"target\":{\"@type\":\"EntryPoint\",\"urlTemplate\":\"https:\\\/\\\/banxa.com\\\/pt-br\\\/?s={search_term_string}\"},\"query-input\":{\"@type\":\"PropertyValueSpecification\",\"valueRequired\":true,\"valueName\":\"search_term_string\"}}],\"inLanguage\":\"pt-BR\"},{\"@type\":\"Organization\",\"@id\":\"https:\\\/\\\/banxa.com\\\/pt-br\\\/#organization\",\"name\":\"Banxa\",\"alternateName\":\"Banxa Holdings Inc.\",\"url\":\"https:\\\/\\\/banxa.com\\\/pt-br\\\/\",\"logo\":{\"@type\":\"ImageObject\",\"inLanguage\":\"pt-BR\",\"@id\":\"https:\\\/\\\/banxa.com\\\/pt-br\\\/#\\\/schema\\\/logo\\\/image\\\/\",\"url\":\"https:\\\/\\\/banxa.com\\\/wp-content\\\/uploads\\\/2025\\\/02\\\/Banxa-Icon-RGB-Favicon.png\",\"contentUrl\":\"https:\\\/\\\/banxa.com\\\/wp-content\\\/uploads\\\/2025\\\/02\\\/Banxa-Icon-RGB-Favicon.png\",\"width\":520,\"height\":470,\"caption\":\"Banxa\"},\"image\":{\"@id\":\"https:\\\/\\\/banxa.com\\\/pt-br\\\/#\\\/schema\\\/logo\\\/image\\\/\"},\"sameAs\":[\"https:\\\/\\\/www.facebook.com\\\/Banxa.Official\\\/\",\"https:\\\/\\\/x.com\\\/BanxaHoldings\",\"https:\\\/\\\/www.instagram.com\\\/banxaofficial\\\/\",\"https:\\\/\\\/www.youtube.com\\\/channel\\\/UC1ENe9JnShhksGOaMaTyPvQ\",\"https:\\\/\\\/www.linkedin.com\\\/company\\\/banxa-com\"]}]}<\/script>\n<!-- \/ Yoast SEO plugin. -->","yoast_head_json":{"title":"Informa\u00e7\u00f5es da Transa\u00e7\u00e3o - Banxa","robots":{"index":"index","follow":"follow","max-snippet":"max-snippet:-1","max-image-preview":"max-image-preview:large","max-video-preview":"max-video-preview:-1"},"canonical":"https:\/\/banxa.com\/pt-br\/informacoes-da-transacao\/","og_locale":"pt_BR","og_type":"article","og_title":"Informa\u00e7\u00f5es da Transa\u00e7\u00e3o - Banxa","og_url":"https:\/\/banxa.com\/pt-br\/informacoes-da-transacao\/","og_site_name":"Banxa","article_publisher":"https:\/\/www.facebook.com\/Banxa.Official\/","article_modified_time":"2026-04-23T19:59:11+00:00","og_image":[{"width":1200,"height":675,"url":"https:\/\/banxa.com\/wp-content\/uploads\/2025\/04\/Banxa-Holdings-Inc-Cover-image.jpg","type":"image\/jpeg"}],"twitter_card":"summary_large_image","twitter_site":"@BanxaHoldings","schema":{"@context":"https:\/\/schema.org","@graph":[{"@type":"WebPage","@id":"https:\/\/banxa.com\/pt-br\/informacoes-da-transacao\/","url":"https:\/\/banxa.com\/pt-br\/informacoes-da-transacao\/","name":"Informa\u00e7\u00f5es da Transa\u00e7\u00e3o - Banxa","isPartOf":{"@id":"https:\/\/banxa.com\/pt-br\/#website"},"datePublished":"2025-05-05T08:07:07+00:00","dateModified":"2026-04-23T19:59:11+00:00","breadcrumb":{"@id":"https:\/\/banxa.com\/pt-br\/informacoes-da-transacao\/#breadcrumb"},"inLanguage":"pt-BR","potentialAction":[{"@type":"ReadAction","target":["https:\/\/banxa.com\/pt-br\/informacoes-da-transacao\/"]}]},{"@type":"BreadcrumbList","@id":"https:\/\/banxa.com\/pt-br\/informacoes-da-transacao\/#breadcrumb","itemListElement":[{"@type":"ListItem","position":1,"name":"Home","item":"https:\/\/banxa.com\/pt-br\/"},{"@type":"ListItem","position":2,"name":"Informa\u00e7\u00f5es da Transa\u00e7\u00e3o"}]},{"@type":"WebSite","@id":"https:\/\/banxa.com\/pt-br\/#website","url":"https:\/\/banxa.com\/pt-br\/","name":"Banxa","description":"","publisher":{"@id":"https:\/\/banxa.com\/pt-br\/#organization"},"alternateName":"Banxa Holdings Inc.","potentialAction":[{"@type":"SearchAction","target":{"@type":"EntryPoint","urlTemplate":"https:\/\/banxa.com\/pt-br\/?s={search_term_string}"},"query-input":{"@type":"PropertyValueSpecification","valueRequired":true,"valueName":"search_term_string"}}],"inLanguage":"pt-BR"},{"@type":"Organization","@id":"https:\/\/banxa.com\/pt-br\/#organization","name":"Banxa","alternateName":"Banxa Holdings Inc.","url":"https:\/\/banxa.com\/pt-br\/","logo":{"@type":"ImageObject","inLanguage":"pt-BR","@id":"https:\/\/banxa.com\/pt-br\/#\/schema\/logo\/image\/","url":"https:\/\/banxa.com\/wp-content\/uploads\/2025\/02\/Banxa-Icon-RGB-Favicon.png","contentUrl":"https:\/\/banxa.com\/wp-content\/uploads\/2025\/02\/Banxa-Icon-RGB-Favicon.png","width":520,"height":470,"caption":"Banxa"},"image":{"@id":"https:\/\/banxa.com\/pt-br\/#\/schema\/logo\/image\/"},"sameAs":["https:\/\/www.facebook.com\/Banxa.Official\/","https:\/\/x.com\/BanxaHoldings","https:\/\/www.instagram.com\/banxaofficial\/","https:\/\/www.youtube.com\/channel\/UC1ENe9JnShhksGOaMaTyPvQ","https:\/\/www.linkedin.com\/company\/banxa-com"]}]}},"_links":{"self":[{"href":"https:\/\/banxa.com\/pt-br\/wp-json\/wp\/v2\/pages\/5116","targetHints":{"allow":["GET"]}}],"collection":[{"href":"https:\/\/banxa.com\/pt-br\/wp-json\/wp\/v2\/pages"}],"about":[{"href":"https:\/\/banxa.com\/pt-br\/wp-json\/wp\/v2\/types\/page"}],"author":[{"embeddable":true,"href":"https:\/\/banxa.com\/pt-br\/wp-json\/wp\/v2\/users\/3"}],"replies":[{"embeddable":true,"href":"https:\/\/banxa.com\/pt-br\/wp-json\/wp\/v2\/comments?post=5116"}],"version-history":[{"count":0,"href":"https:\/\/banxa.com\/pt-br\/wp-json\/wp\/v2\/pages\/5116\/revisions"}],"wp:attachment":[{"href":"https:\/\/banxa.com\/pt-br\/wp-json\/wp\/v2\/media?parent=5116"}],"curies":[{"name":"wp","href":"https:\/\/api.w.org\/{rel}","templated":true}]}}