{"id":5107,"date":"2025-05-08T00:58:42","date_gmt":"2025-05-08T00:58:42","guid":{"rendered":"https:\/\/banxa.com\/imprensa\/"},"modified":"2026-04-23T19:58:56","modified_gmt":"2026-04-23T19:58:56","slug":"imprensa","status":"publish","type":"page","link":"https:\/\/banxa.com\/pt-br\/imprensa\/","title":{"rendered":"Imprensa"},"content":{"rendered":"\t\t<div data-elementor-type=\"wp-page\" data-elementor-id=\"5107\" class=\"elementor elementor-5107 elementor-3331\" data-elementor-post-type=\"page\">\n\t\t\t\t<div class=\"elementor-element elementor-element-c086965 e-flex e-con-boxed e-con e-parent\" data-id=\"c086965\" data-element_type=\"container\" data-e-type=\"container\">\n\t\t\t\t\t<div class=\"e-con-inner\">\n\t\t<div class=\"elementor-element elementor-element-3360dec e-con-full e-flex e-con e-child\" data-id=\"3360dec\" data-element_type=\"container\" data-e-type=\"container\" id=\"t0\">\n\t\t\t\t<div class=\"elementor-element elementor-element-c0c2b46 crosshtml elementor-widget elementor-widget-html\" data-id=\"c0c2b46\" data-element_type=\"widget\" data-e-type=\"widget\" data-widget_type=\"html.default\">\n\t\t\t\t\t    <div class=\"cross\" data-position=\"top-left\"><\/div>\n    <div class=\"cross\" data-position=\"top-right\"><\/div>\n    <div class=\"cross\" data-position=\"bottom-left\"><\/div>\n    <div class=\"cross\" data-position=\"bottom-right\"><\/div>\n\n\t\t\t\t<\/div>\n\t\t\t\t<\/div>\n\t\t<div class=\"elementor-element elementor-element-ccfb266 e-con-full newcontent e-flex e-con e-child\" data-id=\"ccfb266\" data-element_type=\"container\" data-e-type=\"container\">\n\t\t\t\t<div class=\"elementor-element elementor-element-5e443eb elementor-grid-2 elementor-posts--thumbnail-none elementor-grid-tablet-2 elementor-grid-mobile-1 elementor-posts__hover-gradient elementor-widget elementor-widget-posts\" data-id=\"5e443eb\" data-element_type=\"widget\" data-e-type=\"widget\" data-settings=\"{&quot;cards_columns&quot;:&quot;2&quot;,&quot;cards_row_gap&quot;:{&quot;unit&quot;:&quot;px&quot;,&quot;size&quot;:30,&quot;sizes&quot;:[]},&quot;cards_columns_tablet&quot;:&quot;2&quot;,&quot;cards_columns_mobile&quot;:&quot;1&quot;,&quot;cards_row_gap_tablet&quot;:{&quot;unit&quot;:&quot;px&quot;,&quot;size&quot;:&quot;&quot;,&quot;sizes&quot;:[]},&quot;cards_row_gap_mobile&quot;:{&quot;unit&quot;:&quot;px&quot;,&quot;size&quot;:&quot;&quot;,&quot;sizes&quot;:[]}}\" data-widget_type=\"posts.cards\">\n\t\t\t\t<div class=\"elementor-widget-container\">\n\t\t\t\t\t\t\t<div class=\"elementor-posts-container elementor-posts elementor-posts--skin-cards elementor-grid\" role=\"list\">\n\t\t\t\t<article class=\"elementor-post elementor-grid-item post-4431 page type-page status-publish hentry\" role=\"listitem\">\n\t\t\t<div class=\"elementor-post__card\">\n\t\t\t\t<div class=\"elementor-post__text\">\n\t\t\t\t<h3 class=\"elementor-post__title\">\n\t\t\t<a href=\"https:\/\/banxa.com\/pt-br\/banxa-brings-seamless-google-pay-experience-to-crypto\/\" >\n\t\t\t\tBanxa Brings Seamless Google Pay Experience to Crypto\t\t\t<\/a>\n\t\t<\/h3>\n\t\t\t\t<div class=\"elementor-post__excerpt\">\n\t\t\t<p>Imprensa Banxa is making crypto more accessible and convenient with Google Pay. Equipe Banxa April 2025 Have you ever been this close to making a purchase, only to hit one<\/p>\n\t\t<\/div>\n\t\t\t\t<\/div>\n\t\t\t\t<div class=\"elementor-post__meta-data\">\n\t\t\t\t\t<span class=\"elementor-post-date\">\n\t\t\t13 de abril de 2026\t\t<\/span>\n\t\t\t\t<\/div>\n\t\t\t\t\t<\/div>\n\t\t<\/article>\n\t\t\t\t<article class=\"elementor-post elementor-grid-item post-4472 page type-page status-publish hentry\" role=\"listitem\">\n\t\t\t<div class=\"elementor-post__card\">\n\t\t\t\t<div class=\"elementor-post__text\">\n\t\t\t\t<h3 class=\"elementor-post__title\">\n\t\t\t<a href=\"https:\/\/banxa.com\/pt-br\/gate-partners-with-banxa-to-accelerate-access-to-the-us-crypto-market\/\" >\n\t\t\t\tGate Partners with Banxa to Accelerate Access to the US Crypto Market\t\t\t<\/a>\n\t\t<\/h3>\n\t\t\t\t<div class=\"elementor-post__excerpt\">\n\t\t\t<p>Imprensa Equipe Banxa March 2026 Reno, United States \u2013 March 17, 2026 \u2014 Banxa, leading global infrastructure provider for digital assets, today announced an expansion of its strategic partnership with<\/p>\n\t\t<\/div>\n\t\t\t\t<\/div>\n\t\t\t\t<div class=\"elementor-post__meta-data\">\n\t\t\t\t\t<span class=\"elementor-post-date\">\n\t\t\t17 de mar\u00e7o de 2026\t\t<\/span>\n\t\t\t\t<\/div>\n\t\t\t\t\t<\/div>\n\t\t<\/article>\n\t\t\t\t<article class=\"elementor-post elementor-grid-item post-4486 page type-page status-publish hentry\" role=\"listitem\">\n\t\t\t<div class=\"elementor-post__card\">\n\t\t\t\t<div class=\"elementor-post__text\">\n\t\t\t\t<h3 class=\"elementor-post__title\">\n\t\t\t<a href=\"https:\/\/banxa.com\/pt-br\/ton-foundation-firma-parceria-com-a-banxa-para-habilitar-pagamentos-com-stablecoin-para-empresas-na-asia\/\" >\n\t\t\t\tTON Foundation Firma Parceria com a Banxa para Habilitar Pagamentos com Stablecoin para Empresas na \u00c1sia\t\t\t<\/a>\n\t\t<\/h3>\n\t\t\t\t<div class=\"elementor-post__excerpt\">\n\t\t\t<p>Imprensa A partnership that brings regulated, enterprise-grade stablecoin liquida\u00e7\u00e3o to thousands of SMEs across APAC using TON infraestrutura. Equipe Banxa Fevereiro de 2025 Reno, United States \u2013 16 de fevereiro<\/p>\n\t\t<\/div>\n\t\t\t\t<\/div>\n\t\t\t\t<div class=\"elementor-post__meta-data\">\n\t\t\t\t\t<span class=\"elementor-post-date\">\n\t\t\t16 de fevereiro de 2026\t\t<\/span>\n\t\t\t\t<\/div>\n\t\t\t\t\t<\/div>\n\t\t<\/article>\n\t\t\t\t<article class=\"elementor-post elementor-grid-item post-4499 page type-page status-publish has-post-thumbnail hentry\" role=\"listitem\">\n\t\t\t<div class=\"elementor-post__card\">\n\t\t\t\t<div class=\"elementor-post__text\">\n\t\t\t\t<h3 class=\"elementor-post__title\">\n\t\t\t<a href=\"https:\/\/banxa.com\/pt-br\/banxa-e-lancada-no-ecossistema-viction-com-a-coin98-super-wallet-como-primeira-a-entrar-em-operacao\/\" >\n\t\t\t\tBanxa \u00e9 Lan\u00e7ada no Ecossistema Viction com a Coin98 Super Wallet como Primeira a Entrar em Opera\u00e7\u00e3o\t\t\t<\/a>\n\t\t<\/h3>\n\t\t\t\t<div class=\"elementor-post__excerpt\">\n\t\t\t<p>Imprensa A Coin98 se torna a primeira aplica\u00e7\u00e3o baseada em Viction a ativar a solu\u00e7\u00e3o de on-ramp da Banxa, permitindo acesso r\u00e1pido, em conformidade e intuitivo a ativos digitais diretamente<\/p>\n\t\t<\/div>\n\t\t\t\t<\/div>\n\t\t\t\t<div class=\"elementor-post__meta-data\">\n\t\t\t\t\t<span class=\"elementor-post-date\">\n\t\t\t12 de fevereiro de 2026\t\t<\/span>\n\t\t\t\t<\/div>\n\t\t\t\t\t<\/div>\n\t\t<\/article>\n\t\t\t\t<article class=\"elementor-post elementor-grid-item post-4517 page type-page status-publish has-post-thumbnail hentry\" role=\"listitem\">\n\t\t\t<div class=\"elementor-post__card\">\n\t\t\t\t<div class=\"elementor-post__text\">\n\t\t\t\t<h3 class=\"elementor-post__title\">\n\t\t\t<a href=\"https:\/\/banxa.com\/pt-br\/banxa-aprofunda-suporte-ao-ecossistema-polkadot-adicionando-hydration-a-sua-rede-global-de-on-ramp\/\" >\n\t\t\t\tBanxa Aprofunda Suporte ao Ecossistema Polkadot, Adicionando Hydration \u00e0 Sua Rede Global de On-Ramp\t\t\t<\/a>\n\t\t<\/h3>\n\t\t\t\t<div class=\"elementor-post__excerpt\">\n\t\t\t<p>Imprensa Equipe Banxa 14 de Janeiro de 2026 Toronto, Ontario \u2013 14 de janeiro de 2026, Banxa, leading global infraestrutura provider for enabling embedded crypto for leading exchanges, carteiras and<\/p>\n\t\t<\/div>\n\t\t\t\t<\/div>\n\t\t\t\t<div class=\"elementor-post__meta-data\">\n\t\t\t\t\t<span class=\"elementor-post-date\">\n\t\t\t14 de janeiro de 2026\t\t<\/span>\n\t\t\t\t<\/div>\n\t\t\t\t\t<\/div>\n\t\t<\/article>\n\t\t\t\t<article class=\"elementor-post elementor-grid-item post-4531 page type-page status-publish hentry\" role=\"listitem\">\n\t\t\t<div class=\"elementor-post__card\">\n\t\t\t\t<div class=\"elementor-post__text\">\n\t\t\t\t<h3 class=\"elementor-post__title\">\n\t\t\t<a href=\"https:\/\/banxa.com\/pt-br\/banxa-contribui-para-o-relatorio-state-of-euro-stablecoins-2025-da-range-destacando-o-crescimento-sob-a-mica\/\" >\n\t\t\t\tBanxa Contribui para o Relat\u00f3rio State of Euro Stablecoins 2025 da Range, Destacando o Crescimento sob a MiCA\t\t\t<\/a>\n\t\t<\/h3>\n\t\t\t\t<div class=\"elementor-post__excerpt\">\n\t\t\t<p>Imprensa Equipe Banxa Dezembro de 2025 Toronto, Ont\u00e1rio \u2014 18 de dezembro de 2025, a Banxa, l\u00edder global em infraestrutura compat\u00edvel de fiat para cripto, anunciou seu envolvimento no The<\/p>\n\t\t<\/div>\n\t\t\t\t<\/div>\n\t\t\t\t<div class=\"elementor-post__meta-data\">\n\t\t\t\t\t<span class=\"elementor-post-date\">\n\t\t\t18 de dezembro de 2025\t\t<\/span>\n\t\t\t\t<\/div>\n\t\t\t\t\t<\/div>\n\t\t<\/article>\n\t\t\t\t<article class=\"elementor-post elementor-grid-item post-4544 page type-page status-publish has-post-thumbnail hentry\" role=\"listitem\">\n\t\t\t<div class=\"elementor-post__card\">\n\t\t\t\t<div class=\"elementor-post__text\">\n\t\t\t\t<h3 class=\"elementor-post__title\">\n\t\t\t<a href=\"https:\/\/banxa.com\/pt-br\/mezo-se-integra-com-a-banxa-para-habilitar-on-ramp-global-de-fiat-para-musd-e-financas-respaldadas-por-bitcoin\/\" >\n\t\t\t\tMezo se Integra com a Banxa para Habilitar On-Ramp Global de Fiat para MUSD e Finan\u00e7as Respaldadas por Bitcoin\t\t\t<\/a>\n\t\t<\/h3>\n\t\t\t\t<div class=\"elementor-post__excerpt\">\n\t\t\t<p>Imprensa Equipe Banxa Dezembro de 2025 Com o on-ramp global da Banxa, os usu\u00e1rios agora podem comprar a stablecoin nativa da Mezo (MUSD) e obter acesso ao ecossistema da Mezo<\/p>\n\t\t<\/div>\n\t\t\t\t<\/div>\n\t\t\t\t<div class=\"elementor-post__meta-data\">\n\t\t\t\t\t<span class=\"elementor-post-date\">\n\t\t\t10 de dezembro de 2025\t\t<\/span>\n\t\t\t\t<\/div>\n\t\t\t\t\t<\/div>\n\t\t<\/article>\n\t\t\t\t<article class=\"elementor-post elementor-grid-item post-4769 page type-page status-publish has-post-thumbnail hentry\" role=\"listitem\">\n\t\t\t<div class=\"elementor-post__card\">\n\t\t\t\t<div class=\"elementor-post__text\">\n\t\t\t\t<h3 class=\"elementor-post__title\">\n\t\t\t<a href=\"https:\/\/banxa.com\/pt-br\/banxa-adiciona-liquidez-de-stablecoin-para-bifrost-via-ecossistema-polkadot\/\" >\n\t\t\t\tBanxa Adiciona Liquidez de Stablecoin para Bifrost via Ecossistema Polkadot\t\t\t<\/a>\n\t\t<\/h3>\n\t\t\t\t<div class=\"elementor-post__excerpt\">\n\t\t\t<p>Imprensa Equipe Banxa Novembro de 2025 Toronto, Ontario \u2013 13 de novembro de 2025, Banxa, leading global infraestrutura provider for enabling embedded crypto, today revealed its integra\u00e7\u00e3o with Bifrost, a<\/p>\n\t\t<\/div>\n\t\t\t\t<\/div>\n\t\t\t\t<div class=\"elementor-post__meta-data\">\n\t\t\t\t\t<span class=\"elementor-post-date\">\n\t\t\t13 de novembro de 2025\t\t<\/span>\n\t\t\t\t<\/div>\n\t\t\t\t\t<\/div>\n\t\t<\/article>\n\t\t\t\t<article class=\"elementor-post elementor-grid-item post-4787 page type-page status-publish has-post-thumbnail hentry\" role=\"listitem\">\n\t\t\t<div class=\"elementor-post__card\">\n\t\t\t\t<div class=\"elementor-post__text\">\n\t\t\t\t<h3 class=\"elementor-post__title\">\n\t\t\t<a href=\"https:\/\/banxa.com\/pt-br\/enquanto-isso-investidores-recorrem-a-ativos-tokenizados-de-ouro-e-prata\/\" >\n\t\t\t\tEnquanto Isso, Investidores Recorrem a Ativos Tokenizados de Ouro e Prata\t\t\t<\/a>\n\t\t<\/h3>\n\t\t\t\t<div class=\"elementor-post__excerpt\">\n\t\t\t<p>Imprensa Equipe Banxa Novembro de 2025 Resumo Gold surged to $4,400\/oz, the focus now turns to silver as it breaks $50\/oz\u2013 signaling a historic rally in precious metals.\u200b Tokenised gold<\/p>\n\t\t<\/div>\n\t\t\t\t<\/div>\n\t\t\t\t<div class=\"elementor-post__meta-data\">\n\t\t\t\t\t<span class=\"elementor-post-date\">\n\t\t\t11 de novembro de 2025\t\t<\/span>\n\t\t\t\t<\/div>\n\t\t\t\t\t<\/div>\n\t\t<\/article>\n\t\t\t\t<article class=\"elementor-post elementor-grid-item post-4805 page type-page status-publish has-post-thumbnail hentry\" role=\"listitem\">\n\t\t\t<div class=\"elementor-post__card\">\n\t\t\t\t<div class=\"elementor-post__text\">\n\t\t\t\t<h3 class=\"elementor-post__title\">\n\t\t\t<a href=\"https:\/\/banxa.com\/pt-br\/banxa-expande-para-polkadot-potencializando-acesso-global-a-fiat-e-liquidez-de-stablecoins-para-desenvolvedores-e-usuarios\/\" >\n\t\t\t\tBanxa Expande para Polkadot, Potencializando Acesso Global a Fiat e Liquidez de Stablecoins para Desenvolvedores e Usu\u00e1rios\t\t\t<\/a>\n\t\t<\/h3>\n\t\t\t\t<div class=\"elementor-post__excerpt\">\n\t\t\t<p>Imprensa Equipe Banxa Novembro de 2025 Toronto, Ontario &#8211; November 6, 2025, Banxa, a provedora global l\u00edder de infraestrutura para cripto embarcado, anunciou hoje sua integra\u00e7\u00e3o com the Polkadot ecosystem,<\/p>\n\t\t<\/div>\n\t\t\t\t<\/div>\n\t\t\t\t<div class=\"elementor-post__meta-data\">\n\t\t\t\t\t<span class=\"elementor-post-date\">\n\t\t\t6 de novembro de 2025\t\t<\/span>\n\t\t\t\t<\/div>\n\t\t\t\t\t<\/div>\n\t\t<\/article>\n\t\t\t\t<article class=\"elementor-post elementor-grid-item post-4879 page type-page status-publish hentry\" role=\"listitem\">\n\t\t\t<div class=\"elementor-post__card\">\n\t\t\t\t<div class=\"elementor-post__text\">\n\t\t\t\t<h3 class=\"elementor-post__title\">\n\t\t\t<a href=\"https:\/\/banxa.com\/pt-br\/grandes-novidades-na-banxa\/\" >\n\t\t\t\tGrandes Novidades na Banxa!\t\t\t<\/a>\n\t\t<\/h3>\n\t\t\t\t<div class=\"elementor-post__excerpt\">\n\t\t\t<p>Imprensa Estivemos ocupados construindo, mas estamos entusiasmados em compartilhar algumas grandes novidades sobre a expans\u00e3o da Banxa. H\u00e1 muito para explorar \u00e0 medida que crescemos &#8211; juntos, ent\u00e3o continue lendo.<\/p>\n\t\t<\/div>\n\t\t\t\t<\/div>\n\t\t\t\t<div class=\"elementor-post__meta-data\">\n\t\t\t\t\t<span class=\"elementor-post-date\">\n\t\t\t30 de outubro de 2025\t\t<\/span>\n\t\t\t\t<\/div>\n\t\t\t\t\t<\/div>\n\t\t<\/article>\n\t\t\t\t<article class=\"elementor-post elementor-grid-item post-4967 page type-page status-publish has-post-thumbnail hentry\" role=\"listitem\">\n\t\t\t<div class=\"elementor-post__card\">\n\t\t\t\t<div class=\"elementor-post__text\">\n\t\t\t\t<h3 class=\"elementor-post__title\">\n\t\t\t<a href=\"https:\/\/banxa.com\/pt-br\/banxa-obtem-licenca-mica-na-holanda-expandindo-servicos-regulamentados-de-cripto-pela-europa\/\" >\n\t\t\t\tBanxa Obt\u00e9m Licen\u00e7a MiCA na Holanda, Expandindo Servi\u00e7os Regulamentados de Cripto pela Europa\t\t\t<\/a>\n\t\t<\/h3>\n\t\t\t\t<div class=\"elementor-post__excerpt\">\n\t\t\t<p>Imprensa A Banxa obteve uma licen\u00e7a MiCA nos Pa\u00edses Baixos, permitindo que sua entidade europeia opere como um Provedor de Servi\u00e7os de Criptoativos regulamentado em 30 pa\u00edses do EEE. Este<\/p>\n\t\t<\/div>\n\t\t\t\t<\/div>\n\t\t\t\t<div class=\"elementor-post__meta-data\">\n\t\t\t\t\t<span class=\"elementor-post-date\">\n\t\t\t13 de outubro de 2025\t\t<\/span>\n\t\t\t\t<\/div>\n\t\t\t\t\t<\/div>\n\t\t<\/article>\n\t\t\t\t<article class=\"elementor-post elementor-grid-item post-4993 page type-page status-publish has-post-thumbnail hentry\" role=\"listitem\">\n\t\t\t<div class=\"elementor-post__card\">\n\t\t\t\t<div class=\"elementor-post__text\">\n\t\t\t\t<h3 class=\"elementor-post__title\">\n\t\t\t<a href=\"https:\/\/banxa.com\/pt-br\/banxa-lanca-primeira-integracao-com-tezos-via-etherlink-proporcionando-acesso-facilitado-a-cripto\/\" >\n\t\t\t\tBanxa Lan\u00e7a Primeira Integra\u00e7\u00e3o com Tezos via Etherlink, Proporcionando Acesso Facilitado a Cripto\t\t\t<\/a>\n\t\t<\/h3>\n\t\t\t\t<div class=\"elementor-post__excerpt\">\n\t\t\t<p>Imprensa A Banxa lan\u00e7a solu\u00e7\u00f5es de cripto embarcadas para o ecossistema Tezos, permitindo que os usu\u00e1rios comprem ativos digitais diretamente em dApps Tezos, com suporte de sua rede global de<\/p>\n\t\t<\/div>\n\t\t\t\t<\/div>\n\t\t\t\t<div class=\"elementor-post__meta-data\">\n\t\t\t\t\t<span class=\"elementor-post-date\">\n\t\t\t6 de outubro de 2025\t\t<\/span>\n\t\t\t\t<\/div>\n\t\t\t\t\t<\/div>\n\t\t<\/article>\n\t\t\t\t<article class=\"elementor-post elementor-grid-item post-5029 page type-page status-publish hentry\" role=\"listitem\">\n\t\t\t<div class=\"elementor-post__card\">\n\t\t\t\t<div class=\"elementor-post__text\">\n\t\t\t\t<h3 class=\"elementor-post__title\">\n\t\t\t<a href=\"https:\/\/banxa.com\/pt-br\/uma-rede-local-em-todo-lugar\/\" >\n\t\t\t\tUma Rede. Local em Todo Lugar.\t\t\t<\/a>\n\t\t<\/h3>\n\t\t\t\t<div class=\"elementor-post__excerpt\">\n\t\t\t<p>Imprensa Estamos construindo infraestrutura de pagamentos globalmente licenciada: on-ramps e off-ramps locais sustentados por licenciamento robusto e vers\u00e1til, para que as empresas possam lan\u00e7ar e escalar casos de uso como<\/p>\n\t\t<\/div>\n\t\t\t\t<\/div>\n\t\t\t\t<div class=\"elementor-post__meta-data\">\n\t\t\t\t\t<span class=\"elementor-post-date\">\n\t\t\t19 de setembro de 2025\t\t<\/span>\n\t\t\t\t<\/div>\n\t\t\t\t\t<\/div>\n\t\t<\/article>\n\t\t\t\t<article class=\"elementor-post elementor-grid-item post-5057 page type-page status-publish has-post-thumbnail hentry\" role=\"listitem\">\n\t\t\t<div class=\"elementor-post__card\">\n\t\t\t\t<div class=\"elementor-post__text\">\n\t\t\t\t<h3 class=\"elementor-post__title\">\n\t\t\t<a href=\"https:\/\/banxa.com\/pt-br\/banxa-firma-parceria-com-concordium-para-habilitar-acesso-global-ao-ccd\/\" >\n\t\t\t\tBanxa Firma Parceria com Concordium para Habilitar Acesso Global ao CCD\t\t\t<\/a>\n\t\t<\/h3>\n\t\t\t\t<div class=\"elementor-post__excerpt\">\n\t\t\t<p>Imprensa Equipe Banxa Julho de 2025 Banxa is excited to announce our latest blockchain integra\u00e7\u00e3o: full support for the Concordium network and its native token, CCD. CCD will now be<\/p>\n\t\t<\/div>\n\t\t\t\t<\/div>\n\t\t\t\t<div class=\"elementor-post__meta-data\">\n\t\t\t\t\t<span class=\"elementor-post-date\">\n\t\t\t10 de julho de 2025\t\t<\/span>\n\t\t\t\t<\/div>\n\t\t\t\t\t<\/div>\n\t\t<\/article>\n\t\t\t\t<article class=\"elementor-post elementor-grid-item post-5098 page type-page status-publish hentry\" role=\"listitem\">\n\t\t\t<div class=\"elementor-post__card\">\n\t\t\t\t<div class=\"elementor-post__text\">\n\t\t\t\t<h3 class=\"elementor-post__title\">\n\t\t\t<a href=\"https:\/\/banxa.com\/pt-br\/banxa-agora-suporta-a-stablecoin-ripple-usd-rlusd\/\" >\n\t\t\t\tBanxa Agora Suporta a Stablecoin Ripple USD (RLUSD)\t\t\t<\/a>\n\t\t<\/h3>\n\t\t\t\t<div class=\"elementor-post__excerpt\">\n\t\t\t<p>Imprensa Equipe Banxa Maio de 2025 Banxa is excited to announce support for Ripple USD (RLUSD). RLUSD is a USD-backed stablecoin, fully backed 1:1 by a reserve of cash and<\/p>\n\t\t<\/div>\n\t\t\t\t<\/div>\n\t\t\t\t<div class=\"elementor-post__meta-data\">\n\t\t\t\t\t<span class=\"elementor-post-date\">\n\t\t\t8 de maio de 2025\t\t<\/span>\n\t\t\t\t<\/div>\n\t\t\t\t\t<\/div>\n\t\t<\/article>\n\t\t\t\t<\/div>\n\t\t\n\t\t\t\t\t\t<\/div>\n\t\t\t\t<\/div>\n\t\t\t\t<\/div>\n\t\t\t\t\t<\/div>\n\t\t\t\t<\/div>\n\t\t\t\t<\/div>\n\t\t","protected":false},"excerpt":{"rendered":"","protected":false},"author":3,"featured_media":0,"parent":0,"menu_order":0,"comment_status":"closed","ping_status":"closed","template":"","meta":{"footnotes":""},"class_list":["post-5107","page","type-page","status-publish","hentry"],"yoast_head":"<!-- This site is optimized with the Yoast SEO plugin v27.5 - https:\/\/yoast.com\/product\/yoast-seo-wordpress\/ -->\n<title>Imprensa - Banxa<\/title>\n<meta name=\"description\" content=\"Comunicados de imprensa, cobertura da m\u00eddia e mais.\" \/>\n<meta name=\"robots\" content=\"index, follow, max-snippet:-1, max-image-preview:large, max-video-preview:-1\" \/>\n<link rel=\"canonical\" href=\"https:\/\/banxa.com\/pt-br\/imprensa\/\" \/>\n<meta property=\"og:locale\" content=\"pt_BR\" \/>\n<meta property=\"og:type\" content=\"article\" \/>\n<meta property=\"og:title\" content=\"Imprensa - Banxa\" \/>\n<meta property=\"og:description\" content=\"Comunicados de imprensa, cobertura da m\u00eddia e mais.\" \/>\n<meta property=\"og:url\" content=\"https:\/\/banxa.com\/pt-br\/imprensa\/\" \/>\n<meta property=\"og:site_name\" content=\"Banxa\" \/>\n<meta property=\"article:publisher\" content=\"https:\/\/www.facebook.com\/Banxa.Official\/\" \/>\n<meta property=\"article:modified_time\" content=\"2026-04-23T19:58:56+00:00\" \/>\n<meta property=\"og:image\" content=\"https:\/\/banxa.com\/wp-content\/uploads\/2025\/04\/Banxa-Holdings-Inc-Cover-image.jpg\" \/>\n\t<meta property=\"og:image:width\" content=\"1200\" \/>\n\t<meta property=\"og:image:height\" content=\"675\" \/>\n\t<meta property=\"og:image:type\" content=\"image\/jpeg\" \/>\n<meta name=\"twitter:card\" content=\"summary_large_image\" \/>\n<meta name=\"twitter:site\" content=\"@BanxaHoldings\" \/>\n<script type=\"application\/ld+json\" class=\"yoast-schema-graph\">{\"@context\":\"https:\\\/\\\/schema.org\",\"@graph\":[{\"@type\":\"WebPage\",\"@id\":\"https:\\\/\\\/banxa.com\\\/pt-br\\\/imprensa\\\/\",\"url\":\"https:\\\/\\\/banxa.com\\\/pt-br\\\/imprensa\\\/\",\"name\":\"Imprensa - Banxa\",\"isPartOf\":{\"@id\":\"https:\\\/\\\/banxa.com\\\/pt-br\\\/#website\"},\"datePublished\":\"2025-05-08T00:58:42+00:00\",\"dateModified\":\"2026-04-23T19:58:56+00:00\",\"description\":\"Comunicados de imprensa, cobertura da m\u00eddia e mais.\",\"breadcrumb\":{\"@id\":\"https:\\\/\\\/banxa.com\\\/pt-br\\\/imprensa\\\/#breadcrumb\"},\"inLanguage\":\"pt-BR\",\"potentialAction\":[{\"@type\":\"ReadAction\",\"target\":[\"https:\\\/\\\/banxa.com\\\/pt-br\\\/imprensa\\\/\"]}]},{\"@type\":\"BreadcrumbList\",\"@id\":\"https:\\\/\\\/banxa.com\\\/pt-br\\\/imprensa\\\/#breadcrumb\",\"itemListElement\":[{\"@type\":\"ListItem\",\"position\":1,\"name\":\"Home\",\"item\":\"https:\\\/\\\/banxa.com\\\/pt-br\\\/\"},{\"@type\":\"ListItem\",\"position\":2,\"name\":\"Imprensa\"}]},{\"@type\":\"WebSite\",\"@id\":\"https:\\\/\\\/banxa.com\\\/pt-br\\\/#website\",\"url\":\"https:\\\/\\\/banxa.com\\\/pt-br\\\/\",\"name\":\"Banxa\",\"description\":\"\",\"publisher\":{\"@id\":\"https:\\\/\\\/banxa.com\\\/pt-br\\\/#organization\"},\"alternateName\":\"Banxa Holdings Inc.\",\"potentialAction\":[{\"@type\":\"SearchAction\",\"target\":{\"@type\":\"EntryPoint\",\"urlTemplate\":\"https:\\\/\\\/banxa.com\\\/pt-br\\\/?s={search_term_string}\"},\"query-input\":{\"@type\":\"PropertyValueSpecification\",\"valueRequired\":true,\"valueName\":\"search_term_string\"}}],\"inLanguage\":\"pt-BR\"},{\"@type\":\"Organization\",\"@id\":\"https:\\\/\\\/banxa.com\\\/pt-br\\\/#organization\",\"name\":\"Banxa\",\"alternateName\":\"Banxa Holdings Inc.\",\"url\":\"https:\\\/\\\/banxa.com\\\/pt-br\\\/\",\"logo\":{\"@type\":\"ImageObject\",\"inLanguage\":\"pt-BR\",\"@id\":\"https:\\\/\\\/banxa.com\\\/pt-br\\\/#\\\/schema\\\/logo\\\/image\\\/\",\"url\":\"https:\\\/\\\/banxa.com\\\/wp-content\\\/uploads\\\/2025\\\/02\\\/Banxa-Icon-RGB-Favicon.png\",\"contentUrl\":\"https:\\\/\\\/banxa.com\\\/wp-content\\\/uploads\\\/2025\\\/02\\\/Banxa-Icon-RGB-Favicon.png\",\"width\":520,\"height\":470,\"caption\":\"Banxa\"},\"image\":{\"@id\":\"https:\\\/\\\/banxa.com\\\/pt-br\\\/#\\\/schema\\\/logo\\\/image\\\/\"},\"sameAs\":[\"https:\\\/\\\/www.facebook.com\\\/Banxa.Official\\\/\",\"https:\\\/\\\/x.com\\\/BanxaHoldings\",\"https:\\\/\\\/www.instagram.com\\\/banxaofficial\\\/\",\"https:\\\/\\\/www.youtube.com\\\/channel\\\/UC1ENe9JnShhksGOaMaTyPvQ\",\"https:\\\/\\\/www.linkedin.com\\\/company\\\/banxa-com\"]}]}<\/script>\n<!-- \/ Yoast SEO plugin. -->","yoast_head_json":{"title":"Imprensa - Banxa","description":"Comunicados de imprensa, cobertura da m\u00eddia e mais.","robots":{"index":"index","follow":"follow","max-snippet":"max-snippet:-1","max-image-preview":"max-image-preview:large","max-video-preview":"max-video-preview:-1"},"canonical":"https:\/\/banxa.com\/pt-br\/imprensa\/","og_locale":"pt_BR","og_type":"article","og_title":"Imprensa - Banxa","og_description":"Comunicados de imprensa, cobertura da m\u00eddia e mais.","og_url":"https:\/\/banxa.com\/pt-br\/imprensa\/","og_site_name":"Banxa","article_publisher":"https:\/\/www.facebook.com\/Banxa.Official\/","article_modified_time":"2026-04-23T19:58:56+00:00","og_image":[{"width":1200,"height":675,"url":"https:\/\/banxa.com\/wp-content\/uploads\/2025\/04\/Banxa-Holdings-Inc-Cover-image.jpg","type":"image\/jpeg"}],"twitter_card":"summary_large_image","twitter_site":"@BanxaHoldings","schema":{"@context":"https:\/\/schema.org","@graph":[{"@type":"WebPage","@id":"https:\/\/banxa.com\/pt-br\/imprensa\/","url":"https:\/\/banxa.com\/pt-br\/imprensa\/","name":"Imprensa - Banxa","isPartOf":{"@id":"https:\/\/banxa.com\/pt-br\/#website"},"datePublished":"2025-05-08T00:58:42+00:00","dateModified":"2026-04-23T19:58:56+00:00","description":"Comunicados de imprensa, cobertura da m\u00eddia e mais.","breadcrumb":{"@id":"https:\/\/banxa.com\/pt-br\/imprensa\/#breadcrumb"},"inLanguage":"pt-BR","potentialAction":[{"@type":"ReadAction","target":["https:\/\/banxa.com\/pt-br\/imprensa\/"]}]},{"@type":"BreadcrumbList","@id":"https:\/\/banxa.com\/pt-br\/imprensa\/#breadcrumb","itemListElement":[{"@type":"ListItem","position":1,"name":"Home","item":"https:\/\/banxa.com\/pt-br\/"},{"@type":"ListItem","position":2,"name":"Imprensa"}]},{"@type":"WebSite","@id":"https:\/\/banxa.com\/pt-br\/#website","url":"https:\/\/banxa.com\/pt-br\/","name":"Banxa","description":"","publisher":{"@id":"https:\/\/banxa.com\/pt-br\/#organization"},"alternateName":"Banxa Holdings Inc.","potentialAction":[{"@type":"SearchAction","target":{"@type":"EntryPoint","urlTemplate":"https:\/\/banxa.com\/pt-br\/?s={search_term_string}"},"query-input":{"@type":"PropertyValueSpecification","valueRequired":true,"valueName":"search_term_string"}}],"inLanguage":"pt-BR"},{"@type":"Organization","@id":"https:\/\/banxa.com\/pt-br\/#organization","name":"Banxa","alternateName":"Banxa Holdings Inc.","url":"https:\/\/banxa.com\/pt-br\/","logo":{"@type":"ImageObject","inLanguage":"pt-BR","@id":"https:\/\/banxa.com\/pt-br\/#\/schema\/logo\/image\/","url":"https:\/\/banxa.com\/wp-content\/uploads\/2025\/02\/Banxa-Icon-RGB-Favicon.png","contentUrl":"https:\/\/banxa.com\/wp-content\/uploads\/2025\/02\/Banxa-Icon-RGB-Favicon.png","width":520,"height":470,"caption":"Banxa"},"image":{"@id":"https:\/\/banxa.com\/pt-br\/#\/schema\/logo\/image\/"},"sameAs":["https:\/\/www.facebook.com\/Banxa.Official\/","https:\/\/x.com\/BanxaHoldings","https:\/\/www.instagram.com\/banxaofficial\/","https:\/\/www.youtube.com\/channel\/UC1ENe9JnShhksGOaMaTyPvQ","https:\/\/www.linkedin.com\/company\/banxa-com"]}]}},"_links":{"self":[{"href":"https:\/\/banxa.com\/pt-br\/wp-json\/wp\/v2\/pages\/5107","targetHints":{"allow":["GET"]}}],"collection":[{"href":"https:\/\/banxa.com\/pt-br\/wp-json\/wp\/v2\/pages"}],"about":[{"href":"https:\/\/banxa.com\/pt-br\/wp-json\/wp\/v2\/types\/page"}],"author":[{"embeddable":true,"href":"https:\/\/banxa.com\/pt-br\/wp-json\/wp\/v2\/users\/3"}],"replies":[{"embeddable":true,"href":"https:\/\/banxa.com\/pt-br\/wp-json\/wp\/v2\/comments?post=5107"}],"version-history":[{"count":0,"href":"https:\/\/banxa.com\/pt-br\/wp-json\/wp\/v2\/pages\/5107\/revisions"}],"wp:attachment":[{"href":"https:\/\/banxa.com\/pt-br\/wp-json\/wp\/v2\/media?parent=5107"}],"curies":[{"name":"wp","href":"https:\/\/api.w.org\/{rel}","templated":true}]}}