{"id":5089,"date":"2025-05-15T07:31:25","date_gmt":"2025-05-15T07:31:25","guid":{"rendered":"https:\/\/banxa.com\/seguranca\/"},"modified":"2026-04-23T19:58:26","modified_gmt":"2026-04-23T19:58:26","slug":"seguranca","status":"publish","type":"page","link":"https:\/\/banxa.com\/pt-br\/seguranca\/","title":{"rendered":"Seguran\u00e7a"},"content":{"rendered":"\n<h3 class=\"wp-block-heading\">Cust\u00f3dia<\/h3>\n\n<p>A Banxa \u00e9 um agente n\u00e3o custodial em todas as negocia\u00e7\u00f5es com clientes. A Banxa n\u00e3o custodia nenhum fundo de cliente comprado na plataforma e transfere ativos diretamente para\/das carteiras indicadas pelo cliente. Se um cliente que deseja usar os servi\u00e7os da Banxa n\u00e3o possui uma carteira, solicitamos que gere uma antes de continuar a compra de cripto.<\/p>\n\n<h3 class=\"wp-block-heading\">Dados de Pagamento e do Cliente<\/h3>\n\n<p>All data sent to or from Banxa&#8217;s infraestrutura is encrypted in transit using Transport Layer Security (TLS) version 1.2 or later. All Banxa data is encrypted at rest using AES-256 block-level storage encryption and stored in ISO27001 and PCI DSS compliant data centers. Banxa is compliant to the General Data Protection Regulation (GDPR), ensuring that all customer and employee personal information is treated with the highest level of security and in a lawful manner. All payment information is processed and stored following the strict Payment Card Industry Data Security Standards (PCI DSS).<\/p>\n\n<h3 class=\"wp-block-heading\">Desenvolvimento Seguro<\/h3>\n\n<p>Banxa employs processes and tooling to continuously deliver secure software to our cloud infraestrutura and applications. All code changes go through a code review process and are subject to static application security testing (SAST) to detect insecure code patterns. All dependencies are automatically updated and Banxa&#8217;s security team works hand in hand with engineering teams to provide assistance during the different stages of the software development lifecycle (SDLC). Banxa engineers participate in regular security training to educate about common vulnerabilities and secure development practices.<\/p>\n\n<h3 class=\"wp-block-heading\">Seguran\u00e7a Interna<\/h3>\n\n<p>Os funcion\u00e1rios da Banxa s\u00e3o obrigados a usar dispositivos fornecidos pela empresa que s\u00e3o gerenciados atrav\u00e9s de uma solu\u00e7\u00e3o de gerenciamento de dispositivos m\u00f3veis. Isso permite que nossas equipes de seguran\u00e7a e TI apliquem pol\u00edticas de seguran\u00e7a, implantem outras solu\u00e7\u00f5es de prote\u00e7\u00e3o de endpoint e gerenciem dispositivos remotamente. Todos os funcion\u00e1rios s\u00e3o obrigados a usar Single Sign-On e Autentica\u00e7\u00e3o Multifator para acessar aplica\u00e7\u00f5es e servi\u00e7os de terceiros. Funcion\u00e1<\/p>\n\n<p>emprego e recebem treinamento sobre diretrizes de seguran\u00e7a e conscientiza\u00e7\u00e3o cont\u00ednua. Os funcion\u00e1rios s\u00e3o mantidos em padr\u00f5es rigorosos de seguran\u00e7a e interagem regularmente com a equipe de Seguran\u00e7a.<\/p>\n\n<h3 class=\"wp-block-heading\">Seguran\u00e7a de Endpoint<\/h3>\n\n<p>Todos os dispositivos gerenciados pela Banxa s\u00e3o protegidos usando servi\u00e7os de Detec\u00e7\u00e3o e Resposta de Endpoint (EDR) de n\u00edvel empresarial, que s\u00e3o monitorados 24 horas por dia, 7 dias por semana, por uma equipe dedicada de profissionais de seguran\u00e7a. A Banxa tamb\u00e9m realiza varreduras regulares em busca de vulnerabilidades rec\u00e9m-descobertas e as mitiga em tempo h\u00e1bil.<\/p>\n","protected":false},"excerpt":{"rendered":"<p>Cust\u00f3dia A Banxa \u00e9 um agente n\u00e3o custodial em todas as negocia\u00e7\u00f5es com clientes. A Banxa n\u00e3o custodia nenhum fundo de cliente comprado na plataforma e transfere ativos diretamente para\/das carteiras indicadas pelo cliente. Se um cliente que deseja usar os servi\u00e7os da Banxa n\u00e3o possui uma carteira, solicitamos que gere uma antes de continuar [&hellip;]<\/p>\n","protected":false},"author":3,"featured_media":0,"parent":0,"menu_order":0,"comment_status":"closed","ping_status":"closed","template":"","meta":{"footnotes":""},"class_list":["post-5089","page","type-page","status-publish","hentry"],"yoast_head":"<!-- This site is optimized with the Yoast SEO plugin v27.5 - https:\/\/yoast.com\/product\/yoast-seo-wordpress\/ -->\n<title>Seguran\u00e7a - Banxa<\/title>\n<meta name=\"robots\" content=\"index, follow, max-snippet:-1, max-image-preview:large, max-video-preview:-1\" \/>\n<link rel=\"canonical\" href=\"https:\/\/banxa.com\/pt-br\/seguranca\/\" \/>\n<meta property=\"og:locale\" content=\"pt_BR\" \/>\n<meta property=\"og:type\" content=\"article\" \/>\n<meta property=\"og:title\" content=\"Seguran\u00e7a - Banxa\" \/>\n<meta property=\"og:description\" content=\"Cust\u00f3dia A Banxa \u00e9 um agente n\u00e3o custodial em todas as negocia\u00e7\u00f5es com clientes. A Banxa n\u00e3o custodia nenhum fundo de cliente comprado na plataforma e transfere ativos diretamente para\/das carteiras indicadas pelo cliente. Se um cliente que deseja usar os servi\u00e7os da Banxa n\u00e3o possui uma carteira, solicitamos que gere uma antes de continuar [&hellip;]\" \/>\n<meta property=\"og:url\" content=\"https:\/\/banxa.com\/pt-br\/seguranca\/\" \/>\n<meta property=\"og:site_name\" content=\"Banxa\" \/>\n<meta property=\"article:publisher\" content=\"https:\/\/www.facebook.com\/Banxa.Official\/\" \/>\n<meta property=\"article:modified_time\" content=\"2026-04-23T19:58:26+00:00\" \/>\n<meta property=\"og:image\" content=\"https:\/\/banxa.com\/wp-content\/uploads\/2025\/04\/Banxa-Holdings-Inc-Cover-image.jpg\" \/>\n\t<meta property=\"og:image:width\" content=\"1200\" \/>\n\t<meta property=\"og:image:height\" content=\"675\" \/>\n\t<meta property=\"og:image:type\" content=\"image\/jpeg\" \/>\n<meta name=\"twitter:card\" content=\"summary_large_image\" \/>\n<meta name=\"twitter:site\" content=\"@BanxaHoldings\" \/>\n<meta name=\"twitter:label1\" content=\"Est. tempo de leitura\" \/>\n\t<meta name=\"twitter:data1\" content=\"2 minutos\" \/>\n<script type=\"application\/ld+json\" class=\"yoast-schema-graph\">{\"@context\":\"https:\\\/\\\/schema.org\",\"@graph\":[{\"@type\":\"WebPage\",\"@id\":\"https:\\\/\\\/banxa.com\\\/pt-br\\\/seguranca\\\/\",\"url\":\"https:\\\/\\\/banxa.com\\\/pt-br\\\/seguranca\\\/\",\"name\":\"Seguran\u00e7a - Banxa\",\"isPartOf\":{\"@id\":\"https:\\\/\\\/banxa.com\\\/pt-br\\\/#website\"},\"datePublished\":\"2025-05-15T07:31:25+00:00\",\"dateModified\":\"2026-04-23T19:58:26+00:00\",\"breadcrumb\":{\"@id\":\"https:\\\/\\\/banxa.com\\\/pt-br\\\/seguranca\\\/#breadcrumb\"},\"inLanguage\":\"pt-BR\",\"potentialAction\":[{\"@type\":\"ReadAction\",\"target\":[\"https:\\\/\\\/banxa.com\\\/pt-br\\\/seguranca\\\/\"]}]},{\"@type\":\"BreadcrumbList\",\"@id\":\"https:\\\/\\\/banxa.com\\\/pt-br\\\/seguranca\\\/#breadcrumb\",\"itemListElement\":[{\"@type\":\"ListItem\",\"position\":1,\"name\":\"Home\",\"item\":\"https:\\\/\\\/banxa.com\\\/pt-br\\\/\"},{\"@type\":\"ListItem\",\"position\":2,\"name\":\"Seguran\u00e7a\"}]},{\"@type\":\"WebSite\",\"@id\":\"https:\\\/\\\/banxa.com\\\/pt-br\\\/#website\",\"url\":\"https:\\\/\\\/banxa.com\\\/pt-br\\\/\",\"name\":\"Banxa\",\"description\":\"\",\"publisher\":{\"@id\":\"https:\\\/\\\/banxa.com\\\/pt-br\\\/#organization\"},\"alternateName\":\"Banxa Holdings Inc.\",\"potentialAction\":[{\"@type\":\"SearchAction\",\"target\":{\"@type\":\"EntryPoint\",\"urlTemplate\":\"https:\\\/\\\/banxa.com\\\/pt-br\\\/?s={search_term_string}\"},\"query-input\":{\"@type\":\"PropertyValueSpecification\",\"valueRequired\":true,\"valueName\":\"search_term_string\"}}],\"inLanguage\":\"pt-BR\"},{\"@type\":\"Organization\",\"@id\":\"https:\\\/\\\/banxa.com\\\/pt-br\\\/#organization\",\"name\":\"Banxa\",\"alternateName\":\"Banxa Holdings Inc.\",\"url\":\"https:\\\/\\\/banxa.com\\\/pt-br\\\/\",\"logo\":{\"@type\":\"ImageObject\",\"inLanguage\":\"pt-BR\",\"@id\":\"https:\\\/\\\/banxa.com\\\/pt-br\\\/#\\\/schema\\\/logo\\\/image\\\/\",\"url\":\"https:\\\/\\\/banxa.com\\\/wp-content\\\/uploads\\\/2025\\\/02\\\/Banxa-Icon-RGB-Favicon.png\",\"contentUrl\":\"https:\\\/\\\/banxa.com\\\/wp-content\\\/uploads\\\/2025\\\/02\\\/Banxa-Icon-RGB-Favicon.png\",\"width\":520,\"height\":470,\"caption\":\"Banxa\"},\"image\":{\"@id\":\"https:\\\/\\\/banxa.com\\\/pt-br\\\/#\\\/schema\\\/logo\\\/image\\\/\"},\"sameAs\":[\"https:\\\/\\\/www.facebook.com\\\/Banxa.Official\\\/\",\"https:\\\/\\\/x.com\\\/BanxaHoldings\",\"https:\\\/\\\/www.instagram.com\\\/banxaofficial\\\/\",\"https:\\\/\\\/www.youtube.com\\\/channel\\\/UC1ENe9JnShhksGOaMaTyPvQ\",\"https:\\\/\\\/www.linkedin.com\\\/company\\\/banxa-com\"]}]}<\/script>\n<!-- \/ Yoast SEO plugin. -->","yoast_head_json":{"title":"Seguran\u00e7a - Banxa","robots":{"index":"index","follow":"follow","max-snippet":"max-snippet:-1","max-image-preview":"max-image-preview:large","max-video-preview":"max-video-preview:-1"},"canonical":"https:\/\/banxa.com\/pt-br\/seguranca\/","og_locale":"pt_BR","og_type":"article","og_title":"Seguran\u00e7a - Banxa","og_description":"Cust\u00f3dia A Banxa \u00e9 um agente n\u00e3o custodial em todas as negocia\u00e7\u00f5es com clientes. A Banxa n\u00e3o custodia nenhum fundo de cliente comprado na plataforma e transfere ativos diretamente para\/das carteiras indicadas pelo cliente. Se um cliente que deseja usar os servi\u00e7os da Banxa n\u00e3o possui uma carteira, solicitamos que gere uma antes de continuar [&hellip;]","og_url":"https:\/\/banxa.com\/pt-br\/seguranca\/","og_site_name":"Banxa","article_publisher":"https:\/\/www.facebook.com\/Banxa.Official\/","article_modified_time":"2026-04-23T19:58:26+00:00","og_image":[{"width":1200,"height":675,"url":"https:\/\/banxa.com\/wp-content\/uploads\/2025\/04\/Banxa-Holdings-Inc-Cover-image.jpg","type":"image\/jpeg"}],"twitter_card":"summary_large_image","twitter_site":"@BanxaHoldings","twitter_misc":{"Est. tempo de leitura":"2 minutos"},"schema":{"@context":"https:\/\/schema.org","@graph":[{"@type":"WebPage","@id":"https:\/\/banxa.com\/pt-br\/seguranca\/","url":"https:\/\/banxa.com\/pt-br\/seguranca\/","name":"Seguran\u00e7a - Banxa","isPartOf":{"@id":"https:\/\/banxa.com\/pt-br\/#website"},"datePublished":"2025-05-15T07:31:25+00:00","dateModified":"2026-04-23T19:58:26+00:00","breadcrumb":{"@id":"https:\/\/banxa.com\/pt-br\/seguranca\/#breadcrumb"},"inLanguage":"pt-BR","potentialAction":[{"@type":"ReadAction","target":["https:\/\/banxa.com\/pt-br\/seguranca\/"]}]},{"@type":"BreadcrumbList","@id":"https:\/\/banxa.com\/pt-br\/seguranca\/#breadcrumb","itemListElement":[{"@type":"ListItem","position":1,"name":"Home","item":"https:\/\/banxa.com\/pt-br\/"},{"@type":"ListItem","position":2,"name":"Seguran\u00e7a"}]},{"@type":"WebSite","@id":"https:\/\/banxa.com\/pt-br\/#website","url":"https:\/\/banxa.com\/pt-br\/","name":"Banxa","description":"","publisher":{"@id":"https:\/\/banxa.com\/pt-br\/#organization"},"alternateName":"Banxa Holdings Inc.","potentialAction":[{"@type":"SearchAction","target":{"@type":"EntryPoint","urlTemplate":"https:\/\/banxa.com\/pt-br\/?s={search_term_string}"},"query-input":{"@type":"PropertyValueSpecification","valueRequired":true,"valueName":"search_term_string"}}],"inLanguage":"pt-BR"},{"@type":"Organization","@id":"https:\/\/banxa.com\/pt-br\/#organization","name":"Banxa","alternateName":"Banxa Holdings Inc.","url":"https:\/\/banxa.com\/pt-br\/","logo":{"@type":"ImageObject","inLanguage":"pt-BR","@id":"https:\/\/banxa.com\/pt-br\/#\/schema\/logo\/image\/","url":"https:\/\/banxa.com\/wp-content\/uploads\/2025\/02\/Banxa-Icon-RGB-Favicon.png","contentUrl":"https:\/\/banxa.com\/wp-content\/uploads\/2025\/02\/Banxa-Icon-RGB-Favicon.png","width":520,"height":470,"caption":"Banxa"},"image":{"@id":"https:\/\/banxa.com\/pt-br\/#\/schema\/logo\/image\/"},"sameAs":["https:\/\/www.facebook.com\/Banxa.Official\/","https:\/\/x.com\/BanxaHoldings","https:\/\/www.instagram.com\/banxaofficial\/","https:\/\/www.youtube.com\/channel\/UC1ENe9JnShhksGOaMaTyPvQ","https:\/\/www.linkedin.com\/company\/banxa-com"]}]}},"_links":{"self":[{"href":"https:\/\/banxa.com\/pt-br\/wp-json\/wp\/v2\/pages\/5089","targetHints":{"allow":["GET"]}}],"collection":[{"href":"https:\/\/banxa.com\/pt-br\/wp-json\/wp\/v2\/pages"}],"about":[{"href":"https:\/\/banxa.com\/pt-br\/wp-json\/wp\/v2\/types\/page"}],"author":[{"embeddable":true,"href":"https:\/\/banxa.com\/pt-br\/wp-json\/wp\/v2\/users\/3"}],"replies":[{"embeddable":true,"href":"https:\/\/banxa.com\/pt-br\/wp-json\/wp\/v2\/comments?post=5089"}],"version-history":[{"count":0,"href":"https:\/\/banxa.com\/pt-br\/wp-json\/wp\/v2\/pages\/5089\/revisions"}],"wp:attachment":[{"href":"https:\/\/banxa.com\/pt-br\/wp-json\/wp\/v2\/media?parent=5089"}],"curies":[{"name":"wp","href":"https:\/\/api.w.org\/{rel}","templated":true}]}}