{"id":5080,"date":"2025-05-16T02:33:53","date_gmt":"2025-05-16T02:33:53","guid":{"rendered":"https:\/\/banxa.com\/divulgacao-de-conflitos-de-interesse\/"},"modified":"2026-04-23T19:58:14","modified_gmt":"2026-04-23T19:58:14","slug":"divulgacao-de-conflitos-de-interesse","status":"publish","type":"page","link":"https:\/\/banxa.com\/pt-br\/divulgacao-de-conflitos-de-interesse\/","title":{"rendered":"Divulga\u00e7\u00e3o de Conflitos de Interesse"},"content":{"rendered":"\n<p>A EU Internet Ventures B.V. (\u201cEUIV\u201d), entidade europeia da Banxa, \u00e9 obrigada a implementar e manter pol\u00edticas e procedimentos eficazes para identificar, prevenir, gerenciar e divulgar conflitos de interesse. Por meio desta divulga\u00e7\u00e3o, a EUIV visa inform\u00e1-lo sobre a natureza geral e as fontes de conflitos de interesse que surgiram ou possam surgir, e as medidas que a EUIV adotou para mitigar esses conflitos de interesse.<\/p>\n\n<h3 class=\"wp-block-heading\">Natureza geral e fontes de conflitos de interesse<\/h3>\n\n<p>A EUIV identificou duas categorias de potenciais conflitos de interesse:<\/p>\n\n<ul class=\"wp-block-list\">\n<li>Conflitos de interesse potencialmente prejudiciais aos clientes da EUIV; e<\/li>\n\n\n\n<li>Conflitos de interesse potencialmente prejudiciais \u00e0 EUIV.<\/li>\n<\/ul>\n\n<p>Conflitos de interesse potencialmente prejudiciais aos clientes podem surgir quando a EUIV ou seus acionistas ou membros, qualquer pessoa direta ou indiretamente vinculada \u00e0 EUIV ou aos acionistas ou membros da EUIV por controle, os membros do conselho da EUIV ou os funcion\u00e1rios da EUIV (as <strong>Pessoas Conectadas<\/strong>) se encontram em qualquer uma das seguintes situa\u00e7\u00f5es:<\/p>\n\n<ul class=\"wp-block-list\">\n<li>A EUIV ou a Pessoa Conectada tem probabilidade de obter um ganho financeiro, evitar uma perda financeira ou receber outro tipo de benef\u00edcio, \u00e0s custas do cliente;<\/li>\n\n\n\n<li>A EUIV ou a Pessoa Vinculada tem interesse no resultado de um servi\u00e7o de criptoativos prestado a um cliente da EUIV ou de uma transa\u00e7\u00e3o realizada em nome desse cliente, que \u00e9 distinto do interesse desse cliente naquele resultado;<\/li>\n\n\n\n<li>A EUIV ou a Pessoa Vinculada tem um incentivo financeiro ou de outra natureza para favorecer o interesse de um ou mais clientes da EUIV em detrimento do interesse de outro cliente da EUIV;<\/li>\n\n\n\n<li>A EUIV ou a Pessoa Conectada exerce a mesma atividade comercial que o cliente da EUIV; ou<\/li>\n\n\n\n<li>A EUIV ou a Pessoa Vinculada recebe ou receber\u00e1 de uma pessoa que n\u00e3o seja o cliente da EUIV um incentivo relacionado a um servi\u00e7o prestado a esse cliente, na forma de benef\u00edcios monet\u00e1rios ou n\u00e3o monet\u00e1rios ou servi\u00e7os.<\/li>\n<\/ul>\n\n<p>Conflitos de interesse potencialmente prejudiciais \u00e0 EUIV podem surgir quando uma Pessoa Conectada:<\/p>\n\n<ul class=\"wp-block-list\">\n<li>tem interesse econ\u00f4mico em uma pessoa, \u00f3rg\u00e3o ou entidade com interesses conflitantes com os da EUIV;<\/li>\n\n\n\n<li>possui um relacionamento pessoal com uma pessoa, \u00f3rg\u00e3o ou entidade com interesses conflitantes com os da EUIV;<\/li>\n\n\n\n<li>possui ou possuiu um relacionamento profissional com uma pessoa, \u00f3rg\u00e3o ou entidade com interesses conflitantes com os da EUIV;<\/li>\n\n\n\n<li>possui um relacionamento pol\u00edtico com uma pessoa, \u00f3rg\u00e3o ou entidade com interesses conflitantes com os da EUIV; ou<\/li>\n\n\n\n<li>executa tarefas conflitantes, \u00e9 incumbida de responsabilidades conflitantes ou \u00e9 supervisionada hierarquicamente por algu\u00e9m que \u00e9 respons\u00e1vel por fun\u00e7\u00f5es ou tarefas conflitantes.<\/li>\n<\/ul>\n\n<h3 class=\"wp-block-heading\">Medidas que a EUIV adotou para mitigar esses (potenciais) conflitos de interesse<\/h3>\n\n<p>A EUIV implementou diversas medidas para prevenir o surgimento dos conflitos de interesse acima descritos:<\/p>\n\n<ul class=\"wp-block-list\">\n<li>Por meio de treinamento, a EUIV garante continuamente que as Pessoas Vinculadas estejam cientes dos riscos de conflitos de interesse e das medidas adotadas pela EUIV para prevenir seu surgimento.<\/li>\n\n\n\n<li>A EUIV implementou diversas pol\u00edticas e procedimentos rigorosos que visam prevenir o surgimento de conflitos de interesse. Essas pol\u00edticas e procedimentos regem os seguintes assuntos:\n<ul class=\"wp-block-list\">\n<li>Remunera\u00e7\u00e3o<\/li>\n\n\n\n<li>Transa\u00e7\u00f5es pessoais<\/li>\n\n\n\n<li>Aceita\u00e7\u00e3o de presentes<\/li>\n\n\n\n<li>Campanhas promocionais<\/li>\n\n\n\n<li>Comiss\u00f5es<\/li>\n\n\n\n<li>Atividades auxiliares<\/li>\n<\/ul>\n<\/li>\n\n\n\n<li>Adicionalmente, a EUIV implementou diversas medidas em sua governan\u00e7a interna para prevenir o surgimento de conflitos de interesse dentro de sua organiza\u00e7\u00e3o e dentro do grupo Banxa.<\/li>\n<\/ul>\n\n<h3 class=\"wp-block-heading\">Avalia\u00e7\u00e3o e atualiza\u00e7\u00f5es<\/h3>\n\n<p>A EUIV mant\u00e9m registros atualizados de todas as situa\u00e7\u00f5es que d\u00e3o origem a conflitos de interesse reais e potenciais e das medidas adotadas para mitig\u00e1-los. Esta divulga\u00e7\u00e3o \u00e9 regularmente atualizada com base nesses registros e avaliada anualmente quanto \u00e0 sua precis\u00e3o, efic\u00e1cia e conformidade com as regulamenta\u00e7\u00f5es aplic\u00e1veis, abordando quaisquer defici\u00eancias nesse aspecto.<\/p>\n\n<p><\/p>\n","protected":false},"excerpt":{"rendered":"<p>A EU Internet Ventures B.V. (\u201cEUIV\u201d), entidade europeia da Banxa, \u00e9 obrigada a implementar e manter pol\u00edticas e procedimentos eficazes para identificar, prevenir, gerenciar e divulgar conflitos de interesse. Por meio desta divulga\u00e7\u00e3o, a EUIV visa inform\u00e1-lo sobre a natureza geral e as fontes de conflitos de interesse que surgiram ou possam surgir, e as [&hellip;]<\/p>\n","protected":false},"author":3,"featured_media":0,"parent":0,"menu_order":0,"comment_status":"closed","ping_status":"closed","template":"","meta":{"footnotes":""},"class_list":["post-5080","page","type-page","status-publish","hentry"],"yoast_head":"<!-- This site is optimized with the Yoast SEO plugin v27.5 - https:\/\/yoast.com\/product\/yoast-seo-wordpress\/ -->\n<title>Divulga\u00e7\u00e3o de Conflitos de Interesse - Banxa<\/title>\n<meta name=\"robots\" content=\"index, follow, max-snippet:-1, max-image-preview:large, max-video-preview:-1\" \/>\n<link rel=\"canonical\" href=\"https:\/\/banxa.com\/pt-br\/divulgacao-de-conflitos-de-interesse\/\" \/>\n<meta property=\"og:locale\" content=\"pt_BR\" \/>\n<meta property=\"og:type\" content=\"article\" \/>\n<meta property=\"og:title\" content=\"Divulga\u00e7\u00e3o de Conflitos de Interesse - Banxa\" \/>\n<meta property=\"og:description\" content=\"A EU Internet Ventures B.V. (\u201cEUIV\u201d), entidade europeia da Banxa, \u00e9 obrigada a implementar e manter pol\u00edticas e procedimentos eficazes para identificar, prevenir, gerenciar e divulgar conflitos de interesse. Por meio desta divulga\u00e7\u00e3o, a EUIV visa inform\u00e1-lo sobre a natureza geral e as fontes de conflitos de interesse que surgiram ou possam surgir, e as [&hellip;]\" \/>\n<meta property=\"og:url\" content=\"https:\/\/banxa.com\/pt-br\/divulgacao-de-conflitos-de-interesse\/\" \/>\n<meta property=\"og:site_name\" content=\"Banxa\" \/>\n<meta property=\"article:publisher\" content=\"https:\/\/www.facebook.com\/Banxa.Official\/\" \/>\n<meta property=\"article:modified_time\" content=\"2026-04-23T19:58:14+00:00\" \/>\n<meta property=\"og:image\" content=\"https:\/\/banxa.com\/wp-content\/uploads\/2025\/04\/Banxa-Holdings-Inc-Cover-image.jpg\" \/>\n\t<meta property=\"og:image:width\" content=\"1200\" \/>\n\t<meta property=\"og:image:height\" content=\"675\" \/>\n\t<meta property=\"og:image:type\" content=\"image\/jpeg\" \/>\n<meta name=\"twitter:card\" content=\"summary_large_image\" \/>\n<meta name=\"twitter:site\" content=\"@BanxaHoldings\" \/>\n<meta name=\"twitter:label1\" content=\"Est. tempo de leitura\" \/>\n\t<meta name=\"twitter:data1\" content=\"3 minutos\" \/>\n<script type=\"application\/ld+json\" class=\"yoast-schema-graph\">{\"@context\":\"https:\\\/\\\/schema.org\",\"@graph\":[{\"@type\":\"WebPage\",\"@id\":\"https:\\\/\\\/banxa.com\\\/pt-br\\\/divulgacao-de-conflitos-de-interesse\\\/\",\"url\":\"https:\\\/\\\/banxa.com\\\/pt-br\\\/divulgacao-de-conflitos-de-interesse\\\/\",\"name\":\"Divulga\u00e7\u00e3o de Conflitos de Interesse - Banxa\",\"isPartOf\":{\"@id\":\"https:\\\/\\\/banxa.com\\\/pt-br\\\/#website\"},\"datePublished\":\"2025-05-16T02:33:53+00:00\",\"dateModified\":\"2026-04-23T19:58:14+00:00\",\"breadcrumb\":{\"@id\":\"https:\\\/\\\/banxa.com\\\/pt-br\\\/divulgacao-de-conflitos-de-interesse\\\/#breadcrumb\"},\"inLanguage\":\"pt-BR\",\"potentialAction\":[{\"@type\":\"ReadAction\",\"target\":[\"https:\\\/\\\/banxa.com\\\/pt-br\\\/divulgacao-de-conflitos-de-interesse\\\/\"]}]},{\"@type\":\"BreadcrumbList\",\"@id\":\"https:\\\/\\\/banxa.com\\\/pt-br\\\/divulgacao-de-conflitos-de-interesse\\\/#breadcrumb\",\"itemListElement\":[{\"@type\":\"ListItem\",\"position\":1,\"name\":\"Home\",\"item\":\"https:\\\/\\\/banxa.com\\\/pt-br\\\/\"},{\"@type\":\"ListItem\",\"position\":2,\"name\":\"Divulga\u00e7\u00e3o de Conflitos de Interesse\"}]},{\"@type\":\"WebSite\",\"@id\":\"https:\\\/\\\/banxa.com\\\/pt-br\\\/#website\",\"url\":\"https:\\\/\\\/banxa.com\\\/pt-br\\\/\",\"name\":\"Banxa\",\"description\":\"\",\"publisher\":{\"@id\":\"https:\\\/\\\/banxa.com\\\/pt-br\\\/#organization\"},\"alternateName\":\"Banxa Holdings Inc.\",\"potentialAction\":[{\"@type\":\"SearchAction\",\"target\":{\"@type\":\"EntryPoint\",\"urlTemplate\":\"https:\\\/\\\/banxa.com\\\/pt-br\\\/?s={search_term_string}\"},\"query-input\":{\"@type\":\"PropertyValueSpecification\",\"valueRequired\":true,\"valueName\":\"search_term_string\"}}],\"inLanguage\":\"pt-BR\"},{\"@type\":\"Organization\",\"@id\":\"https:\\\/\\\/banxa.com\\\/pt-br\\\/#organization\",\"name\":\"Banxa\",\"alternateName\":\"Banxa Holdings Inc.\",\"url\":\"https:\\\/\\\/banxa.com\\\/pt-br\\\/\",\"logo\":{\"@type\":\"ImageObject\",\"inLanguage\":\"pt-BR\",\"@id\":\"https:\\\/\\\/banxa.com\\\/pt-br\\\/#\\\/schema\\\/logo\\\/image\\\/\",\"url\":\"https:\\\/\\\/banxa.com\\\/wp-content\\\/uploads\\\/2025\\\/02\\\/Banxa-Icon-RGB-Favicon.png\",\"contentUrl\":\"https:\\\/\\\/banxa.com\\\/wp-content\\\/uploads\\\/2025\\\/02\\\/Banxa-Icon-RGB-Favicon.png\",\"width\":520,\"height\":470,\"caption\":\"Banxa\"},\"image\":{\"@id\":\"https:\\\/\\\/banxa.com\\\/pt-br\\\/#\\\/schema\\\/logo\\\/image\\\/\"},\"sameAs\":[\"https:\\\/\\\/www.facebook.com\\\/Banxa.Official\\\/\",\"https:\\\/\\\/x.com\\\/BanxaHoldings\",\"https:\\\/\\\/www.instagram.com\\\/banxaofficial\\\/\",\"https:\\\/\\\/www.youtube.com\\\/channel\\\/UC1ENe9JnShhksGOaMaTyPvQ\",\"https:\\\/\\\/www.linkedin.com\\\/company\\\/banxa-com\"]}]}<\/script>\n<!-- \/ Yoast SEO plugin. -->","yoast_head_json":{"title":"Divulga\u00e7\u00e3o de Conflitos de Interesse - Banxa","robots":{"index":"index","follow":"follow","max-snippet":"max-snippet:-1","max-image-preview":"max-image-preview:large","max-video-preview":"max-video-preview:-1"},"canonical":"https:\/\/banxa.com\/pt-br\/divulgacao-de-conflitos-de-interesse\/","og_locale":"pt_BR","og_type":"article","og_title":"Divulga\u00e7\u00e3o de Conflitos de Interesse - Banxa","og_description":"A EU Internet Ventures B.V. (\u201cEUIV\u201d), entidade europeia da Banxa, \u00e9 obrigada a implementar e manter pol\u00edticas e procedimentos eficazes para identificar, prevenir, gerenciar e divulgar conflitos de interesse. Por meio desta divulga\u00e7\u00e3o, a EUIV visa inform\u00e1-lo sobre a natureza geral e as fontes de conflitos de interesse que surgiram ou possam surgir, e as [&hellip;]","og_url":"https:\/\/banxa.com\/pt-br\/divulgacao-de-conflitos-de-interesse\/","og_site_name":"Banxa","article_publisher":"https:\/\/www.facebook.com\/Banxa.Official\/","article_modified_time":"2026-04-23T19:58:14+00:00","og_image":[{"width":1200,"height":675,"url":"https:\/\/banxa.com\/wp-content\/uploads\/2025\/04\/Banxa-Holdings-Inc-Cover-image.jpg","type":"image\/jpeg"}],"twitter_card":"summary_large_image","twitter_site":"@BanxaHoldings","twitter_misc":{"Est. tempo de leitura":"3 minutos"},"schema":{"@context":"https:\/\/schema.org","@graph":[{"@type":"WebPage","@id":"https:\/\/banxa.com\/pt-br\/divulgacao-de-conflitos-de-interesse\/","url":"https:\/\/banxa.com\/pt-br\/divulgacao-de-conflitos-de-interesse\/","name":"Divulga\u00e7\u00e3o de Conflitos de Interesse - Banxa","isPartOf":{"@id":"https:\/\/banxa.com\/pt-br\/#website"},"datePublished":"2025-05-16T02:33:53+00:00","dateModified":"2026-04-23T19:58:14+00:00","breadcrumb":{"@id":"https:\/\/banxa.com\/pt-br\/divulgacao-de-conflitos-de-interesse\/#breadcrumb"},"inLanguage":"pt-BR","potentialAction":[{"@type":"ReadAction","target":["https:\/\/banxa.com\/pt-br\/divulgacao-de-conflitos-de-interesse\/"]}]},{"@type":"BreadcrumbList","@id":"https:\/\/banxa.com\/pt-br\/divulgacao-de-conflitos-de-interesse\/#breadcrumb","itemListElement":[{"@type":"ListItem","position":1,"name":"Home","item":"https:\/\/banxa.com\/pt-br\/"},{"@type":"ListItem","position":2,"name":"Divulga\u00e7\u00e3o de Conflitos de Interesse"}]},{"@type":"WebSite","@id":"https:\/\/banxa.com\/pt-br\/#website","url":"https:\/\/banxa.com\/pt-br\/","name":"Banxa","description":"","publisher":{"@id":"https:\/\/banxa.com\/pt-br\/#organization"},"alternateName":"Banxa Holdings Inc.","potentialAction":[{"@type":"SearchAction","target":{"@type":"EntryPoint","urlTemplate":"https:\/\/banxa.com\/pt-br\/?s={search_term_string}"},"query-input":{"@type":"PropertyValueSpecification","valueRequired":true,"valueName":"search_term_string"}}],"inLanguage":"pt-BR"},{"@type":"Organization","@id":"https:\/\/banxa.com\/pt-br\/#organization","name":"Banxa","alternateName":"Banxa Holdings Inc.","url":"https:\/\/banxa.com\/pt-br\/","logo":{"@type":"ImageObject","inLanguage":"pt-BR","@id":"https:\/\/banxa.com\/pt-br\/#\/schema\/logo\/image\/","url":"https:\/\/banxa.com\/wp-content\/uploads\/2025\/02\/Banxa-Icon-RGB-Favicon.png","contentUrl":"https:\/\/banxa.com\/wp-content\/uploads\/2025\/02\/Banxa-Icon-RGB-Favicon.png","width":520,"height":470,"caption":"Banxa"},"image":{"@id":"https:\/\/banxa.com\/pt-br\/#\/schema\/logo\/image\/"},"sameAs":["https:\/\/www.facebook.com\/Banxa.Official\/","https:\/\/x.com\/BanxaHoldings","https:\/\/www.instagram.com\/banxaofficial\/","https:\/\/www.youtube.com\/channel\/UC1ENe9JnShhksGOaMaTyPvQ","https:\/\/www.linkedin.com\/company\/banxa-com"]}]}},"_links":{"self":[{"href":"https:\/\/banxa.com\/pt-br\/wp-json\/wp\/v2\/pages\/5080","targetHints":{"allow":["GET"]}}],"collection":[{"href":"https:\/\/banxa.com\/pt-br\/wp-json\/wp\/v2\/pages"}],"about":[{"href":"https:\/\/banxa.com\/pt-br\/wp-json\/wp\/v2\/types\/page"}],"author":[{"embeddable":true,"href":"https:\/\/banxa.com\/pt-br\/wp-json\/wp\/v2\/users\/3"}],"replies":[{"embeddable":true,"href":"https:\/\/banxa.com\/pt-br\/wp-json\/wp\/v2\/comments?post=5080"}],"version-history":[{"count":0,"href":"https:\/\/banxa.com\/pt-br\/wp-json\/wp\/v2\/pages\/5080\/revisions"}],"wp:attachment":[{"href":"https:\/\/banxa.com\/pt-br\/wp-json\/wp\/v2\/media?parent=5080"}],"curies":[{"name":"wp","href":"https:\/\/api.w.org\/{rel}","templated":true}]}}