{"id":8256,"date":"2025-02-06T05:56:48","date_gmt":"2025-02-06T05:56:48","guid":{"rendered":"https:\/\/banxa.com\/polityka-zachowania\/"},"modified":"2026-04-26T20:15:08","modified_gmt":"2026-04-26T20:15:08","slug":"polityka-zachowania","status":"publish","type":"page","link":"https:\/\/banxa.com\/pl\/polityka-zachowania\/","title":{"rendered":"Polityka zachowania"},"content":{"rendered":"\n<p>Zesp\u00f3\u0142 wsparcia Banxa ci\u0119\u017cko pracuje przez ca\u0142\u0105 dob\u0119, aby rozwi\u0105zywa\u0107 problemy naszych klient\u00f3w. Ka\u017cdy cz\u0142onek zespo\u0142u z zaanga\u017cowaniem stara si\u0119 pom\u00f3c w rozwi\u0105zaniu zg\u0142oszenia.<\/p>\n\n<p>Nasi klienci maj\u0105 prawo by\u0107 wys\u0142uchani, zrozumiani i traktowani z szacunkiem. Istniej\u0105 jednak sytuacje, kt\u00f3re mog\u0105 utrudni\u0107 naszemu zespo\u0142owi wsparcia odpowied\u017a na zg\u0142oszenia. W niekt\u00f3rych przypadkach, gdy klient zachowuje si\u0119 gro\u017anie lub obra\u017aliwie, musimy wyznaczy\u0107 granic\u0119.<\/p>\n\n<p>Dlatego zastrzegamy sobie prawo do odmowy \u015bwiadczenia us\u0142ug i zako\u0144czenia relacji biznesowej, gdy klient zachowuje si\u0119 niegrzecznie, dyskryminuj\u0105co, n\u0119ka lub zn\u0119ca si\u0119 nad naszym personelem. Ponadto wszelkie gro\u017aby przemocy b\u0119d\u0105 traktowane powa\u017cnie i zg\u0142aszane odpowiednim organom. Ka\u017cdy ma prawo czu\u0107 si\u0119 bezpiecznie w pracy i nie inaczej jest w Banxa.<\/p>\n\n<p>Dzi\u0119kujemy za zrozumienie naszej potrzeby stworzenia pe\u0142nego szacunku i bezpiecznego miejsca pracy. Chcemy wys\u0142uchiwa\u0107 obaw naszych klient\u00f3w i by\u0107 dla nich wsparciem, jednak prawo do tego wsparcia wi\u0105\u017ce si\u0119 z oczekiwaniem przemy\u015blanego, uwa\u017cnego zachowania i komunikacji.<\/p>\n\n<p>Zapraszamy do kontaktu w celu uzyskania dodatkowych informacji lub wyja\u015bnie\u0144 dotycz\u0105cych tej polityki.<\/p>\n","protected":false},"excerpt":{"rendered":"<p>Zesp\u00f3\u0142 wsparcia Banxa ci\u0119\u017cko pracuje przez ca\u0142\u0105 dob\u0119, aby rozwi\u0105zywa\u0107 problemy naszych klient\u00f3w. Ka\u017cdy cz\u0142onek zespo\u0142u z zaanga\u017cowaniem stara si\u0119 pom\u00f3c w rozwi\u0105zaniu zg\u0142oszenia. Nasi klienci maj\u0105 prawo by\u0107 wys\u0142uchani, zrozumiani i traktowani z szacunkiem. Istniej\u0105 jednak sytuacje, kt\u00f3re mog\u0105 utrudni\u0107 naszemu zespo\u0142owi wsparcia odpowied\u017a na zg\u0142oszenia. W niekt\u00f3rych przypadkach, gdy klient zachowuje si\u0119 gro\u017anie [&hellip;]<\/p>\n","protected":false},"author":3,"featured_media":0,"parent":0,"menu_order":0,"comment_status":"closed","ping_status":"closed","template":"","meta":{"footnotes":""},"class_list":["post-8256","page","type-page","status-publish","hentry"],"yoast_head":"<!-- This site is optimized with the Yoast SEO plugin v27.5 - https:\/\/yoast.com\/product\/yoast-seo-wordpress\/ -->\n<title>Polityka zachowania \u2013 zasady korzystania z platformy i post\u0119powania | Banxa<\/title>\n<meta name=\"description\" content=\"Zapoznaj si\u0119 z Polityk\u0105 zachowania Banxa okre\u015blaj\u0105c\u0105 akceptowalne korzystanie z platformy, zasady post\u0119powania klient\u00f3w oraz standardy zgodno\u015bci.\" \/>\n<meta name=\"robots\" content=\"index, follow, max-snippet:-1, max-image-preview:large, max-video-preview:-1\" \/>\n<link rel=\"canonical\" href=\"https:\/\/banxa.com\/pl\/polityka-zachowania\/\" \/>\n<meta property=\"og:locale\" content=\"pl_PL\" \/>\n<meta property=\"og:type\" content=\"article\" \/>\n<meta property=\"og:title\" content=\"Polityka zachowania \u2013 zasady korzystania z platformy i post\u0119powania | Banxa\" \/>\n<meta property=\"og:description\" content=\"Zapoznaj si\u0119 z Polityk\u0105 zachowania Banxa okre\u015blaj\u0105c\u0105 akceptowalne korzystanie z platformy, zasady post\u0119powania klient\u00f3w oraz standardy zgodno\u015bci.\" \/>\n<meta property=\"og:url\" content=\"https:\/\/banxa.com\/pl\/polityka-zachowania\/\" \/>\n<meta property=\"og:site_name\" content=\"Banxa\" \/>\n<meta property=\"article:publisher\" content=\"https:\/\/www.facebook.com\/Banxa.Official\/\" \/>\n<meta property=\"article:modified_time\" content=\"2026-04-26T20:15:08+00:00\" \/>\n<meta property=\"og:image\" content=\"https:\/\/banxa.com\/wp-content\/uploads\/2025\/04\/Banxa-Holdings-Inc-Cover-image.jpg\" \/>\n\t<meta property=\"og:image:width\" content=\"1200\" \/>\n\t<meta property=\"og:image:height\" content=\"675\" \/>\n\t<meta property=\"og:image:type\" content=\"image\/jpeg\" \/>\n<meta name=\"twitter:card\" content=\"summary_large_image\" \/>\n<meta name=\"twitter:site\" content=\"@BanxaHoldings\" \/>\n<meta name=\"twitter:label1\" content=\"Est. reading time\" \/>\n\t<meta name=\"twitter:data1\" content=\"1 minuta\" \/>\n<script type=\"application\/ld+json\" class=\"yoast-schema-graph\">{\"@context\":\"https:\\\/\\\/schema.org\",\"@graph\":[{\"@type\":\"WebPage\",\"@id\":\"https:\\\/\\\/banxa.com\\\/pl\\\/polityka-zachowania\\\/\",\"url\":\"https:\\\/\\\/banxa.com\\\/pl\\\/polityka-zachowania\\\/\",\"name\":\"Polityka zachowania \u2013 zasady korzystania z platformy i post\u0119powania | Banxa\",\"isPartOf\":{\"@id\":\"https:\\\/\\\/banxa.com\\\/pl\\\/#website\"},\"datePublished\":\"2025-02-06T05:56:48+00:00\",\"dateModified\":\"2026-04-26T20:15:08+00:00\",\"description\":\"Zapoznaj si\u0119 z Polityk\u0105 zachowania Banxa okre\u015blaj\u0105c\u0105 akceptowalne korzystanie z platformy, zasady post\u0119powania klient\u00f3w oraz standardy zgodno\u015bci.\",\"breadcrumb\":{\"@id\":\"https:\\\/\\\/banxa.com\\\/pl\\\/polityka-zachowania\\\/#breadcrumb\"},\"inLanguage\":\"pl-PL\",\"potentialAction\":[{\"@type\":\"ReadAction\",\"target\":[\"https:\\\/\\\/banxa.com\\\/pl\\\/polityka-zachowania\\\/\"]}]},{\"@type\":\"BreadcrumbList\",\"@id\":\"https:\\\/\\\/banxa.com\\\/pl\\\/polityka-zachowania\\\/#breadcrumb\",\"itemListElement\":[{\"@type\":\"ListItem\",\"position\":1,\"name\":\"Home\",\"item\":\"https:\\\/\\\/banxa.com\\\/pl\\\/\"},{\"@type\":\"ListItem\",\"position\":2,\"name\":\"Polityka zachowania\"}]},{\"@type\":\"WebSite\",\"@id\":\"https:\\\/\\\/banxa.com\\\/pl\\\/#website\",\"url\":\"https:\\\/\\\/banxa.com\\\/pl\\\/\",\"name\":\"Banxa\",\"description\":\"\",\"publisher\":{\"@id\":\"https:\\\/\\\/banxa.com\\\/pl\\\/#organization\"},\"alternateName\":\"Banxa Holdings Inc.\",\"potentialAction\":[{\"@type\":\"SearchAction\",\"target\":{\"@type\":\"EntryPoint\",\"urlTemplate\":\"https:\\\/\\\/banxa.com\\\/pl\\\/?s={search_term_string}\"},\"query-input\":{\"@type\":\"PropertyValueSpecification\",\"valueRequired\":true,\"valueName\":\"search_term_string\"}}],\"inLanguage\":\"pl-PL\"},{\"@type\":\"Organization\",\"@id\":\"https:\\\/\\\/banxa.com\\\/pl\\\/#organization\",\"name\":\"Banxa\",\"alternateName\":\"Banxa Holdings Inc.\",\"url\":\"https:\\\/\\\/banxa.com\\\/pl\\\/\",\"logo\":{\"@type\":\"ImageObject\",\"inLanguage\":\"pl-PL\",\"@id\":\"https:\\\/\\\/banxa.com\\\/pl\\\/#\\\/schema\\\/logo\\\/image\\\/\",\"url\":\"https:\\\/\\\/banxa.com\\\/wp-content\\\/uploads\\\/2025\\\/02\\\/Banxa-Icon-RGB-Favicon.png\",\"contentUrl\":\"https:\\\/\\\/banxa.com\\\/wp-content\\\/uploads\\\/2025\\\/02\\\/Banxa-Icon-RGB-Favicon.png\",\"width\":520,\"height\":470,\"caption\":\"Banxa\"},\"image\":{\"@id\":\"https:\\\/\\\/banxa.com\\\/pl\\\/#\\\/schema\\\/logo\\\/image\\\/\"},\"sameAs\":[\"https:\\\/\\\/www.facebook.com\\\/Banxa.Official\\\/\",\"https:\\\/\\\/x.com\\\/BanxaHoldings\",\"https:\\\/\\\/www.instagram.com\\\/banxaofficial\\\/\",\"https:\\\/\\\/www.youtube.com\\\/channel\\\/UC1ENe9JnShhksGOaMaTyPvQ\",\"https:\\\/\\\/www.linkedin.com\\\/company\\\/banxa-com\"]}]}<\/script>\n<!-- \/ Yoast SEO plugin. -->","yoast_head_json":{"title":"Polityka zachowania \u2013 zasady korzystania z platformy i post\u0119powania | Banxa","description":"Zapoznaj si\u0119 z Polityk\u0105 zachowania Banxa okre\u015blaj\u0105c\u0105 akceptowalne korzystanie z platformy, zasady post\u0119powania klient\u00f3w oraz standardy zgodno\u015bci.","robots":{"index":"index","follow":"follow","max-snippet":"max-snippet:-1","max-image-preview":"max-image-preview:large","max-video-preview":"max-video-preview:-1"},"canonical":"https:\/\/banxa.com\/pl\/polityka-zachowania\/","og_locale":"pl_PL","og_type":"article","og_title":"Polityka zachowania \u2013 zasady korzystania z platformy i post\u0119powania | Banxa","og_description":"Zapoznaj si\u0119 z Polityk\u0105 zachowania Banxa okre\u015blaj\u0105c\u0105 akceptowalne korzystanie z platformy, zasady post\u0119powania klient\u00f3w oraz standardy zgodno\u015bci.","og_url":"https:\/\/banxa.com\/pl\/polityka-zachowania\/","og_site_name":"Banxa","article_publisher":"https:\/\/www.facebook.com\/Banxa.Official\/","article_modified_time":"2026-04-26T20:15:08+00:00","og_image":[{"width":1200,"height":675,"url":"https:\/\/banxa.com\/wp-content\/uploads\/2025\/04\/Banxa-Holdings-Inc-Cover-image.jpg","type":"image\/jpeg"}],"twitter_card":"summary_large_image","twitter_site":"@BanxaHoldings","twitter_misc":{"Est. reading time":"1 minuta"},"schema":{"@context":"https:\/\/schema.org","@graph":[{"@type":"WebPage","@id":"https:\/\/banxa.com\/pl\/polityka-zachowania\/","url":"https:\/\/banxa.com\/pl\/polityka-zachowania\/","name":"Polityka zachowania \u2013 zasady korzystania z platformy i post\u0119powania | Banxa","isPartOf":{"@id":"https:\/\/banxa.com\/pl\/#website"},"datePublished":"2025-02-06T05:56:48+00:00","dateModified":"2026-04-26T20:15:08+00:00","description":"Zapoznaj si\u0119 z Polityk\u0105 zachowania Banxa okre\u015blaj\u0105c\u0105 akceptowalne korzystanie z platformy, zasady post\u0119powania klient\u00f3w oraz standardy zgodno\u015bci.","breadcrumb":{"@id":"https:\/\/banxa.com\/pl\/polityka-zachowania\/#breadcrumb"},"inLanguage":"pl-PL","potentialAction":[{"@type":"ReadAction","target":["https:\/\/banxa.com\/pl\/polityka-zachowania\/"]}]},{"@type":"BreadcrumbList","@id":"https:\/\/banxa.com\/pl\/polityka-zachowania\/#breadcrumb","itemListElement":[{"@type":"ListItem","position":1,"name":"Home","item":"https:\/\/banxa.com\/pl\/"},{"@type":"ListItem","position":2,"name":"Polityka zachowania"}]},{"@type":"WebSite","@id":"https:\/\/banxa.com\/pl\/#website","url":"https:\/\/banxa.com\/pl\/","name":"Banxa","description":"","publisher":{"@id":"https:\/\/banxa.com\/pl\/#organization"},"alternateName":"Banxa Holdings Inc.","potentialAction":[{"@type":"SearchAction","target":{"@type":"EntryPoint","urlTemplate":"https:\/\/banxa.com\/pl\/?s={search_term_string}"},"query-input":{"@type":"PropertyValueSpecification","valueRequired":true,"valueName":"search_term_string"}}],"inLanguage":"pl-PL"},{"@type":"Organization","@id":"https:\/\/banxa.com\/pl\/#organization","name":"Banxa","alternateName":"Banxa Holdings Inc.","url":"https:\/\/banxa.com\/pl\/","logo":{"@type":"ImageObject","inLanguage":"pl-PL","@id":"https:\/\/banxa.com\/pl\/#\/schema\/logo\/image\/","url":"https:\/\/banxa.com\/wp-content\/uploads\/2025\/02\/Banxa-Icon-RGB-Favicon.png","contentUrl":"https:\/\/banxa.com\/wp-content\/uploads\/2025\/02\/Banxa-Icon-RGB-Favicon.png","width":520,"height":470,"caption":"Banxa"},"image":{"@id":"https:\/\/banxa.com\/pl\/#\/schema\/logo\/image\/"},"sameAs":["https:\/\/www.facebook.com\/Banxa.Official\/","https:\/\/x.com\/BanxaHoldings","https:\/\/www.instagram.com\/banxaofficial\/","https:\/\/www.youtube.com\/channel\/UC1ENe9JnShhksGOaMaTyPvQ","https:\/\/www.linkedin.com\/company\/banxa-com"]}]}},"_links":{"self":[{"href":"https:\/\/banxa.com\/pl\/wp-json\/wp\/v2\/pages\/8256","targetHints":{"allow":["GET"]}}],"collection":[{"href":"https:\/\/banxa.com\/pl\/wp-json\/wp\/v2\/pages"}],"about":[{"href":"https:\/\/banxa.com\/pl\/wp-json\/wp\/v2\/types\/page"}],"author":[{"embeddable":true,"href":"https:\/\/banxa.com\/pl\/wp-json\/wp\/v2\/users\/3"}],"replies":[{"embeddable":true,"href":"https:\/\/banxa.com\/pl\/wp-json\/wp\/v2\/comments?post=8256"}],"version-history":[{"count":0,"href":"https:\/\/banxa.com\/pl\/wp-json\/wp\/v2\/pages\/8256\/revisions"}],"wp:attachment":[{"href":"https:\/\/banxa.com\/pl\/wp-json\/wp\/v2\/media?parent=8256"}],"curies":[{"name":"wp","href":"https:\/\/api.w.org\/{rel}","templated":true}]}}