{"id":8232,"date":"2025-02-11T02:30:47","date_gmt":"2025-02-11T02:30:47","guid":{"rendered":"https:\/\/banxa.com\/podsumowanie-ryzyka-2\/"},"modified":"2026-04-26T20:14:36","modified_gmt":"2026-04-26T20:14:36","slug":"podsumowanie-ryzyka-2","status":"publish","type":"page","link":"https:\/\/banxa.com\/pl\/podsumowanie-ryzyka-2\/","title":{"rendered":"Podsumowanie ryzyka"},"content":{"rendered":"\n<p><strong>Szacowany czas czytania: 2 min:<\/strong><\/p>\n\n<p>Ze wzgl\u0119du na mo\u017cliwo\u015b\u0107 strat Financial Conduct Authority (FCA) uwa\u017ca t\u0119 inwestycj\u0119 za inwestycj\u0119 wysokiego ryzyka.\u00a0<\/p>\n\n<h2 class=\"wp-block-heading\">Jakie s\u0105 kluczowe ryzyka?\u00a0<\/h2>\n\n<h5 class=\"wp-block-heading\">1. <strong>Mog\u0105 Pa\u0144stwo straci\u0107 ca\u0142\u0105 zainwestowan\u0105 kwot\u0119\u00a0<\/strong><\/h5>\n\n<ul class=\"wp-block-list\">\n<li>Wyniki wi\u0119kszo\u015bci aktyw\u00f3w kryptograficznych mog\u0105 by\u0107 bardzo zmienne, a ich warto\u015b\u0107 mo\u017ce spada\u0107 r\u00f3wnie szybko, jak ro\u015bnie. Powinni Pa\u0144stwo by\u0107 przygotowani na utrat\u0119 wszystkich \u015brodk\u00f3w zainwestowanych w aktywa kryptograficzne.<\/li>\n\n\n\n<li>Rynek aktyw\u00f3w kryptograficznych jest w du\u017cej mierze nieuregulowany. Istnieje ryzyko utraty pieni\u0119dzy lub nabytych aktyw\u00f3w kryptograficznych z powodu zagro\u017ce\u0144 takich jak cyberataki, przest\u0119pczo\u015b\u0107 finansowa i upad\u0142o\u015b\u0107 firmy.\u00a0<\/li>\n<\/ul>\n\n<h5 class=\"wp-block-heading\">2. <strong>Nie powinni Pa\u0144stwo oczekiwa\u0107 ochrony w przypadku, gdy co\u015b p\u00f3jdzie nie tak\u00a0<\/strong><\/h5>\n\n<ul class=\"wp-block-list\">\n<li>Financial Services Compensation Scheme (FSCS) nie chroni tego rodzaju inwestycji, poniewa\u017c nie jest ona \u201einwestycj\u0105 okre\u015blon\u0105&#8221; w brytyjskim re\u017cimie regulacyjnym \u2013 innymi s\u0142owy, ten rodzaj inwestycji nie jest uznawany za rodzaj inwestycji, kt\u00f3ry FSCS mo\u017ce chroni\u0107. Dowiedz si\u0119 wi\u0119cej, korzystaj\u0105c z narz\u0119dzia FSCS do sprawdzania ochrony inwestycji\u00a0<a href=\"https:\/\/www.fscs.org.uk\/check\/investment-protection-checker\/\" target=\"_blank\" rel=\"noreferrer noopener\">tutaj<\/a>.<\/li>\n\n\n\n<li>Financial Ombudsman Service (FOS) nie b\u0119dzie m\u00f3g\u0142 rozpatrywa\u0107 skarg zwi\u0105zanych z t\u0105 firm\u0105.\u00a0 Dowiedz si\u0119 wi\u0119cej o ochronie FOS\u00a0<a href=\"https:\/\/www.financial-ombudsman.org.uk\/consumers\" target=\"_blank\" rel=\"noreferrer noopener\">tutaj<\/a>.<\/li>\n<\/ul>\n\n<h5 class=\"wp-block-heading\">3. <strong>Mog\u0105 Pa\u0144stwo nie by\u0107 w stanie sprzeda\u0107 inwestycji w dowolnym momencie\u00a0<\/strong><\/h5>\n\n<ul class=\"wp-block-list\">\n<li>Nie ma gwarancji, \u017ce inwestycje w aktywa kryptograficzne mo\u017cna \u0142atwo sprzeda\u0107 w dowolnym momencie. Mo\u017cliwo\u015b\u0107 sprzeda\u017cy aktywa kryptograficznego zale\u017cy od r\u00f3\u017cnych czynnik\u00f3w, w tym od poda\u017cy i popytu na rynku w danym momencie.\u00a0<\/li>\n\n\n\n<li>Awarie operacyjne, takie jak przestoje technologiczne, cyberataki i mieszanie \u015brodk\u00f3w, mog\u0105 powodowa\u0107 niepo\u017c\u0105dane op\u00f3\u017anienia i mog\u0105 Pa\u0144stwo nie by\u0107 w stanie sprzeda\u0107 swoich aktyw\u00f3w kryptograficznych w wybranym momencie.\u00a0<\/li>\n<\/ul>\n\n<h5 class=\"wp-block-heading\">4. <strong>Inwestycje w aktywa kryptograficzne mog\u0105 by\u0107 skomplikowane\u00a0<\/strong><\/h5>\n\n<ul class=\"wp-block-list\">\n<li>Inwestycje w aktywa kryptograficzne mog\u0105 by\u0107 skomplikowane, co utrudnia zrozumienie ryzyk zwi\u0105zanych z inwestycj\u0105.\u00a0<\/li>\n\n\n\n<li>Przed zainwestowaniem powinni Pa\u0144stwo przeprowadzi\u0107 w\u0142asne badania. Je\u015bli co\u015b brzmi zbyt dobrze, aby by\u0142o prawdziwe, prawdopodobnie takie jest.\u00a0<\/li>\n<\/ul>\n\n<h5 class=\"wp-block-heading\">5. <strong>Nie wk\u0142adaj wszystkich jajek do jednego koszyka\u00a0<\/strong><\/h5>\n\n<ul class=\"wp-block-list\">\n<li>Wk\u0142adanie wszystkich pieni\u0119dzy w jeden rodzaj inwestycji jest ryzykowne. Roz\u0142o\u017cenie \u015brodk\u00f3w na r\u00f3\u017cne inwestycje sprawia, \u017ce s\u0105 Pa\u0144stwo mniej zale\u017cni od powodzenia pojedynczej inwestycji.<\/li>\n\n\n\n<li>Dobr\u0105 zasad\u0105 jest, aby nie inwestowa\u0107 wi\u0119cej ni\u017c 10% swoich pieni\u0119dzy w inwestycje wysokiego ryzyka.\u00a0<a href=\"https:\/\/www.fca.org.uk\/investsmart\/5-questions-ask-you-invest\" target=\"_blank\" rel=\"noreferrer noopener\">Dowiedz si\u0119 wi\u0119cej tutaj<\/a>.<\/li>\n<\/ul>\n\n<p><\/p>\n\n<p>Je\u015bli chc\u0105 si\u0119 Pa\u0144stwo dowiedzie\u0107 wi\u0119cej o tym, jak si\u0119 chroni\u0107, odwied\u017acie stron\u0119 FCA\u00a0<a href=\"https:\/\/www.fca.org.uk\/investsmart\" target=\"_blank\" rel=\"noreferrer noopener\">tutaj<\/a>.<\/p>\n\n<p>Aby uzyska\u0107 wi\u0119cej informacji na temat aktyw\u00f3w kryptograficznych, odwied\u017acie stron\u0119 FCA\u00a0<a href=\"https:\/\/www.fca.org.uk\/investsmart\/crypto-basics\" target=\"_blank\" rel=\"noreferrer noopener\">tutaj<\/a>.<\/p>\n\n<p><\/p>\n","protected":false},"excerpt":{"rendered":"<p>Szacowany czas czytania: 2 min: Ze wzgl\u0119du na mo\u017cliwo\u015b\u0107 strat Financial Conduct Authority (FCA) uwa\u017ca t\u0119 inwestycj\u0119 za inwestycj\u0119 wysokiego ryzyka.\u00a0 Jakie s\u0105 kluczowe ryzyka?\u00a0 1. Mog\u0105 Pa\u0144stwo straci\u0107 ca\u0142\u0105 zainwestowan\u0105 kwot\u0119\u00a0 2. Nie powinni Pa\u0144stwo oczekiwa\u0107 ochrony w przypadku, gdy co\u015b p\u00f3jdzie nie tak\u00a0 3. Mog\u0105 Pa\u0144stwo nie by\u0107 w stanie sprzeda\u0107 inwestycji w [&hellip;]<\/p>\n","protected":false},"author":3,"featured_media":0,"parent":0,"menu_order":0,"comment_status":"closed","ping_status":"closed","template":"","meta":{"footnotes":""},"class_list":["post-8232","page","type-page","status-publish","hentry"],"yoast_head":"<!-- This site is optimized with the Yoast SEO plugin v27.5 - https:\/\/yoast.com\/product\/yoast-seo-wordpress\/ -->\n<title>Podsumowanie ryzyka \u2013 ryzyka i bezpiecze\u0144stwo transakcji kryptowalutowych | Banxa<\/title>\n<meta name=\"description\" content=\"Zapoznaj si\u0119 z Podsumowaniem ryzyka Banxa, aby zrozumie\u0107 potencjalne ryzyka zwi\u0105zane z transakcjami kryptowalutowymi, zmienno\u015bci\u0105 i \u015brodkami bezpiecze\u0144stwa.\" \/>\n<meta name=\"robots\" content=\"index, follow, max-snippet:-1, max-image-preview:large, max-video-preview:-1\" \/>\n<link rel=\"canonical\" href=\"https:\/\/banxa.com\/pl\/podsumowanie-ryzyka-2\/\" \/>\n<meta property=\"og:locale\" content=\"pl_PL\" \/>\n<meta property=\"og:type\" content=\"article\" \/>\n<meta property=\"og:title\" content=\"Podsumowanie ryzyka \u2013 ryzyka i bezpiecze\u0144stwo transakcji kryptowalutowych | Banxa\" \/>\n<meta property=\"og:description\" content=\"Zapoznaj si\u0119 z Podsumowaniem ryzyka Banxa, aby zrozumie\u0107 potencjalne ryzyka zwi\u0105zane z transakcjami kryptowalutowymi, zmienno\u015bci\u0105 i \u015brodkami bezpiecze\u0144stwa.\" \/>\n<meta property=\"og:url\" content=\"https:\/\/banxa.com\/pl\/podsumowanie-ryzyka-2\/\" \/>\n<meta property=\"og:site_name\" content=\"Banxa\" \/>\n<meta property=\"article:publisher\" content=\"https:\/\/www.facebook.com\/Banxa.Official\/\" \/>\n<meta property=\"article:modified_time\" content=\"2026-04-26T20:14:36+00:00\" \/>\n<meta property=\"og:image\" content=\"https:\/\/banxa.com\/wp-content\/uploads\/2025\/04\/Banxa-Holdings-Inc-Cover-image.jpg\" \/>\n\t<meta property=\"og:image:width\" content=\"1200\" \/>\n\t<meta property=\"og:image:height\" content=\"675\" \/>\n\t<meta property=\"og:image:type\" content=\"image\/jpeg\" \/>\n<meta name=\"twitter:card\" content=\"summary_large_image\" \/>\n<meta name=\"twitter:site\" content=\"@BanxaHoldings\" \/>\n<meta name=\"twitter:label1\" content=\"Est. reading time\" \/>\n\t<meta name=\"twitter:data1\" content=\"2 minuty\" \/>\n<script type=\"application\/ld+json\" class=\"yoast-schema-graph\">{\"@context\":\"https:\\\/\\\/schema.org\",\"@graph\":[{\"@type\":\"WebPage\",\"@id\":\"https:\\\/\\\/banxa.com\\\/pl\\\/podsumowanie-ryzyka-2\\\/\",\"url\":\"https:\\\/\\\/banxa.com\\\/pl\\\/podsumowanie-ryzyka-2\\\/\",\"name\":\"Podsumowanie ryzyka \u2013 ryzyka i bezpiecze\u0144stwo transakcji kryptowalutowych | Banxa\",\"isPartOf\":{\"@id\":\"https:\\\/\\\/banxa.com\\\/pl\\\/#website\"},\"datePublished\":\"2025-02-11T02:30:47+00:00\",\"dateModified\":\"2026-04-26T20:14:36+00:00\",\"description\":\"Zapoznaj si\u0119 z Podsumowaniem ryzyka Banxa, aby zrozumie\u0107 potencjalne ryzyka zwi\u0105zane z transakcjami kryptowalutowymi, zmienno\u015bci\u0105 i \u015brodkami bezpiecze\u0144stwa.\",\"breadcrumb\":{\"@id\":\"https:\\\/\\\/banxa.com\\\/pl\\\/podsumowanie-ryzyka-2\\\/#breadcrumb\"},\"inLanguage\":\"pl-PL\",\"potentialAction\":[{\"@type\":\"ReadAction\",\"target\":[\"https:\\\/\\\/banxa.com\\\/pl\\\/podsumowanie-ryzyka-2\\\/\"]}]},{\"@type\":\"BreadcrumbList\",\"@id\":\"https:\\\/\\\/banxa.com\\\/pl\\\/podsumowanie-ryzyka-2\\\/#breadcrumb\",\"itemListElement\":[{\"@type\":\"ListItem\",\"position\":1,\"name\":\"Home\",\"item\":\"https:\\\/\\\/banxa.com\\\/pl\\\/\"},{\"@type\":\"ListItem\",\"position\":2,\"name\":\"Podsumowanie ryzyka\"}]},{\"@type\":\"WebSite\",\"@id\":\"https:\\\/\\\/banxa.com\\\/pl\\\/#website\",\"url\":\"https:\\\/\\\/banxa.com\\\/pl\\\/\",\"name\":\"Banxa\",\"description\":\"\",\"publisher\":{\"@id\":\"https:\\\/\\\/banxa.com\\\/pl\\\/#organization\"},\"alternateName\":\"Banxa Holdings Inc.\",\"potentialAction\":[{\"@type\":\"SearchAction\",\"target\":{\"@type\":\"EntryPoint\",\"urlTemplate\":\"https:\\\/\\\/banxa.com\\\/pl\\\/?s={search_term_string}\"},\"query-input\":{\"@type\":\"PropertyValueSpecification\",\"valueRequired\":true,\"valueName\":\"search_term_string\"}}],\"inLanguage\":\"pl-PL\"},{\"@type\":\"Organization\",\"@id\":\"https:\\\/\\\/banxa.com\\\/pl\\\/#organization\",\"name\":\"Banxa\",\"alternateName\":\"Banxa Holdings Inc.\",\"url\":\"https:\\\/\\\/banxa.com\\\/pl\\\/\",\"logo\":{\"@type\":\"ImageObject\",\"inLanguage\":\"pl-PL\",\"@id\":\"https:\\\/\\\/banxa.com\\\/pl\\\/#\\\/schema\\\/logo\\\/image\\\/\",\"url\":\"https:\\\/\\\/banxa.com\\\/wp-content\\\/uploads\\\/2025\\\/02\\\/Banxa-Icon-RGB-Favicon.png\",\"contentUrl\":\"https:\\\/\\\/banxa.com\\\/wp-content\\\/uploads\\\/2025\\\/02\\\/Banxa-Icon-RGB-Favicon.png\",\"width\":520,\"height\":470,\"caption\":\"Banxa\"},\"image\":{\"@id\":\"https:\\\/\\\/banxa.com\\\/pl\\\/#\\\/schema\\\/logo\\\/image\\\/\"},\"sameAs\":[\"https:\\\/\\\/www.facebook.com\\\/Banxa.Official\\\/\",\"https:\\\/\\\/x.com\\\/BanxaHoldings\",\"https:\\\/\\\/www.instagram.com\\\/banxaofficial\\\/\",\"https:\\\/\\\/www.youtube.com\\\/channel\\\/UC1ENe9JnShhksGOaMaTyPvQ\",\"https:\\\/\\\/www.linkedin.com\\\/company\\\/banxa-com\"]}]}<\/script>\n<!-- \/ Yoast SEO plugin. -->","yoast_head_json":{"title":"Podsumowanie ryzyka \u2013 ryzyka i bezpiecze\u0144stwo transakcji kryptowalutowych | Banxa","description":"Zapoznaj si\u0119 z Podsumowaniem ryzyka Banxa, aby zrozumie\u0107 potencjalne ryzyka zwi\u0105zane z transakcjami kryptowalutowymi, zmienno\u015bci\u0105 i \u015brodkami bezpiecze\u0144stwa.","robots":{"index":"index","follow":"follow","max-snippet":"max-snippet:-1","max-image-preview":"max-image-preview:large","max-video-preview":"max-video-preview:-1"},"canonical":"https:\/\/banxa.com\/pl\/podsumowanie-ryzyka-2\/","og_locale":"pl_PL","og_type":"article","og_title":"Podsumowanie ryzyka \u2013 ryzyka i bezpiecze\u0144stwo transakcji kryptowalutowych | Banxa","og_description":"Zapoznaj si\u0119 z Podsumowaniem ryzyka Banxa, aby zrozumie\u0107 potencjalne ryzyka zwi\u0105zane z transakcjami kryptowalutowymi, zmienno\u015bci\u0105 i \u015brodkami bezpiecze\u0144stwa.","og_url":"https:\/\/banxa.com\/pl\/podsumowanie-ryzyka-2\/","og_site_name":"Banxa","article_publisher":"https:\/\/www.facebook.com\/Banxa.Official\/","article_modified_time":"2026-04-26T20:14:36+00:00","og_image":[{"width":1200,"height":675,"url":"https:\/\/banxa.com\/wp-content\/uploads\/2025\/04\/Banxa-Holdings-Inc-Cover-image.jpg","type":"image\/jpeg"}],"twitter_card":"summary_large_image","twitter_site":"@BanxaHoldings","twitter_misc":{"Est. reading time":"2 minuty"},"schema":{"@context":"https:\/\/schema.org","@graph":[{"@type":"WebPage","@id":"https:\/\/banxa.com\/pl\/podsumowanie-ryzyka-2\/","url":"https:\/\/banxa.com\/pl\/podsumowanie-ryzyka-2\/","name":"Podsumowanie ryzyka \u2013 ryzyka i bezpiecze\u0144stwo transakcji kryptowalutowych | Banxa","isPartOf":{"@id":"https:\/\/banxa.com\/pl\/#website"},"datePublished":"2025-02-11T02:30:47+00:00","dateModified":"2026-04-26T20:14:36+00:00","description":"Zapoznaj si\u0119 z Podsumowaniem ryzyka Banxa, aby zrozumie\u0107 potencjalne ryzyka zwi\u0105zane z transakcjami kryptowalutowymi, zmienno\u015bci\u0105 i \u015brodkami bezpiecze\u0144stwa.","breadcrumb":{"@id":"https:\/\/banxa.com\/pl\/podsumowanie-ryzyka-2\/#breadcrumb"},"inLanguage":"pl-PL","potentialAction":[{"@type":"ReadAction","target":["https:\/\/banxa.com\/pl\/podsumowanie-ryzyka-2\/"]}]},{"@type":"BreadcrumbList","@id":"https:\/\/banxa.com\/pl\/podsumowanie-ryzyka-2\/#breadcrumb","itemListElement":[{"@type":"ListItem","position":1,"name":"Home","item":"https:\/\/banxa.com\/pl\/"},{"@type":"ListItem","position":2,"name":"Podsumowanie ryzyka"}]},{"@type":"WebSite","@id":"https:\/\/banxa.com\/pl\/#website","url":"https:\/\/banxa.com\/pl\/","name":"Banxa","description":"","publisher":{"@id":"https:\/\/banxa.com\/pl\/#organization"},"alternateName":"Banxa Holdings Inc.","potentialAction":[{"@type":"SearchAction","target":{"@type":"EntryPoint","urlTemplate":"https:\/\/banxa.com\/pl\/?s={search_term_string}"},"query-input":{"@type":"PropertyValueSpecification","valueRequired":true,"valueName":"search_term_string"}}],"inLanguage":"pl-PL"},{"@type":"Organization","@id":"https:\/\/banxa.com\/pl\/#organization","name":"Banxa","alternateName":"Banxa Holdings Inc.","url":"https:\/\/banxa.com\/pl\/","logo":{"@type":"ImageObject","inLanguage":"pl-PL","@id":"https:\/\/banxa.com\/pl\/#\/schema\/logo\/image\/","url":"https:\/\/banxa.com\/wp-content\/uploads\/2025\/02\/Banxa-Icon-RGB-Favicon.png","contentUrl":"https:\/\/banxa.com\/wp-content\/uploads\/2025\/02\/Banxa-Icon-RGB-Favicon.png","width":520,"height":470,"caption":"Banxa"},"image":{"@id":"https:\/\/banxa.com\/pl\/#\/schema\/logo\/image\/"},"sameAs":["https:\/\/www.facebook.com\/Banxa.Official\/","https:\/\/x.com\/BanxaHoldings","https:\/\/www.instagram.com\/banxaofficial\/","https:\/\/www.youtube.com\/channel\/UC1ENe9JnShhksGOaMaTyPvQ","https:\/\/www.linkedin.com\/company\/banxa-com"]}]}},"_links":{"self":[{"href":"https:\/\/banxa.com\/pl\/wp-json\/wp\/v2\/pages\/8232","targetHints":{"allow":["GET"]}}],"collection":[{"href":"https:\/\/banxa.com\/pl\/wp-json\/wp\/v2\/pages"}],"about":[{"href":"https:\/\/banxa.com\/pl\/wp-json\/wp\/v2\/types\/page"}],"author":[{"embeddable":true,"href":"https:\/\/banxa.com\/pl\/wp-json\/wp\/v2\/users\/3"}],"replies":[{"embeddable":true,"href":"https:\/\/banxa.com\/pl\/wp-json\/wp\/v2\/comments?post=8232"}],"version-history":[{"count":0,"href":"https:\/\/banxa.com\/pl\/wp-json\/wp\/v2\/pages\/8232\/revisions"}],"wp:attachment":[{"href":"https:\/\/banxa.com\/pl\/wp-json\/wp\/v2\/media?parent=8232"}],"curies":[{"name":"wp","href":"https:\/\/api.w.org\/{rel}","templated":true}]}}