{"id":7537,"date":"2025-05-15T07:31:25","date_gmt":"2025-05-15T07:31:25","guid":{"rendered":"https:\/\/banxa.com\/bezpieczenstwo\/"},"modified":"2026-04-26T20:09:07","modified_gmt":"2026-04-26T20:09:07","slug":"bezpieczenstwo","status":"publish","type":"page","link":"https:\/\/banxa.com\/pl\/bezpieczenstwo\/","title":{"rendered":"Bezpiecze\u0144stwo"},"content":{"rendered":"\n<h3 class=\"wp-block-heading\">Powiernictwo<\/h3>\n\n<p>Banxa dzia\u0142a jako agent niepowierniczy we wszystkich relacjach z klientami. Banxa nie przechowuje \u017cadnych \u015brodk\u00f3w klient\u00f3w zakupionych na platformie i przekazuje aktywa bezpo\u015brednio do\/z portfeli wskazanych przez klienta. Je\u015bli klient chc\u0105cy skorzysta\u0107 z us\u0142ug Banxa nie posiada portfela, prosimy o jego utworzenie przed kontynuowaniem zakupu krypto.<\/p>\n\n<h3 class=\"wp-block-heading\">P\u0142atno\u015bci i dane klient\u00f3w<\/h3>\n\n<p>Wszystkie dane przesy\u0142ane do lub z infrastruktury Banxa s\u0105 szyfrowane podczas transmisji przy u\u017cyciu Transport Layer Security (TLS) w wersji 1.2 lub nowszej. Wszystkie dane Banxa s\u0105 szyfrowane w spoczynku za pomoc\u0105 szyfrowania blokowego AES-256 i przechowywane w centrach danych zgodnych z ISO27001 i PCI DSS. Banxa jest zgodna z Og\u00f3lnym rozporz\u0105dzeniem o ochronie danych (RODO), zapewniaj\u0105c, \u017ce wszystkie dane osobowe klient\u00f3w i pracownik\u00f3w s\u0105 traktowane z najwy\u017cszym poziomem bezpiecze\u0144stwa i w spos\u00f3b zgodny z prawem. Wszystkie informacje o p\u0142atno\u015bciach s\u0105 przetwarzane i przechowywane zgodnie z rygorystycznymi standardami Payment Card Industry Data Security Standards (PCI DSS).<\/p>\n\n<h3 class=\"wp-block-heading\">Bezpieczne tworzenie oprogramowania<\/h3>\n\n<p>Banxa stosuje procesy i narz\u0119dzia zapewniaj\u0105ce ci\u0105g\u0142e dostarczanie bezpiecznego oprogramowania do naszej infrastruktury chmurowej i aplikacji. Wszystkie zmiany kodu przechodz\u0105 proces przegl\u0105du i s\u0105 poddawane statycznym testom bezpiecze\u0144stwa aplikacji (SAST) w celu wykrycia niebezpiecznych wzorc\u00f3w kodu. Wszystkie zale\u017cno\u015bci s\u0105 automatycznie aktualizowane, a zesp\u00f3\u0142 bezpiecze\u0144stwa Banxa \u015bci\u015ble wsp\u00f3\u0142pracuje z zespo\u0142ami in\u017cynierskimi, zapewniaj\u0105c wsparcie na r\u00f3\u017cnych etapach cyklu \u017cycia oprogramowania (SDLC). In\u017cynierowie Banxa uczestnicz\u0105 w regularnych szkoleniach z zakresu bezpiecze\u0144stwa, aby poszerza\u0107 wiedz\u0119 o typowych podatno\u015bciach i praktykach bezpiecznego tworzenia oprogramowania.<\/p>\n\n<h3 class=\"wp-block-heading\">Bezpiecze\u0144stwo wewn\u0119trzne<\/h3>\n\n<p>Pracownicy Banxa s\u0105 zobowi\u0105zani do korzystania z urz\u0105dze\u0144 dostarczonych przez firm\u0119, zarz\u0105dzanych za pomoc\u0105 rozwi\u0105zania do zarz\u0105dzania urz\u0105dzeniami mobilnymi. Umo\u017cliwia to naszym zespo\u0142om bezpiecze\u0144stwa i IT egzekwowanie polityk bezpiecze\u0144stwa, wdra\u017canie innych rozwi\u0105za\u0144 ochrony punkt\u00f3w ko\u0144cowych i zdalne zarz\u0105dzanie urz\u0105dzeniami. Wszyscy pracownicy s\u0105 zobowi\u0105zani do korzystania z Single Sign-On oraz uwierzytelniania wielosk\u0142adnikowego w celu dost\u0119pu do aplikacji i us\u0142ug firm trzecich. Pracownicy s\u0105 poddawani kontroli przesz\u0142o\u015bci przed<\/p>\n\n<p>zatrudnieniem oraz otrzymuj\u0105 szkolenia dotycz\u0105ce wytycznych bezpiecze\u0144stwa i bie\u017c\u0105c\u0105 edukacj\u0119 w tym zakresie. Pracownicy s\u0105 obj\u0119ci rygorystycznymi standardami bezpiecze\u0144stwa i regularnie wsp\u00f3\u0142pracuj\u0105 z zespo\u0142em bezpiecze\u0144stwa.<\/p>\n\n<h3 class=\"wp-block-heading\">Bezpiecze\u0144stwo punkt\u00f3w ko\u0144cowych<\/h3>\n\n<p>Wszystkie urz\u0105dzenia zarz\u0105dzane przez Banxa s\u0105 chronione za pomoc\u0105 us\u0142ug Endpoint Detection and Response (EDR) klasy korporacyjnej, kt\u00f3re s\u0105 monitorowane ca\u0142odobowo przez dedykowany zesp\u00f3\u0142 specjalist\u00f3w ds. bezpiecze\u0144stwa. Banxa regularnie skanuje systemy w poszukiwaniu nowo wykrytych podatno\u015bci i niezw\u0142ocznie je \u0142agodzi.<\/p>\n","protected":false},"excerpt":{"rendered":"<p>Powiernictwo Banxa dzia\u0142a jako agent niepowierniczy we wszystkich relacjach z klientami. Banxa nie przechowuje \u017cadnych \u015brodk\u00f3w klient\u00f3w zakupionych na platformie i przekazuje aktywa bezpo\u015brednio do\/z portfeli wskazanych przez klienta. Je\u015bli klient chc\u0105cy skorzysta\u0107 z us\u0142ug Banxa nie posiada portfela, prosimy o jego utworzenie przed kontynuowaniem zakupu krypto. P\u0142atno\u015bci i dane klient\u00f3w Wszystkie dane przesy\u0142ane do [&hellip;]<\/p>\n","protected":false},"author":3,"featured_media":0,"parent":0,"menu_order":0,"comment_status":"closed","ping_status":"closed","template":"","meta":{"footnotes":""},"class_list":["post-7537","page","type-page","status-publish","hentry"],"yoast_head":"<!-- This site is optimized with the Yoast SEO plugin v27.5 - https:\/\/yoast.com\/product\/yoast-seo-wordpress\/ -->\n<title>Bezpiecze\u0144stwo - Banxa<\/title>\n<meta name=\"robots\" content=\"index, follow, max-snippet:-1, max-image-preview:large, max-video-preview:-1\" \/>\n<link rel=\"canonical\" href=\"https:\/\/banxa.com\/pl\/bezpieczenstwo\/\" \/>\n<meta property=\"og:locale\" content=\"pl_PL\" \/>\n<meta property=\"og:type\" content=\"article\" \/>\n<meta property=\"og:title\" content=\"Bezpiecze\u0144stwo - Banxa\" \/>\n<meta property=\"og:description\" content=\"Powiernictwo Banxa dzia\u0142a jako agent niepowierniczy we wszystkich relacjach z klientami. Banxa nie przechowuje \u017cadnych \u015brodk\u00f3w klient\u00f3w zakupionych na platformie i przekazuje aktywa bezpo\u015brednio do\/z portfeli wskazanych przez klienta. Je\u015bli klient chc\u0105cy skorzysta\u0107 z us\u0142ug Banxa nie posiada portfela, prosimy o jego utworzenie przed kontynuowaniem zakupu krypto. P\u0142atno\u015bci i dane klient\u00f3w Wszystkie dane przesy\u0142ane do [&hellip;]\" \/>\n<meta property=\"og:url\" content=\"https:\/\/banxa.com\/pl\/bezpieczenstwo\/\" \/>\n<meta property=\"og:site_name\" content=\"Banxa\" \/>\n<meta property=\"article:publisher\" content=\"https:\/\/www.facebook.com\/Banxa.Official\/\" \/>\n<meta property=\"article:modified_time\" content=\"2026-04-26T20:09:07+00:00\" \/>\n<meta property=\"og:image\" content=\"https:\/\/banxa.com\/wp-content\/uploads\/2025\/04\/Banxa-Holdings-Inc-Cover-image.jpg\" \/>\n\t<meta property=\"og:image:width\" content=\"1200\" \/>\n\t<meta property=\"og:image:height\" content=\"675\" \/>\n\t<meta property=\"og:image:type\" content=\"image\/jpeg\" \/>\n<meta name=\"twitter:card\" content=\"summary_large_image\" \/>\n<meta name=\"twitter:site\" content=\"@BanxaHoldings\" \/>\n<meta name=\"twitter:label1\" content=\"Est. reading time\" \/>\n\t<meta name=\"twitter:data1\" content=\"2 minuty\" \/>\n<script type=\"application\/ld+json\" class=\"yoast-schema-graph\">{\"@context\":\"https:\\\/\\\/schema.org\",\"@graph\":[{\"@type\":\"WebPage\",\"@id\":\"https:\\\/\\\/banxa.com\\\/pl\\\/bezpieczenstwo\\\/\",\"url\":\"https:\\\/\\\/banxa.com\\\/pl\\\/bezpieczenstwo\\\/\",\"name\":\"Bezpiecze\u0144stwo - Banxa\",\"isPartOf\":{\"@id\":\"https:\\\/\\\/banxa.com\\\/pl\\\/#website\"},\"datePublished\":\"2025-05-15T07:31:25+00:00\",\"dateModified\":\"2026-04-26T20:09:07+00:00\",\"breadcrumb\":{\"@id\":\"https:\\\/\\\/banxa.com\\\/pl\\\/bezpieczenstwo\\\/#breadcrumb\"},\"inLanguage\":\"pl-PL\",\"potentialAction\":[{\"@type\":\"ReadAction\",\"target\":[\"https:\\\/\\\/banxa.com\\\/pl\\\/bezpieczenstwo\\\/\"]}]},{\"@type\":\"BreadcrumbList\",\"@id\":\"https:\\\/\\\/banxa.com\\\/pl\\\/bezpieczenstwo\\\/#breadcrumb\",\"itemListElement\":[{\"@type\":\"ListItem\",\"position\":1,\"name\":\"Home\",\"item\":\"https:\\\/\\\/banxa.com\\\/pl\\\/\"},{\"@type\":\"ListItem\",\"position\":2,\"name\":\"Bezpiecze\u0144stwo\"}]},{\"@type\":\"WebSite\",\"@id\":\"https:\\\/\\\/banxa.com\\\/pl\\\/#website\",\"url\":\"https:\\\/\\\/banxa.com\\\/pl\\\/\",\"name\":\"Banxa\",\"description\":\"\",\"publisher\":{\"@id\":\"https:\\\/\\\/banxa.com\\\/pl\\\/#organization\"},\"alternateName\":\"Banxa Holdings Inc.\",\"potentialAction\":[{\"@type\":\"SearchAction\",\"target\":{\"@type\":\"EntryPoint\",\"urlTemplate\":\"https:\\\/\\\/banxa.com\\\/pl\\\/?s={search_term_string}\"},\"query-input\":{\"@type\":\"PropertyValueSpecification\",\"valueRequired\":true,\"valueName\":\"search_term_string\"}}],\"inLanguage\":\"pl-PL\"},{\"@type\":\"Organization\",\"@id\":\"https:\\\/\\\/banxa.com\\\/pl\\\/#organization\",\"name\":\"Banxa\",\"alternateName\":\"Banxa Holdings Inc.\",\"url\":\"https:\\\/\\\/banxa.com\\\/pl\\\/\",\"logo\":{\"@type\":\"ImageObject\",\"inLanguage\":\"pl-PL\",\"@id\":\"https:\\\/\\\/banxa.com\\\/pl\\\/#\\\/schema\\\/logo\\\/image\\\/\",\"url\":\"https:\\\/\\\/banxa.com\\\/wp-content\\\/uploads\\\/2025\\\/02\\\/Banxa-Icon-RGB-Favicon.png\",\"contentUrl\":\"https:\\\/\\\/banxa.com\\\/wp-content\\\/uploads\\\/2025\\\/02\\\/Banxa-Icon-RGB-Favicon.png\",\"width\":520,\"height\":470,\"caption\":\"Banxa\"},\"image\":{\"@id\":\"https:\\\/\\\/banxa.com\\\/pl\\\/#\\\/schema\\\/logo\\\/image\\\/\"},\"sameAs\":[\"https:\\\/\\\/www.facebook.com\\\/Banxa.Official\\\/\",\"https:\\\/\\\/x.com\\\/BanxaHoldings\",\"https:\\\/\\\/www.instagram.com\\\/banxaofficial\\\/\",\"https:\\\/\\\/www.youtube.com\\\/channel\\\/UC1ENe9JnShhksGOaMaTyPvQ\",\"https:\\\/\\\/www.linkedin.com\\\/company\\\/banxa-com\"]}]}<\/script>\n<!-- \/ Yoast SEO plugin. -->","yoast_head_json":{"title":"Bezpiecze\u0144stwo - Banxa","robots":{"index":"index","follow":"follow","max-snippet":"max-snippet:-1","max-image-preview":"max-image-preview:large","max-video-preview":"max-video-preview:-1"},"canonical":"https:\/\/banxa.com\/pl\/bezpieczenstwo\/","og_locale":"pl_PL","og_type":"article","og_title":"Bezpiecze\u0144stwo - Banxa","og_description":"Powiernictwo Banxa dzia\u0142a jako agent niepowierniczy we wszystkich relacjach z klientami. Banxa nie przechowuje \u017cadnych \u015brodk\u00f3w klient\u00f3w zakupionych na platformie i przekazuje aktywa bezpo\u015brednio do\/z portfeli wskazanych przez klienta. Je\u015bli klient chc\u0105cy skorzysta\u0107 z us\u0142ug Banxa nie posiada portfela, prosimy o jego utworzenie przed kontynuowaniem zakupu krypto. P\u0142atno\u015bci i dane klient\u00f3w Wszystkie dane przesy\u0142ane do [&hellip;]","og_url":"https:\/\/banxa.com\/pl\/bezpieczenstwo\/","og_site_name":"Banxa","article_publisher":"https:\/\/www.facebook.com\/Banxa.Official\/","article_modified_time":"2026-04-26T20:09:07+00:00","og_image":[{"width":1200,"height":675,"url":"https:\/\/banxa.com\/wp-content\/uploads\/2025\/04\/Banxa-Holdings-Inc-Cover-image.jpg","type":"image\/jpeg"}],"twitter_card":"summary_large_image","twitter_site":"@BanxaHoldings","twitter_misc":{"Est. reading time":"2 minuty"},"schema":{"@context":"https:\/\/schema.org","@graph":[{"@type":"WebPage","@id":"https:\/\/banxa.com\/pl\/bezpieczenstwo\/","url":"https:\/\/banxa.com\/pl\/bezpieczenstwo\/","name":"Bezpiecze\u0144stwo - Banxa","isPartOf":{"@id":"https:\/\/banxa.com\/pl\/#website"},"datePublished":"2025-05-15T07:31:25+00:00","dateModified":"2026-04-26T20:09:07+00:00","breadcrumb":{"@id":"https:\/\/banxa.com\/pl\/bezpieczenstwo\/#breadcrumb"},"inLanguage":"pl-PL","potentialAction":[{"@type":"ReadAction","target":["https:\/\/banxa.com\/pl\/bezpieczenstwo\/"]}]},{"@type":"BreadcrumbList","@id":"https:\/\/banxa.com\/pl\/bezpieczenstwo\/#breadcrumb","itemListElement":[{"@type":"ListItem","position":1,"name":"Home","item":"https:\/\/banxa.com\/pl\/"},{"@type":"ListItem","position":2,"name":"Bezpiecze\u0144stwo"}]},{"@type":"WebSite","@id":"https:\/\/banxa.com\/pl\/#website","url":"https:\/\/banxa.com\/pl\/","name":"Banxa","description":"","publisher":{"@id":"https:\/\/banxa.com\/pl\/#organization"},"alternateName":"Banxa Holdings Inc.","potentialAction":[{"@type":"SearchAction","target":{"@type":"EntryPoint","urlTemplate":"https:\/\/banxa.com\/pl\/?s={search_term_string}"},"query-input":{"@type":"PropertyValueSpecification","valueRequired":true,"valueName":"search_term_string"}}],"inLanguage":"pl-PL"},{"@type":"Organization","@id":"https:\/\/banxa.com\/pl\/#organization","name":"Banxa","alternateName":"Banxa Holdings Inc.","url":"https:\/\/banxa.com\/pl\/","logo":{"@type":"ImageObject","inLanguage":"pl-PL","@id":"https:\/\/banxa.com\/pl\/#\/schema\/logo\/image\/","url":"https:\/\/banxa.com\/wp-content\/uploads\/2025\/02\/Banxa-Icon-RGB-Favicon.png","contentUrl":"https:\/\/banxa.com\/wp-content\/uploads\/2025\/02\/Banxa-Icon-RGB-Favicon.png","width":520,"height":470,"caption":"Banxa"},"image":{"@id":"https:\/\/banxa.com\/pl\/#\/schema\/logo\/image\/"},"sameAs":["https:\/\/www.facebook.com\/Banxa.Official\/","https:\/\/x.com\/BanxaHoldings","https:\/\/www.instagram.com\/banxaofficial\/","https:\/\/www.youtube.com\/channel\/UC1ENe9JnShhksGOaMaTyPvQ","https:\/\/www.linkedin.com\/company\/banxa-com"]}]}},"_links":{"self":[{"href":"https:\/\/banxa.com\/pl\/wp-json\/wp\/v2\/pages\/7537","targetHints":{"allow":["GET"]}}],"collection":[{"href":"https:\/\/banxa.com\/pl\/wp-json\/wp\/v2\/pages"}],"about":[{"href":"https:\/\/banxa.com\/pl\/wp-json\/wp\/v2\/types\/page"}],"author":[{"embeddable":true,"href":"https:\/\/banxa.com\/pl\/wp-json\/wp\/v2\/users\/3"}],"replies":[{"embeddable":true,"href":"https:\/\/banxa.com\/pl\/wp-json\/wp\/v2\/comments?post=7537"}],"version-history":[{"count":0,"href":"https:\/\/banxa.com\/pl\/wp-json\/wp\/v2\/pages\/7537\/revisions"}],"wp:attachment":[{"href":"https:\/\/banxa.com\/pl\/wp-json\/wp\/v2\/media?parent=7537"}],"curies":[{"name":"wp","href":"https:\/\/api.w.org\/{rel}","templated":true}]}}