{"id":7529,"date":"2025-05-16T02:33:53","date_gmt":"2025-05-16T02:33:53","guid":{"rendered":"https:\/\/banxa.com\/ujawnienie-konfliktow-interesow\/"},"modified":"2026-04-26T20:08:58","modified_gmt":"2026-04-26T20:08:58","slug":"ujawnienie-konfliktow-interesow","status":"publish","type":"page","link":"https:\/\/banxa.com\/pl\/ujawnienie-konfliktow-interesow\/","title":{"rendered":"Ujawnienie konflikt\u00f3w interes\u00f3w"},"content":{"rendered":"\n<p>EU Internet Ventures B.V. (\u201eEUIV\u201d), europejska sp\u00f3\u0142ka Banxa, jest zobowi\u0105zana do wdro\u017cenia i utrzymywania skutecznych polityk i procedur s\u0142u\u017c\u0105cych identyfikacji, zapobieganiu, zarz\u0105dzaniu i ujawnianiu konflikt\u00f3w interes\u00f3w. Poprzez niniejsze ujawnienie EUIV ma na celu poinformowanie Pa\u0144stwa o og\u00f3lnym charakterze i \u017ar\u00f3d\u0142ach konflikt\u00f3w interes\u00f3w, kt\u00f3re wyst\u0105pi\u0142y lub mog\u0105 wyst\u0105pi\u0107, oraz o krokach podj\u0119tych przez EUIV w celu ich ograniczenia.<\/p>\n\n<h3 class=\"wp-block-heading\">Og\u00f3lny charakter i \u017ar\u00f3d\u0142a konflikt\u00f3w interes\u00f3w<\/h3>\n\n<p>EUIV zidentyfikowa\u0142a dwie kategorie potencjalnych konflikt\u00f3w interes\u00f3w:<\/p>\n\n<ul class=\"wp-block-list\">\n<li>Konflikty interes\u00f3w potencjalnie niekorzystne dla klient\u00f3w EUIV; oraz<\/li>\n\n\n\n<li>Konflikty interes\u00f3w potencjalnie niekorzystne dla EUIV.<\/li>\n<\/ul>\n\n<p>Konflikty interes\u00f3w potencjalnie niekorzystne dla klient\u00f3w mog\u0105 powsta\u0107, gdy EUIV lub akcjonariusze lub cz\u0142onkowie EUIV, ka\u017cda osoba bezpo\u015brednio lub po\u015brednio powi\u0105zana z EUIV lub akcjonariuszami lub cz\u0142onkami EUIV poprzez kontrol\u0119, cz\u0142onkowie zarz\u0105du EUIV lub pracownicy EUIV (<strong>Osoby Powi\u0105zane<\/strong>) znajduj\u0105 si\u0119 w kt\u00f3rejkolwiek z poni\u017cszych sytuacji:<\/p>\n\n<ul class=\"wp-block-list\">\n<li>EUIV lub Osoba Powi\u0105zana mo\u017ce osi\u0105gn\u0105\u0107 zysk finansowy, unikn\u0105\u0107 straty finansowej lub otrzyma\u0107 inn\u0105 korzy\u015b\u0107 kosztem klienta;<\/li>\n\n\n\n<li>EUIV lub Osoba Powi\u0105zana ma interes w wyniku us\u0142ugi w zakresie kryptoaktyw\u00f3w \u015bwiadczonej na rzecz klienta EUIV lub transakcji przeprowadzanej w imieniu tego klienta, kt\u00f3ry r\u00f3\u017cni si\u0119 od interesu tego klienta w tym wyniku; <\/li>\n\n\n\n<li>EUIV lub Osoba Powi\u0105zana ma finansow\u0105 lub inn\u0105 zach\u0119t\u0119 do preferowania interesu jednego lub wi\u0119kszej liczby klient\u00f3w EUIV nad interesem innego klienta EUIV;<\/li>\n\n\n\n<li>EUIV lub Osoba Powi\u0105zana prowadzi t\u0119 sam\u0105 dzia\u0142alno\u015b\u0107 co klient EUIV; lub<\/li>\n\n\n\n<li>EUIV lub Osoba Powi\u0105zana otrzymuje lub otrzyma od osoby innej ni\u017c klient EUIV zach\u0119t\u0119 w zwi\u0105zku z us\u0142ug\u0105 \u015bwiadczon\u0105 na rzecz tego klienta, w formie korzy\u015bci pieni\u0119\u017cnych lub niepieni\u0119\u017cnych lub us\u0142ug.<\/li>\n<\/ul>\n\n<p>Konflikty interes\u00f3w potencjalnie niekorzystne dla EUIV mog\u0105 powsta\u0107, gdy Osoba Powi\u0105zana:<\/p>\n\n<ul class=\"wp-block-list\">\n<li>posiada interes ekonomiczny w osobie, organie lub podmiocie o interesach sprzecznych z interesami EUIV;<\/li>\n\n\n\n<li>ma osobist\u0105 relacj\u0119 z osob\u0105, organem lub podmiotem o interesach sprzecznych z interesami EUIV;<\/li>\n\n\n\n<li>ma lub mia\u0142a zawodow\u0105 relacj\u0119 z osob\u0105, organem lub podmiotem o interesach sprzecznych z interesami EUIV;<\/li>\n\n\n\n<li>ma polityczn\u0105 relacj\u0119 z osob\u0105, organem lub podmiotem o interesach sprzecznych z interesami EUIV; lub<\/li>\n\n\n\n<li>wykonuje sprzeczne zadania, zosta\u0142a powierzona jej sprzeczna odpowiedzialno\u015b\u0107 lub jest hierarchicznie nadzorowana przez osob\u0119 odpowiedzialn\u0105 za sprzeczne funkcje lub zadania.<\/li>\n<\/ul>\n\n<h3 class=\"wp-block-heading\">Kroki podj\u0119te przez EUIV w celu ograniczenia tych (potencjalnych) konflikt\u00f3w interes\u00f3w<\/h3>\n\n<p>EUIV wdro\u017cy\u0142a r\u00f3\u017cne \u015brodki maj\u0105ce na celu zapobieganie powstawaniu opisanych powy\u017cej konflikt\u00f3w interes\u00f3w:<\/p>\n\n<ul class=\"wp-block-list\">\n<li>Dzi\u0119ki szkoleniom EUIV nieustannie zapewnia, aby Osoby Powi\u0105zane by\u0142y \u015bwiadome ryzyk konflikt\u00f3w interes\u00f3w oraz \u015brodk\u00f3w podj\u0119tych przez EUIV w celu zapobiegania ich powstawaniu.<\/li>\n\n\n\n<li>EUIV wdro\u017cy\u0142a r\u00f3\u017cne rygorystyczne polityki i procedury maj\u0105ce na celu zapobieganie powstawaniu konflikt\u00f3w interes\u00f3w. Te polityki i procedury reguluj\u0105 nast\u0119puj\u0105ce kwestie:\n<ul class=\"wp-block-list\">\n<li>Wynagrodzenia<\/li>\n\n\n\n<li>Transakcje osobiste<\/li>\n\n\n\n<li>Przyjmowanie prezent\u00f3w<\/li>\n\n\n\n<li>Kampanie promocyjne<\/li>\n\n\n\n<li>Prowizje<\/li>\n\n\n\n<li>Dzia\u0142alno\u015b\u0107 uboczna<\/li>\n<\/ul>\n<\/li>\n\n\n\n<li>Ponadto EUIV wdro\u017cy\u0142a r\u00f3\u017cne \u015brodki w ramach swojego wewn\u0119trznego \u0142adu korporacyjnego, aby zapobiega\u0107 powstawaniu konflikt\u00f3w interes\u00f3w w ramach swojej organizacji oraz w ramach grupy Banxa.<\/li>\n<\/ul>\n\n<h3 class=\"wp-block-heading\">Ocena i aktualizacje<\/h3>\n\n<p>EUIV prowadzi aktualne rejestry wszystkich sytuacji powoduj\u0105cych rzeczywiste i potencjalne konflikty interes\u00f3w oraz \u015brodk\u00f3w podj\u0119tych w celu ich ograniczenia. Niniejsze ujawnienie jest regularnie aktualizowane w oparciu o te rejestry i corocznie oceniane pod k\u0105tem dok\u0142adno\u015bci, skuteczno\u015bci i zgodno\u015bci z obowi\u0105zuj\u0105cymi przepisami, usuwaj\u0105c wszelkie niedoci\u0105gni\u0119cia w tym zakresie.<\/p>\n\n<p><\/p>\n","protected":false},"excerpt":{"rendered":"<p>EU Internet Ventures B.V. (\u201eEUIV\u201d), europejska sp\u00f3\u0142ka Banxa, jest zobowi\u0105zana do wdro\u017cenia i utrzymywania skutecznych polityk i procedur s\u0142u\u017c\u0105cych identyfikacji, zapobieganiu, zarz\u0105dzaniu i ujawnianiu konflikt\u00f3w interes\u00f3w. Poprzez niniejsze ujawnienie EUIV ma na celu poinformowanie Pa\u0144stwa o og\u00f3lnym charakterze i \u017ar\u00f3d\u0142ach konflikt\u00f3w interes\u00f3w, kt\u00f3re wyst\u0105pi\u0142y lub mog\u0105 wyst\u0105pi\u0107, oraz o krokach podj\u0119tych przez EUIV w celu [&hellip;]<\/p>\n","protected":false},"author":3,"featured_media":0,"parent":0,"menu_order":0,"comment_status":"closed","ping_status":"closed","template":"","meta":{"footnotes":""},"class_list":["post-7529","page","type-page","status-publish","hentry"],"yoast_head":"<!-- This site is optimized with the Yoast SEO plugin v27.5 - https:\/\/yoast.com\/product\/yoast-seo-wordpress\/ -->\n<title>Ujawnienie konflikt\u00f3w interes\u00f3w - Banxa<\/title>\n<meta name=\"robots\" content=\"index, follow, max-snippet:-1, max-image-preview:large, max-video-preview:-1\" \/>\n<link rel=\"canonical\" href=\"https:\/\/banxa.com\/pl\/ujawnienie-konfliktow-interesow\/\" \/>\n<meta property=\"og:locale\" content=\"pl_PL\" \/>\n<meta property=\"og:type\" content=\"article\" \/>\n<meta property=\"og:title\" content=\"Ujawnienie konflikt\u00f3w interes\u00f3w - Banxa\" \/>\n<meta property=\"og:description\" content=\"EU Internet Ventures B.V. (\u201eEUIV\u201d), europejska sp\u00f3\u0142ka Banxa, jest zobowi\u0105zana do wdro\u017cenia i utrzymywania skutecznych polityk i procedur s\u0142u\u017c\u0105cych identyfikacji, zapobieganiu, zarz\u0105dzaniu i ujawnianiu konflikt\u00f3w interes\u00f3w. Poprzez niniejsze ujawnienie EUIV ma na celu poinformowanie Pa\u0144stwa o og\u00f3lnym charakterze i \u017ar\u00f3d\u0142ach konflikt\u00f3w interes\u00f3w, kt\u00f3re wyst\u0105pi\u0142y lub mog\u0105 wyst\u0105pi\u0107, oraz o krokach podj\u0119tych przez EUIV w celu [&hellip;]\" \/>\n<meta property=\"og:url\" content=\"https:\/\/banxa.com\/pl\/ujawnienie-konfliktow-interesow\/\" \/>\n<meta property=\"og:site_name\" content=\"Banxa\" \/>\n<meta property=\"article:publisher\" content=\"https:\/\/www.facebook.com\/Banxa.Official\/\" \/>\n<meta property=\"article:modified_time\" content=\"2026-04-26T20:08:58+00:00\" \/>\n<meta property=\"og:image\" content=\"https:\/\/banxa.com\/wp-content\/uploads\/2025\/04\/Banxa-Holdings-Inc-Cover-image.jpg\" \/>\n\t<meta property=\"og:image:width\" content=\"1200\" \/>\n\t<meta property=\"og:image:height\" content=\"675\" \/>\n\t<meta property=\"og:image:type\" content=\"image\/jpeg\" \/>\n<meta name=\"twitter:card\" content=\"summary_large_image\" \/>\n<meta name=\"twitter:site\" content=\"@BanxaHoldings\" \/>\n<meta name=\"twitter:label1\" content=\"Est. reading time\" \/>\n\t<meta name=\"twitter:data1\" content=\"3 minuty\" \/>\n<script type=\"application\/ld+json\" class=\"yoast-schema-graph\">{\"@context\":\"https:\\\/\\\/schema.org\",\"@graph\":[{\"@type\":\"WebPage\",\"@id\":\"https:\\\/\\\/banxa.com\\\/pl\\\/ujawnienie-konfliktow-interesow\\\/\",\"url\":\"https:\\\/\\\/banxa.com\\\/pl\\\/ujawnienie-konfliktow-interesow\\\/\",\"name\":\"Ujawnienie konflikt\u00f3w interes\u00f3w - Banxa\",\"isPartOf\":{\"@id\":\"https:\\\/\\\/banxa.com\\\/pl\\\/#website\"},\"datePublished\":\"2025-05-16T02:33:53+00:00\",\"dateModified\":\"2026-04-26T20:08:58+00:00\",\"breadcrumb\":{\"@id\":\"https:\\\/\\\/banxa.com\\\/pl\\\/ujawnienie-konfliktow-interesow\\\/#breadcrumb\"},\"inLanguage\":\"pl-PL\",\"potentialAction\":[{\"@type\":\"ReadAction\",\"target\":[\"https:\\\/\\\/banxa.com\\\/pl\\\/ujawnienie-konfliktow-interesow\\\/\"]}]},{\"@type\":\"BreadcrumbList\",\"@id\":\"https:\\\/\\\/banxa.com\\\/pl\\\/ujawnienie-konfliktow-interesow\\\/#breadcrumb\",\"itemListElement\":[{\"@type\":\"ListItem\",\"position\":1,\"name\":\"Home\",\"item\":\"https:\\\/\\\/banxa.com\\\/pl\\\/\"},{\"@type\":\"ListItem\",\"position\":2,\"name\":\"Ujawnienie konflikt\u00f3w interes\u00f3w\"}]},{\"@type\":\"WebSite\",\"@id\":\"https:\\\/\\\/banxa.com\\\/pl\\\/#website\",\"url\":\"https:\\\/\\\/banxa.com\\\/pl\\\/\",\"name\":\"Banxa\",\"description\":\"\",\"publisher\":{\"@id\":\"https:\\\/\\\/banxa.com\\\/pl\\\/#organization\"},\"alternateName\":\"Banxa Holdings Inc.\",\"potentialAction\":[{\"@type\":\"SearchAction\",\"target\":{\"@type\":\"EntryPoint\",\"urlTemplate\":\"https:\\\/\\\/banxa.com\\\/pl\\\/?s={search_term_string}\"},\"query-input\":{\"@type\":\"PropertyValueSpecification\",\"valueRequired\":true,\"valueName\":\"search_term_string\"}}],\"inLanguage\":\"pl-PL\"},{\"@type\":\"Organization\",\"@id\":\"https:\\\/\\\/banxa.com\\\/pl\\\/#organization\",\"name\":\"Banxa\",\"alternateName\":\"Banxa Holdings Inc.\",\"url\":\"https:\\\/\\\/banxa.com\\\/pl\\\/\",\"logo\":{\"@type\":\"ImageObject\",\"inLanguage\":\"pl-PL\",\"@id\":\"https:\\\/\\\/banxa.com\\\/pl\\\/#\\\/schema\\\/logo\\\/image\\\/\",\"url\":\"https:\\\/\\\/banxa.com\\\/wp-content\\\/uploads\\\/2025\\\/02\\\/Banxa-Icon-RGB-Favicon.png\",\"contentUrl\":\"https:\\\/\\\/banxa.com\\\/wp-content\\\/uploads\\\/2025\\\/02\\\/Banxa-Icon-RGB-Favicon.png\",\"width\":520,\"height\":470,\"caption\":\"Banxa\"},\"image\":{\"@id\":\"https:\\\/\\\/banxa.com\\\/pl\\\/#\\\/schema\\\/logo\\\/image\\\/\"},\"sameAs\":[\"https:\\\/\\\/www.facebook.com\\\/Banxa.Official\\\/\",\"https:\\\/\\\/x.com\\\/BanxaHoldings\",\"https:\\\/\\\/www.instagram.com\\\/banxaofficial\\\/\",\"https:\\\/\\\/www.youtube.com\\\/channel\\\/UC1ENe9JnShhksGOaMaTyPvQ\",\"https:\\\/\\\/www.linkedin.com\\\/company\\\/banxa-com\"]}]}<\/script>\n<!-- \/ Yoast SEO plugin. -->","yoast_head_json":{"title":"Ujawnienie konflikt\u00f3w interes\u00f3w - Banxa","robots":{"index":"index","follow":"follow","max-snippet":"max-snippet:-1","max-image-preview":"max-image-preview:large","max-video-preview":"max-video-preview:-1"},"canonical":"https:\/\/banxa.com\/pl\/ujawnienie-konfliktow-interesow\/","og_locale":"pl_PL","og_type":"article","og_title":"Ujawnienie konflikt\u00f3w interes\u00f3w - Banxa","og_description":"EU Internet Ventures B.V. (\u201eEUIV\u201d), europejska sp\u00f3\u0142ka Banxa, jest zobowi\u0105zana do wdro\u017cenia i utrzymywania skutecznych polityk i procedur s\u0142u\u017c\u0105cych identyfikacji, zapobieganiu, zarz\u0105dzaniu i ujawnianiu konflikt\u00f3w interes\u00f3w. Poprzez niniejsze ujawnienie EUIV ma na celu poinformowanie Pa\u0144stwa o og\u00f3lnym charakterze i \u017ar\u00f3d\u0142ach konflikt\u00f3w interes\u00f3w, kt\u00f3re wyst\u0105pi\u0142y lub mog\u0105 wyst\u0105pi\u0107, oraz o krokach podj\u0119tych przez EUIV w celu [&hellip;]","og_url":"https:\/\/banxa.com\/pl\/ujawnienie-konfliktow-interesow\/","og_site_name":"Banxa","article_publisher":"https:\/\/www.facebook.com\/Banxa.Official\/","article_modified_time":"2026-04-26T20:08:58+00:00","og_image":[{"width":1200,"height":675,"url":"https:\/\/banxa.com\/wp-content\/uploads\/2025\/04\/Banxa-Holdings-Inc-Cover-image.jpg","type":"image\/jpeg"}],"twitter_card":"summary_large_image","twitter_site":"@BanxaHoldings","twitter_misc":{"Est. reading time":"3 minuty"},"schema":{"@context":"https:\/\/schema.org","@graph":[{"@type":"WebPage","@id":"https:\/\/banxa.com\/pl\/ujawnienie-konfliktow-interesow\/","url":"https:\/\/banxa.com\/pl\/ujawnienie-konfliktow-interesow\/","name":"Ujawnienie konflikt\u00f3w interes\u00f3w - Banxa","isPartOf":{"@id":"https:\/\/banxa.com\/pl\/#website"},"datePublished":"2025-05-16T02:33:53+00:00","dateModified":"2026-04-26T20:08:58+00:00","breadcrumb":{"@id":"https:\/\/banxa.com\/pl\/ujawnienie-konfliktow-interesow\/#breadcrumb"},"inLanguage":"pl-PL","potentialAction":[{"@type":"ReadAction","target":["https:\/\/banxa.com\/pl\/ujawnienie-konfliktow-interesow\/"]}]},{"@type":"BreadcrumbList","@id":"https:\/\/banxa.com\/pl\/ujawnienie-konfliktow-interesow\/#breadcrumb","itemListElement":[{"@type":"ListItem","position":1,"name":"Home","item":"https:\/\/banxa.com\/pl\/"},{"@type":"ListItem","position":2,"name":"Ujawnienie konflikt\u00f3w interes\u00f3w"}]},{"@type":"WebSite","@id":"https:\/\/banxa.com\/pl\/#website","url":"https:\/\/banxa.com\/pl\/","name":"Banxa","description":"","publisher":{"@id":"https:\/\/banxa.com\/pl\/#organization"},"alternateName":"Banxa Holdings Inc.","potentialAction":[{"@type":"SearchAction","target":{"@type":"EntryPoint","urlTemplate":"https:\/\/banxa.com\/pl\/?s={search_term_string}"},"query-input":{"@type":"PropertyValueSpecification","valueRequired":true,"valueName":"search_term_string"}}],"inLanguage":"pl-PL"},{"@type":"Organization","@id":"https:\/\/banxa.com\/pl\/#organization","name":"Banxa","alternateName":"Banxa Holdings Inc.","url":"https:\/\/banxa.com\/pl\/","logo":{"@type":"ImageObject","inLanguage":"pl-PL","@id":"https:\/\/banxa.com\/pl\/#\/schema\/logo\/image\/","url":"https:\/\/banxa.com\/wp-content\/uploads\/2025\/02\/Banxa-Icon-RGB-Favicon.png","contentUrl":"https:\/\/banxa.com\/wp-content\/uploads\/2025\/02\/Banxa-Icon-RGB-Favicon.png","width":520,"height":470,"caption":"Banxa"},"image":{"@id":"https:\/\/banxa.com\/pl\/#\/schema\/logo\/image\/"},"sameAs":["https:\/\/www.facebook.com\/Banxa.Official\/","https:\/\/x.com\/BanxaHoldings","https:\/\/www.instagram.com\/banxaofficial\/","https:\/\/www.youtube.com\/channel\/UC1ENe9JnShhksGOaMaTyPvQ","https:\/\/www.linkedin.com\/company\/banxa-com"]}]}},"_links":{"self":[{"href":"https:\/\/banxa.com\/pl\/wp-json\/wp\/v2\/pages\/7529","targetHints":{"allow":["GET"]}}],"collection":[{"href":"https:\/\/banxa.com\/pl\/wp-json\/wp\/v2\/pages"}],"about":[{"href":"https:\/\/banxa.com\/pl\/wp-json\/wp\/v2\/types\/page"}],"author":[{"embeddable":true,"href":"https:\/\/banxa.com\/pl\/wp-json\/wp\/v2\/users\/3"}],"replies":[{"embeddable":true,"href":"https:\/\/banxa.com\/pl\/wp-json\/wp\/v2\/comments?post=7529"}],"version-history":[{"count":0,"href":"https:\/\/banxa.com\/pl\/wp-json\/wp\/v2\/pages\/7529\/revisions"}],"wp:attachment":[{"href":"https:\/\/banxa.com\/pl\/wp-json\/wp\/v2\/media?parent=7529"}],"curies":[{"name":"wp","href":"https:\/\/api.w.org\/{rel}","templated":true}]}}