{"id":7521,"date":"2025-06-17T02:34:33","date_gmt":"2025-06-17T02:34:33","guid":{"rendered":"https:\/\/banxa.com\/skargi\/"},"modified":"2026-04-26T20:08:46","modified_gmt":"2026-04-26T20:08:46","slug":"skargi","status":"publish","type":"page","link":"https:\/\/banxa.com\/pl\/skargi\/","title":{"rendered":"Skargi"},"content":{"rendered":"\t\t<div data-elementor-type=\"wp-page\" data-elementor-id=\"7521\" class=\"elementor elementor-7521 elementor-3467\" data-elementor-post-type=\"page\">\n\t\t\t\t<div class=\"elementor-element elementor-element-0d18a11 e-flex e-con-boxed e-con e-parent\" data-id=\"0d18a11\" data-element_type=\"container\" data-e-type=\"container\">\n\t\t\t\t\t<div class=\"e-con-inner\">\n\t\t<div class=\"elementor-element elementor-element-cb73944 e-con-full e-flex e-con e-child\" data-id=\"cb73944\" data-element_type=\"container\" data-e-type=\"container\">\n\t\t\t\t<div class=\"elementor-element elementor-element-adeb42d crosshtml elementor-widget elementor-widget-html\" data-id=\"adeb42d\" data-element_type=\"widget\" data-e-type=\"widget\" id=\"t0\" data-widget_type=\"html.default\">\n\t\t\t\t\t\n    <div class=\"cross\" data-position=\"top-left\"><\/div>\n    <div class=\"cross\" data-position=\"top-right\"><\/div>\n    <div class=\"cross\" data-position=\"bottom-left\"><\/div>\n    <div class=\"cross\" data-position=\"bottom-right\"><\/div>\n\n\t\t\t\t<\/div>\n\t\t\t\t<div class=\"elementor-element elementor-element-356136a elementor-widget elementor-widget-heading\" data-id=\"356136a\" data-element_type=\"widget\" data-e-type=\"widget\" data-widget_type=\"heading.default\">\n\t\t\t\t\t<h1 class=\"elementor-heading-title elementor-size-default\">Jak z\u0142o\u017cy\u0107 skarg\u0119<\/h1>\t\t\t\t<\/div>\n\t\t\t\t<\/div>\n\t\t<div class=\"elementor-element elementor-element-5a72e4f e-con-full e-flex e-con e-child\" data-id=\"5a72e4f\" data-element_type=\"container\" data-e-type=\"container\">\n\t\t\t\t<div class=\"elementor-element elementor-element-895b9e3 elementor-widget elementor-widget-text-editor\" data-id=\"895b9e3\" data-element_type=\"widget\" data-e-type=\"widget\" data-widget_type=\"text-editor.default\">\n\t\t\t\t\t\t\t\t\t<p>W EU Internet Ventures (EUIV) cenimy Pa\u0144stwa do\u015bwiadczenie i traktujemy wszelkie obawy z nale\u017cyt\u0105 powag\u0105. Je\u015bli co\u015b nie spe\u0142ni\u0142o Pa\u0144stwa oczekiwa\u0144, jeste\u015bmy tu, aby pom\u00f3c to naprawi\u0107. Mog\u0105 Pa\u0144stwo z\u0142o\u017cy\u0107 skarg\u0119 bezp\u0142atnie, a my zapewnimy jej szybkie i staranne rozpatrzenie.<\/p>\n<p>Mog\u0105 Pa\u0144stwo z\u0142o\u017cy\u0107 skarg\u0119 w spos\u00f3b najbardziej dla Pa\u0144stwa dogodny:\u00a0<\/p>\t\t\t\t\t\t\t\t<\/div>\n\t\t\t\t<div class=\"elementor-element elementor-element-4bb3532 elementor-icon-list--layout-traditional elementor-list-item-link-full_width elementor-widget elementor-widget-icon-list\" data-id=\"4bb3532\" data-element_type=\"widget\" data-e-type=\"widget\" data-widget_type=\"icon-list.default\">\n\t\t\t\t\t\t\t<ul class=\"elementor-icon-list-items\">\n\t\t\t\t\t\t\t<li class=\"elementor-icon-list-item\">\n\t\t\t\t\t\t\t\t\t\t\t<a href=\"mailto:complaints.eu@banxa.com\">\n\n\t\t\t\t\t\t\t\t\t\t\t\t<span class=\"elementor-icon-list-icon\">\n\t\t\t\t\t\t\t<i aria-hidden=\"true\" class=\"icon icon-send-2\"><\/i>\t\t\t\t\t\t<\/span>\n\t\t\t\t\t\t\t\t\t\t<span class=\"elementor-icon-list-text\">Email: complaints.eu@banxa.com<\/span>\n\t\t\t\t\t\t\t\t\t\t\t<\/a>\n\t\t\t\t\t\t\t\t\t<\/li>\n\t\t\t\t\t\t<\/ul>\n\t\t\t\t\t\t<\/div>\n\t\t\t\t<div class=\"elementor-element elementor-element-518de2a elementor-icon-list--layout-traditional elementor-list-item-link-full_width elementor-widget elementor-widget-icon-list\" data-id=\"518de2a\" data-element_type=\"widget\" data-e-type=\"widget\" data-widget_type=\"icon-list.default\">\n\t\t\t\t\t\t\t<ul class=\"elementor-icon-list-items\">\n\t\t\t\t\t\t\t<li class=\"elementor-icon-list-item\">\n\t\t\t\t\t\t\t\t\t\t\t<span class=\"elementor-icon-list-icon\">\n\t\t\t\t\t\t\t<i aria-hidden=\"true\" class=\"icon icon-map\"><\/i>\t\t\t\t\t\t<\/span>\n\t\t\t\t\t\t\t\t\t\t<span class=\"elementor-icon-list-text\"><strong>Adres korespondencyjny:<\/strong> <br \/>EU Internet Ventures B.V.<br \/>Nieuwezijds Voorburgwal 162<br \/>1012 SJ Amsterdam<br \/>Holandia<\/span>\n\t\t\t\t\t\t\t\t\t<\/li>\n\t\t\t\t\t\t<\/ul>\n\t\t\t\t\t\t<\/div>\n\t\t\t\t<div class=\"elementor-element elementor-element-f053cf8 elementor-widget elementor-widget-text-editor\" data-id=\"f053cf8\" data-element_type=\"widget\" data-e-type=\"widget\" data-widget_type=\"text-editor.default\">\n\t\t\t\t\t\t\t\t\t<h3>Czego od Pa\u0144stwa potrzebujemy<\/h3>\n<p>Prosimy o podanie pe\u0142nych danych kontaktowych (imi\u0119 i nazwisko, adres e-mail, numer telefonu oraz adres), kr\u00f3tkiego podsumowania problemu wraz z istotnymi datami lub szczeg\u00f3\u0142ami transakcji, wszelkich odpowiednich dokument\u00f3w, takich jak zrzuty ekranu lub potwierdzenia, nazwy us\u0142ugi zwi\u0105zanej z aktywami kryptograficznymi, kt\u00f3rej dotyczy skarga, oraz chronologii zdarze\u0144.<\/p>\n<h3>Czego si\u0119 spodziewa\u0107 w dalszej kolejno\u015bci<\/h3>\n<p>Potwierdzimy otrzymanie Pa\u0144stwa skargi w ci\u0105gu 5 dni roboczych, udzielimy pe\u0142nej odpowiedzi w ci\u0105gu 40 dni roboczych, powiadomimy Pa\u0144stwa, je\u015bli potrzebne b\u0119dzie wi\u0119cej czasu (do 45 dni roboczych), i b\u0119dziemy informowa\u0107 Pa\u0144stwa na bie\u017c\u0105co.\u00a0<\/p>\t\t\t\t\t\t\t\t<\/div>\n\t\t\t\t<div class=\"elementor-element elementor-element-f43c37a herobtn elementor-widget__width-initial elementor-tablet-align-justify elementor-widget-tablet__width-inherit elementor-widget elementor-widget-button\" data-id=\"f43c37a\" data-element_type=\"widget\" data-e-type=\"widget\" data-widget_type=\"button.default\">\n\t\t\t\t\t\t\t\t\t\t<a class=\"elementor-button elementor-button-link elementor-size-sm\" href=\"https:\/\/banxa.com\/wp-content\/uploads\/2025\/06\/Complaints-form-EN.pdf\" target=\"_blank\" download=\"\">\n\t\t\t\t\t\t<span class=\"elementor-button-content-wrapper\">\n\t\t\t\t\t\t<span class=\"elementor-button-icon\">\n\t\t\t\t<i aria-hidden=\"true\" class=\"icon icon-document-download\"><\/i>\t\t\t<\/span>\n\t\t\t\t\t\t\t\t\t<span class=\"elementor-button-text\">Pobierz formularz skargi w j\u0119zyku angielskim<\/span>\n\t\t\t\t\t<\/span>\n\t\t\t\t\t<\/a>\n\t\t\t\t\t\t\t\t<\/div>\n\t\t\t\t<div class=\"elementor-element elementor-element-09ad902 herobtn elementor-widget__width-initial elementor-tablet-align-justify elementor-mobile-align-justify elementor-widget-tablet__width-inherit elementor-widget elementor-widget-button\" data-id=\"09ad902\" data-element_type=\"widget\" data-e-type=\"widget\" data-widget_type=\"button.default\">\n\t\t\t\t\t\t\t\t\t\t<a class=\"elementor-button elementor-button-link elementor-size-sm\" href=\"https:\/\/banxa.com\/wp-content\/uploads\/2025\/06\/Complaints-form-Dutch.pdf\" target=\"_blank\" download=\"\">\n\t\t\t\t\t\t<span class=\"elementor-button-content-wrapper\">\n\t\t\t\t\t\t<span class=\"elementor-button-icon\">\n\t\t\t\t<i aria-hidden=\"true\" class=\"icon icon-document-download\"><\/i>\t\t\t<\/span>\n\t\t\t\t\t\t\t\t\t<span class=\"elementor-button-text\">Pobierz formularz skargi w j\u0119zyku niderlandzkim<\/span>\n\t\t\t\t\t<\/span>\n\t\t\t\t\t<\/a>\n\t\t\t\t\t\t\t\t<\/div>\n\t\t\t\t<\/div>\n\t\t\t\t\t<\/div>\n\t\t\t\t<\/div>\n\t\t\t\t<\/div>\n\t\t","protected":false},"excerpt":{"rendered":"<p>Jak z\u0142o\u017cy\u0107 skarg\u0119 W EU Internet Ventures (EUIV) cenimy Pa\u0144stwa do\u015bwiadczenie i traktujemy wszelkie obawy z nale\u017cyt\u0105 powag\u0105. Je\u015bli co\u015b nie spe\u0142ni\u0142o Pa\u0144stwa oczekiwa\u0144, jeste\u015bmy tu, aby pom\u00f3c to naprawi\u0107. Mog\u0105 Pa\u0144stwo z\u0142o\u017cy\u0107 skarg\u0119 bezp\u0142atnie, a my zapewnimy jej szybkie i staranne rozpatrzenie. Mog\u0105 Pa\u0144stwo z\u0142o\u017cy\u0107 skarg\u0119 w spos\u00f3b najbardziej dla Pa\u0144stwa dogodny:\u00a0 Email: complaints.eu@banxa.com [&hellip;]<\/p>\n","protected":false},"author":3,"featured_media":0,"parent":0,"menu_order":0,"comment_status":"closed","ping_status":"closed","template":"","meta":{"footnotes":""},"class_list":["post-7521","page","type-page","status-publish","hentry"],"yoast_head":"<!-- This site is optimized with the Yoast SEO plugin v27.5 - https:\/\/yoast.com\/product\/yoast-seo-wordpress\/ -->\n<title>Skargi - Banxa<\/title>\n<meta name=\"robots\" content=\"index, follow, max-snippet:-1, max-image-preview:large, max-video-preview:-1\" \/>\n<link rel=\"canonical\" href=\"https:\/\/banxa.com\/pl\/skargi\/\" \/>\n<meta property=\"og:locale\" content=\"pl_PL\" \/>\n<meta property=\"og:type\" content=\"article\" \/>\n<meta property=\"og:title\" content=\"Skargi - Banxa\" \/>\n<meta property=\"og:description\" content=\"Jak z\u0142o\u017cy\u0107 skarg\u0119 W EU Internet Ventures (EUIV) cenimy Pa\u0144stwa do\u015bwiadczenie i traktujemy wszelkie obawy z nale\u017cyt\u0105 powag\u0105. Je\u015bli co\u015b nie spe\u0142ni\u0142o Pa\u0144stwa oczekiwa\u0144, jeste\u015bmy tu, aby pom\u00f3c to naprawi\u0107. Mog\u0105 Pa\u0144stwo z\u0142o\u017cy\u0107 skarg\u0119 bezp\u0142atnie, a my zapewnimy jej szybkie i staranne rozpatrzenie. Mog\u0105 Pa\u0144stwo z\u0142o\u017cy\u0107 skarg\u0119 w spos\u00f3b najbardziej dla Pa\u0144stwa dogodny:\u00a0 Email: complaints.eu@banxa.com [&hellip;]\" \/>\n<meta property=\"og:url\" content=\"https:\/\/banxa.com\/pl\/skargi\/\" \/>\n<meta property=\"og:site_name\" content=\"Banxa\" \/>\n<meta property=\"article:publisher\" content=\"https:\/\/www.facebook.com\/Banxa.Official\/\" \/>\n<meta property=\"article:modified_time\" content=\"2026-04-26T20:08:46+00:00\" \/>\n<meta property=\"og:image\" content=\"https:\/\/banxa.com\/wp-content\/uploads\/2025\/04\/Banxa-Holdings-Inc-Cover-image.jpg\" \/>\n\t<meta property=\"og:image:width\" content=\"1200\" \/>\n\t<meta property=\"og:image:height\" content=\"675\" \/>\n\t<meta property=\"og:image:type\" content=\"image\/jpeg\" \/>\n<meta name=\"twitter:card\" content=\"summary_large_image\" \/>\n<meta name=\"twitter:site\" content=\"@BanxaHoldings\" \/>\n<meta name=\"twitter:label1\" content=\"Est. reading time\" \/>\n\t<meta name=\"twitter:data1\" content=\"1 minuta\" \/>\n<script type=\"application\/ld+json\" class=\"yoast-schema-graph\">{\"@context\":\"https:\\\/\\\/schema.org\",\"@graph\":[{\"@type\":\"WebPage\",\"@id\":\"https:\\\/\\\/banxa.com\\\/pl\\\/skargi\\\/\",\"url\":\"https:\\\/\\\/banxa.com\\\/pl\\\/skargi\\\/\",\"name\":\"Skargi - Banxa\",\"isPartOf\":{\"@id\":\"https:\\\/\\\/banxa.com\\\/pl\\\/#website\"},\"datePublished\":\"2025-06-17T02:34:33+00:00\",\"dateModified\":\"2026-04-26T20:08:46+00:00\",\"breadcrumb\":{\"@id\":\"https:\\\/\\\/banxa.com\\\/pl\\\/skargi\\\/#breadcrumb\"},\"inLanguage\":\"pl-PL\",\"potentialAction\":[{\"@type\":\"ReadAction\",\"target\":[\"https:\\\/\\\/banxa.com\\\/pl\\\/skargi\\\/\"]}]},{\"@type\":\"BreadcrumbList\",\"@id\":\"https:\\\/\\\/banxa.com\\\/pl\\\/skargi\\\/#breadcrumb\",\"itemListElement\":[{\"@type\":\"ListItem\",\"position\":1,\"name\":\"Home\",\"item\":\"https:\\\/\\\/banxa.com\\\/pl\\\/\"},{\"@type\":\"ListItem\",\"position\":2,\"name\":\"Skargi\"}]},{\"@type\":\"WebSite\",\"@id\":\"https:\\\/\\\/banxa.com\\\/pl\\\/#website\",\"url\":\"https:\\\/\\\/banxa.com\\\/pl\\\/\",\"name\":\"Banxa\",\"description\":\"\",\"publisher\":{\"@id\":\"https:\\\/\\\/banxa.com\\\/pl\\\/#organization\"},\"alternateName\":\"Banxa Holdings Inc.\",\"potentialAction\":[{\"@type\":\"SearchAction\",\"target\":{\"@type\":\"EntryPoint\",\"urlTemplate\":\"https:\\\/\\\/banxa.com\\\/pl\\\/?s={search_term_string}\"},\"query-input\":{\"@type\":\"PropertyValueSpecification\",\"valueRequired\":true,\"valueName\":\"search_term_string\"}}],\"inLanguage\":\"pl-PL\"},{\"@type\":\"Organization\",\"@id\":\"https:\\\/\\\/banxa.com\\\/pl\\\/#organization\",\"name\":\"Banxa\",\"alternateName\":\"Banxa Holdings Inc.\",\"url\":\"https:\\\/\\\/banxa.com\\\/pl\\\/\",\"logo\":{\"@type\":\"ImageObject\",\"inLanguage\":\"pl-PL\",\"@id\":\"https:\\\/\\\/banxa.com\\\/pl\\\/#\\\/schema\\\/logo\\\/image\\\/\",\"url\":\"https:\\\/\\\/banxa.com\\\/wp-content\\\/uploads\\\/2025\\\/02\\\/Banxa-Icon-RGB-Favicon.png\",\"contentUrl\":\"https:\\\/\\\/banxa.com\\\/wp-content\\\/uploads\\\/2025\\\/02\\\/Banxa-Icon-RGB-Favicon.png\",\"width\":520,\"height\":470,\"caption\":\"Banxa\"},\"image\":{\"@id\":\"https:\\\/\\\/banxa.com\\\/pl\\\/#\\\/schema\\\/logo\\\/image\\\/\"},\"sameAs\":[\"https:\\\/\\\/www.facebook.com\\\/Banxa.Official\\\/\",\"https:\\\/\\\/x.com\\\/BanxaHoldings\",\"https:\\\/\\\/www.instagram.com\\\/banxaofficial\\\/\",\"https:\\\/\\\/www.youtube.com\\\/channel\\\/UC1ENe9JnShhksGOaMaTyPvQ\",\"https:\\\/\\\/www.linkedin.com\\\/company\\\/banxa-com\"]}]}<\/script>\n<!-- \/ Yoast SEO plugin. -->","yoast_head_json":{"title":"Skargi - Banxa","robots":{"index":"index","follow":"follow","max-snippet":"max-snippet:-1","max-image-preview":"max-image-preview:large","max-video-preview":"max-video-preview:-1"},"canonical":"https:\/\/banxa.com\/pl\/skargi\/","og_locale":"pl_PL","og_type":"article","og_title":"Skargi - Banxa","og_description":"Jak z\u0142o\u017cy\u0107 skarg\u0119 W EU Internet Ventures (EUIV) cenimy Pa\u0144stwa do\u015bwiadczenie i traktujemy wszelkie obawy z nale\u017cyt\u0105 powag\u0105. Je\u015bli co\u015b nie spe\u0142ni\u0142o Pa\u0144stwa oczekiwa\u0144, jeste\u015bmy tu, aby pom\u00f3c to naprawi\u0107. Mog\u0105 Pa\u0144stwo z\u0142o\u017cy\u0107 skarg\u0119 bezp\u0142atnie, a my zapewnimy jej szybkie i staranne rozpatrzenie. Mog\u0105 Pa\u0144stwo z\u0142o\u017cy\u0107 skarg\u0119 w spos\u00f3b najbardziej dla Pa\u0144stwa dogodny:\u00a0 Email: complaints.eu@banxa.com [&hellip;]","og_url":"https:\/\/banxa.com\/pl\/skargi\/","og_site_name":"Banxa","article_publisher":"https:\/\/www.facebook.com\/Banxa.Official\/","article_modified_time":"2026-04-26T20:08:46+00:00","og_image":[{"width":1200,"height":675,"url":"https:\/\/banxa.com\/wp-content\/uploads\/2025\/04\/Banxa-Holdings-Inc-Cover-image.jpg","type":"image\/jpeg"}],"twitter_card":"summary_large_image","twitter_site":"@BanxaHoldings","twitter_misc":{"Est. reading time":"1 minuta"},"schema":{"@context":"https:\/\/schema.org","@graph":[{"@type":"WebPage","@id":"https:\/\/banxa.com\/pl\/skargi\/","url":"https:\/\/banxa.com\/pl\/skargi\/","name":"Skargi - Banxa","isPartOf":{"@id":"https:\/\/banxa.com\/pl\/#website"},"datePublished":"2025-06-17T02:34:33+00:00","dateModified":"2026-04-26T20:08:46+00:00","breadcrumb":{"@id":"https:\/\/banxa.com\/pl\/skargi\/#breadcrumb"},"inLanguage":"pl-PL","potentialAction":[{"@type":"ReadAction","target":["https:\/\/banxa.com\/pl\/skargi\/"]}]},{"@type":"BreadcrumbList","@id":"https:\/\/banxa.com\/pl\/skargi\/#breadcrumb","itemListElement":[{"@type":"ListItem","position":1,"name":"Home","item":"https:\/\/banxa.com\/pl\/"},{"@type":"ListItem","position":2,"name":"Skargi"}]},{"@type":"WebSite","@id":"https:\/\/banxa.com\/pl\/#website","url":"https:\/\/banxa.com\/pl\/","name":"Banxa","description":"","publisher":{"@id":"https:\/\/banxa.com\/pl\/#organization"},"alternateName":"Banxa Holdings Inc.","potentialAction":[{"@type":"SearchAction","target":{"@type":"EntryPoint","urlTemplate":"https:\/\/banxa.com\/pl\/?s={search_term_string}"},"query-input":{"@type":"PropertyValueSpecification","valueRequired":true,"valueName":"search_term_string"}}],"inLanguage":"pl-PL"},{"@type":"Organization","@id":"https:\/\/banxa.com\/pl\/#organization","name":"Banxa","alternateName":"Banxa Holdings Inc.","url":"https:\/\/banxa.com\/pl\/","logo":{"@type":"ImageObject","inLanguage":"pl-PL","@id":"https:\/\/banxa.com\/pl\/#\/schema\/logo\/image\/","url":"https:\/\/banxa.com\/wp-content\/uploads\/2025\/02\/Banxa-Icon-RGB-Favicon.png","contentUrl":"https:\/\/banxa.com\/wp-content\/uploads\/2025\/02\/Banxa-Icon-RGB-Favicon.png","width":520,"height":470,"caption":"Banxa"},"image":{"@id":"https:\/\/banxa.com\/pl\/#\/schema\/logo\/image\/"},"sameAs":["https:\/\/www.facebook.com\/Banxa.Official\/","https:\/\/x.com\/BanxaHoldings","https:\/\/www.instagram.com\/banxaofficial\/","https:\/\/www.youtube.com\/channel\/UC1ENe9JnShhksGOaMaTyPvQ","https:\/\/www.linkedin.com\/company\/banxa-com"]}]}},"_links":{"self":[{"href":"https:\/\/banxa.com\/pl\/wp-json\/wp\/v2\/pages\/7521","targetHints":{"allow":["GET"]}}],"collection":[{"href":"https:\/\/banxa.com\/pl\/wp-json\/wp\/v2\/pages"}],"about":[{"href":"https:\/\/banxa.com\/pl\/wp-json\/wp\/v2\/types\/page"}],"author":[{"embeddable":true,"href":"https:\/\/banxa.com\/pl\/wp-json\/wp\/v2\/users\/3"}],"replies":[{"embeddable":true,"href":"https:\/\/banxa.com\/pl\/wp-json\/wp\/v2\/comments?post=7521"}],"version-history":[{"count":0,"href":"https:\/\/banxa.com\/pl\/wp-json\/wp\/v2\/pages\/7521\/revisions"}],"wp:attachment":[{"href":"https:\/\/banxa.com\/pl\/wp-json\/wp\/v2\/media?parent=7521"}],"curies":[{"name":"wp","href":"https:\/\/api.w.org\/{rel}","templated":true}]}}