{"id":5076,"date":"2025-05-16T02:33:53","date_gmt":"2025-05-16T02:33:53","guid":{"rendered":"https:\/\/banxa.com\/belangenconflictenverklaring\/"},"modified":"2026-04-23T19:58:08","modified_gmt":"2026-04-23T19:58:08","slug":"belangenconflictenverklaring","status":"publish","type":"page","link":"https:\/\/banxa.com\/nl\/belangenconflictenverklaring\/","title":{"rendered":"Belangenconflictenverklaring"},"content":{"rendered":"\n<p>EU Internet Ventures B.V. (\u201cEUIV\u201d), Banxa\u2019s European entity, is verplicht om implement and maintain effective policies and procedures to identify, prevent, manage and disclose belangenconflicten. Through this disclosure, EUIV aims to inform you on the general nature and sources of belangenconflicten that have arisen or might arise, and the steps that EUIV heeft genomen to mitigate these belangenconflicten.<\/p>\n\n<h3 class=\"wp-block-heading\">Algemene aard en bronnen van belangenconflicten<\/h3>\n\n<p>EUIV heeft twee categorie\u00ebn potenti\u00eble belangenconflicten ge\u00efdentificeerd:<\/p>\n\n<ul class=\"wp-block-list\">\n<li>Belangenconflicten die potentieel nadelig zijn voor klanten van EUIV; en<\/li>\n\n\n\n<li>Belangenconflicten die potentieel nadelig zijn voor EUIV.<\/li>\n<\/ul>\n\n<p>Belangenconflicten that are potentially detrimental to clients may arise when EUIV or EUIV shareholders or members, any person directly or indirectly linked to EUIV or EUIV\u2019s shareholders or members by control, EUIV\u2019s board members or EUIV\u2019s employees (the <strong>Verbonden Personen<\/strong>) are in any of the following situations:<\/p>\n\n<ul class=\"wp-block-list\">\n<li>EUIV or the Verbonden Persoon is likely to make a financial gain, avoid a financial loss, or receive another kind of benefit, at the expense of the client;<\/li>\n\n\n\n<li>EUIV or the Verbonden Persoon has an interest in the outcome of a crypto-activum service provided to a client of EUIV or of a transaction carried out on behalf of that client, which is distinct from that client\u2019s interest in that outcome;\u00a0<\/li>\n\n\n\n<li>EUIV or the Verbonden Persoon has a financial or other incentive to favour the interest of one or more clients of EUIV over the interest of another client of EUIV;<\/li>\n\n\n\n<li>EUIV of de Verbonden Persoon dezelfde activiteiten uitvoert als de klant van EUIV; of<\/li>\n\n\n\n<li>EUIV or the Verbonden Persoon receives or will receive from a person other than the client of EUIV an inducement in relation to a service provided to that client, in the form of monetary or non-monetary benefits or services.<\/li>\n<\/ul>\n\n<p>Belangenconflicten die potentieel nadelig zijn voor EUIV kunnen ontstaan wanneer een Verbonden Persoon:<\/p>\n\n<ul class=\"wp-block-list\">\n<li>een economisch belang heeft in een persoon, orgaan of entiteit met belangen die in strijd zijn met die van EUIV;<\/li>\n\n\n\n<li>een persoonlijke relatie heeft met een persoon, orgaan of entiteit met belangen die in strijd zijn met die van EUIV;<\/li>\n\n\n\n<li>een professionele relatie heeft of heeft gehad met een persoon, orgaan of entiteit met belangen die in strijd zijn met die van EUIV;<\/li>\n\n\n\n<li>een politieke relatie heeft met een persoon, orgaan of entiteit met belangen die in strijd zijn met die van EUIV; of<\/li>\n\n\n\n<li>tegenstrijdige taken uitvoert, belast is met tegenstrijdige verantwoordelijkheden of hi\u00ebrarchisch wordt begeleid door iemand die belast is met tegenstrijdige functies of taken.<\/li>\n<\/ul>\n\n<h3 class=\"wp-block-heading\">Stappen die EUIV heeft genomen om deze (potenti\u00eble) belangenconflicten te beperken<\/h3>\n\n<p>EUIV heeft verschillende maatregelen ge\u00efmplementeerd om het ontstaan van de hierboven beschreven belangenconflicten te voorkomen:<\/p>\n\n<ul class=\"wp-block-list\">\n<li>Through training, EUIV continuously ensures that Verbonden Personen are aware of the risks of belangenconflicten and the measures taken by EUIV to prevent them from arising.<\/li>\n\n\n\n<li>EUIV heeft ge\u00efmplementeerd various strict policies and procedures that aim to prevent belangenconflictens from arising. These policies and procedures govern the following subjects:\n<ul class=\"wp-block-list\">\n<li>Vergoeding<\/li>\n\n\n\n<li>Persoonlijke transacties<\/li>\n\n\n\n<li>Aanvaarding van geschenken<\/li>\n\n\n\n<li>Promotiecampagnes<\/li>\n\n\n\n<li>Commissies<\/li>\n\n\n\n<li>Nevenactiviteiten<\/li>\n<\/ul>\n<\/li>\n\n\n\n<li>Additionally, EUIV heeft ge\u00efmplementeerd various measures in its internal governance to prevent belangenconflicten from arising within its organization and within the Banxa group.<\/li>\n<\/ul>\n\n<h3 class=\"wp-block-heading\">Evaluatie en updates<\/h3>\n\n<p>EUIV maintains up-to-date records of all situations giving rise to actual and potential belangenconflictens and of the measures taken to mitigate such conflicts. This disclosure is regularly updated on the basis of those records, and evaluated annually for its accuracy, effectiveness and compliance with applicable regulations, addressing any deficiencies in that respect.<\/p>\n\n<p><\/p>\n","protected":false},"excerpt":{"rendered":"<p>EU Internet Ventures B.V. (\u201cEUIV\u201d), Banxa\u2019s European entity, is verplicht om implement and maintain effective policies and procedures to identify, prevent, manage and disclose belangenconflicten. Through this disclosure, EUIV aims to inform you on the general nature and sources of belangenconflicten that have arisen or might arise, and the steps that EUIV heeft genomen to [&hellip;]<\/p>\n","protected":false},"author":3,"featured_media":0,"parent":0,"menu_order":0,"comment_status":"closed","ping_status":"closed","template":"","meta":{"footnotes":""},"class_list":["post-5076","page","type-page","status-publish","hentry"],"yoast_head":"<!-- This site is optimized with the Yoast SEO plugin v27.5 - https:\/\/yoast.com\/product\/yoast-seo-wordpress\/ -->\n<title>Belangenconflictenverklaring - Banxa<\/title>\n<meta name=\"robots\" content=\"index, follow, max-snippet:-1, max-image-preview:large, max-video-preview:-1\" \/>\n<link rel=\"canonical\" href=\"https:\/\/banxa.com\/nl\/belangenconflictenverklaring\/\" \/>\n<meta property=\"og:locale\" content=\"nl_NL\" \/>\n<meta property=\"og:type\" content=\"article\" \/>\n<meta property=\"og:title\" content=\"Belangenconflictenverklaring - Banxa\" \/>\n<meta property=\"og:description\" content=\"EU Internet Ventures B.V. (\u201cEUIV\u201d), Banxa\u2019s European entity, is verplicht om implement and maintain effective policies and procedures to identify, prevent, manage and disclose belangenconflicten. Through this disclosure, EUIV aims to inform you on the general nature and sources of belangenconflicten that have arisen or might arise, and the steps that EUIV heeft genomen to [&hellip;]\" \/>\n<meta property=\"og:url\" content=\"https:\/\/banxa.com\/nl\/belangenconflictenverklaring\/\" \/>\n<meta property=\"og:site_name\" content=\"Banxa\" \/>\n<meta property=\"article:publisher\" content=\"https:\/\/www.facebook.com\/Banxa.Official\/\" \/>\n<meta property=\"article:modified_time\" content=\"2026-04-23T19:58:08+00:00\" \/>\n<meta property=\"og:image\" content=\"https:\/\/banxa.com\/wp-content\/uploads\/2025\/04\/Banxa-Holdings-Inc-Cover-image.jpg\" \/>\n\t<meta property=\"og:image:width\" content=\"1200\" \/>\n\t<meta property=\"og:image:height\" content=\"675\" \/>\n\t<meta property=\"og:image:type\" content=\"image\/jpeg\" \/>\n<meta name=\"twitter:card\" content=\"summary_large_image\" \/>\n<meta name=\"twitter:site\" content=\"@BanxaHoldings\" \/>\n<meta name=\"twitter:label1\" content=\"Geschatte leestijd\" \/>\n\t<meta name=\"twitter:data1\" content=\"3 minuten\" \/>\n<script type=\"application\/ld+json\" class=\"yoast-schema-graph\">{\"@context\":\"https:\\\/\\\/schema.org\",\"@graph\":[{\"@type\":\"WebPage\",\"@id\":\"https:\\\/\\\/banxa.com\\\/nl\\\/belangenconflictenverklaring\\\/\",\"url\":\"https:\\\/\\\/banxa.com\\\/nl\\\/belangenconflictenverklaring\\\/\",\"name\":\"Belangenconflictenverklaring - Banxa\",\"isPartOf\":{\"@id\":\"https:\\\/\\\/banxa.com\\\/nl\\\/#website\"},\"datePublished\":\"2025-05-16T02:33:53+00:00\",\"dateModified\":\"2026-04-23T19:58:08+00:00\",\"breadcrumb\":{\"@id\":\"https:\\\/\\\/banxa.com\\\/nl\\\/belangenconflictenverklaring\\\/#breadcrumb\"},\"inLanguage\":\"nl-NL\",\"potentialAction\":[{\"@type\":\"ReadAction\",\"target\":[\"https:\\\/\\\/banxa.com\\\/nl\\\/belangenconflictenverklaring\\\/\"]}]},{\"@type\":\"BreadcrumbList\",\"@id\":\"https:\\\/\\\/banxa.com\\\/nl\\\/belangenconflictenverklaring\\\/#breadcrumb\",\"itemListElement\":[{\"@type\":\"ListItem\",\"position\":1,\"name\":\"Home\",\"item\":\"https:\\\/\\\/banxa.com\\\/nl\\\/\"},{\"@type\":\"ListItem\",\"position\":2,\"name\":\"Belangenconflictenverklaring\"}]},{\"@type\":\"WebSite\",\"@id\":\"https:\\\/\\\/banxa.com\\\/nl\\\/#website\",\"url\":\"https:\\\/\\\/banxa.com\\\/nl\\\/\",\"name\":\"Banxa\",\"description\":\"\",\"publisher\":{\"@id\":\"https:\\\/\\\/banxa.com\\\/nl\\\/#organization\"},\"alternateName\":\"Banxa Holdings Inc.\",\"potentialAction\":[{\"@type\":\"SearchAction\",\"target\":{\"@type\":\"EntryPoint\",\"urlTemplate\":\"https:\\\/\\\/banxa.com\\\/nl\\\/?s={search_term_string}\"},\"query-input\":{\"@type\":\"PropertyValueSpecification\",\"valueRequired\":true,\"valueName\":\"search_term_string\"}}],\"inLanguage\":\"nl-NL\"},{\"@type\":\"Organization\",\"@id\":\"https:\\\/\\\/banxa.com\\\/nl\\\/#organization\",\"name\":\"Banxa\",\"alternateName\":\"Banxa Holdings Inc.\",\"url\":\"https:\\\/\\\/banxa.com\\\/nl\\\/\",\"logo\":{\"@type\":\"ImageObject\",\"inLanguage\":\"nl-NL\",\"@id\":\"https:\\\/\\\/banxa.com\\\/nl\\\/#\\\/schema\\\/logo\\\/image\\\/\",\"url\":\"https:\\\/\\\/banxa.com\\\/wp-content\\\/uploads\\\/2025\\\/02\\\/Banxa-Icon-RGB-Favicon.png\",\"contentUrl\":\"https:\\\/\\\/banxa.com\\\/wp-content\\\/uploads\\\/2025\\\/02\\\/Banxa-Icon-RGB-Favicon.png\",\"width\":520,\"height\":470,\"caption\":\"Banxa\"},\"image\":{\"@id\":\"https:\\\/\\\/banxa.com\\\/nl\\\/#\\\/schema\\\/logo\\\/image\\\/\"},\"sameAs\":[\"https:\\\/\\\/www.facebook.com\\\/Banxa.Official\\\/\",\"https:\\\/\\\/x.com\\\/BanxaHoldings\",\"https:\\\/\\\/www.instagram.com\\\/banxaofficial\\\/\",\"https:\\\/\\\/www.youtube.com\\\/channel\\\/UC1ENe9JnShhksGOaMaTyPvQ\",\"https:\\\/\\\/www.linkedin.com\\\/company\\\/banxa-com\"]}]}<\/script>\n<!-- \/ Yoast SEO plugin. -->","yoast_head_json":{"title":"Belangenconflictenverklaring - Banxa","robots":{"index":"index","follow":"follow","max-snippet":"max-snippet:-1","max-image-preview":"max-image-preview:large","max-video-preview":"max-video-preview:-1"},"canonical":"https:\/\/banxa.com\/nl\/belangenconflictenverklaring\/","og_locale":"nl_NL","og_type":"article","og_title":"Belangenconflictenverklaring - Banxa","og_description":"EU Internet Ventures B.V. (\u201cEUIV\u201d), Banxa\u2019s European entity, is verplicht om implement and maintain effective policies and procedures to identify, prevent, manage and disclose belangenconflicten. Through this disclosure, EUIV aims to inform you on the general nature and sources of belangenconflicten that have arisen or might arise, and the steps that EUIV heeft genomen to [&hellip;]","og_url":"https:\/\/banxa.com\/nl\/belangenconflictenverklaring\/","og_site_name":"Banxa","article_publisher":"https:\/\/www.facebook.com\/Banxa.Official\/","article_modified_time":"2026-04-23T19:58:08+00:00","og_image":[{"width":1200,"height":675,"url":"https:\/\/banxa.com\/wp-content\/uploads\/2025\/04\/Banxa-Holdings-Inc-Cover-image.jpg","type":"image\/jpeg"}],"twitter_card":"summary_large_image","twitter_site":"@BanxaHoldings","twitter_misc":{"Geschatte leestijd":"3 minuten"},"schema":{"@context":"https:\/\/schema.org","@graph":[{"@type":"WebPage","@id":"https:\/\/banxa.com\/nl\/belangenconflictenverklaring\/","url":"https:\/\/banxa.com\/nl\/belangenconflictenverklaring\/","name":"Belangenconflictenverklaring - Banxa","isPartOf":{"@id":"https:\/\/banxa.com\/nl\/#website"},"datePublished":"2025-05-16T02:33:53+00:00","dateModified":"2026-04-23T19:58:08+00:00","breadcrumb":{"@id":"https:\/\/banxa.com\/nl\/belangenconflictenverklaring\/#breadcrumb"},"inLanguage":"nl-NL","potentialAction":[{"@type":"ReadAction","target":["https:\/\/banxa.com\/nl\/belangenconflictenverklaring\/"]}]},{"@type":"BreadcrumbList","@id":"https:\/\/banxa.com\/nl\/belangenconflictenverklaring\/#breadcrumb","itemListElement":[{"@type":"ListItem","position":1,"name":"Home","item":"https:\/\/banxa.com\/nl\/"},{"@type":"ListItem","position":2,"name":"Belangenconflictenverklaring"}]},{"@type":"WebSite","@id":"https:\/\/banxa.com\/nl\/#website","url":"https:\/\/banxa.com\/nl\/","name":"Banxa","description":"","publisher":{"@id":"https:\/\/banxa.com\/nl\/#organization"},"alternateName":"Banxa Holdings Inc.","potentialAction":[{"@type":"SearchAction","target":{"@type":"EntryPoint","urlTemplate":"https:\/\/banxa.com\/nl\/?s={search_term_string}"},"query-input":{"@type":"PropertyValueSpecification","valueRequired":true,"valueName":"search_term_string"}}],"inLanguage":"nl-NL"},{"@type":"Organization","@id":"https:\/\/banxa.com\/nl\/#organization","name":"Banxa","alternateName":"Banxa Holdings Inc.","url":"https:\/\/banxa.com\/nl\/","logo":{"@type":"ImageObject","inLanguage":"nl-NL","@id":"https:\/\/banxa.com\/nl\/#\/schema\/logo\/image\/","url":"https:\/\/banxa.com\/wp-content\/uploads\/2025\/02\/Banxa-Icon-RGB-Favicon.png","contentUrl":"https:\/\/banxa.com\/wp-content\/uploads\/2025\/02\/Banxa-Icon-RGB-Favicon.png","width":520,"height":470,"caption":"Banxa"},"image":{"@id":"https:\/\/banxa.com\/nl\/#\/schema\/logo\/image\/"},"sameAs":["https:\/\/www.facebook.com\/Banxa.Official\/","https:\/\/x.com\/BanxaHoldings","https:\/\/www.instagram.com\/banxaofficial\/","https:\/\/www.youtube.com\/channel\/UC1ENe9JnShhksGOaMaTyPvQ","https:\/\/www.linkedin.com\/company\/banxa-com"]}]}},"_links":{"self":[{"href":"https:\/\/banxa.com\/nl\/wp-json\/wp\/v2\/pages\/5076","targetHints":{"allow":["GET"]}}],"collection":[{"href":"https:\/\/banxa.com\/nl\/wp-json\/wp\/v2\/pages"}],"about":[{"href":"https:\/\/banxa.com\/nl\/wp-json\/wp\/v2\/types\/page"}],"author":[{"embeddable":true,"href":"https:\/\/banxa.com\/nl\/wp-json\/wp\/v2\/users\/3"}],"replies":[{"embeddable":true,"href":"https:\/\/banxa.com\/nl\/wp-json\/wp\/v2\/comments?post=5076"}],"version-history":[{"count":0,"href":"https:\/\/banxa.com\/nl\/wp-json\/wp\/v2\/pages\/5076\/revisions"}],"wp:attachment":[{"href":"https:\/\/banxa.com\/nl\/wp-json\/wp\/v2\/media?parent=5076"}],"curies":[{"name":"wp","href":"https:\/\/api.w.org\/{rel}","templated":true}]}}