{"id":5079,"date":"2025-05-16T02:33:53","date_gmt":"2025-05-16T02:33:53","guid":{"rendered":"https:\/\/banxa.com\/offenlegung-von-interessenkonflikten\/"},"modified":"2026-04-23T19:58:13","modified_gmt":"2026-04-23T19:58:13","slug":"offenlegung-von-interessenkonflikten","status":"publish","type":"page","link":"https:\/\/banxa.com\/it\/offenlegung-von-interessenkonflikten\/","title":{"rendered":"Offenlegung von Interessenkonflikten"},"content":{"rendered":"\n<p>EU Internet Ventures B.V. (\u201eEUIV\u201c), die europ\u00e4ische Einheit von Banxa, ist verpflichtet, wirksame Richtlinien und Verfahren zur Identifizierung, Vermeidung, Steuerung und Offenlegung von Interessenkonflikten umzusetzen und aufrechtzuerhalten. Mit dieser Offenlegung m\u00f6chte EUIV Sie \u00fcber die allgemeine Art und die Quellen von Interessenkonflikten informieren, die entstanden sind oder entstehen k\u00f6nnten, sowie \u00fcber die Ma\u00dfnahmen, die EUIV zur Minderung dieser Interessenkonflikte ergriffen hat.<\/p>\n\n<h3 class=\"wp-block-heading\">Allgemeine Art und Quellen von Interessenkonflikten<\/h3>\n\n<p>EUIV hat zwei Kategorien potenzieller Interessenkonflikte identifiziert:<\/p>\n\n<ul class=\"wp-block-list\">\n<li>Interessenkonflikte, die potenziell nachteilig f\u00fcr Kunden von EUIV sind; und<\/li>\n\n\n\n<li>Interessenkonflikte, die potenziell nachteilig f\u00fcr EUIV sind.<\/li>\n<\/ul>\n\n<p>Potenziell nachteilige Interessenkonflikte f\u00fcr Kunden k\u00f6nnen entstehen, wenn EUIV oder die Gesellschafter oder Mitglieder von EUIV, jede direkt oder indirekt durch Kontrolle mit EUIV oder den Gesellschaftern oder Mitgliedern von EUIV verbundene Person, Vorstandsmitglieder von EUIV oder Mitarbeiter von EUIV (die <strong>Verbundenen Personen<\/strong>) sich in einer der folgenden Situationen befinden:<\/p>\n\n<ul class=\"wp-block-list\">\n<li>EUIV oder die Verbundene Person voraussichtlich einen finanziellen Gewinn erzielen, einen finanziellen Verlust vermeiden oder eine andere Art von Vorteil auf Kosten des Kunden erhalten wird;<\/li>\n\n\n\n<li>EUIV oder die Verbundene Person ein Interesse am Ergebnis einer Krypto-Asset-Dienstleistung hat, die einem Kunden von EUIV erbracht wird, oder einer im Auftrag dieses Kunden durchgef\u00fchrten Transaktion, das sich vom Interesse des Kunden an diesem Ergebnis unterscheidet;\u00a0<\/li>\n\n\n\n<li>EUIV oder die Verbundene Person einen finanziellen oder sonstigen Anreiz hat, die Interessen eines oder mehrerer Kunden von EUIV gegen\u00fcber den Interessen eines anderen Kunden von EUIV zu bevorzugen;<\/li>\n\n\n\n<li>EUIV oder die Verbundene Person das gleiche Gesch\u00e4ft wie der Kunde von EUIV betreibt; oder<\/li>\n\n\n\n<li>EUIV oder die Verbundene Person von einer anderen Person als dem Kunden von EUIV eine Zuwendung im Zusammenhang mit einer f\u00fcr diesen Kunden erbrachten Dienstleistung in Form von monet\u00e4ren oder nicht-monet\u00e4ren Vorteilen oder Dienstleistungen erh\u00e4lt oder erhalten wird.<\/li>\n<\/ul>\n\n<p>Potenziell nachteilige Interessenkonflikte f\u00fcr EUIV k\u00f6nnen entstehen, wenn eine Verbundene Person:<\/p>\n\n<ul class=\"wp-block-list\">\n<li>ein wirtschaftliches Interesse an einer Person, einem Gremium oder einer Einheit mit Interessen hat, die denen von EUIV zuwiderlaufen;<\/li>\n\n\n\n<li>eine pers\u00f6nliche Beziehung zu einer Person, einem Gremium oder einer Einheit mit Interessen hat, die denen von EUIV zuwiderlaufen;<\/li>\n\n\n\n<li>eine berufliche Beziehung zu einer Person, einem Gremium oder einer Einheit mit Interessen hat oder hatte, die denen von EUIV zuwiderlaufen;<\/li>\n\n\n\n<li>eine politische Beziehung zu einer Person, einem Gremium oder einer Einheit mit Interessen hat, die denen von EUIV zuwiderlaufen; oder<\/li>\n\n\n\n<li>widerspr\u00fcchliche Aufgaben ausf\u00fchrt, mit widerspr\u00fcchlichen Verantwortlichkeiten betraut wird oder hierarchisch von jemandem beaufsichtigt wird, der f\u00fcr widerspr\u00fcchliche Funktionen oder Aufgaben zust\u00e4ndig ist.<\/li>\n<\/ul>\n\n<h3 class=\"wp-block-heading\">Von EUIV ergriffene Ma\u00dfnahmen zur Minderung dieser (potenziellen) Interessenkonflikte<\/h3>\n\n<p>EUIV hat verschiedene Ma\u00dfnahmen umgesetzt, um das Entstehen der oben genannten Interessenkonflikte zu verhindern:<\/p>\n\n<ul class=\"wp-block-list\">\n<li>Durch Schulungen stellt EUIV kontinuierlich sicher, dass Verbundene Personen sich der Risiken von Interessenkonflikten und der von EUIV ergriffenen Ma\u00dfnahmen zu deren Vermeidung bewusst sind.<\/li>\n\n\n\n<li>EUIV hat verschiedene strenge Richtlinien und Verfahren umgesetzt, die darauf abzielen, das Entstehen von Interessenkonflikten zu verhindern. Diese Richtlinien und Verfahren regeln die folgenden Bereiche:\n<ul class=\"wp-block-list\">\n<li>Verg\u00fctung<\/li>\n\n\n\n<li>Pers\u00f6nliche Transaktionen<\/li>\n\n\n\n<li>Annahme von Geschenken<\/li>\n\n\n\n<li>Werbekampagnen<\/li>\n\n\n\n<li>Provisionen<\/li>\n\n\n\n<li>Nebenaktivit\u00e4ten<\/li>\n<\/ul>\n<\/li>\n\n\n\n<li>Dar\u00fcber hinaus hat EUIV verschiedene Ma\u00dfnahmen in ihrer internen Governance umgesetzt, um das Entstehen von Interessenkonflikten innerhalb ihrer Organisation und innerhalb der Banxa-Gruppe zu verhindern.<\/li>\n<\/ul>\n\n<h3 class=\"wp-block-heading\">Bewertung und Aktualisierungen<\/h3>\n\n<p>EUIV f\u00fchrt aktuelle Aufzeichnungen \u00fcber alle Situationen, die zu tats\u00e4chlichen und potenziellen Interessenkonflikten f\u00fchren, sowie \u00fcber die zu deren Minderung ergriffenen Ma\u00dfnahmen. Diese Offenlegung wird auf der Grundlage dieser Aufzeichnungen regelm\u00e4\u00dfig aktualisiert und j\u00e4hrlich hinsichtlich ihrer Genauigkeit, Wirksamkeit und Einhaltung geltender Vorschriften bewertet, wobei etwaige M\u00e4ngel in dieser Hinsicht behoben werden.<\/p>\n\n<p><\/p>\n","protected":false},"excerpt":{"rendered":"<p>EU Internet Ventures B.V. (\u201eEUIV\u201c), die europ\u00e4ische Einheit von Banxa, ist verpflichtet, wirksame Richtlinien und Verfahren zur Identifizierung, Vermeidung, Steuerung und Offenlegung von Interessenkonflikten umzusetzen und aufrechtzuerhalten. Mit dieser Offenlegung m\u00f6chte EUIV Sie \u00fcber die allgemeine Art und die Quellen von Interessenkonflikten informieren, die entstanden sind oder entstehen k\u00f6nnten, sowie \u00fcber die Ma\u00dfnahmen, die EUIV [&hellip;]<\/p>\n","protected":false},"author":3,"featured_media":0,"parent":0,"menu_order":0,"comment_status":"closed","ping_status":"closed","template":"","meta":{"footnotes":""},"class_list":["post-5079","page","type-page","status-publish","hentry"],"yoast_head":"<!-- This site is optimized with the Yoast SEO plugin v27.5 - https:\/\/yoast.com\/product\/yoast-seo-wordpress\/ -->\n<title>Offenlegung von Interessenkonflikten - Banxa<\/title>\n<meta name=\"robots\" content=\"index, follow, max-snippet:-1, max-image-preview:large, max-video-preview:-1\" \/>\n<link rel=\"canonical\" href=\"https:\/\/banxa.com\/it\/offenlegung-von-interessenkonflikten\/\" \/>\n<meta property=\"og:locale\" content=\"it_IT\" \/>\n<meta property=\"og:type\" content=\"article\" \/>\n<meta property=\"og:title\" content=\"Offenlegung von Interessenkonflikten - Banxa\" \/>\n<meta property=\"og:description\" content=\"EU Internet Ventures B.V. (\u201eEUIV\u201c), die europ\u00e4ische Einheit von Banxa, ist verpflichtet, wirksame Richtlinien und Verfahren zur Identifizierung, Vermeidung, Steuerung und Offenlegung von Interessenkonflikten umzusetzen und aufrechtzuerhalten. Mit dieser Offenlegung m\u00f6chte EUIV Sie \u00fcber die allgemeine Art und die Quellen von Interessenkonflikten informieren, die entstanden sind oder entstehen k\u00f6nnten, sowie \u00fcber die Ma\u00dfnahmen, die EUIV [&hellip;]\" \/>\n<meta property=\"og:url\" content=\"https:\/\/banxa.com\/it\/offenlegung-von-interessenkonflikten\/\" \/>\n<meta property=\"og:site_name\" content=\"Banxa\" \/>\n<meta property=\"article:publisher\" content=\"https:\/\/www.facebook.com\/Banxa.Official\/\" \/>\n<meta property=\"article:modified_time\" content=\"2026-04-23T19:58:13+00:00\" \/>\n<meta property=\"og:image\" content=\"https:\/\/banxa.com\/wp-content\/uploads\/2025\/04\/Banxa-Holdings-Inc-Cover-image.jpg\" \/>\n\t<meta property=\"og:image:width\" content=\"1200\" \/>\n\t<meta property=\"og:image:height\" content=\"675\" \/>\n\t<meta property=\"og:image:type\" content=\"image\/jpeg\" \/>\n<meta name=\"twitter:card\" content=\"summary_large_image\" \/>\n<meta name=\"twitter:site\" content=\"@BanxaHoldings\" \/>\n<meta name=\"twitter:label1\" content=\"Tempo di lettura stimato\" \/>\n\t<meta name=\"twitter:data1\" content=\"3 minuti\" \/>\n<script type=\"application\/ld+json\" class=\"yoast-schema-graph\">{\"@context\":\"https:\\\/\\\/schema.org\",\"@graph\":[{\"@type\":\"WebPage\",\"@id\":\"https:\\\/\\\/banxa.com\\\/it\\\/offenlegung-von-interessenkonflikten\\\/\",\"url\":\"https:\\\/\\\/banxa.com\\\/it\\\/offenlegung-von-interessenkonflikten\\\/\",\"name\":\"Offenlegung von Interessenkonflikten - Banxa\",\"isPartOf\":{\"@id\":\"https:\\\/\\\/banxa.com\\\/it\\\/#website\"},\"datePublished\":\"2025-05-16T02:33:53+00:00\",\"dateModified\":\"2026-04-23T19:58:13+00:00\",\"breadcrumb\":{\"@id\":\"https:\\\/\\\/banxa.com\\\/it\\\/offenlegung-von-interessenkonflikten\\\/#breadcrumb\"},\"inLanguage\":\"it-IT\",\"potentialAction\":[{\"@type\":\"ReadAction\",\"target\":[\"https:\\\/\\\/banxa.com\\\/it\\\/offenlegung-von-interessenkonflikten\\\/\"]}]},{\"@type\":\"BreadcrumbList\",\"@id\":\"https:\\\/\\\/banxa.com\\\/it\\\/offenlegung-von-interessenkonflikten\\\/#breadcrumb\",\"itemListElement\":[{\"@type\":\"ListItem\",\"position\":1,\"name\":\"Home\",\"item\":\"https:\\\/\\\/banxa.com\\\/it\\\/\"},{\"@type\":\"ListItem\",\"position\":2,\"name\":\"Offenlegung von Interessenkonflikten\"}]},{\"@type\":\"WebSite\",\"@id\":\"https:\\\/\\\/banxa.com\\\/it\\\/#website\",\"url\":\"https:\\\/\\\/banxa.com\\\/it\\\/\",\"name\":\"Banxa\",\"description\":\"\",\"publisher\":{\"@id\":\"https:\\\/\\\/banxa.com\\\/it\\\/#organization\"},\"alternateName\":\"Banxa Holdings Inc.\",\"potentialAction\":[{\"@type\":\"SearchAction\",\"target\":{\"@type\":\"EntryPoint\",\"urlTemplate\":\"https:\\\/\\\/banxa.com\\\/it\\\/?s={search_term_string}\"},\"query-input\":{\"@type\":\"PropertyValueSpecification\",\"valueRequired\":true,\"valueName\":\"search_term_string\"}}],\"inLanguage\":\"it-IT\"},{\"@type\":\"Organization\",\"@id\":\"https:\\\/\\\/banxa.com\\\/it\\\/#organization\",\"name\":\"Banxa\",\"alternateName\":\"Banxa Holdings Inc.\",\"url\":\"https:\\\/\\\/banxa.com\\\/it\\\/\",\"logo\":{\"@type\":\"ImageObject\",\"inLanguage\":\"it-IT\",\"@id\":\"https:\\\/\\\/banxa.com\\\/it\\\/#\\\/schema\\\/logo\\\/image\\\/\",\"url\":\"https:\\\/\\\/banxa.com\\\/wp-content\\\/uploads\\\/2025\\\/02\\\/Banxa-Icon-RGB-Favicon.png\",\"contentUrl\":\"https:\\\/\\\/banxa.com\\\/wp-content\\\/uploads\\\/2025\\\/02\\\/Banxa-Icon-RGB-Favicon.png\",\"width\":520,\"height\":470,\"caption\":\"Banxa\"},\"image\":{\"@id\":\"https:\\\/\\\/banxa.com\\\/it\\\/#\\\/schema\\\/logo\\\/image\\\/\"},\"sameAs\":[\"https:\\\/\\\/www.facebook.com\\\/Banxa.Official\\\/\",\"https:\\\/\\\/x.com\\\/BanxaHoldings\",\"https:\\\/\\\/www.instagram.com\\\/banxaofficial\\\/\",\"https:\\\/\\\/www.youtube.com\\\/channel\\\/UC1ENe9JnShhksGOaMaTyPvQ\",\"https:\\\/\\\/www.linkedin.com\\\/company\\\/banxa-com\"]}]}<\/script>\n<!-- \/ Yoast SEO plugin. -->","yoast_head_json":{"title":"Offenlegung von Interessenkonflikten - Banxa","robots":{"index":"index","follow":"follow","max-snippet":"max-snippet:-1","max-image-preview":"max-image-preview:large","max-video-preview":"max-video-preview:-1"},"canonical":"https:\/\/banxa.com\/it\/offenlegung-von-interessenkonflikten\/","og_locale":"it_IT","og_type":"article","og_title":"Offenlegung von Interessenkonflikten - Banxa","og_description":"EU Internet Ventures B.V. (\u201eEUIV\u201c), die europ\u00e4ische Einheit von Banxa, ist verpflichtet, wirksame Richtlinien und Verfahren zur Identifizierung, Vermeidung, Steuerung und Offenlegung von Interessenkonflikten umzusetzen und aufrechtzuerhalten. Mit dieser Offenlegung m\u00f6chte EUIV Sie \u00fcber die allgemeine Art und die Quellen von Interessenkonflikten informieren, die entstanden sind oder entstehen k\u00f6nnten, sowie \u00fcber die Ma\u00dfnahmen, die EUIV [&hellip;]","og_url":"https:\/\/banxa.com\/it\/offenlegung-von-interessenkonflikten\/","og_site_name":"Banxa","article_publisher":"https:\/\/www.facebook.com\/Banxa.Official\/","article_modified_time":"2026-04-23T19:58:13+00:00","og_image":[{"width":1200,"height":675,"url":"https:\/\/banxa.com\/wp-content\/uploads\/2025\/04\/Banxa-Holdings-Inc-Cover-image.jpg","type":"image\/jpeg"}],"twitter_card":"summary_large_image","twitter_site":"@BanxaHoldings","twitter_misc":{"Tempo di lettura stimato":"3 minuti"},"schema":{"@context":"https:\/\/schema.org","@graph":[{"@type":"WebPage","@id":"https:\/\/banxa.com\/it\/offenlegung-von-interessenkonflikten\/","url":"https:\/\/banxa.com\/it\/offenlegung-von-interessenkonflikten\/","name":"Offenlegung von Interessenkonflikten - Banxa","isPartOf":{"@id":"https:\/\/banxa.com\/it\/#website"},"datePublished":"2025-05-16T02:33:53+00:00","dateModified":"2026-04-23T19:58:13+00:00","breadcrumb":{"@id":"https:\/\/banxa.com\/it\/offenlegung-von-interessenkonflikten\/#breadcrumb"},"inLanguage":"it-IT","potentialAction":[{"@type":"ReadAction","target":["https:\/\/banxa.com\/it\/offenlegung-von-interessenkonflikten\/"]}]},{"@type":"BreadcrumbList","@id":"https:\/\/banxa.com\/it\/offenlegung-von-interessenkonflikten\/#breadcrumb","itemListElement":[{"@type":"ListItem","position":1,"name":"Home","item":"https:\/\/banxa.com\/it\/"},{"@type":"ListItem","position":2,"name":"Offenlegung von Interessenkonflikten"}]},{"@type":"WebSite","@id":"https:\/\/banxa.com\/it\/#website","url":"https:\/\/banxa.com\/it\/","name":"Banxa","description":"","publisher":{"@id":"https:\/\/banxa.com\/it\/#organization"},"alternateName":"Banxa Holdings Inc.","potentialAction":[{"@type":"SearchAction","target":{"@type":"EntryPoint","urlTemplate":"https:\/\/banxa.com\/it\/?s={search_term_string}"},"query-input":{"@type":"PropertyValueSpecification","valueRequired":true,"valueName":"search_term_string"}}],"inLanguage":"it-IT"},{"@type":"Organization","@id":"https:\/\/banxa.com\/it\/#organization","name":"Banxa","alternateName":"Banxa Holdings Inc.","url":"https:\/\/banxa.com\/it\/","logo":{"@type":"ImageObject","inLanguage":"it-IT","@id":"https:\/\/banxa.com\/it\/#\/schema\/logo\/image\/","url":"https:\/\/banxa.com\/wp-content\/uploads\/2025\/02\/Banxa-Icon-RGB-Favicon.png","contentUrl":"https:\/\/banxa.com\/wp-content\/uploads\/2025\/02\/Banxa-Icon-RGB-Favicon.png","width":520,"height":470,"caption":"Banxa"},"image":{"@id":"https:\/\/banxa.com\/it\/#\/schema\/logo\/image\/"},"sameAs":["https:\/\/www.facebook.com\/Banxa.Official\/","https:\/\/x.com\/BanxaHoldings","https:\/\/www.instagram.com\/banxaofficial\/","https:\/\/www.youtube.com\/channel\/UC1ENe9JnShhksGOaMaTyPvQ","https:\/\/www.linkedin.com\/company\/banxa-com"]}]}},"_links":{"self":[{"href":"https:\/\/banxa.com\/it\/wp-json\/wp\/v2\/pages\/5079","targetHints":{"allow":["GET"]}}],"collection":[{"href":"https:\/\/banxa.com\/it\/wp-json\/wp\/v2\/pages"}],"about":[{"href":"https:\/\/banxa.com\/it\/wp-json\/wp\/v2\/types\/page"}],"author":[{"embeddable":true,"href":"https:\/\/banxa.com\/it\/wp-json\/wp\/v2\/users\/3"}],"replies":[{"embeddable":true,"href":"https:\/\/banxa.com\/it\/wp-json\/wp\/v2\/comments?post=5079"}],"version-history":[{"count":0,"href":"https:\/\/banxa.com\/it\/wp-json\/wp\/v2\/pages\/5079\/revisions"}],"wp:attachment":[{"href":"https:\/\/banxa.com\/it\/wp-json\/wp\/v2\/media?parent=5079"}],"curies":[{"name":"wp","href":"https:\/\/api.w.org\/{rel}","templated":true}]}}