{"id":6016,"date":"2025-02-06T05:56:48","date_gmt":"2025-02-06T05:56:48","guid":{"rendered":"https:\/\/banxa.com\/politique-de-conduite\/"},"modified":"2026-04-23T20:05:06","modified_gmt":"2026-04-23T20:05:06","slug":"politique-de-conduite","status":"publish","type":"page","link":"https:\/\/banxa.com\/fr\/politique-de-conduite\/","title":{"rendered":"Politique de conduite"},"content":{"rendered":"\n<p>L&rsquo;\u00e9quipe de support de Banxa travaille dur en continu pour r\u00e9soudre les probl\u00e8mes de nos clients. Chaque membre de l&rsquo;\u00e9quipe s&rsquo;efforcera sinc\u00e8rement d&rsquo;aider pour toute demande.<\/p>\n\n<p>Nos clients ont le droit d&rsquo;\u00eatre entendus, compris et respect\u00e9s. Cependant, il existe des situations qui peuvent rendre difficile la r\u00e9ponse de notre \u00e9quipe de support aux demandes. Dans certains cas, lorsqu&rsquo;un client devient mena\u00e7ant ou abusif, nous devons fixer des limites.<\/p>\n\n<p>Par cons\u00e9quent, nous nous r\u00e9servons le droit de refuser nos services et de mettre fin aux relations commerciales lorsqu&rsquo;un client est impoli, discriminatoire, harcelant ou abusif envers notre personnel. De plus, toute menace de violence sera prise au s\u00e9rieux et signal\u00e9e aux autorit\u00e9s comp\u00e9tentes.<\/p>\n\n<p>Nous vous remercions de comprendre notre besoin de cr\u00e9er un environnement de travail respectueux et s\u00fbr. Nous souhaitons entendre les pr\u00e9occupations de nos clients et \u00eatre l\u00e0 pour eux, mais le droit \u00e0 ce support s&rsquo;accompagne d&rsquo;une attente de comportement et de communication r\u00e9fl\u00e9chis et respectueux.<\/p>\n\n<p>N&rsquo;h\u00e9sitez pas \u00e0 nous contacter pour plus d&rsquo;informations ou des \u00e9claircissements sur cette politique.<\/p>\n","protected":false},"excerpt":{"rendered":"<p>L&rsquo;\u00e9quipe de support de Banxa travaille dur en continu pour r\u00e9soudre les probl\u00e8mes de nos clients. Chaque membre de l&rsquo;\u00e9quipe s&rsquo;efforcera sinc\u00e8rement d&rsquo;aider pour toute demande. Nos clients ont le droit d&rsquo;\u00eatre entendus, compris et respect\u00e9s. Cependant, il existe des situations qui peuvent rendre difficile la r\u00e9ponse de notre \u00e9quipe de support aux demandes. Dans [&hellip;]<\/p>\n","protected":false},"author":3,"featured_media":0,"parent":0,"menu_order":0,"comment_status":"closed","ping_status":"closed","template":"","meta":{"footnotes":""},"class_list":["post-6016","page","type-page","status-publish","hentry"],"yoast_head":"<!-- This site is optimized with the Yoast SEO plugin v27.5 - https:\/\/yoast.com\/product\/yoast-seo-wordpress\/ -->\n<title>Politique de conduite \u2013 Directives d&#039;utilisation et de comportement | Banxa<\/title>\n<meta name=\"description\" content=\"Review Banxa\u2019s Behaviour Policy outlining acceptable platform use, customer conduct guidelines, and conformit\u00e9 standards.\" \/>\n<meta name=\"robots\" content=\"index, follow, max-snippet:-1, max-image-preview:large, max-video-preview:-1\" \/>\n<link rel=\"canonical\" href=\"https:\/\/banxa.com\/fr\/politique-de-conduite\/\" \/>\n<meta property=\"og:locale\" content=\"fr_FR\" \/>\n<meta property=\"og:type\" content=\"article\" \/>\n<meta property=\"og:title\" content=\"Politique de conduite \u2013 Directives d&#039;utilisation et de comportement | Banxa\" \/>\n<meta property=\"og:description\" content=\"Review Banxa\u2019s Behaviour Policy outlining acceptable platform use, customer conduct guidelines, and conformit\u00e9 standards.\" \/>\n<meta property=\"og:url\" content=\"https:\/\/banxa.com\/fr\/politique-de-conduite\/\" \/>\n<meta property=\"og:site_name\" content=\"Banxa\" \/>\n<meta property=\"article:publisher\" content=\"https:\/\/www.facebook.com\/Banxa.Official\/\" \/>\n<meta property=\"article:modified_time\" content=\"2026-04-23T20:05:06+00:00\" \/>\n<meta property=\"og:image\" content=\"https:\/\/banxa.com\/wp-content\/uploads\/2025\/04\/Banxa-Holdings-Inc-Cover-image.jpg\" \/>\n\t<meta property=\"og:image:width\" content=\"1200\" \/>\n\t<meta property=\"og:image:height\" content=\"675\" \/>\n\t<meta property=\"og:image:type\" content=\"image\/jpeg\" \/>\n<meta name=\"twitter:card\" content=\"summary_large_image\" \/>\n<meta name=\"twitter:site\" content=\"@BanxaHoldings\" \/>\n<meta name=\"twitter:label1\" content=\"Dur\u00e9e de lecture estim\u00e9e\" \/>\n\t<meta name=\"twitter:data1\" content=\"1 minute\" \/>\n<script type=\"application\/ld+json\" class=\"yoast-schema-graph\">{\"@context\":\"https:\\\/\\\/schema.org\",\"@graph\":[{\"@type\":\"WebPage\",\"@id\":\"https:\\\/\\\/banxa.com\\\/fr\\\/politique-de-conduite\\\/\",\"url\":\"https:\\\/\\\/banxa.com\\\/fr\\\/politique-de-conduite\\\/\",\"name\":\"Politique de conduite \u2013 Directives d'utilisation et de comportement | Banxa\",\"isPartOf\":{\"@id\":\"https:\\\/\\\/banxa.com\\\/fr\\\/#website\"},\"datePublished\":\"2025-02-06T05:56:48+00:00\",\"dateModified\":\"2026-04-23T20:05:06+00:00\",\"description\":\"Review Banxa\u2019s Behaviour Policy outlining acceptable platform use, customer conduct guidelines, and conformit\u00e9 standards.\",\"breadcrumb\":{\"@id\":\"https:\\\/\\\/banxa.com\\\/fr\\\/politique-de-conduite\\\/#breadcrumb\"},\"inLanguage\":\"fr-FR\",\"potentialAction\":[{\"@type\":\"ReadAction\",\"target\":[\"https:\\\/\\\/banxa.com\\\/fr\\\/politique-de-conduite\\\/\"]}]},{\"@type\":\"BreadcrumbList\",\"@id\":\"https:\\\/\\\/banxa.com\\\/fr\\\/politique-de-conduite\\\/#breadcrumb\",\"itemListElement\":[{\"@type\":\"ListItem\",\"position\":1,\"name\":\"Home\",\"item\":\"https:\\\/\\\/banxa.com\\\/fr\\\/\"},{\"@type\":\"ListItem\",\"position\":2,\"name\":\"Politique de conduite\"}]},{\"@type\":\"WebSite\",\"@id\":\"https:\\\/\\\/banxa.com\\\/fr\\\/#website\",\"url\":\"https:\\\/\\\/banxa.com\\\/fr\\\/\",\"name\":\"Banxa\",\"description\":\"\",\"publisher\":{\"@id\":\"https:\\\/\\\/banxa.com\\\/fr\\\/#organization\"},\"alternateName\":\"Banxa Holdings Inc.\",\"potentialAction\":[{\"@type\":\"SearchAction\",\"target\":{\"@type\":\"EntryPoint\",\"urlTemplate\":\"https:\\\/\\\/banxa.com\\\/fr\\\/?s={search_term_string}\"},\"query-input\":{\"@type\":\"PropertyValueSpecification\",\"valueRequired\":true,\"valueName\":\"search_term_string\"}}],\"inLanguage\":\"fr-FR\"},{\"@type\":\"Organization\",\"@id\":\"https:\\\/\\\/banxa.com\\\/fr\\\/#organization\",\"name\":\"Banxa\",\"alternateName\":\"Banxa Holdings Inc.\",\"url\":\"https:\\\/\\\/banxa.com\\\/fr\\\/\",\"logo\":{\"@type\":\"ImageObject\",\"inLanguage\":\"fr-FR\",\"@id\":\"https:\\\/\\\/banxa.com\\\/fr\\\/#\\\/schema\\\/logo\\\/image\\\/\",\"url\":\"https:\\\/\\\/banxa.com\\\/wp-content\\\/uploads\\\/2025\\\/02\\\/Banxa-Icon-RGB-Favicon.png\",\"contentUrl\":\"https:\\\/\\\/banxa.com\\\/wp-content\\\/uploads\\\/2025\\\/02\\\/Banxa-Icon-RGB-Favicon.png\",\"width\":520,\"height\":470,\"caption\":\"Banxa\"},\"image\":{\"@id\":\"https:\\\/\\\/banxa.com\\\/fr\\\/#\\\/schema\\\/logo\\\/image\\\/\"},\"sameAs\":[\"https:\\\/\\\/www.facebook.com\\\/Banxa.Official\\\/\",\"https:\\\/\\\/x.com\\\/BanxaHoldings\",\"https:\\\/\\\/www.instagram.com\\\/banxaofficial\\\/\",\"https:\\\/\\\/www.youtube.com\\\/channel\\\/UC1ENe9JnShhksGOaMaTyPvQ\",\"https:\\\/\\\/www.linkedin.com\\\/company\\\/banxa-com\"]}]}<\/script>\n<!-- \/ Yoast SEO plugin. -->","yoast_head_json":{"title":"Politique de conduite \u2013 Directives d'utilisation et de comportement | Banxa","description":"Review Banxa\u2019s Behaviour Policy outlining acceptable platform use, customer conduct guidelines, and conformit\u00e9 standards.","robots":{"index":"index","follow":"follow","max-snippet":"max-snippet:-1","max-image-preview":"max-image-preview:large","max-video-preview":"max-video-preview:-1"},"canonical":"https:\/\/banxa.com\/fr\/politique-de-conduite\/","og_locale":"fr_FR","og_type":"article","og_title":"Politique de conduite \u2013 Directives d'utilisation et de comportement | Banxa","og_description":"Review Banxa\u2019s Behaviour Policy outlining acceptable platform use, customer conduct guidelines, and conformit\u00e9 standards.","og_url":"https:\/\/banxa.com\/fr\/politique-de-conduite\/","og_site_name":"Banxa","article_publisher":"https:\/\/www.facebook.com\/Banxa.Official\/","article_modified_time":"2026-04-23T20:05:06+00:00","og_image":[{"width":1200,"height":675,"url":"https:\/\/banxa.com\/wp-content\/uploads\/2025\/04\/Banxa-Holdings-Inc-Cover-image.jpg","type":"image\/jpeg"}],"twitter_card":"summary_large_image","twitter_site":"@BanxaHoldings","twitter_misc":{"Dur\u00e9e de lecture estim\u00e9e":"1 minute"},"schema":{"@context":"https:\/\/schema.org","@graph":[{"@type":"WebPage","@id":"https:\/\/banxa.com\/fr\/politique-de-conduite\/","url":"https:\/\/banxa.com\/fr\/politique-de-conduite\/","name":"Politique de conduite \u2013 Directives d'utilisation et de comportement | Banxa","isPartOf":{"@id":"https:\/\/banxa.com\/fr\/#website"},"datePublished":"2025-02-06T05:56:48+00:00","dateModified":"2026-04-23T20:05:06+00:00","description":"Review Banxa\u2019s Behaviour Policy outlining acceptable platform use, customer conduct guidelines, and conformit\u00e9 standards.","breadcrumb":{"@id":"https:\/\/banxa.com\/fr\/politique-de-conduite\/#breadcrumb"},"inLanguage":"fr-FR","potentialAction":[{"@type":"ReadAction","target":["https:\/\/banxa.com\/fr\/politique-de-conduite\/"]}]},{"@type":"BreadcrumbList","@id":"https:\/\/banxa.com\/fr\/politique-de-conduite\/#breadcrumb","itemListElement":[{"@type":"ListItem","position":1,"name":"Home","item":"https:\/\/banxa.com\/fr\/"},{"@type":"ListItem","position":2,"name":"Politique de conduite"}]},{"@type":"WebSite","@id":"https:\/\/banxa.com\/fr\/#website","url":"https:\/\/banxa.com\/fr\/","name":"Banxa","description":"","publisher":{"@id":"https:\/\/banxa.com\/fr\/#organization"},"alternateName":"Banxa Holdings Inc.","potentialAction":[{"@type":"SearchAction","target":{"@type":"EntryPoint","urlTemplate":"https:\/\/banxa.com\/fr\/?s={search_term_string}"},"query-input":{"@type":"PropertyValueSpecification","valueRequired":true,"valueName":"search_term_string"}}],"inLanguage":"fr-FR"},{"@type":"Organization","@id":"https:\/\/banxa.com\/fr\/#organization","name":"Banxa","alternateName":"Banxa Holdings Inc.","url":"https:\/\/banxa.com\/fr\/","logo":{"@type":"ImageObject","inLanguage":"fr-FR","@id":"https:\/\/banxa.com\/fr\/#\/schema\/logo\/image\/","url":"https:\/\/banxa.com\/wp-content\/uploads\/2025\/02\/Banxa-Icon-RGB-Favicon.png","contentUrl":"https:\/\/banxa.com\/wp-content\/uploads\/2025\/02\/Banxa-Icon-RGB-Favicon.png","width":520,"height":470,"caption":"Banxa"},"image":{"@id":"https:\/\/banxa.com\/fr\/#\/schema\/logo\/image\/"},"sameAs":["https:\/\/www.facebook.com\/Banxa.Official\/","https:\/\/x.com\/BanxaHoldings","https:\/\/www.instagram.com\/banxaofficial\/","https:\/\/www.youtube.com\/channel\/UC1ENe9JnShhksGOaMaTyPvQ","https:\/\/www.linkedin.com\/company\/banxa-com"]}]}},"_links":{"self":[{"href":"https:\/\/banxa.com\/fr\/wp-json\/wp\/v2\/pages\/6016","targetHints":{"allow":["GET"]}}],"collection":[{"href":"https:\/\/banxa.com\/fr\/wp-json\/wp\/v2\/pages"}],"about":[{"href":"https:\/\/banxa.com\/fr\/wp-json\/wp\/v2\/types\/page"}],"author":[{"embeddable":true,"href":"https:\/\/banxa.com\/fr\/wp-json\/wp\/v2\/users\/3"}],"replies":[{"embeddable":true,"href":"https:\/\/banxa.com\/fr\/wp-json\/wp\/v2\/comments?post=6016"}],"version-history":[{"count":0,"href":"https:\/\/banxa.com\/fr\/wp-json\/wp\/v2\/pages\/6016\/revisions"}],"wp:attachment":[{"href":"https:\/\/banxa.com\/fr\/wp-json\/wp\/v2\/media?parent=6016"}],"curies":[{"name":"wp","href":"https:\/\/api.w.org\/{rel}","templated":true}]}}