{"id":5989,"date":"2025-02-11T02:30:47","date_gmt":"2025-02-11T02:30:47","guid":{"rendered":"https:\/\/banxa.com\/resume-des-risques-2\/"},"modified":"2026-04-23T20:04:25","modified_gmt":"2026-04-23T20:04:25","slug":"resume-des-risques-2","status":"publish","type":"page","link":"https:\/\/banxa.com\/fr\/resume-des-risques-2\/","title":{"rendered":"R\u00e9sum\u00e9 des risques"},"content":{"rendered":"\n<p><strong>Temps de lecture estim\u00e9 : 2 min :<\/strong><\/p>\n\n<p>En raison du potentiel de pertes, la Financial Conduct Authority (FCA) consid\u00e8re cet investissement comme \u00e9tant \u00e0 haut risque.\u00a0<\/p>\n\n<h2 class=\"wp-block-heading\">Quels sont les principaux risques ?\u00a0<\/h2>\n\n<h5 class=\"wp-block-heading\">1. <strong>Vous pourriez perdre tout l&rsquo;argent que vous investissez\u00a0<\/strong><\/h5>\n\n<ul class=\"wp-block-list\">\n<li>The performance of most cryptoactifs can be highly volatile, with their value dropping as quickly as it can rise. You should be prepared to lose all the money you invest in cryptoactifs.<\/li>\n\n\n\n<li>The cryptoactif market is largely unregulated. There is a risk of losing money or any cryptoactifs you purchase due to risks such as cyber-attacks, financial crime and firm failure.\u00a0<\/li>\n<\/ul>\n\n<h5 class=\"wp-block-heading\">2. <strong>Vous ne devez pas vous attendre \u00e0 \u00eatre prot\u00e9g\u00e9 en cas de probl\u00e8me\u00a0<\/strong><\/h5>\n\n<ul class=\"wp-block-list\">\n<li>The Financial Services Compensation Scheme (FSCS) doesn\u2019t protect this type of investment because it\u2019s not a \u2018specified investment\u2019 under the UK regulatory regime \u2013 in other words, this type of investment isn\u2019t recognised as the sort of investment that the FSCS can protect. En savoir plus by using the FSCS investment protection checker\u00a0<a href=\"https:\/\/www.fscs.org.uk\/check\/investment-protection-checker\/\" target=\"_blank\" rel=\"noreferrer noopener\">here<\/a>.<\/li>\n\n\n\n<li>The Financial Ombudsman Service (FOS) will not be able to consider complaints related to this firm.\u00a0 En savoir plus about FOS protection\u00a0<a href=\"https:\/\/www.financial-ombudsman.org.uk\/consumers\" target=\"_blank\" rel=\"noreferrer noopener\">here<\/a>.<\/li>\n<\/ul>\n\n<h5 class=\"wp-block-heading\">3. <strong>Vous pourriez ne pas \u00eatre en mesure de vendre votre investissement quand vous le souhaitez\u00a0<\/strong><\/h5>\n\n<ul class=\"wp-block-list\">\n<li>There is no guarantee that investments in cryptoactifs can be easily sold at any given time. The ability to sell a cryptoactif depends on various factors, including the supply and demand in the market at that time.\u00a0<\/li>\n\n\n\n<li>Operational failings such as technology outages, cyber-attacks and comingling of funds could cause unwanted delay and you may be unable to sell your cryptoactifs at the time you want.\u00a0<\/li>\n<\/ul>\n\n<h5 class=\"wp-block-heading\">4. <strong>Les investissements en cryptoactifs peuvent \u00eatre complexes\u00a0<\/strong><\/h5>\n\n<ul class=\"wp-block-list\">\n<li>Investments in cryptoactifs can be complex, making it difficult to understand the risks associated with the investment.\u00a0<\/li>\n\n\n\n<li>Vous devriez effectuer vos propres recherches avant d&rsquo;investir. Si quelque chose semble trop beau pour \u00eatre vrai, c&rsquo;est probablement le cas.\u00a0<\/li>\n<\/ul>\n\n<h5 class=\"wp-block-heading\">5. <strong>Ne mettez pas tous vos \u0153ufs dans le m\u00eame panier\u00a0<\/strong><\/h5>\n\n<ul class=\"wp-block-list\">\n<li>Mettre tout son argent dans un seul type d&rsquo;investissement est risqu\u00e9. R\u00e9partir son argent sur diff\u00e9rents investissements vous rend moins d\u00e9pendant de la performance d&rsquo;un seul.<\/li>\n\n\n\n<li>A good rule of thumb is not to invest more than 10% of your money in high-risk investments.\u00a0<a href=\"https:\/\/www.fca.org.uk\/investsmart\/5-questions-ask-you-invest\" target=\"_blank\" rel=\"noreferrer noopener\">En savoir plus here<\/a>.<\/li>\n<\/ul>\n\n<p><\/p>\n\n<p>Si vous souhaitez en savoir plus sur comment vous prot\u00e9ger, consultez le site de la FCA\u00a0<a href=\"https:\/\/www.fca.org.uk\/investsmart\" target=\"_blank\" rel=\"noreferrer noopener\">ici<\/a>.<\/p>\n\n<p>For further information about cryptoactifs, visit the FCA\u2019s website\u00a0<a href=\"https:\/\/www.fca.org.uk\/investsmart\/crypto-basics\" target=\"_blank\" rel=\"noreferrer noopener\">here<\/a>.<\/p>\n\n<p><\/p>\n","protected":false},"excerpt":{"rendered":"<p>Temps de lecture estim\u00e9 : 2 min : En raison du potentiel de pertes, la Financial Conduct Authority (FCA) consid\u00e8re cet investissement comme \u00e9tant \u00e0 haut risque.\u00a0 Quels sont les principaux risques ?\u00a0 1. Vous pourriez perdre tout l&rsquo;argent que vous investissez\u00a0 2. Vous ne devez pas vous attendre \u00e0 \u00eatre prot\u00e9g\u00e9 en cas de [&hellip;]<\/p>\n","protected":false},"author":3,"featured_media":0,"parent":0,"menu_order":0,"comment_status":"closed","ping_status":"closed","template":"","meta":{"footnotes":""},"class_list":["post-5989","page","type-page","status-publish","hentry"],"yoast_head":"<!-- This site is optimized with the Yoast SEO plugin v27.5 - https:\/\/yoast.com\/product\/yoast-seo-wordpress\/ -->\n<title>R\u00e9sum\u00e9 des risques \u2013 Risques li\u00e9s aux transactions crypto et s\u00e9curit\u00e9 | Banxa<\/title>\n<meta name=\"description\" content=\"Consultez le r\u00e9sum\u00e9 des risques de Banxa pour comprendre les risques potentiels li\u00e9s aux transactions en cryptomonnaies, \u00e0 la volatilit\u00e9 et aux mesures de s\u00e9curit\u00e9.\" \/>\n<meta name=\"robots\" content=\"index, follow, max-snippet:-1, max-image-preview:large, max-video-preview:-1\" \/>\n<link rel=\"canonical\" href=\"https:\/\/banxa.com\/fr\/resume-des-risques-2\/\" \/>\n<meta property=\"og:locale\" content=\"fr_FR\" \/>\n<meta property=\"og:type\" content=\"article\" \/>\n<meta property=\"og:title\" content=\"R\u00e9sum\u00e9 des risques \u2013 Risques li\u00e9s aux transactions crypto et s\u00e9curit\u00e9 | Banxa\" \/>\n<meta property=\"og:description\" content=\"Consultez le r\u00e9sum\u00e9 des risques de Banxa pour comprendre les risques potentiels li\u00e9s aux transactions en cryptomonnaies, \u00e0 la volatilit\u00e9 et aux mesures de s\u00e9curit\u00e9.\" \/>\n<meta property=\"og:url\" content=\"https:\/\/banxa.com\/fr\/resume-des-risques-2\/\" \/>\n<meta property=\"og:site_name\" content=\"Banxa\" \/>\n<meta property=\"article:publisher\" content=\"https:\/\/www.facebook.com\/Banxa.Official\/\" \/>\n<meta property=\"article:modified_time\" content=\"2026-04-23T20:04:25+00:00\" \/>\n<meta property=\"og:image\" content=\"https:\/\/banxa.com\/wp-content\/uploads\/2025\/04\/Banxa-Holdings-Inc-Cover-image.jpg\" \/>\n\t<meta property=\"og:image:width\" content=\"1200\" \/>\n\t<meta property=\"og:image:height\" content=\"675\" \/>\n\t<meta property=\"og:image:type\" content=\"image\/jpeg\" \/>\n<meta name=\"twitter:card\" content=\"summary_large_image\" \/>\n<meta name=\"twitter:site\" content=\"@BanxaHoldings\" \/>\n<meta name=\"twitter:label1\" content=\"Dur\u00e9e de lecture estim\u00e9e\" \/>\n\t<meta name=\"twitter:data1\" content=\"2 minutes\" \/>\n<script type=\"application\/ld+json\" class=\"yoast-schema-graph\">{\"@context\":\"https:\\\/\\\/schema.org\",\"@graph\":[{\"@type\":\"WebPage\",\"@id\":\"https:\\\/\\\/banxa.com\\\/fr\\\/resume-des-risques-2\\\/\",\"url\":\"https:\\\/\\\/banxa.com\\\/fr\\\/resume-des-risques-2\\\/\",\"name\":\"R\u00e9sum\u00e9 des risques \u2013 Risques li\u00e9s aux transactions crypto et s\u00e9curit\u00e9 | Banxa\",\"isPartOf\":{\"@id\":\"https:\\\/\\\/banxa.com\\\/fr\\\/#website\"},\"datePublished\":\"2025-02-11T02:30:47+00:00\",\"dateModified\":\"2026-04-23T20:04:25+00:00\",\"description\":\"Consultez le r\u00e9sum\u00e9 des risques de Banxa pour comprendre les risques potentiels li\u00e9s aux transactions en cryptomonnaies, \u00e0 la volatilit\u00e9 et aux mesures de s\u00e9curit\u00e9.\",\"breadcrumb\":{\"@id\":\"https:\\\/\\\/banxa.com\\\/fr\\\/resume-des-risques-2\\\/#breadcrumb\"},\"inLanguage\":\"fr-FR\",\"potentialAction\":[{\"@type\":\"ReadAction\",\"target\":[\"https:\\\/\\\/banxa.com\\\/fr\\\/resume-des-risques-2\\\/\"]}]},{\"@type\":\"BreadcrumbList\",\"@id\":\"https:\\\/\\\/banxa.com\\\/fr\\\/resume-des-risques-2\\\/#breadcrumb\",\"itemListElement\":[{\"@type\":\"ListItem\",\"position\":1,\"name\":\"Home\",\"item\":\"https:\\\/\\\/banxa.com\\\/fr\\\/\"},{\"@type\":\"ListItem\",\"position\":2,\"name\":\"R\u00e9sum\u00e9 des risques\"}]},{\"@type\":\"WebSite\",\"@id\":\"https:\\\/\\\/banxa.com\\\/fr\\\/#website\",\"url\":\"https:\\\/\\\/banxa.com\\\/fr\\\/\",\"name\":\"Banxa\",\"description\":\"\",\"publisher\":{\"@id\":\"https:\\\/\\\/banxa.com\\\/fr\\\/#organization\"},\"alternateName\":\"Banxa Holdings Inc.\",\"potentialAction\":[{\"@type\":\"SearchAction\",\"target\":{\"@type\":\"EntryPoint\",\"urlTemplate\":\"https:\\\/\\\/banxa.com\\\/fr\\\/?s={search_term_string}\"},\"query-input\":{\"@type\":\"PropertyValueSpecification\",\"valueRequired\":true,\"valueName\":\"search_term_string\"}}],\"inLanguage\":\"fr-FR\"},{\"@type\":\"Organization\",\"@id\":\"https:\\\/\\\/banxa.com\\\/fr\\\/#organization\",\"name\":\"Banxa\",\"alternateName\":\"Banxa Holdings Inc.\",\"url\":\"https:\\\/\\\/banxa.com\\\/fr\\\/\",\"logo\":{\"@type\":\"ImageObject\",\"inLanguage\":\"fr-FR\",\"@id\":\"https:\\\/\\\/banxa.com\\\/fr\\\/#\\\/schema\\\/logo\\\/image\\\/\",\"url\":\"https:\\\/\\\/banxa.com\\\/wp-content\\\/uploads\\\/2025\\\/02\\\/Banxa-Icon-RGB-Favicon.png\",\"contentUrl\":\"https:\\\/\\\/banxa.com\\\/wp-content\\\/uploads\\\/2025\\\/02\\\/Banxa-Icon-RGB-Favicon.png\",\"width\":520,\"height\":470,\"caption\":\"Banxa\"},\"image\":{\"@id\":\"https:\\\/\\\/banxa.com\\\/fr\\\/#\\\/schema\\\/logo\\\/image\\\/\"},\"sameAs\":[\"https:\\\/\\\/www.facebook.com\\\/Banxa.Official\\\/\",\"https:\\\/\\\/x.com\\\/BanxaHoldings\",\"https:\\\/\\\/www.instagram.com\\\/banxaofficial\\\/\",\"https:\\\/\\\/www.youtube.com\\\/channel\\\/UC1ENe9JnShhksGOaMaTyPvQ\",\"https:\\\/\\\/www.linkedin.com\\\/company\\\/banxa-com\"]}]}<\/script>\n<!-- \/ Yoast SEO plugin. -->","yoast_head_json":{"title":"R\u00e9sum\u00e9 des risques \u2013 Risques li\u00e9s aux transactions crypto et s\u00e9curit\u00e9 | Banxa","description":"Consultez le r\u00e9sum\u00e9 des risques de Banxa pour comprendre les risques potentiels li\u00e9s aux transactions en cryptomonnaies, \u00e0 la volatilit\u00e9 et aux mesures de s\u00e9curit\u00e9.","robots":{"index":"index","follow":"follow","max-snippet":"max-snippet:-1","max-image-preview":"max-image-preview:large","max-video-preview":"max-video-preview:-1"},"canonical":"https:\/\/banxa.com\/fr\/resume-des-risques-2\/","og_locale":"fr_FR","og_type":"article","og_title":"R\u00e9sum\u00e9 des risques \u2013 Risques li\u00e9s aux transactions crypto et s\u00e9curit\u00e9 | Banxa","og_description":"Consultez le r\u00e9sum\u00e9 des risques de Banxa pour comprendre les risques potentiels li\u00e9s aux transactions en cryptomonnaies, \u00e0 la volatilit\u00e9 et aux mesures de s\u00e9curit\u00e9.","og_url":"https:\/\/banxa.com\/fr\/resume-des-risques-2\/","og_site_name":"Banxa","article_publisher":"https:\/\/www.facebook.com\/Banxa.Official\/","article_modified_time":"2026-04-23T20:04:25+00:00","og_image":[{"width":1200,"height":675,"url":"https:\/\/banxa.com\/wp-content\/uploads\/2025\/04\/Banxa-Holdings-Inc-Cover-image.jpg","type":"image\/jpeg"}],"twitter_card":"summary_large_image","twitter_site":"@BanxaHoldings","twitter_misc":{"Dur\u00e9e de lecture estim\u00e9e":"2 minutes"},"schema":{"@context":"https:\/\/schema.org","@graph":[{"@type":"WebPage","@id":"https:\/\/banxa.com\/fr\/resume-des-risques-2\/","url":"https:\/\/banxa.com\/fr\/resume-des-risques-2\/","name":"R\u00e9sum\u00e9 des risques \u2013 Risques li\u00e9s aux transactions crypto et s\u00e9curit\u00e9 | Banxa","isPartOf":{"@id":"https:\/\/banxa.com\/fr\/#website"},"datePublished":"2025-02-11T02:30:47+00:00","dateModified":"2026-04-23T20:04:25+00:00","description":"Consultez le r\u00e9sum\u00e9 des risques de Banxa pour comprendre les risques potentiels li\u00e9s aux transactions en cryptomonnaies, \u00e0 la volatilit\u00e9 et aux mesures de s\u00e9curit\u00e9.","breadcrumb":{"@id":"https:\/\/banxa.com\/fr\/resume-des-risques-2\/#breadcrumb"},"inLanguage":"fr-FR","potentialAction":[{"@type":"ReadAction","target":["https:\/\/banxa.com\/fr\/resume-des-risques-2\/"]}]},{"@type":"BreadcrumbList","@id":"https:\/\/banxa.com\/fr\/resume-des-risques-2\/#breadcrumb","itemListElement":[{"@type":"ListItem","position":1,"name":"Home","item":"https:\/\/banxa.com\/fr\/"},{"@type":"ListItem","position":2,"name":"R\u00e9sum\u00e9 des risques"}]},{"@type":"WebSite","@id":"https:\/\/banxa.com\/fr\/#website","url":"https:\/\/banxa.com\/fr\/","name":"Banxa","description":"","publisher":{"@id":"https:\/\/banxa.com\/fr\/#organization"},"alternateName":"Banxa Holdings Inc.","potentialAction":[{"@type":"SearchAction","target":{"@type":"EntryPoint","urlTemplate":"https:\/\/banxa.com\/fr\/?s={search_term_string}"},"query-input":{"@type":"PropertyValueSpecification","valueRequired":true,"valueName":"search_term_string"}}],"inLanguage":"fr-FR"},{"@type":"Organization","@id":"https:\/\/banxa.com\/fr\/#organization","name":"Banxa","alternateName":"Banxa Holdings Inc.","url":"https:\/\/banxa.com\/fr\/","logo":{"@type":"ImageObject","inLanguage":"fr-FR","@id":"https:\/\/banxa.com\/fr\/#\/schema\/logo\/image\/","url":"https:\/\/banxa.com\/wp-content\/uploads\/2025\/02\/Banxa-Icon-RGB-Favicon.png","contentUrl":"https:\/\/banxa.com\/wp-content\/uploads\/2025\/02\/Banxa-Icon-RGB-Favicon.png","width":520,"height":470,"caption":"Banxa"},"image":{"@id":"https:\/\/banxa.com\/fr\/#\/schema\/logo\/image\/"},"sameAs":["https:\/\/www.facebook.com\/Banxa.Official\/","https:\/\/x.com\/BanxaHoldings","https:\/\/www.instagram.com\/banxaofficial\/","https:\/\/www.youtube.com\/channel\/UC1ENe9JnShhksGOaMaTyPvQ","https:\/\/www.linkedin.com\/company\/banxa-com"]}]}},"_links":{"self":[{"href":"https:\/\/banxa.com\/fr\/wp-json\/wp\/v2\/pages\/5989","targetHints":{"allow":["GET"]}}],"collection":[{"href":"https:\/\/banxa.com\/fr\/wp-json\/wp\/v2\/pages"}],"about":[{"href":"https:\/\/banxa.com\/fr\/wp-json\/wp\/v2\/types\/page"}],"author":[{"embeddable":true,"href":"https:\/\/banxa.com\/fr\/wp-json\/wp\/v2\/users\/3"}],"replies":[{"embeddable":true,"href":"https:\/\/banxa.com\/fr\/wp-json\/wp\/v2\/comments?post=5989"}],"version-history":[{"count":0,"href":"https:\/\/banxa.com\/fr\/wp-json\/wp\/v2\/pages\/5989\/revisions"}],"wp:attachment":[{"href":"https:\/\/banxa.com\/fr\/wp-json\/wp\/v2\/media?parent=5989"}],"curies":[{"name":"wp","href":"https:\/\/api.w.org\/{rel}","templated":true}]}}