{"id":5104,"date":"2025-05-08T00:58:42","date_gmt":"2025-05-08T00:58:42","guid":{"rendered":"https:\/\/banxa.com\/presse\/"},"modified":"2026-04-23T19:58:50","modified_gmt":"2026-04-23T19:58:50","slug":"presse","status":"publish","type":"page","link":"https:\/\/banxa.com\/fr\/presse\/","title":{"rendered":"Presse"},"content":{"rendered":"\t\t<div data-elementor-type=\"wp-page\" data-elementor-id=\"5104\" class=\"elementor elementor-5104 elementor-3331\" data-elementor-post-type=\"page\">\n\t\t\t\t<div class=\"elementor-element elementor-element-c086965 e-flex e-con-boxed e-con e-parent\" data-id=\"c086965\" data-element_type=\"container\" data-e-type=\"container\">\n\t\t\t\t\t<div class=\"e-con-inner\">\n\t\t<div class=\"elementor-element elementor-element-3360dec e-con-full e-flex e-con e-child\" data-id=\"3360dec\" data-element_type=\"container\" data-e-type=\"container\" id=\"t0\">\n\t\t\t\t<div class=\"elementor-element elementor-element-c0c2b46 crosshtml elementor-widget elementor-widget-html\" data-id=\"c0c2b46\" data-element_type=\"widget\" data-e-type=\"widget\" data-widget_type=\"html.default\">\n\t\t\t\t\t    <div class=\"cross\" data-position=\"top-left\"><\/div>\n    <div class=\"cross\" data-position=\"top-right\"><\/div>\n    <div class=\"cross\" data-position=\"bottom-left\"><\/div>\n    <div class=\"cross\" data-position=\"bottom-right\"><\/div>\n\n\t\t\t\t<\/div>\n\t\t\t\t<\/div>\n\t\t<div class=\"elementor-element elementor-element-ccfb266 e-con-full newcontent e-flex e-con e-child\" data-id=\"ccfb266\" data-element_type=\"container\" data-e-type=\"container\">\n\t\t\t\t<div class=\"elementor-element elementor-element-5e443eb elementor-grid-2 elementor-posts--thumbnail-none elementor-grid-tablet-2 elementor-grid-mobile-1 elementor-posts__hover-gradient elementor-widget elementor-widget-posts\" data-id=\"5e443eb\" data-element_type=\"widget\" data-e-type=\"widget\" data-settings=\"{&quot;cards_columns&quot;:&quot;2&quot;,&quot;cards_row_gap&quot;:{&quot;unit&quot;:&quot;px&quot;,&quot;size&quot;:30,&quot;sizes&quot;:[]},&quot;cards_columns_tablet&quot;:&quot;2&quot;,&quot;cards_columns_mobile&quot;:&quot;1&quot;,&quot;cards_row_gap_tablet&quot;:{&quot;unit&quot;:&quot;px&quot;,&quot;size&quot;:&quot;&quot;,&quot;sizes&quot;:[]},&quot;cards_row_gap_mobile&quot;:{&quot;unit&quot;:&quot;px&quot;,&quot;size&quot;:&quot;&quot;,&quot;sizes&quot;:[]}}\" data-widget_type=\"posts.cards\">\n\t\t\t\t<div class=\"elementor-widget-container\">\n\t\t\t\t\t\t\t<div class=\"elementor-posts-container elementor-posts elementor-posts--skin-cards elementor-grid\" role=\"list\">\n\t\t\t\t<article class=\"elementor-post elementor-grid-item post-4422 page type-page status-publish hentry\" role=\"listitem\">\n\t\t\t<div class=\"elementor-post__card\">\n\t\t\t\t<div class=\"elementor-post__text\">\n\t\t\t\t<h3 class=\"elementor-post__title\">\n\t\t\t<a href=\"https:\/\/banxa.com\/fr\/banxa-brings-seamless-google-pay-experience-to-crypto\/\" >\n\t\t\t\tBanxa Brings Seamless Google Pay Experience to Crypto\t\t\t<\/a>\n\t\t<\/h3>\n\t\t\t\t<div class=\"elementor-post__excerpt\">\n\t\t\t<p>Presse Banxa is making crypto more accessible and convenient with Google Pay. \u00c9quipe Banxa April 2025 Have you ever been this close to making a purchase, only to hit one<\/p>\n\t\t<\/div>\n\t\t\t\t<\/div>\n\t\t\t\t<div class=\"elementor-post__meta-data\">\n\t\t\t\t\t<span class=\"elementor-post-date\">\n\t\t\t13 avril 2026\t\t<\/span>\n\t\t\t\t<\/div>\n\t\t\t\t\t<\/div>\n\t\t<\/article>\n\t\t\t\t<article class=\"elementor-post elementor-grid-item post-4466 page type-page status-publish hentry\" role=\"listitem\">\n\t\t\t<div class=\"elementor-post__card\">\n\t\t\t\t<div class=\"elementor-post__text\">\n\t\t\t\t<h3 class=\"elementor-post__title\">\n\t\t\t<a href=\"https:\/\/banxa.com\/fr\/gate-partners-with-banxa-to-accelerate-access-to-the-us-crypto-market\/\" >\n\t\t\t\tGate Partners with Banxa to Accelerate Access to the US Crypto Market\t\t\t<\/a>\n\t\t<\/h3>\n\t\t\t\t<div class=\"elementor-post__excerpt\">\n\t\t\t<p>Presse \u00c9quipe Banxa March 2026 Reno, United States \u2013 March 17, 2026 \u2014 Banxa, leading global infrastructure provider for digital assets, today announced an expansion of its strategic partnership with<\/p>\n\t\t<\/div>\n\t\t\t\t<\/div>\n\t\t\t\t<div class=\"elementor-post__meta-data\">\n\t\t\t\t\t<span class=\"elementor-post-date\">\n\t\t\t17 mars 2026\t\t<\/span>\n\t\t\t\t<\/div>\n\t\t\t\t\t<\/div>\n\t\t<\/article>\n\t\t\t\t<article class=\"elementor-post elementor-grid-item post-4483 page type-page status-publish hentry\" role=\"listitem\">\n\t\t\t<div class=\"elementor-post__card\">\n\t\t\t\t<div class=\"elementor-post__text\">\n\t\t\t\t<h3 class=\"elementor-post__title\">\n\t\t\t<a href=\"https:\/\/banxa.com\/fr\/ton-foundation-sassocie-a-banxa-pour-permettre-les-paiements-en-stablecoin-aux-entreprises-a-travers-lasie\/\" >\n\t\t\t\tTON Foundation s&rsquo;associe \u00e0 Banxa pour permettre les paiements en stablecoin aux entreprises \u00e0 travers l&rsquo;Asie\t\t\t<\/a>\n\t\t<\/h3>\n\t\t\t\t<div class=\"elementor-post__excerpt\">\n\t\t\t<p>Presse A partnership that brings regulated, enterprise-grade stablecoin r\u00e8glement to thousands of SMEs across APAC using TON infrastructure. \u00c9quipe Banxa Februar 2025 Reno, United States \u2013 16 f\u00e9vrier 2026 \u2014<\/p>\n\t\t<\/div>\n\t\t\t\t<\/div>\n\t\t\t\t<div class=\"elementor-post__meta-data\">\n\t\t\t\t\t<span class=\"elementor-post-date\">\n\t\t\t16 f\u00e9vrier 2026\t\t<\/span>\n\t\t\t\t<\/div>\n\t\t\t\t\t<\/div>\n\t\t<\/article>\n\t\t\t\t<article class=\"elementor-post elementor-grid-item post-4493 page type-page status-publish has-post-thumbnail hentry\" role=\"listitem\">\n\t\t\t<div class=\"elementor-post__card\">\n\t\t\t\t<div class=\"elementor-post__text\">\n\t\t\t\t<h3 class=\"elementor-post__title\">\n\t\t\t<a href=\"https:\/\/banxa.com\/fr\/banxa-startet-im-viction-okosystem-coin98-super-portefeuille-als-erster-partner-live\/\" >\n\t\t\t\tBanxa startet im Viction-\u00d6kosystem \u2013 Coin98 Super Portefeuille als erster Partner live\t\t\t<\/a>\n\t\t<\/h3>\n\t\t\t\t<div class=\"elementor-post__excerpt\">\n\t\t\t<p>Presse Coin98 wird die erste Viction-basierte Anwendung, die Banxas On-Ramp-L\u00f6sung aktiviert und damit einen schnellen, regulierungskonformen und benutzerfreundlichen Zugang zu digitalen Verm\u00f6genswerten direkt innerhalb des Super Portefeuilles erm\u00f6glicht. \u00c9quipe Banxa<\/p>\n\t\t<\/div>\n\t\t\t\t<\/div>\n\t\t\t\t<div class=\"elementor-post__meta-data\">\n\t\t\t\t\t<span class=\"elementor-post-date\">\n\t\t\t12 f\u00e9vrier 2026\t\t<\/span>\n\t\t\t\t<\/div>\n\t\t\t\t\t<\/div>\n\t\t<\/article>\n\t\t\t\t<article class=\"elementor-post elementor-grid-item post-4511 page type-page status-publish has-post-thumbnail hentry\" role=\"listitem\">\n\t\t\t<div class=\"elementor-post__card\">\n\t\t\t\t<div class=\"elementor-post__text\">\n\t\t\t\t<h3 class=\"elementor-post__title\">\n\t\t\t<a href=\"https:\/\/banxa.com\/fr\/banxa-renforce-son-soutien-a-lecosysteme-polkadot-en-ajoutant-hydration-a-son-reseau-mondial-de-passerelles-dachat\/\" >\n\t\t\t\tBanxa renforce son soutien \u00e0 l&rsquo;\u00e9cosyst\u00e8me Polkadot en ajoutant Hydration \u00e0 son r\u00e9seau mondial de passerelles d&rsquo;achat\t\t\t<\/a>\n\t\t<\/h3>\n\t\t\t\t<div class=\"elementor-post__excerpt\">\n\t\t\t<p>Presse \u00c9quipe Banxa 14 Janvier 2026 Toronto, Ontario \u2013 14 janvier 2026, Banxa, principal fournisseur mondial d&rsquo;infrastructure for enabling embedded crypto for leading exchanges, portefeuilles and fintechs, today announced an<\/p>\n\t\t<\/div>\n\t\t\t\t<\/div>\n\t\t\t\t<div class=\"elementor-post__meta-data\">\n\t\t\t\t\t<span class=\"elementor-post-date\">\n\t\t\t14 janvier 2026\t\t<\/span>\n\t\t\t\t<\/div>\n\t\t\t\t\t<\/div>\n\t\t<\/article>\n\t\t\t\t<article class=\"elementor-post elementor-grid-item post-4528 page type-page status-publish hentry\" role=\"listitem\">\n\t\t\t<div class=\"elementor-post__card\">\n\t\t\t\t<div class=\"elementor-post__text\">\n\t\t\t\t<h3 class=\"elementor-post__title\">\n\t\t\t<a href=\"https:\/\/banxa.com\/fr\/banxa-contribue-au-rapport-de-range-sur-letat-des-stablecoins-en-euros-2025-soulignant-la-croissance-sous-mica\/\" >\n\t\t\t\tBanxa contribue au rapport de Range sur l&rsquo;\u00e9tat des stablecoins en euros 2025 soulignant la croissance sous MiCA\t\t\t<\/a>\n\t\t<\/h3>\n\t\t\t\t<div class=\"elementor-post__excerpt\">\n\t\t\t<p>Presse \u00c9quipe Banxa D\u00e9cembre 2025 Toronto, Ontario \u2014 18 d\u00e9cembre 2025, Banxa, a global leader in compliant fiat-crypto infrastructure announced its involvement in The State of Euro Stablecoins 2025, a<\/p>\n\t\t<\/div>\n\t\t\t\t<\/div>\n\t\t\t\t<div class=\"elementor-post__meta-data\">\n\t\t\t\t\t<span class=\"elementor-post-date\">\n\t\t\t18 d\u00e9cembre 2025\t\t<\/span>\n\t\t\t\t<\/div>\n\t\t\t\t\t<\/div>\n\t\t<\/article>\n\t\t\t\t<article class=\"elementor-post elementor-grid-item post-4538 page type-page status-publish has-post-thumbnail hentry\" role=\"listitem\">\n\t\t\t<div class=\"elementor-post__card\">\n\t\t\t\t<div class=\"elementor-post__text\">\n\t\t\t\t<h3 class=\"elementor-post__title\">\n\t\t\t<a href=\"https:\/\/banxa.com\/fr\/mezo-sintegre-a-banxa-pour-permettre-une-passerelle-fiat-mondiale-pour-le-musd-et-la-finance-adossee-au-bitcoin\/\" >\n\t\t\t\tMezo s&rsquo;int\u00e8gre \u00e0 Banxa pour permettre une passerelle fiat mondiale pour le MUSD et la finance adoss\u00e9e au Bitcoin\t\t\t<\/a>\n\t\t<\/h3>\n\t\t\t\t<div class=\"elementor-post__excerpt\">\n\t\t\t<p>Presse \u00c9quipe Banxa D\u00e9cembre 2025 With Banxa\u2019s global passerelle d&rsquo;achat, users can now buy Mezo\u2019s native stablecoin (MUSD) and gain access to Mezo\u2019s Bitcoin-backed \u00e9cosyst\u00e8me using everyday fiat moyens de<\/p>\n\t\t<\/div>\n\t\t\t\t<\/div>\n\t\t\t\t<div class=\"elementor-post__meta-data\">\n\t\t\t\t\t<span class=\"elementor-post-date\">\n\t\t\t10 d\u00e9cembre 2025\t\t<\/span>\n\t\t\t\t<\/div>\n\t\t\t\t\t<\/div>\n\t\t<\/article>\n\t\t\t\t<article class=\"elementor-post elementor-grid-item post-4763 page type-page status-publish has-post-thumbnail hentry\" role=\"listitem\">\n\t\t\t<div class=\"elementor-post__card\">\n\t\t\t\t<div class=\"elementor-post__text\">\n\t\t\t\t<h3 class=\"elementor-post__title\">\n\t\t\t<a href=\"https:\/\/banxa.com\/fr\/banxa-ajoute-de-la-liquidite-en-stablecoin-pour-bifrost-via-lecosysteme-polkadot\/\" >\n\t\t\t\tBanxa ajoute de la liquidit\u00e9 en stablecoin pour Bifrost via l&rsquo;\u00e9cosyst\u00e8me Polkadot\t\t\t<\/a>\n\t\t<\/h3>\n\t\t\t\t<div class=\"elementor-post__excerpt\">\n\t\t\t<p>Presse \u00c9quipe Banxa Novembre 2025 Toronto, Ontario \u2013 13 novembre 2025, Banxa, principal fournisseur mondial d&rsquo;infrastructure for enabling embedded crypto, today revealed its integration with Bifrost, a Polkadot rollup, expanding<\/p>\n\t\t<\/div>\n\t\t\t\t<\/div>\n\t\t\t\t<div class=\"elementor-post__meta-data\">\n\t\t\t\t\t<span class=\"elementor-post-date\">\n\t\t\t13 novembre 2025\t\t<\/span>\n\t\t\t\t<\/div>\n\t\t\t\t\t<\/div>\n\t\t<\/article>\n\t\t\t\t<article class=\"elementor-post elementor-grid-item post-4781 page type-page status-publish has-post-thumbnail hentry\" role=\"listitem\">\n\t\t\t<div class=\"elementor-post__card\">\n\t\t\t\t<div class=\"elementor-post__text\">\n\t\t\t\t<h3 class=\"elementor-post__title\">\n\t\t\t<a href=\"https:\/\/banxa.com\/fr\/parallelement-les-investisseurs-se-tournent-vers-les-actifs-en-or-et-en-argent-tokenises\/\" >\n\t\t\t\tParall\u00e8lement, les investisseurs se tournent vers les actifs en or et en argent tokenis\u00e9s\t\t\t<\/a>\n\t\t<\/h3>\n\t\t\t\t<div class=\"elementor-post__excerpt\">\n\t\t\t<p>Presse \u00c9quipe Banxa Novembre 2025 R\u00e9sum\u00e9 Gold surged to $4,400\/oz, the focus now turns to silver as it breaks $50\/oz\u2013 signaling a historic rally in precious metals.\u200b Tokenised gold and<\/p>\n\t\t<\/div>\n\t\t\t\t<\/div>\n\t\t\t\t<div class=\"elementor-post__meta-data\">\n\t\t\t\t\t<span class=\"elementor-post-date\">\n\t\t\t11 novembre 2025\t\t<\/span>\n\t\t\t\t<\/div>\n\t\t\t\t\t<\/div>\n\t\t<\/article>\n\t\t\t\t<article class=\"elementor-post elementor-grid-item post-4799 page type-page status-publish has-post-thumbnail hentry\" role=\"listitem\">\n\t\t\t<div class=\"elementor-post__card\">\n\t\t\t\t<div class=\"elementor-post__text\">\n\t\t\t\t<h3 class=\"elementor-post__title\">\n\t\t\t<a href=\"https:\/\/banxa.com\/fr\/banxa-expandiert-zu-polkadot-und-ermoglicht-globalen-fiat-zugang-sowie-stablecoin-liquiditat-fur-entwickler-und-nutzer\/\" >\n\t\t\t\tBanxa expandiert zu Polkadot und erm\u00f6glicht globalen Fiat-Zugang sowie Stablecoin-Liquidit\u00e4t f\u00fcr Entwickler und Nutzer\t\t\t<\/a>\n\t\t<\/h3>\n\t\t\t\t<div class=\"elementor-post__excerpt\">\n\t\t\t<p>Presse \u00c9quipe Banxa Novembre 2025 Toronto, Ontario \u2013 6. Novembre 2025, Banxa, der f\u00fchrende globale Infrastrukturanbieter f\u00fcr eingebettetes Krypto, hat heute seine Integration mit dem Polkadot-\u00d6kosystem bekannt gegeben und bringt<\/p>\n\t\t<\/div>\n\t\t\t\t<\/div>\n\t\t\t\t<div class=\"elementor-post__meta-data\">\n\t\t\t\t\t<span class=\"elementor-post-date\">\n\t\t\t6 novembre 2025\t\t<\/span>\n\t\t\t\t<\/div>\n\t\t\t\t\t<\/div>\n\t\t<\/article>\n\t\t\t\t<article class=\"elementor-post elementor-grid-item post-4831 page type-page status-publish hentry\" role=\"listitem\">\n\t\t\t<div class=\"elementor-post__card\">\n\t\t\t\t<div class=\"elementor-post__text\">\n\t\t\t\t<h3 class=\"elementor-post__title\">\n\t\t\t<a href=\"https:\/\/banxa.com\/fr\/grose-neuigkeiten-bei-banxa\/\" >\n\t\t\t\tGro\u00dfe Neuigkeiten bei Banxa!\t\t\t<\/a>\n\t\t<\/h3>\n\t\t\t\t<div class=\"elementor-post__excerpt\">\n\t\t\t<p>Presse Wir waren flei\u00dfig am Aufbauen, aber wir freuen uns, einige gro\u00dfe Neuigkeiten \u00fcber die Expansion von Banxa zu teilen. Es gibt viel zu entdecken, w\u00e4hrend wir gemeinsam wachsen \u2013<\/p>\n\t\t<\/div>\n\t\t\t\t<\/div>\n\t\t\t\t<div class=\"elementor-post__meta-data\">\n\t\t\t\t\t<span class=\"elementor-post-date\">\n\t\t\t30 octobre 2025\t\t<\/span>\n\t\t\t\t<\/div>\n\t\t\t\t\t<\/div>\n\t\t<\/article>\n\t\t\t\t<article class=\"elementor-post elementor-grid-item post-4961 page type-page status-publish has-post-thumbnail hentry\" role=\"listitem\">\n\t\t\t<div class=\"elementor-post__card\">\n\t\t\t\t<div class=\"elementor-post__text\">\n\t\t\t\t<h3 class=\"elementor-post__title\">\n\t\t\t<a href=\"https:\/\/banxa.com\/fr\/banxa-sichert-sich-mica-lizenz-in-den-niederlanden-und-erweitert-regulierte-krypto-dienste-in-ganz-europa\/\" >\n\t\t\t\tBanxa sichert sich MiCA-Lizenz in den Niederlanden und erweitert regulierte Krypto-Dienste in ganz Europa\t\t\t<\/a>\n\t\t<\/h3>\n\t\t\t\t<div class=\"elementor-post__excerpt\">\n\t\t\t<p>Presse Banxa hat eine MiCA-Lizenz in den Niederlanden gesichert, die es der europ\u00e4ischen Einheit erm\u00f6glicht, als regulierter Krypto-Asset-Dienstleister in 30 EWR-L\u00e4ndern zu operieren. Dieser Meilenstein erweitert den globalen regulatorischen Fu\u00dfabdruck<\/p>\n\t\t<\/div>\n\t\t\t\t<\/div>\n\t\t\t\t<div class=\"elementor-post__meta-data\">\n\t\t\t\t\t<span class=\"elementor-post-date\">\n\t\t\t13 octobre 2025\t\t<\/span>\n\t\t\t\t<\/div>\n\t\t\t\t\t<\/div>\n\t\t<\/article>\n\t\t\t\t<article class=\"elementor-post elementor-grid-item post-4981 page type-page status-publish has-post-thumbnail hentry\" role=\"listitem\">\n\t\t\t<div class=\"elementor-post__card\">\n\t\t\t\t<div class=\"elementor-post__text\">\n\t\t\t\t<h3 class=\"elementor-post__title\">\n\t\t\t<a href=\"https:\/\/banxa.com\/fr\/banxa-startet-erste-tezos-integration-mit-etherlink-und-ermoglicht-nahtlosen-krypto-zugang\/\" >\n\t\t\t\tBanxa startet erste Tezos-Integration mit Etherlink und erm\u00f6glicht nahtlosen Krypto-Zugang\t\t\t<\/a>\n\t\t<\/h3>\n\t\t\t\t<div class=\"elementor-post__excerpt\">\n\t\t\t<p>Presse Banxa f\u00fchrt eingebettete Krypto-L\u00f6sungen f\u00fcr das Tezos-\u00d6kosystem ein, die es Nutzern erm\u00f6glichen, digitale Verm\u00f6genswerte direkt in Tezos-dApps zu erwerben, unterst\u00fctzt durch das globale Netzwerk lokaler und Krypto-Zahlungsmethoden. \u00c9quipe Banxa<\/p>\n\t\t<\/div>\n\t\t\t\t<\/div>\n\t\t\t\t<div class=\"elementor-post__meta-data\">\n\t\t\t\t\t<span class=\"elementor-post-date\">\n\t\t\t6 octobre 2025\t\t<\/span>\n\t\t\t\t<\/div>\n\t\t\t\t\t<\/div>\n\t\t<\/article>\n\t\t\t\t<article class=\"elementor-post elementor-grid-item post-5017 page type-page status-publish hentry\" role=\"listitem\">\n\t\t\t<div class=\"elementor-post__card\">\n\t\t\t\t<div class=\"elementor-post__text\">\n\t\t\t\t<h3 class=\"elementor-post__title\">\n\t\t\t<a href=\"https:\/\/banxa.com\/fr\/ein-netzwerk-uberall-lokal\/\" >\n\t\t\t\tEin Netzwerk. \u00dcberall lokal.\t\t\t<\/a>\n\t\t<\/h3>\n\t\t\t\t<div class=\"elementor-post__excerpt\">\n\t\t\t<p>Presse Wir bauen eine global lizenzierte Zahlungsinfrastruktur: lokale On- und Off-Ramps, gest\u00fctzt durch robuste, vielseitige Lizenzierung, damit Unternehmen Anwendungsf\u00e4lle wie grenz\u00fcberschreitende B2B-Zahlungen, \u00dcberweisungen, Gehaltsabrechnungen und H\u00e4ndlerabwicklung starten und skalieren k\u00f6nnen<\/p>\n\t\t<\/div>\n\t\t\t\t<\/div>\n\t\t\t\t<div class=\"elementor-post__meta-data\">\n\t\t\t\t\t<span class=\"elementor-post-date\">\n\t\t\t19 septembre 2025\t\t<\/span>\n\t\t\t\t<\/div>\n\t\t\t\t\t<\/div>\n\t\t<\/article>\n\t\t\t\t<article class=\"elementor-post elementor-grid-item post-5051 page type-page status-publish has-post-thumbnail hentry\" role=\"listitem\">\n\t\t\t<div class=\"elementor-post__card\">\n\t\t\t\t<div class=\"elementor-post__text\">\n\t\t\t\t<h3 class=\"elementor-post__title\">\n\t\t\t<a href=\"https:\/\/banxa.com\/fr\/banxa-kooperiert-mit-concordium-zur-ermoglichung-des-globalen-zugangs-zu-ccd\/\" >\n\t\t\t\tBanxa kooperiert mit Concordium zur Erm\u00f6glichung des globalen Zugangs zu CCD\t\t\t<\/a>\n\t\t<\/h3>\n\t\t\t\t<div class=\"elementor-post__excerpt\">\n\t\t\t<p>Presse \u00c9quipe Banxa Juli 2025 Banxa freut sich, unsere neueste Blockchain-Integration bekannt zu geben: vollst\u00e4ndige Unterst\u00fctzung f\u00fcr das Concordium-Netzwerk und seinen nativen Token CCD. CCD wird nun \u00fcber das Banxa-Frontend-Widget<\/p>\n\t\t<\/div>\n\t\t\t\t<\/div>\n\t\t\t\t<div class=\"elementor-post__meta-data\">\n\t\t\t\t\t<span class=\"elementor-post-date\">\n\t\t\t10 juillet 2025\t\t<\/span>\n\t\t\t\t<\/div>\n\t\t\t\t\t<\/div>\n\t\t<\/article>\n\t\t\t\t<article class=\"elementor-post elementor-grid-item post-5095 page type-page status-publish hentry\" role=\"listitem\">\n\t\t\t<div class=\"elementor-post__card\">\n\t\t\t\t<div class=\"elementor-post__text\">\n\t\t\t\t<h3 class=\"elementor-post__title\">\n\t\t\t<a href=\"https:\/\/banxa.com\/fr\/banxa-prend-desormais-en-charge-le-stablecoin-ripple-usd-rlusd\/\" >\n\t\t\t\tBanxa prend d\u00e9sormais en charge le stablecoin Ripple USD (RLUSD)\t\t\t<\/a>\n\t\t<\/h3>\n\t\t\t\t<div class=\"elementor-post__excerpt\">\n\t\t\t<p>Presse \u00c9quipe Banxa Mai 2025 Banxa is excited to announce support for Ripple USD (RLUSD). RLUSD is a USD-backed stablecoin, fully backed 1:1 by a reserve of cash and cash<\/p>\n\t\t<\/div>\n\t\t\t\t<\/div>\n\t\t\t\t<div class=\"elementor-post__meta-data\">\n\t\t\t\t\t<span class=\"elementor-post-date\">\n\t\t\t8 mai 2025\t\t<\/span>\n\t\t\t\t<\/div>\n\t\t\t\t\t<\/div>\n\t\t<\/article>\n\t\t\t\t<\/div>\n\t\t\n\t\t\t\t\t\t<\/div>\n\t\t\t\t<\/div>\n\t\t\t\t<\/div>\n\t\t\t\t\t<\/div>\n\t\t\t\t<\/div>\n\t\t\t\t<\/div>\n\t\t","protected":false},"excerpt":{"rendered":"","protected":false},"author":3,"featured_media":0,"parent":0,"menu_order":0,"comment_status":"closed","ping_status":"closed","template":"","meta":{"footnotes":""},"class_list":["post-5104","page","type-page","status-publish","hentry"],"yoast_head":"<!-- This site is optimized with the Yoast SEO plugin v27.5 - https:\/\/yoast.com\/product\/yoast-seo-wordpress\/ -->\n<title>Presse - Banxa<\/title>\n<meta name=\"description\" content=\"Communiqu\u00e9s de presse, couverture m\u00e9diatique, et plus encore.\" \/>\n<meta name=\"robots\" content=\"index, follow, max-snippet:-1, max-image-preview:large, max-video-preview:-1\" \/>\n<link rel=\"canonical\" href=\"https:\/\/banxa.com\/fr\/presse\/\" \/>\n<meta property=\"og:locale\" content=\"fr_FR\" \/>\n<meta property=\"og:type\" content=\"article\" \/>\n<meta property=\"og:title\" content=\"Presse - Banxa\" \/>\n<meta property=\"og:description\" content=\"Communiqu\u00e9s de presse, couverture m\u00e9diatique, et plus encore.\" \/>\n<meta property=\"og:url\" content=\"https:\/\/banxa.com\/fr\/presse\/\" \/>\n<meta property=\"og:site_name\" content=\"Banxa\" \/>\n<meta property=\"article:publisher\" content=\"https:\/\/www.facebook.com\/Banxa.Official\/\" \/>\n<meta property=\"article:modified_time\" content=\"2026-04-23T19:58:50+00:00\" \/>\n<meta property=\"og:image\" content=\"https:\/\/banxa.com\/wp-content\/uploads\/2025\/04\/Banxa-Holdings-Inc-Cover-image.jpg\" \/>\n\t<meta property=\"og:image:width\" content=\"1200\" \/>\n\t<meta property=\"og:image:height\" content=\"675\" \/>\n\t<meta property=\"og:image:type\" content=\"image\/jpeg\" \/>\n<meta name=\"twitter:card\" content=\"summary_large_image\" \/>\n<meta name=\"twitter:site\" content=\"@BanxaHoldings\" \/>\n<script type=\"application\/ld+json\" class=\"yoast-schema-graph\">{\"@context\":\"https:\\\/\\\/schema.org\",\"@graph\":[{\"@type\":\"WebPage\",\"@id\":\"https:\\\/\\\/banxa.com\\\/fr\\\/presse\\\/\",\"url\":\"https:\\\/\\\/banxa.com\\\/fr\\\/presse\\\/\",\"name\":\"Presse - Banxa\",\"isPartOf\":{\"@id\":\"https:\\\/\\\/banxa.com\\\/fr\\\/#website\"},\"datePublished\":\"2025-05-08T00:58:42+00:00\",\"dateModified\":\"2026-04-23T19:58:50+00:00\",\"description\":\"Communiqu\u00e9s de presse, couverture m\u00e9diatique, et plus encore.\",\"breadcrumb\":{\"@id\":\"https:\\\/\\\/banxa.com\\\/fr\\\/presse\\\/#breadcrumb\"},\"inLanguage\":\"fr-FR\",\"potentialAction\":[{\"@type\":\"ReadAction\",\"target\":[\"https:\\\/\\\/banxa.com\\\/fr\\\/presse\\\/\"]}]},{\"@type\":\"BreadcrumbList\",\"@id\":\"https:\\\/\\\/banxa.com\\\/fr\\\/presse\\\/#breadcrumb\",\"itemListElement\":[{\"@type\":\"ListItem\",\"position\":1,\"name\":\"Home\",\"item\":\"https:\\\/\\\/banxa.com\\\/fr\\\/\"},{\"@type\":\"ListItem\",\"position\":2,\"name\":\"Presse\"}]},{\"@type\":\"WebSite\",\"@id\":\"https:\\\/\\\/banxa.com\\\/fr\\\/#website\",\"url\":\"https:\\\/\\\/banxa.com\\\/fr\\\/\",\"name\":\"Banxa\",\"description\":\"\",\"publisher\":{\"@id\":\"https:\\\/\\\/banxa.com\\\/fr\\\/#organization\"},\"alternateName\":\"Banxa Holdings Inc.\",\"potentialAction\":[{\"@type\":\"SearchAction\",\"target\":{\"@type\":\"EntryPoint\",\"urlTemplate\":\"https:\\\/\\\/banxa.com\\\/fr\\\/?s={search_term_string}\"},\"query-input\":{\"@type\":\"PropertyValueSpecification\",\"valueRequired\":true,\"valueName\":\"search_term_string\"}}],\"inLanguage\":\"fr-FR\"},{\"@type\":\"Organization\",\"@id\":\"https:\\\/\\\/banxa.com\\\/fr\\\/#organization\",\"name\":\"Banxa\",\"alternateName\":\"Banxa Holdings Inc.\",\"url\":\"https:\\\/\\\/banxa.com\\\/fr\\\/\",\"logo\":{\"@type\":\"ImageObject\",\"inLanguage\":\"fr-FR\",\"@id\":\"https:\\\/\\\/banxa.com\\\/fr\\\/#\\\/schema\\\/logo\\\/image\\\/\",\"url\":\"https:\\\/\\\/banxa.com\\\/wp-content\\\/uploads\\\/2025\\\/02\\\/Banxa-Icon-RGB-Favicon.png\",\"contentUrl\":\"https:\\\/\\\/banxa.com\\\/wp-content\\\/uploads\\\/2025\\\/02\\\/Banxa-Icon-RGB-Favicon.png\",\"width\":520,\"height\":470,\"caption\":\"Banxa\"},\"image\":{\"@id\":\"https:\\\/\\\/banxa.com\\\/fr\\\/#\\\/schema\\\/logo\\\/image\\\/\"},\"sameAs\":[\"https:\\\/\\\/www.facebook.com\\\/Banxa.Official\\\/\",\"https:\\\/\\\/x.com\\\/BanxaHoldings\",\"https:\\\/\\\/www.instagram.com\\\/banxaofficial\\\/\",\"https:\\\/\\\/www.youtube.com\\\/channel\\\/UC1ENe9JnShhksGOaMaTyPvQ\",\"https:\\\/\\\/www.linkedin.com\\\/company\\\/banxa-com\"]}]}<\/script>\n<!-- \/ Yoast SEO plugin. -->","yoast_head_json":{"title":"Presse - Banxa","description":"Communiqu\u00e9s de presse, couverture m\u00e9diatique, et plus encore.","robots":{"index":"index","follow":"follow","max-snippet":"max-snippet:-1","max-image-preview":"max-image-preview:large","max-video-preview":"max-video-preview:-1"},"canonical":"https:\/\/banxa.com\/fr\/presse\/","og_locale":"fr_FR","og_type":"article","og_title":"Presse - Banxa","og_description":"Communiqu\u00e9s de presse, couverture m\u00e9diatique, et plus encore.","og_url":"https:\/\/banxa.com\/fr\/presse\/","og_site_name":"Banxa","article_publisher":"https:\/\/www.facebook.com\/Banxa.Official\/","article_modified_time":"2026-04-23T19:58:50+00:00","og_image":[{"width":1200,"height":675,"url":"https:\/\/banxa.com\/wp-content\/uploads\/2025\/04\/Banxa-Holdings-Inc-Cover-image.jpg","type":"image\/jpeg"}],"twitter_card":"summary_large_image","twitter_site":"@BanxaHoldings","schema":{"@context":"https:\/\/schema.org","@graph":[{"@type":"WebPage","@id":"https:\/\/banxa.com\/fr\/presse\/","url":"https:\/\/banxa.com\/fr\/presse\/","name":"Presse - Banxa","isPartOf":{"@id":"https:\/\/banxa.com\/fr\/#website"},"datePublished":"2025-05-08T00:58:42+00:00","dateModified":"2026-04-23T19:58:50+00:00","description":"Communiqu\u00e9s de presse, couverture m\u00e9diatique, et plus encore.","breadcrumb":{"@id":"https:\/\/banxa.com\/fr\/presse\/#breadcrumb"},"inLanguage":"fr-FR","potentialAction":[{"@type":"ReadAction","target":["https:\/\/banxa.com\/fr\/presse\/"]}]},{"@type":"BreadcrumbList","@id":"https:\/\/banxa.com\/fr\/presse\/#breadcrumb","itemListElement":[{"@type":"ListItem","position":1,"name":"Home","item":"https:\/\/banxa.com\/fr\/"},{"@type":"ListItem","position":2,"name":"Presse"}]},{"@type":"WebSite","@id":"https:\/\/banxa.com\/fr\/#website","url":"https:\/\/banxa.com\/fr\/","name":"Banxa","description":"","publisher":{"@id":"https:\/\/banxa.com\/fr\/#organization"},"alternateName":"Banxa Holdings Inc.","potentialAction":[{"@type":"SearchAction","target":{"@type":"EntryPoint","urlTemplate":"https:\/\/banxa.com\/fr\/?s={search_term_string}"},"query-input":{"@type":"PropertyValueSpecification","valueRequired":true,"valueName":"search_term_string"}}],"inLanguage":"fr-FR"},{"@type":"Organization","@id":"https:\/\/banxa.com\/fr\/#organization","name":"Banxa","alternateName":"Banxa Holdings Inc.","url":"https:\/\/banxa.com\/fr\/","logo":{"@type":"ImageObject","inLanguage":"fr-FR","@id":"https:\/\/banxa.com\/fr\/#\/schema\/logo\/image\/","url":"https:\/\/banxa.com\/wp-content\/uploads\/2025\/02\/Banxa-Icon-RGB-Favicon.png","contentUrl":"https:\/\/banxa.com\/wp-content\/uploads\/2025\/02\/Banxa-Icon-RGB-Favicon.png","width":520,"height":470,"caption":"Banxa"},"image":{"@id":"https:\/\/banxa.com\/fr\/#\/schema\/logo\/image\/"},"sameAs":["https:\/\/www.facebook.com\/Banxa.Official\/","https:\/\/x.com\/BanxaHoldings","https:\/\/www.instagram.com\/banxaofficial\/","https:\/\/www.youtube.com\/channel\/UC1ENe9JnShhksGOaMaTyPvQ","https:\/\/www.linkedin.com\/company\/banxa-com"]}]}},"_links":{"self":[{"href":"https:\/\/banxa.com\/fr\/wp-json\/wp\/v2\/pages\/5104","targetHints":{"allow":["GET"]}}],"collection":[{"href":"https:\/\/banxa.com\/fr\/wp-json\/wp\/v2\/pages"}],"about":[{"href":"https:\/\/banxa.com\/fr\/wp-json\/wp\/v2\/types\/page"}],"author":[{"embeddable":true,"href":"https:\/\/banxa.com\/fr\/wp-json\/wp\/v2\/users\/3"}],"replies":[{"embeddable":true,"href":"https:\/\/banxa.com\/fr\/wp-json\/wp\/v2\/comments?post=5104"}],"version-history":[{"count":0,"href":"https:\/\/banxa.com\/fr\/wp-json\/wp\/v2\/pages\/5104\/revisions"}],"wp:attachment":[{"href":"https:\/\/banxa.com\/fr\/wp-json\/wp\/v2\/media?parent=5104"}],"curies":[{"name":"wp","href":"https:\/\/api.w.org\/{rel}","templated":true}]}}