{"id":5086,"date":"2025-05-15T07:31:25","date_gmt":"2025-05-15T07:31:25","guid":{"rendered":"https:\/\/banxa.com\/securite\/"},"modified":"2026-04-23T19:58:22","modified_gmt":"2026-04-23T19:58:22","slug":"securite","status":"publish","type":"page","link":"https:\/\/banxa.com\/fr\/securite\/","title":{"rendered":"S\u00e9curit\u00e9"},"content":{"rendered":"\n<h3 class=\"wp-block-heading\">Conservation<\/h3>\n\n<p>Banxa est un agent non d\u00e9positaire dans toutes ses transactions avec les clients. Banxa ne conserve aucun fonds client achet\u00e9 sur la plateforme et transf\u00e8re les actifs directement vers\/depuis les portefeuilles d\u00e9sign\u00e9s par les clients. Si un client souhaitant utiliser les services de Banxa ne dispose pas de portefeuille, nous lui demandons d&rsquo;en cr\u00e9er un avant de poursuivre l&rsquo;achat de crypto.<\/p>\n\n<h3 class=\"wp-block-heading\">Donn\u00e9es de paiement et clients<\/h3>\n\n<p>Toutes les donn\u00e9es envoy\u00e9es vers ou depuis l&rsquo;infrastructure de Banxa sont chiffr\u00e9es en transit \u00e0 l&rsquo;aide de Transport Layer Security (TLS) version 1.2 ou ult\u00e9rieure. Toutes les donn\u00e9es de Banxa sont chiffr\u00e9es au repos \u00e0 l&rsquo;aide du chiffrement de stockage au niveau des blocs AES-256 et stock\u00e9es dans des centres de donn\u00e9es conformes ISO27001 et PCI DSS.<\/p>\n\n<h3 class=\"wp-block-heading\">D\u00e9veloppement s\u00e9curis\u00e9<\/h3>\n\n<p>Banxa utilise des processus et des outils pour livrer en continu des logiciels s\u00e9curis\u00e9s \u00e0 notre infrastructure cloud et nos applications. Toutes les modifications de code passent par un processus de revue de code et sont soumises \u00e0 des tests de s\u00e9curit\u00e9 d&rsquo;application statiques (SAST) pour d\u00e9tecter les sch\u00e9mas de codage non s\u00e9curis\u00e9s.<\/p>\n\n<h3 class=\"wp-block-heading\">S\u00e9curit\u00e9 interne<\/h3>\n\n<p>Les employ\u00e9s de Banxa sont tenus d&rsquo;utiliser des appareils fournis par l&rsquo;entreprise qui sont g\u00e9r\u00e9s via une solution de gestion des appareils mobiles. Cela permet \u00e0 nos \u00e9quipes de s\u00e9curit\u00e9 et informatique d&rsquo;appliquer les politiques de s\u00e9curit\u00e9, de d\u00e9ployer d&rsquo;autres solutions de protection des terminaux et de g\u00e9rer la conformit\u00e9 des appareils.<\/p>\n\n<p>l&#8217;embauche et re\u00e7oivent une formation sur les directives de s\u00e9curit\u00e9 et la sensibilisation continue. Les employ\u00e9s sont soumis \u00e0 des normes de s\u00e9curit\u00e9 strictes et interagissent r\u00e9guli\u00e8rement avec l&rsquo;\u00e9quipe S\u00e9curit\u00e9.<\/p>\n\n<h3 class=\"wp-block-heading\">S\u00e9curit\u00e9 des terminaux<\/h3>\n\n<p>Tous les appareils g\u00e9r\u00e9s par Banxa sont prot\u00e9g\u00e9s \u00e0 l&rsquo;aide de services de d\u00e9tection et r\u00e9ponse aux menaces sur les terminaux (EDR) de niveau entreprise, surveill\u00e9s 24h\/24 et 7j\/7 par une \u00e9quipe d\u00e9di\u00e9e de professionnels de la s\u00e9curit\u00e9. Banxa effectue \u00e9galement des analyses r\u00e9guli\u00e8res pour d\u00e9tecter toute nouvelle vuln\u00e9rabilit\u00e9 et y rem\u00e9dier dans les meilleurs d\u00e9lais.<\/p>\n","protected":false},"excerpt":{"rendered":"<p>Conservation Banxa est un agent non d\u00e9positaire dans toutes ses transactions avec les clients. Banxa ne conserve aucun fonds client achet\u00e9 sur la plateforme et transf\u00e8re les actifs directement vers\/depuis les portefeuilles d\u00e9sign\u00e9s par les clients. Si un client souhaitant utiliser les services de Banxa ne dispose pas de portefeuille, nous lui demandons d&rsquo;en cr\u00e9er [&hellip;]<\/p>\n","protected":false},"author":3,"featured_media":0,"parent":0,"menu_order":0,"comment_status":"closed","ping_status":"closed","template":"","meta":{"footnotes":""},"class_list":["post-5086","page","type-page","status-publish","hentry"],"yoast_head":"<!-- This site is optimized with the Yoast SEO plugin v27.5 - https:\/\/yoast.com\/product\/yoast-seo-wordpress\/ -->\n<title>S\u00e9curit\u00e9 - Banxa<\/title>\n<meta name=\"robots\" content=\"index, follow, max-snippet:-1, max-image-preview:large, max-video-preview:-1\" \/>\n<link rel=\"canonical\" href=\"https:\/\/banxa.com\/fr\/securite\/\" \/>\n<meta property=\"og:locale\" content=\"fr_FR\" \/>\n<meta property=\"og:type\" content=\"article\" \/>\n<meta property=\"og:title\" content=\"S\u00e9curit\u00e9 - Banxa\" \/>\n<meta property=\"og:description\" content=\"Conservation Banxa est un agent non d\u00e9positaire dans toutes ses transactions avec les clients. Banxa ne conserve aucun fonds client achet\u00e9 sur la plateforme et transf\u00e8re les actifs directement vers\/depuis les portefeuilles d\u00e9sign\u00e9s par les clients. Si un client souhaitant utiliser les services de Banxa ne dispose pas de portefeuille, nous lui demandons d&rsquo;en cr\u00e9er [&hellip;]\" \/>\n<meta property=\"og:url\" content=\"https:\/\/banxa.com\/fr\/securite\/\" \/>\n<meta property=\"og:site_name\" content=\"Banxa\" \/>\n<meta property=\"article:publisher\" content=\"https:\/\/www.facebook.com\/Banxa.Official\/\" \/>\n<meta property=\"article:modified_time\" content=\"2026-04-23T19:58:22+00:00\" \/>\n<meta property=\"og:image\" content=\"https:\/\/banxa.com\/wp-content\/uploads\/2025\/04\/Banxa-Holdings-Inc-Cover-image.jpg\" \/>\n\t<meta property=\"og:image:width\" content=\"1200\" \/>\n\t<meta property=\"og:image:height\" content=\"675\" \/>\n\t<meta property=\"og:image:type\" content=\"image\/jpeg\" \/>\n<meta name=\"twitter:card\" content=\"summary_large_image\" \/>\n<meta name=\"twitter:site\" content=\"@BanxaHoldings\" \/>\n<meta name=\"twitter:label1\" content=\"Dur\u00e9e de lecture estim\u00e9e\" \/>\n\t<meta name=\"twitter:data1\" content=\"2 minutes\" \/>\n<script type=\"application\/ld+json\" class=\"yoast-schema-graph\">{\"@context\":\"https:\\\/\\\/schema.org\",\"@graph\":[{\"@type\":\"WebPage\",\"@id\":\"https:\\\/\\\/banxa.com\\\/fr\\\/securite\\\/\",\"url\":\"https:\\\/\\\/banxa.com\\\/fr\\\/securite\\\/\",\"name\":\"S\u00e9curit\u00e9 - Banxa\",\"isPartOf\":{\"@id\":\"https:\\\/\\\/banxa.com\\\/fr\\\/#website\"},\"datePublished\":\"2025-05-15T07:31:25+00:00\",\"dateModified\":\"2026-04-23T19:58:22+00:00\",\"breadcrumb\":{\"@id\":\"https:\\\/\\\/banxa.com\\\/fr\\\/securite\\\/#breadcrumb\"},\"inLanguage\":\"fr-FR\",\"potentialAction\":[{\"@type\":\"ReadAction\",\"target\":[\"https:\\\/\\\/banxa.com\\\/fr\\\/securite\\\/\"]}]},{\"@type\":\"BreadcrumbList\",\"@id\":\"https:\\\/\\\/banxa.com\\\/fr\\\/securite\\\/#breadcrumb\",\"itemListElement\":[{\"@type\":\"ListItem\",\"position\":1,\"name\":\"Home\",\"item\":\"https:\\\/\\\/banxa.com\\\/fr\\\/\"},{\"@type\":\"ListItem\",\"position\":2,\"name\":\"S\u00e9curit\u00e9\"}]},{\"@type\":\"WebSite\",\"@id\":\"https:\\\/\\\/banxa.com\\\/fr\\\/#website\",\"url\":\"https:\\\/\\\/banxa.com\\\/fr\\\/\",\"name\":\"Banxa\",\"description\":\"\",\"publisher\":{\"@id\":\"https:\\\/\\\/banxa.com\\\/fr\\\/#organization\"},\"alternateName\":\"Banxa Holdings Inc.\",\"potentialAction\":[{\"@type\":\"SearchAction\",\"target\":{\"@type\":\"EntryPoint\",\"urlTemplate\":\"https:\\\/\\\/banxa.com\\\/fr\\\/?s={search_term_string}\"},\"query-input\":{\"@type\":\"PropertyValueSpecification\",\"valueRequired\":true,\"valueName\":\"search_term_string\"}}],\"inLanguage\":\"fr-FR\"},{\"@type\":\"Organization\",\"@id\":\"https:\\\/\\\/banxa.com\\\/fr\\\/#organization\",\"name\":\"Banxa\",\"alternateName\":\"Banxa Holdings Inc.\",\"url\":\"https:\\\/\\\/banxa.com\\\/fr\\\/\",\"logo\":{\"@type\":\"ImageObject\",\"inLanguage\":\"fr-FR\",\"@id\":\"https:\\\/\\\/banxa.com\\\/fr\\\/#\\\/schema\\\/logo\\\/image\\\/\",\"url\":\"https:\\\/\\\/banxa.com\\\/wp-content\\\/uploads\\\/2025\\\/02\\\/Banxa-Icon-RGB-Favicon.png\",\"contentUrl\":\"https:\\\/\\\/banxa.com\\\/wp-content\\\/uploads\\\/2025\\\/02\\\/Banxa-Icon-RGB-Favicon.png\",\"width\":520,\"height\":470,\"caption\":\"Banxa\"},\"image\":{\"@id\":\"https:\\\/\\\/banxa.com\\\/fr\\\/#\\\/schema\\\/logo\\\/image\\\/\"},\"sameAs\":[\"https:\\\/\\\/www.facebook.com\\\/Banxa.Official\\\/\",\"https:\\\/\\\/x.com\\\/BanxaHoldings\",\"https:\\\/\\\/www.instagram.com\\\/banxaofficial\\\/\",\"https:\\\/\\\/www.youtube.com\\\/channel\\\/UC1ENe9JnShhksGOaMaTyPvQ\",\"https:\\\/\\\/www.linkedin.com\\\/company\\\/banxa-com\"]}]}<\/script>\n<!-- \/ Yoast SEO plugin. -->","yoast_head_json":{"title":"S\u00e9curit\u00e9 - Banxa","robots":{"index":"index","follow":"follow","max-snippet":"max-snippet:-1","max-image-preview":"max-image-preview:large","max-video-preview":"max-video-preview:-1"},"canonical":"https:\/\/banxa.com\/fr\/securite\/","og_locale":"fr_FR","og_type":"article","og_title":"S\u00e9curit\u00e9 - Banxa","og_description":"Conservation Banxa est un agent non d\u00e9positaire dans toutes ses transactions avec les clients. Banxa ne conserve aucun fonds client achet\u00e9 sur la plateforme et transf\u00e8re les actifs directement vers\/depuis les portefeuilles d\u00e9sign\u00e9s par les clients. Si un client souhaitant utiliser les services de Banxa ne dispose pas de portefeuille, nous lui demandons d&rsquo;en cr\u00e9er [&hellip;]","og_url":"https:\/\/banxa.com\/fr\/securite\/","og_site_name":"Banxa","article_publisher":"https:\/\/www.facebook.com\/Banxa.Official\/","article_modified_time":"2026-04-23T19:58:22+00:00","og_image":[{"width":1200,"height":675,"url":"https:\/\/banxa.com\/wp-content\/uploads\/2025\/04\/Banxa-Holdings-Inc-Cover-image.jpg","type":"image\/jpeg"}],"twitter_card":"summary_large_image","twitter_site":"@BanxaHoldings","twitter_misc":{"Dur\u00e9e de lecture estim\u00e9e":"2 minutes"},"schema":{"@context":"https:\/\/schema.org","@graph":[{"@type":"WebPage","@id":"https:\/\/banxa.com\/fr\/securite\/","url":"https:\/\/banxa.com\/fr\/securite\/","name":"S\u00e9curit\u00e9 - Banxa","isPartOf":{"@id":"https:\/\/banxa.com\/fr\/#website"},"datePublished":"2025-05-15T07:31:25+00:00","dateModified":"2026-04-23T19:58:22+00:00","breadcrumb":{"@id":"https:\/\/banxa.com\/fr\/securite\/#breadcrumb"},"inLanguage":"fr-FR","potentialAction":[{"@type":"ReadAction","target":["https:\/\/banxa.com\/fr\/securite\/"]}]},{"@type":"BreadcrumbList","@id":"https:\/\/banxa.com\/fr\/securite\/#breadcrumb","itemListElement":[{"@type":"ListItem","position":1,"name":"Home","item":"https:\/\/banxa.com\/fr\/"},{"@type":"ListItem","position":2,"name":"S\u00e9curit\u00e9"}]},{"@type":"WebSite","@id":"https:\/\/banxa.com\/fr\/#website","url":"https:\/\/banxa.com\/fr\/","name":"Banxa","description":"","publisher":{"@id":"https:\/\/banxa.com\/fr\/#organization"},"alternateName":"Banxa Holdings Inc.","potentialAction":[{"@type":"SearchAction","target":{"@type":"EntryPoint","urlTemplate":"https:\/\/banxa.com\/fr\/?s={search_term_string}"},"query-input":{"@type":"PropertyValueSpecification","valueRequired":true,"valueName":"search_term_string"}}],"inLanguage":"fr-FR"},{"@type":"Organization","@id":"https:\/\/banxa.com\/fr\/#organization","name":"Banxa","alternateName":"Banxa Holdings Inc.","url":"https:\/\/banxa.com\/fr\/","logo":{"@type":"ImageObject","inLanguage":"fr-FR","@id":"https:\/\/banxa.com\/fr\/#\/schema\/logo\/image\/","url":"https:\/\/banxa.com\/wp-content\/uploads\/2025\/02\/Banxa-Icon-RGB-Favicon.png","contentUrl":"https:\/\/banxa.com\/wp-content\/uploads\/2025\/02\/Banxa-Icon-RGB-Favicon.png","width":520,"height":470,"caption":"Banxa"},"image":{"@id":"https:\/\/banxa.com\/fr\/#\/schema\/logo\/image\/"},"sameAs":["https:\/\/www.facebook.com\/Banxa.Official\/","https:\/\/x.com\/BanxaHoldings","https:\/\/www.instagram.com\/banxaofficial\/","https:\/\/www.youtube.com\/channel\/UC1ENe9JnShhksGOaMaTyPvQ","https:\/\/www.linkedin.com\/company\/banxa-com"]}]}},"_links":{"self":[{"href":"https:\/\/banxa.com\/fr\/wp-json\/wp\/v2\/pages\/5086","targetHints":{"allow":["GET"]}}],"collection":[{"href":"https:\/\/banxa.com\/fr\/wp-json\/wp\/v2\/pages"}],"about":[{"href":"https:\/\/banxa.com\/fr\/wp-json\/wp\/v2\/types\/page"}],"author":[{"embeddable":true,"href":"https:\/\/banxa.com\/fr\/wp-json\/wp\/v2\/users\/3"}],"replies":[{"embeddable":true,"href":"https:\/\/banxa.com\/fr\/wp-json\/wp\/v2\/comments?post=5086"}],"version-history":[{"count":0,"href":"https:\/\/banxa.com\/fr\/wp-json\/wp\/v2\/pages\/5086\/revisions"}],"wp:attachment":[{"href":"https:\/\/banxa.com\/fr\/wp-json\/wp\/v2\/media?parent=5086"}],"curies":[{"name":"wp","href":"https:\/\/api.w.org\/{rel}","templated":true}]}}