{"id":5051,"date":"2025-07-10T01:18:13","date_gmt":"2025-07-10T01:18:13","guid":{"rendered":"https:\/\/banxa.com\/banxa-kooperiert-mit-concordium-zur-ermoglichung-des-globalen-zugangs-zu-ccd\/"},"modified":"2026-04-23T19:57:34","modified_gmt":"2026-04-23T19:57:34","slug":"banxa-kooperiert-mit-concordium-zur-ermoglichung-des-globalen-zugangs-zu-ccd","status":"publish","type":"page","link":"https:\/\/banxa.com\/fr\/banxa-kooperiert-mit-concordium-zur-ermoglichung-des-globalen-zugangs-zu-ccd\/","title":{"rendered":"Banxa kooperiert mit Concordium zur Erm\u00f6glichung des globalen Zugangs zu CCD"},"content":{"rendered":"\t\t<div data-elementor-type=\"wp-page\" data-elementor-id=\"5051\" class=\"elementor elementor-5051 elementor-3519\" data-elementor-post-type=\"page\">\n\t\t\t\t<div class=\"elementor-element elementor-element-22aaa1d e-flex e-con-boxed e-con e-parent\" data-id=\"22aaa1d\" data-element_type=\"container\" data-e-type=\"container\">\n\t\t\t\t\t<div class=\"e-con-inner\">\n\t\t<div class=\"elementor-element elementor-element-2985833 e-con-full e-flex e-con e-child\" data-id=\"2985833\" data-element_type=\"container\" data-e-type=\"container\" id=\"t0\">\n\t\t\t\t<div class=\"elementor-element elementor-element-0062081 crosshtml elementor-widget elementor-widget-html\" data-id=\"0062081\" data-element_type=\"widget\" data-e-type=\"widget\" data-widget_type=\"html.default\">\n\t\t\t\t\t    <div class=\"cross\" data-position=\"top-left\"><\/div>\n    <div class=\"cross\" data-position=\"top-right\"><\/div>\n    <div class=\"cross\" data-position=\"bottom-left\"><\/div>\n    <div class=\"cross\" data-position=\"bottom-right\"><\/div>\n\n\t\t\t\t<\/div>\n\t\t\t\t<div class=\"elementor-element elementor-element-c6edd11 elementor-align-start elementor-icon-list--layout-traditional elementor-list-item-link-full_width elementor-widget elementor-widget-icon-list\" data-id=\"c6edd11\" data-element_type=\"widget\" data-e-type=\"widget\" data-widget_type=\"icon-list.default\">\n\t\t\t\t\t\t\t<ul class=\"elementor-icon-list-items\">\n\t\t\t\t\t\t\t<li class=\"elementor-icon-list-item\">\n\t\t\t\t\t\t\t\t\t\t\t<a href=\"https:\/\/banxa.com\/fr\/presse\/\">\n\n\t\t\t\t\t\t\t\t\t\t\t\t<span class=\"elementor-icon-list-icon\">\n\t\t\t\t\t\t\t<i aria-hidden=\"true\" class=\"icon icon-arrow-left\"><\/i>\t\t\t\t\t\t<\/span>\n\t\t\t\t\t\t\t\t\t\t<span class=\"elementor-icon-list-text\">Presse<\/span>\n\t\t\t\t\t\t\t\t\t\t\t<\/a>\n\t\t\t\t\t\t\t\t\t<\/li>\n\t\t\t\t\t\t<\/ul>\n\t\t\t\t\t\t<\/div>\n\t\t<div class=\"elementor-element elementor-element-ea8d7fa e-grid e-con-full e-con e-child\" data-id=\"ea8d7fa\" data-element_type=\"container\" data-e-type=\"container\">\n\t\t<div class=\"elementor-element elementor-element-ade67ff e-con-full e-flex e-con e-child\" data-id=\"ade67ff\" data-element_type=\"container\" data-e-type=\"container\">\n\t\t\t\t<div class=\"elementor-element elementor-element-6fa0869 elementor-position-left leementor1 elementor-position-left elementor-vertical-align-top elementor-widget elementor-widget-image-box\" data-id=\"6fa0869\" data-element_type=\"widget\" data-e-type=\"widget\" data-widget_type=\"image-box.default\">\n\t\t\t\t\t<div class=\"elementor-image-box-wrapper\"><figure class=\"elementor-image-box-img\"><img fetchpriority=\"high\" decoding=\"async\" width=\"512\" height=\"512\" src=\"https:\/\/banxa.com\/wp-content\/uploads\/2025\/02\/cropped-Banxa-Icon-RGB-Favicon.png\" class=\"attachment-full size-full wp-image-4424\" alt=\"Banxa-Icon-RGB Favicon\" srcset=\"https:\/\/banxa.com\/wp-content\/uploads\/2025\/02\/cropped-Banxa-Icon-RGB-Favicon.png 512w, https:\/\/banxa.com\/wp-content\/uploads\/2025\/02\/cropped-Banxa-Icon-RGB-Favicon-300x300.png 300w, https:\/\/banxa.com\/wp-content\/uploads\/2025\/02\/cropped-Banxa-Icon-RGB-Favicon-150x150.png 150w, https:\/\/banxa.com\/wp-content\/uploads\/2025\/02\/cropped-Banxa-Icon-RGB-Favicon-270x270.png 270w, https:\/\/banxa.com\/wp-content\/uploads\/2025\/02\/cropped-Banxa-Icon-RGB-Favicon-192x192.png 192w, https:\/\/banxa.com\/wp-content\/uploads\/2025\/02\/cropped-Banxa-Icon-RGB-Favicon-180x180.png 180w, https:\/\/banxa.com\/wp-content\/uploads\/2025\/02\/cropped-Banxa-Icon-RGB-Favicon-32x32.png 32w\" sizes=\"(max-width: 512px) 100vw, 512px\" \/><\/figure><div class=\"elementor-image-box-content\"><p class=\"elementor-image-box-description\">\u00c9quipe Banxa<\/p><\/div><\/div>\t\t\t\t<\/div>\n\t\t\t\t<div class=\"elementor-element elementor-element-cd7decf leementor1 elementor-vertical-align-top elementor-widget elementor-widget-image-box\" data-id=\"cd7decf\" data-element_type=\"widget\" data-e-type=\"widget\" data-widget_type=\"image-box.default\">\n\t\t\t\t\t<div class=\"elementor-image-box-wrapper\"><div class=\"elementor-image-box-content\"><p class=\"elementor-image-box-description\">Juli 2025<\/p><\/div><\/div>\t\t\t\t<\/div>\n\t\t\t\t<\/div>\n\t\t\t\t<div class=\"elementor-element elementor-element-4f43d68 elementor-share-buttons--view-icon elementor-share-buttons--skin-boxed elementor-share-buttons--color-custom elementor-share-buttons--shape-square elementor-grid-0 elementor-widget elementor-widget-share-buttons\" data-id=\"4f43d68\" data-element_type=\"widget\" data-e-type=\"widget\" data-widget_type=\"share-buttons.default\">\n\t\t\t\t\t\t\t<div class=\"elementor-grid\" role=\"list\">\n\t\t\t\t\t\t\t\t<div class=\"elementor-grid-item\" role=\"listitem\">\n\t\t\t\t\t\t<div class=\"elementor-share-btn elementor-share-btn_facebook\" role=\"button\" tabindex=\"0\" aria-label=\"Partager sur facebook\">\n\t\t\t\t\t\t\t\t\t\t\t\t\t\t\t<span class=\"elementor-share-btn__icon\">\n\t\t\t\t\t\t\t\t<svg aria-hidden=\"true\" class=\"e-font-icon-svg e-fab-facebook\" viewBox=\"0 0 512 512\" xmlns=\"http:\/\/www.w3.org\/2000\/svg\"><path d=\"M504 256C504 119 393 8 256 8S8 119 8 256c0 123.78 90.69 226.38 209.25 245V327.69h-63V256h63v-54.64c0-62.15 37-96.48 93.67-96.48 27.14 0 55.52 4.84 55.52 4.84v61h-31.28c-30.8 0-40.41 19.12-40.41 38.73V256h68.78l-11 71.69h-57.78V501C413.31 482.38 504 379.78 504 256z\"><\/path><\/svg>\t\t\t\t\t\t\t<\/span>\n\t\t\t\t\t\t\t\t\t\t\t\t\t\t\t\t\t\t\t\t<\/div>\n\t\t\t\t\t<\/div>\n\t\t\t\t\t\t\t\t\t<div class=\"elementor-grid-item\" role=\"listitem\">\n\t\t\t\t\t\t<div class=\"elementor-share-btn elementor-share-btn_x-twitter\" role=\"button\" tabindex=\"0\" aria-label=\"Partager sur x-twitter\">\n\t\t\t\t\t\t\t\t\t\t\t\t\t\t\t<span class=\"elementor-share-btn__icon\">\n\t\t\t\t\t\t\t\t<svg aria-hidden=\"true\" class=\"e-font-icon-svg e-fab-x-twitter\" viewBox=\"0 0 512 512\" xmlns=\"http:\/\/www.w3.org\/2000\/svg\"><path d=\"M389.2 48h70.6L305.6 224.2 487 464H345L233.7 318.6 106.5 464H35.8L200.7 275.5 26.8 48H172.4L272.9 180.9 389.2 48zM364.4 421.8h39.1L151.1 88h-42L364.4 421.8z\"><\/path><\/svg>\t\t\t\t\t\t\t<\/span>\n\t\t\t\t\t\t\t\t\t\t\t\t\t\t\t\t\t\t\t\t<\/div>\n\t\t\t\t\t<\/div>\n\t\t\t\t\t\t\t\t\t<div class=\"elementor-grid-item\" role=\"listitem\">\n\t\t\t\t\t\t<div class=\"elementor-share-btn elementor-share-btn_linkedin\" role=\"button\" tabindex=\"0\" aria-label=\"Partager sur linkedin\">\n\t\t\t\t\t\t\t\t\t\t\t\t\t\t\t<span class=\"elementor-share-btn__icon\">\n\t\t\t\t\t\t\t\t<svg aria-hidden=\"true\" class=\"e-font-icon-svg e-fab-linkedin\" viewBox=\"0 0 448 512\" xmlns=\"http:\/\/www.w3.org\/2000\/svg\"><path d=\"M416 32H31.9C14.3 32 0 46.5 0 64.3v383.4C0 465.5 14.3 480 31.9 480H416c17.6 0 32-14.5 32-32.3V64.3c0-17.8-14.4-32.3-32-32.3zM135.4 416H69V202.2h66.5V416zm-33.2-243c-21.3 0-38.5-17.3-38.5-38.5S80.9 96 102.2 96c21.2 0 38.5 17.3 38.5 38.5 0 21.3-17.2 38.5-38.5 38.5zm282.1 243h-66.4V312c0-24.8-.5-56.7-34.5-56.7-34.6 0-39.9 27-39.9 54.9V416h-66.4V202.2h63.7v29.2h.9c8.9-16.8 30.6-34.5 62.9-34.5 67.2 0 79.7 44.3 79.7 101.9V416z\"><\/path><\/svg>\t\t\t\t\t\t\t<\/span>\n\t\t\t\t\t\t\t\t\t\t\t\t\t\t\t\t\t\t\t\t<\/div>\n\t\t\t\t\t<\/div>\n\t\t\t\t\t\t<\/div>\n\t\t\t\t\t\t<\/div>\n\t\t\t\t<\/div>\n\t\t\t\t<\/div>\n\t\t<div class=\"elementor-element elementor-element-2e53d12 e-con-full newcontent e-flex e-con e-child\" data-id=\"2e53d12\" data-element_type=\"container\" data-e-type=\"container\">\n\t\t\t\t<div class=\"elementor-element elementor-element-52d8955 elementor-widget elementor-widget-image\" data-id=\"52d8955\" data-element_type=\"widget\" data-e-type=\"widget\" data-widget_type=\"image.default\">\n\t\t\t\t\t\t\t\t\t\t\t\t\t\t\t<img decoding=\"async\" width=\"1600\" height=\"900\" src=\"https:\/\/banxa.com\/wp-content\/uploads\/2025\/07\/Banxa-Partners-with-Concordium-Image.png\" class=\"attachment-full size-full wp-image-5052\" alt=\"Banxa kooperiert mit Concordium\" srcset=\"https:\/\/banxa.com\/wp-content\/uploads\/2025\/07\/Banxa-Partners-with-Concordium-Image.png 1600w, https:\/\/banxa.com\/wp-content\/uploads\/2025\/07\/Banxa-Partners-with-Concordium-Image-300x169.png 300w, https:\/\/banxa.com\/wp-content\/uploads\/2025\/07\/Banxa-Partners-with-Concordium-Image-1024x576.png 1024w, https:\/\/banxa.com\/wp-content\/uploads\/2025\/07\/Banxa-Partners-with-Concordium-Image-768x432.png 768w, https:\/\/banxa.com\/wp-content\/uploads\/2025\/07\/Banxa-Partners-with-Concordium-Image-1536x864.png 1536w\" sizes=\"(max-width: 1600px) 100vw, 1600px\" \/>\t\t\t\t\t\t\t\t\t\t\t\t\t\t\t<\/div>\n\t\t\t\t<div class=\"elementor-element elementor-element-d103fcb elementor-widget elementor-widget-text-editor\" data-id=\"d103fcb\" data-element_type=\"widget\" data-e-type=\"widget\" data-widget_type=\"text-editor.default\">\n\t\t\t\t\t\t\t\t\t<p><em>Banxa freut sich, unsere neueste Blockchain-Integration bekannt zu geben: vollst\u00e4ndige Unterst\u00fctzung f\u00fcr das Concordium-Netzwerk und seinen nativen Token CCD. CCD wird nun \u00fcber das Banxa-Frontend-Widget zug\u00e4nglich sein und direkt in der Concordium Portefeuille verf\u00fcgbar sein.<\/em><\/p><p>Diese Integration erm\u00f6glicht es Nutzern, CCD nahtlos mit Zahlungsmethoden wie Kreditkarte, Apple Pay und Bank\u00fcberweisung zu erwerben \u2013 so einfach wie nie zuvor f\u00fcr Nutzer weltweit, in das Concordium-\u00d6kosystem einzusteigen.<\/p><h3><strong>Concordium : la blockchain PayFi<\/strong><\/h3><p>Concordium is a Layer 1 blockchain designed to bring trust, accountability, and regulatory readiness to Web3. Uniquely embedding identity verification at the protocol level\u2014while preserving user privacy through zero-knowledge proofs\u2014 Concordium offers a conformit\u00e9-ready foundation for enterprises, institutions, and developers building real-world blockchain applications.\u00a0<\/p><p>At the heart of Concordium\u2019s mission is PayFi \u2013 the convergence of payments and decentralized finance on secure, regulated-ready rails. By combining built-in ID, auditable transparency, and instant finality, Concordium provides the infrastructure for Protocol-Level Tokens that reduce contrat intelligent vulnerabilities, and programmable smart money that seamlessly introduces features such as age verification, geofencing and automated payment conditions. This architecture enables a new class of financial use cases where trust, accountability and regulatory alignment are non-negotiable, meeting the demands of users, regulators and enterprises.\u00a0<\/p><p>Through its integration with Banxa, Concordium expands global access to its native token, CCD, offering users a seamless, compliant fiat-crypto gateway. This partnership lowers the barrier to entry for new users while reinforcing Concordium\u2019s commitment to building real-world utility on secure, regulated rails.\u00a0<\/p><h3><strong>Le r\u00f4le de Banxa : permettre un acc\u00e8s r\u00e9glement\u00e9 \u00e0 grande \u00e9chelle<\/strong><\/h3><p>By integrating CCD and supporting Concordium\u2019s native portefeuille, Banxa is helping bring this vision to life.<\/p><blockquote><p><strong>\u201cConcordium is setting the standard for how blockchains can scale with regulation and identity at their core,\u201d said Holger Arians, CEO of Banxa.<\/strong><\/p><p>\u201cWe\u2019re proud to support their mission by making CCD accessible to users globally\u2014bringing simple, compliant, and direct access to a network built for the real world.\u201d<\/p><\/blockquote><p><em>\u201cOur partnership with Banxa is a major milestone in advancing Concordium\u2019s PayFi mission and driving global adoption.This integration lays the groundwork for compliant access to CCD in 130 countries, driving further adoption real-world use cases built on trust, security, and conformit\u00e9. This partnership brings us one step closer to enabling Smart Money.\u201d\u00a0<\/em><\/p><p>\u2013Boris Bohrer-Bilowitki, CEO of Concordium.<\/p><p><strong>This partnership reflects a shared belief:<\/strong> that the future of Web3 must work with the world\u2019s financial systems, not against them. With CCD now integrated into Banxa\u2019s platform, users and institutions alike can engage with the Concordium network more easily, safely, and globally.<\/p><p><strong>CCD is now just a few clicks away.\u00a0\u00a0<\/strong><\/p>\t\t\t\t\t\t\t\t<\/div>\n\t\t\t\t<div class=\"elementor-element elementor-element-dda9eb7 elementor-align-justify herobtn elementor-widget__width-initial elementor-widget-tablet__width-inherit elementor-widget elementor-widget-button\" data-id=\"dda9eb7\" data-element_type=\"widget\" data-e-type=\"widget\" data-widget_type=\"button.default\">\n\t\t\t\t\t\t\t\t\t\t<a class=\"elementor-button elementor-button-link elementor-size-sm\" href=\"https:\/\/www.concordium.com\/ccd-token\" target=\"_blank\">\n\t\t\t\t\t\t<span class=\"elementor-button-content-wrapper\">\n\t\t\t\t\t\t<span class=\"elementor-button-icon\">\n\t\t\t\t<i aria-hidden=\"true\" class=\"icon icon-link-2\"><\/i>\t\t\t<\/span>\n\t\t\t\t\t\t\t\t\t<span class=\"elementor-button-text\">Weitere Informationen zu CCD finden Sie unter LINK<\/span>\n\t\t\t\t\t<\/span>\n\t\t\t\t\t<\/a>\n\t\t\t\t\t\t\t\t<\/div>\n\t\t\t\t<\/div>\n\t\t\t\t\t<\/div>\n\t\t\t\t<\/div>\n\t\t\t\t<\/div>\n\t\t","protected":false},"excerpt":{"rendered":"<p>Presse \u00c9quipe Banxa Juli 2025 Banxa freut sich, unsere neueste Blockchain-Integration bekannt zu geben: vollst\u00e4ndige Unterst\u00fctzung f\u00fcr das Concordium-Netzwerk und seinen nativen Token CCD. CCD wird nun \u00fcber das Banxa-Frontend-Widget zug\u00e4nglich sein und direkt in der Concordium Portefeuille verf\u00fcgbar sein. Diese Integration erm\u00f6glicht es Nutzern, CCD nahtlos mit Zahlungsmethoden wie Kreditkarte, Apple Pay und Bank\u00fcberweisung [&hellip;]<\/p>\n","protected":false},"author":3,"featured_media":5052,"parent":5104,"menu_order":0,"comment_status":"closed","ping_status":"closed","template":"elementor_header_footer","meta":{"footnotes":""},"class_list":["post-5051","page","type-page","status-publish","has-post-thumbnail","hentry"],"yoast_head":"<!-- This site is optimized with the Yoast SEO plugin v27.5 - https:\/\/yoast.com\/product\/yoast-seo-wordpress\/ -->\n<title>Banxa kooperiert mit Concordium zur Erm\u00f6glichung des globalen Zugangs zu CCD - Banxa<\/title>\n<meta name=\"robots\" content=\"index, follow, max-snippet:-1, max-image-preview:large, max-video-preview:-1\" \/>\n<link rel=\"canonical\" href=\"https:\/\/banxa.com\/fr\/banxa-kooperiert-mit-concordium-zur-ermoglichung-des-globalen-zugangs-zu-ccd\/\" \/>\n<meta property=\"og:locale\" content=\"fr_FR\" \/>\n<meta property=\"og:type\" content=\"article\" \/>\n<meta property=\"og:title\" content=\"Banxa kooperiert mit Concordium zur Erm\u00f6glichung des globalen Zugangs zu CCD - Banxa\" \/>\n<meta property=\"og:description\" content=\"Presse \u00c9quipe Banxa Juli 2025 Banxa freut sich, unsere neueste Blockchain-Integration bekannt zu geben: vollst\u00e4ndige Unterst\u00fctzung f\u00fcr das Concordium-Netzwerk und seinen nativen Token CCD. CCD wird nun \u00fcber das Banxa-Frontend-Widget zug\u00e4nglich sein und direkt in der Concordium Portefeuille verf\u00fcgbar sein. Diese Integration erm\u00f6glicht es Nutzern, CCD nahtlos mit Zahlungsmethoden wie Kreditkarte, Apple Pay und Bank\u00fcberweisung [&hellip;]\" \/>\n<meta property=\"og:url\" content=\"https:\/\/banxa.com\/fr\/banxa-kooperiert-mit-concordium-zur-ermoglichung-des-globalen-zugangs-zu-ccd\/\" \/>\n<meta property=\"og:site_name\" content=\"Banxa\" \/>\n<meta property=\"article:publisher\" content=\"https:\/\/www.facebook.com\/Banxa.Official\/\" \/>\n<meta property=\"article:modified_time\" content=\"2026-04-23T19:57:34+00:00\" \/>\n<meta property=\"og:image\" content=\"https:\/\/banxa.com\/wp-content\/uploads\/2025\/07\/Banxa-Partners-with-Concordium-Image.png\" \/>\n\t<meta property=\"og:image:width\" content=\"1600\" \/>\n\t<meta property=\"og:image:height\" content=\"900\" \/>\n\t<meta property=\"og:image:type\" content=\"image\/png\" \/>\n<meta name=\"twitter:card\" content=\"summary_large_image\" \/>\n<meta name=\"twitter:site\" content=\"@BanxaHoldings\" \/>\n<meta name=\"twitter:label1\" content=\"Dur\u00e9e de lecture estim\u00e9e\" \/>\n\t<meta name=\"twitter:data1\" content=\"2 minutes\" \/>\n<script type=\"application\/ld+json\" class=\"yoast-schema-graph\">{\"@context\":\"https:\\\/\\\/schema.org\",\"@graph\":[{\"@type\":\"WebPage\",\"@id\":\"https:\\\/\\\/banxa.com\\\/fr\\\/banxa-kooperiert-mit-concordium-zur-ermoglichung-des-globalen-zugangs-zu-ccd\\\/\",\"url\":\"https:\\\/\\\/banxa.com\\\/fr\\\/banxa-kooperiert-mit-concordium-zur-ermoglichung-des-globalen-zugangs-zu-ccd\\\/\",\"name\":\"Banxa kooperiert mit Concordium zur Erm\u00f6glichung des globalen Zugangs zu CCD - Banxa\",\"isPartOf\":{\"@id\":\"https:\\\/\\\/banxa.com\\\/fr\\\/#website\"},\"primaryImageOfPage\":{\"@id\":\"https:\\\/\\\/banxa.com\\\/fr\\\/banxa-kooperiert-mit-concordium-zur-ermoglichung-des-globalen-zugangs-zu-ccd\\\/#primaryimage\"},\"image\":{\"@id\":\"https:\\\/\\\/banxa.com\\\/fr\\\/banxa-kooperiert-mit-concordium-zur-ermoglichung-des-globalen-zugangs-zu-ccd\\\/#primaryimage\"},\"thumbnailUrl\":\"https:\\\/\\\/banxa.com\\\/wp-content\\\/uploads\\\/2025\\\/07\\\/Banxa-Partners-with-Concordium-Image.png\",\"datePublished\":\"2025-07-10T01:18:13+00:00\",\"dateModified\":\"2026-04-23T19:57:34+00:00\",\"breadcrumb\":{\"@id\":\"https:\\\/\\\/banxa.com\\\/fr\\\/banxa-kooperiert-mit-concordium-zur-ermoglichung-des-globalen-zugangs-zu-ccd\\\/#breadcrumb\"},\"inLanguage\":\"fr-FR\",\"potentialAction\":[{\"@type\":\"ReadAction\",\"target\":[\"https:\\\/\\\/banxa.com\\\/fr\\\/banxa-kooperiert-mit-concordium-zur-ermoglichung-des-globalen-zugangs-zu-ccd\\\/\"]}]},{\"@type\":\"ImageObject\",\"inLanguage\":\"fr-FR\",\"@id\":\"https:\\\/\\\/banxa.com\\\/fr\\\/banxa-kooperiert-mit-concordium-zur-ermoglichung-des-globalen-zugangs-zu-ccd\\\/#primaryimage\",\"url\":\"https:\\\/\\\/banxa.com\\\/wp-content\\\/uploads\\\/2025\\\/07\\\/Banxa-Partners-with-Concordium-Image.png\",\"contentUrl\":\"https:\\\/\\\/banxa.com\\\/wp-content\\\/uploads\\\/2025\\\/07\\\/Banxa-Partners-with-Concordium-Image.png\",\"width\":1600,\"height\":900,\"caption\":\"Banxa kooperiert mit Concordium\"},{\"@type\":\"BreadcrumbList\",\"@id\":\"https:\\\/\\\/banxa.com\\\/fr\\\/banxa-kooperiert-mit-concordium-zur-ermoglichung-des-globalen-zugangs-zu-ccd\\\/#breadcrumb\",\"itemListElement\":[{\"@type\":\"ListItem\",\"position\":1,\"name\":\"Home\",\"item\":\"https:\\\/\\\/banxa.com\\\/fr\\\/\"},{\"@type\":\"ListItem\",\"position\":2,\"name\":\"Presse\",\"item\":\"https:\\\/\\\/banxa.com\\\/fr\\\/press\\\/\"},{\"@type\":\"ListItem\",\"position\":3,\"name\":\"Banxa kooperiert mit Concordium zur Erm\u00f6glichung des globalen Zugangs zu CCD\"}]},{\"@type\":\"WebSite\",\"@id\":\"https:\\\/\\\/banxa.com\\\/fr\\\/#website\",\"url\":\"https:\\\/\\\/banxa.com\\\/fr\\\/\",\"name\":\"Banxa\",\"description\":\"\",\"publisher\":{\"@id\":\"https:\\\/\\\/banxa.com\\\/fr\\\/#organization\"},\"alternateName\":\"Banxa Holdings Inc.\",\"potentialAction\":[{\"@type\":\"SearchAction\",\"target\":{\"@type\":\"EntryPoint\",\"urlTemplate\":\"https:\\\/\\\/banxa.com\\\/fr\\\/?s={search_term_string}\"},\"query-input\":{\"@type\":\"PropertyValueSpecification\",\"valueRequired\":true,\"valueName\":\"search_term_string\"}}],\"inLanguage\":\"fr-FR\"},{\"@type\":\"Organization\",\"@id\":\"https:\\\/\\\/banxa.com\\\/fr\\\/#organization\",\"name\":\"Banxa\",\"alternateName\":\"Banxa Holdings Inc.\",\"url\":\"https:\\\/\\\/banxa.com\\\/fr\\\/\",\"logo\":{\"@type\":\"ImageObject\",\"inLanguage\":\"fr-FR\",\"@id\":\"https:\\\/\\\/banxa.com\\\/fr\\\/#\\\/schema\\\/logo\\\/image\\\/\",\"url\":\"https:\\\/\\\/banxa.com\\\/wp-content\\\/uploads\\\/2025\\\/02\\\/Banxa-Icon-RGB-Favicon.png\",\"contentUrl\":\"https:\\\/\\\/banxa.com\\\/wp-content\\\/uploads\\\/2025\\\/02\\\/Banxa-Icon-RGB-Favicon.png\",\"width\":520,\"height\":470,\"caption\":\"Banxa\"},\"image\":{\"@id\":\"https:\\\/\\\/banxa.com\\\/fr\\\/#\\\/schema\\\/logo\\\/image\\\/\"},\"sameAs\":[\"https:\\\/\\\/www.facebook.com\\\/Banxa.Official\\\/\",\"https:\\\/\\\/x.com\\\/BanxaHoldings\",\"https:\\\/\\\/www.instagram.com\\\/banxaofficial\\\/\",\"https:\\\/\\\/www.youtube.com\\\/channel\\\/UC1ENe9JnShhksGOaMaTyPvQ\",\"https:\\\/\\\/www.linkedin.com\\\/company\\\/banxa-com\"]}]}<\/script>\n<!-- \/ Yoast SEO plugin. -->","yoast_head_json":{"title":"Banxa kooperiert mit Concordium zur Erm\u00f6glichung des globalen Zugangs zu CCD - Banxa","robots":{"index":"index","follow":"follow","max-snippet":"max-snippet:-1","max-image-preview":"max-image-preview:large","max-video-preview":"max-video-preview:-1"},"canonical":"https:\/\/banxa.com\/fr\/banxa-kooperiert-mit-concordium-zur-ermoglichung-des-globalen-zugangs-zu-ccd\/","og_locale":"fr_FR","og_type":"article","og_title":"Banxa kooperiert mit Concordium zur Erm\u00f6glichung des globalen Zugangs zu CCD - Banxa","og_description":"Presse \u00c9quipe Banxa Juli 2025 Banxa freut sich, unsere neueste Blockchain-Integration bekannt zu geben: vollst\u00e4ndige Unterst\u00fctzung f\u00fcr das Concordium-Netzwerk und seinen nativen Token CCD. CCD wird nun \u00fcber das Banxa-Frontend-Widget zug\u00e4nglich sein und direkt in der Concordium Portefeuille verf\u00fcgbar sein. Diese Integration erm\u00f6glicht es Nutzern, CCD nahtlos mit Zahlungsmethoden wie Kreditkarte, Apple Pay und Bank\u00fcberweisung [&hellip;]","og_url":"https:\/\/banxa.com\/fr\/banxa-kooperiert-mit-concordium-zur-ermoglichung-des-globalen-zugangs-zu-ccd\/","og_site_name":"Banxa","article_publisher":"https:\/\/www.facebook.com\/Banxa.Official\/","article_modified_time":"2026-04-23T19:57:34+00:00","og_image":[{"width":1600,"height":900,"url":"https:\/\/banxa.com\/wp-content\/uploads\/2025\/07\/Banxa-Partners-with-Concordium-Image.png","type":"image\/png"}],"twitter_card":"summary_large_image","twitter_site":"@BanxaHoldings","twitter_misc":{"Dur\u00e9e de lecture estim\u00e9e":"2 minutes"},"schema":{"@context":"https:\/\/schema.org","@graph":[{"@type":"WebPage","@id":"https:\/\/banxa.com\/fr\/banxa-kooperiert-mit-concordium-zur-ermoglichung-des-globalen-zugangs-zu-ccd\/","url":"https:\/\/banxa.com\/fr\/banxa-kooperiert-mit-concordium-zur-ermoglichung-des-globalen-zugangs-zu-ccd\/","name":"Banxa kooperiert mit Concordium zur Erm\u00f6glichung des globalen Zugangs zu CCD - Banxa","isPartOf":{"@id":"https:\/\/banxa.com\/fr\/#website"},"primaryImageOfPage":{"@id":"https:\/\/banxa.com\/fr\/banxa-kooperiert-mit-concordium-zur-ermoglichung-des-globalen-zugangs-zu-ccd\/#primaryimage"},"image":{"@id":"https:\/\/banxa.com\/fr\/banxa-kooperiert-mit-concordium-zur-ermoglichung-des-globalen-zugangs-zu-ccd\/#primaryimage"},"thumbnailUrl":"https:\/\/banxa.com\/wp-content\/uploads\/2025\/07\/Banxa-Partners-with-Concordium-Image.png","datePublished":"2025-07-10T01:18:13+00:00","dateModified":"2026-04-23T19:57:34+00:00","breadcrumb":{"@id":"https:\/\/banxa.com\/fr\/banxa-kooperiert-mit-concordium-zur-ermoglichung-des-globalen-zugangs-zu-ccd\/#breadcrumb"},"inLanguage":"fr-FR","potentialAction":[{"@type":"ReadAction","target":["https:\/\/banxa.com\/fr\/banxa-kooperiert-mit-concordium-zur-ermoglichung-des-globalen-zugangs-zu-ccd\/"]}]},{"@type":"ImageObject","inLanguage":"fr-FR","@id":"https:\/\/banxa.com\/fr\/banxa-kooperiert-mit-concordium-zur-ermoglichung-des-globalen-zugangs-zu-ccd\/#primaryimage","url":"https:\/\/banxa.com\/wp-content\/uploads\/2025\/07\/Banxa-Partners-with-Concordium-Image.png","contentUrl":"https:\/\/banxa.com\/wp-content\/uploads\/2025\/07\/Banxa-Partners-with-Concordium-Image.png","width":1600,"height":900,"caption":"Banxa kooperiert mit Concordium"},{"@type":"BreadcrumbList","@id":"https:\/\/banxa.com\/fr\/banxa-kooperiert-mit-concordium-zur-ermoglichung-des-globalen-zugangs-zu-ccd\/#breadcrumb","itemListElement":[{"@type":"ListItem","position":1,"name":"Home","item":"https:\/\/banxa.com\/fr\/"},{"@type":"ListItem","position":2,"name":"Presse","item":"https:\/\/banxa.com\/fr\/press\/"},{"@type":"ListItem","position":3,"name":"Banxa kooperiert mit Concordium zur Erm\u00f6glichung des globalen Zugangs zu CCD"}]},{"@type":"WebSite","@id":"https:\/\/banxa.com\/fr\/#website","url":"https:\/\/banxa.com\/fr\/","name":"Banxa","description":"","publisher":{"@id":"https:\/\/banxa.com\/fr\/#organization"},"alternateName":"Banxa Holdings Inc.","potentialAction":[{"@type":"SearchAction","target":{"@type":"EntryPoint","urlTemplate":"https:\/\/banxa.com\/fr\/?s={search_term_string}"},"query-input":{"@type":"PropertyValueSpecification","valueRequired":true,"valueName":"search_term_string"}}],"inLanguage":"fr-FR"},{"@type":"Organization","@id":"https:\/\/banxa.com\/fr\/#organization","name":"Banxa","alternateName":"Banxa Holdings Inc.","url":"https:\/\/banxa.com\/fr\/","logo":{"@type":"ImageObject","inLanguage":"fr-FR","@id":"https:\/\/banxa.com\/fr\/#\/schema\/logo\/image\/","url":"https:\/\/banxa.com\/wp-content\/uploads\/2025\/02\/Banxa-Icon-RGB-Favicon.png","contentUrl":"https:\/\/banxa.com\/wp-content\/uploads\/2025\/02\/Banxa-Icon-RGB-Favicon.png","width":520,"height":470,"caption":"Banxa"},"image":{"@id":"https:\/\/banxa.com\/fr\/#\/schema\/logo\/image\/"},"sameAs":["https:\/\/www.facebook.com\/Banxa.Official\/","https:\/\/x.com\/BanxaHoldings","https:\/\/www.instagram.com\/banxaofficial\/","https:\/\/www.youtube.com\/channel\/UC1ENe9JnShhksGOaMaTyPvQ","https:\/\/www.linkedin.com\/company\/banxa-com"]}]}},"_links":{"self":[{"href":"https:\/\/banxa.com\/fr\/wp-json\/wp\/v2\/pages\/5051","targetHints":{"allow":["GET"]}}],"collection":[{"href":"https:\/\/banxa.com\/fr\/wp-json\/wp\/v2\/pages"}],"about":[{"href":"https:\/\/banxa.com\/fr\/wp-json\/wp\/v2\/types\/page"}],"author":[{"embeddable":true,"href":"https:\/\/banxa.com\/fr\/wp-json\/wp\/v2\/users\/3"}],"replies":[{"embeddable":true,"href":"https:\/\/banxa.com\/fr\/wp-json\/wp\/v2\/comments?post=5051"}],"version-history":[{"count":0,"href":"https:\/\/banxa.com\/fr\/wp-json\/wp\/v2\/pages\/5051\/revisions"}],"up":[{"embeddable":true,"href":"https:\/\/banxa.com\/fr\/wp-json\/wp\/v2\/pages\/5104"}],"wp:featuredmedia":[{"embeddable":true,"href":"https:\/\/banxa.com\/fr\/wp-json\/wp\/v2\/media\/5052"}],"wp:attachment":[{"href":"https:\/\/banxa.com\/fr\/wp-json\/wp\/v2\/media?parent=5051"}],"curies":[{"name":"wp","href":"https:\/\/api.w.org\/{rel}","templated":true}]}}