{"id":5994,"date":"2025-02-11T02:30:47","date_gmt":"2025-02-11T02:30:47","guid":{"rendered":"https:\/\/banxa.com\/resumen-de-riesgos-2\/"},"modified":"2026-04-23T20:04:32","modified_gmt":"2026-04-23T20:04:32","slug":"resumen-de-riesgos-2","status":"publish","type":"page","link":"https:\/\/banxa.com\/es\/resumen-de-riesgos-2\/","title":{"rendered":"Resumen de riesgos"},"content":{"rendered":"\n<p><strong>Tiempo estimado de lectura: 2 min:<\/strong><\/p>\n\n<p>Debido al potencial de p\u00e9rdidas, la Autoridad de Conducta Financiera (FCA) considera esta inversi\u00f3n de alto riesgo.\u00a0<\/p>\n\n<h2 class=\"wp-block-heading\">\u00bfCu\u00e1les son los riesgos clave?\u00a0<\/h2>\n\n<h5 class=\"wp-block-heading\">1. <strong>Podr\u00eda perder todo el dinero que invierte\u00a0<\/strong><\/h5>\n\n<ul class=\"wp-block-list\">\n<li>El rendimiento de la mayor\u00eda de los criptoactivos puede ser muy vol\u00e1til, con su valor cayendo tan r\u00e1pido como puede subir. Debe estar preparado para perder todo el dinero que invierte en criptoactivos.<\/li>\n\n\n\n<li>El mercado de criptoactivos est\u00e1 en gran medida no regulado. Existe el riesgo de perder dinero o cualquier criptoactivo que compre debido a riesgos como ciberataques, delitos financieros y quiebra de empresas.\u00a0<\/li>\n<\/ul>\n\n<h5 class=\"wp-block-heading\">2. <strong>No debe esperar estar protegido si algo sale mal\u00a0<\/strong><\/h5>\n\n<ul class=\"wp-block-list\">\n<li>The Esquema de Compensaci\u00f3n de Servicios Financieros (FSCS) doesn\u2019t protect this type of investment because it\u2019s not a \u2018specified investment\u2019 under the UK regulatory regime \u2013 in other words, this type of investment isn\u2019t recognised as the sort of investment that the FSCS can protect. Learn more by using the FSCS investment protection checker\u00a0<a href=\"https:\/\/www.fscs.org.uk\/check\/investment-protection-checker\/\" target=\"_blank\" rel=\"noreferrer noopener\">here<\/a>.<\/li>\n\n\n\n<li>El Servicio del Defensor Financiero (FOS) no podr\u00e1 considerar reclamaciones relacionadas con esta empresa.\u00a0 Learn more about FOS protection\u00a0<a href=\"https:\/\/www.financial-ombudsman.org.uk\/consumers\" target=\"_blank\" rel=\"noreferrer noopener\">here<\/a>.<\/li>\n<\/ul>\n\n<h5 class=\"wp-block-heading\">3. <strong>Es posible que no pueda vender su inversi\u00f3n cuando quiera\u00a0<\/strong><\/h5>\n\n<ul class=\"wp-block-list\">\n<li>There is no guarantee that investments in cryptoassets can be easily sold at any given time. The ability to sell a cryptoasset depends on various factors, incluyendo la oferta y la demanda del mercado en ese momento.<\/li>\n\n\n\n<li>Fallos operativos como interrupciones tecnol\u00f3gicas, ciberataques y mezcla de fondos podr\u00edan causar retrasos no deseados y es posible que no pueda vender sus criptoactivos en el momento que desee.\u00a0<\/li>\n<\/ul>\n\n<h5 class=\"wp-block-heading\">4. <strong>Las inversiones en criptoactivos pueden ser complejas\u00a0<\/strong><\/h5>\n\n<ul class=\"wp-block-list\">\n<li>Las inversiones en criptoactivos pueden ser complejas, lo que dificulta comprender los riesgos asociados a la inversi\u00f3n.\u00a0<\/li>\n\n\n\n<li>Debe investigar por su cuenta antes de invertir. Si algo suena demasiado bueno para ser verdad, probablemente lo sea.\u00a0<\/li>\n<\/ul>\n\n<h5 class=\"wp-block-heading\">5. <strong>No ponga todos los huevos en la misma cesta\u00a0<\/strong><\/h5>\n\n<ul class=\"wp-block-list\">\n<li>Poner todo su dinero en un solo tipo de inversi\u00f3n es arriesgado. Diversificar su dinero en diferentes inversiones le hace menos dependiente de que una sola funcione bien.<\/li>\n\n\n\n<li>Una buena regla general es no invertir m\u00e1s del 10% de su dinero en inversiones de alto riesgo.\u00a0<a href=\"https:\/\/www.fca.org.uk\/investsmart\/5-questions-ask-you-invest\" target=\"_blank\" rel=\"noreferrer noopener\">M\u00e1s informaci\u00f3n aqu\u00ed<\/a>.<\/li>\n<\/ul>\n\n<p><\/p>\n\n<p>Si est\u00e1 interesado en aprender m\u00e1s sobre c\u00f3mo protegerse, visite la web de la FCA\u00a0<a href=\"https:\/\/www.fca.org.uk\/investsmart\" target=\"_blank\" rel=\"noreferrer noopener\">aqu\u00ed<\/a>.<\/p>\n\n<p>For further information about criptoactivos, visit the FCA\u2019s website\u00a0<a href=\"https:\/\/www.fca.org.uk\/investsmart\/crypto-basics\" target=\"_blank\" rel=\"noreferrer noopener\">here<\/a>.<\/p>\n\n<p><\/p>\n","protected":false},"excerpt":{"rendered":"<p>Tiempo estimado de lectura: 2 min: Debido al potencial de p\u00e9rdidas, la Autoridad de Conducta Financiera (FCA) considera esta inversi\u00f3n de alto riesgo.\u00a0 \u00bfCu\u00e1les son los riesgos clave?\u00a0 1. Podr\u00eda perder todo el dinero que invierte\u00a0 2. No debe esperar estar protegido si algo sale mal\u00a0 3. Es posible que no pueda vender su inversi\u00f3n [&hellip;]<\/p>\n","protected":false},"author":3,"featured_media":0,"parent":0,"menu_order":0,"comment_status":"closed","ping_status":"closed","template":"","meta":{"footnotes":""},"class_list":["post-5994","page","type-page","status-publish","hentry"],"yoast_head":"<!-- This site is optimized with the Yoast SEO plugin v27.5 - https:\/\/yoast.com\/product\/yoast-seo-wordpress\/ -->\n<title>Resumen de riesgos \u2013 Riesgos y seguridad en transacciones cripto | Banxa<\/title>\n<meta name=\"description\" content=\"Revise el resumen de riesgos de Banxa para comprender los riesgos potenciales asociados con las transacciones de criptomonedas, la volatilidad y las medidas de seguridad.\" \/>\n<meta name=\"robots\" content=\"index, follow, max-snippet:-1, max-image-preview:large, max-video-preview:-1\" \/>\n<link rel=\"canonical\" href=\"https:\/\/banxa.com\/es\/resumen-de-riesgos-2\/\" \/>\n<meta property=\"og:locale\" content=\"es_ES\" \/>\n<meta property=\"og:type\" content=\"article\" \/>\n<meta property=\"og:title\" content=\"Resumen de riesgos \u2013 Riesgos y seguridad en transacciones cripto | Banxa\" \/>\n<meta property=\"og:description\" content=\"Revise el resumen de riesgos de Banxa para comprender los riesgos potenciales asociados con las transacciones de criptomonedas, la volatilidad y las medidas de seguridad.\" \/>\n<meta property=\"og:url\" content=\"https:\/\/banxa.com\/es\/resumen-de-riesgos-2\/\" \/>\n<meta property=\"og:site_name\" content=\"Banxa\" \/>\n<meta property=\"article:publisher\" content=\"https:\/\/www.facebook.com\/Banxa.Official\/\" \/>\n<meta property=\"article:modified_time\" content=\"2026-04-23T20:04:32+00:00\" \/>\n<meta property=\"og:image\" content=\"https:\/\/banxa.com\/wp-content\/uploads\/2025\/04\/Banxa-Holdings-Inc-Cover-image.jpg\" \/>\n\t<meta property=\"og:image:width\" content=\"1200\" \/>\n\t<meta property=\"og:image:height\" content=\"675\" \/>\n\t<meta property=\"og:image:type\" content=\"image\/jpeg\" \/>\n<meta name=\"twitter:card\" content=\"summary_large_image\" \/>\n<meta name=\"twitter:site\" content=\"@BanxaHoldings\" \/>\n<meta name=\"twitter:label1\" content=\"Tiempo de lectura\" \/>\n\t<meta name=\"twitter:data1\" content=\"2 minutos\" \/>\n<script type=\"application\/ld+json\" class=\"yoast-schema-graph\">{\"@context\":\"https:\\\/\\\/schema.org\",\"@graph\":[{\"@type\":\"WebPage\",\"@id\":\"https:\\\/\\\/banxa.com\\\/es\\\/resumen-de-riesgos-2\\\/\",\"url\":\"https:\\\/\\\/banxa.com\\\/es\\\/resumen-de-riesgos-2\\\/\",\"name\":\"Resumen de riesgos \u2013 Riesgos y seguridad en transacciones cripto | Banxa\",\"isPartOf\":{\"@id\":\"https:\\\/\\\/banxa.com\\\/es\\\/#website\"},\"datePublished\":\"2025-02-11T02:30:47+00:00\",\"dateModified\":\"2026-04-23T20:04:32+00:00\",\"description\":\"Revise el resumen de riesgos de Banxa para comprender los riesgos potenciales asociados con las transacciones de criptomonedas, la volatilidad y las medidas de seguridad.\",\"breadcrumb\":{\"@id\":\"https:\\\/\\\/banxa.com\\\/es\\\/resumen-de-riesgos-2\\\/#breadcrumb\"},\"inLanguage\":\"es\",\"potentialAction\":[{\"@type\":\"ReadAction\",\"target\":[\"https:\\\/\\\/banxa.com\\\/es\\\/resumen-de-riesgos-2\\\/\"]}]},{\"@type\":\"BreadcrumbList\",\"@id\":\"https:\\\/\\\/banxa.com\\\/es\\\/resumen-de-riesgos-2\\\/#breadcrumb\",\"itemListElement\":[{\"@type\":\"ListItem\",\"position\":1,\"name\":\"Home\",\"item\":\"https:\\\/\\\/banxa.com\\\/es\\\/\"},{\"@type\":\"ListItem\",\"position\":2,\"name\":\"Resumen de riesgos\"}]},{\"@type\":\"WebSite\",\"@id\":\"https:\\\/\\\/banxa.com\\\/es\\\/#website\",\"url\":\"https:\\\/\\\/banxa.com\\\/es\\\/\",\"name\":\"Banxa\",\"description\":\"\",\"publisher\":{\"@id\":\"https:\\\/\\\/banxa.com\\\/es\\\/#organization\"},\"alternateName\":\"Banxa Holdings Inc.\",\"potentialAction\":[{\"@type\":\"SearchAction\",\"target\":{\"@type\":\"EntryPoint\",\"urlTemplate\":\"https:\\\/\\\/banxa.com\\\/es\\\/?s={search_term_string}\"},\"query-input\":{\"@type\":\"PropertyValueSpecification\",\"valueRequired\":true,\"valueName\":\"search_term_string\"}}],\"inLanguage\":\"es\"},{\"@type\":\"Organization\",\"@id\":\"https:\\\/\\\/banxa.com\\\/es\\\/#organization\",\"name\":\"Banxa\",\"alternateName\":\"Banxa Holdings Inc.\",\"url\":\"https:\\\/\\\/banxa.com\\\/es\\\/\",\"logo\":{\"@type\":\"ImageObject\",\"inLanguage\":\"es\",\"@id\":\"https:\\\/\\\/banxa.com\\\/es\\\/#\\\/schema\\\/logo\\\/image\\\/\",\"url\":\"https:\\\/\\\/banxa.com\\\/wp-content\\\/uploads\\\/2025\\\/02\\\/Banxa-Icon-RGB-Favicon.png\",\"contentUrl\":\"https:\\\/\\\/banxa.com\\\/wp-content\\\/uploads\\\/2025\\\/02\\\/Banxa-Icon-RGB-Favicon.png\",\"width\":520,\"height\":470,\"caption\":\"Banxa\"},\"image\":{\"@id\":\"https:\\\/\\\/banxa.com\\\/es\\\/#\\\/schema\\\/logo\\\/image\\\/\"},\"sameAs\":[\"https:\\\/\\\/www.facebook.com\\\/Banxa.Official\\\/\",\"https:\\\/\\\/x.com\\\/BanxaHoldings\",\"https:\\\/\\\/www.instagram.com\\\/banxaofficial\\\/\",\"https:\\\/\\\/www.youtube.com\\\/channel\\\/UC1ENe9JnShhksGOaMaTyPvQ\",\"https:\\\/\\\/www.linkedin.com\\\/company\\\/banxa-com\"]}]}<\/script>\n<!-- \/ Yoast SEO plugin. -->","yoast_head_json":{"title":"Resumen de riesgos \u2013 Riesgos y seguridad en transacciones cripto | Banxa","description":"Revise el resumen de riesgos de Banxa para comprender los riesgos potenciales asociados con las transacciones de criptomonedas, la volatilidad y las medidas de seguridad.","robots":{"index":"index","follow":"follow","max-snippet":"max-snippet:-1","max-image-preview":"max-image-preview:large","max-video-preview":"max-video-preview:-1"},"canonical":"https:\/\/banxa.com\/es\/resumen-de-riesgos-2\/","og_locale":"es_ES","og_type":"article","og_title":"Resumen de riesgos \u2013 Riesgos y seguridad en transacciones cripto | Banxa","og_description":"Revise el resumen de riesgos de Banxa para comprender los riesgos potenciales asociados con las transacciones de criptomonedas, la volatilidad y las medidas de seguridad.","og_url":"https:\/\/banxa.com\/es\/resumen-de-riesgos-2\/","og_site_name":"Banxa","article_publisher":"https:\/\/www.facebook.com\/Banxa.Official\/","article_modified_time":"2026-04-23T20:04:32+00:00","og_image":[{"width":1200,"height":675,"url":"https:\/\/banxa.com\/wp-content\/uploads\/2025\/04\/Banxa-Holdings-Inc-Cover-image.jpg","type":"image\/jpeg"}],"twitter_card":"summary_large_image","twitter_site":"@BanxaHoldings","twitter_misc":{"Tiempo de lectura":"2 minutos"},"schema":{"@context":"https:\/\/schema.org","@graph":[{"@type":"WebPage","@id":"https:\/\/banxa.com\/es\/resumen-de-riesgos-2\/","url":"https:\/\/banxa.com\/es\/resumen-de-riesgos-2\/","name":"Resumen de riesgos \u2013 Riesgos y seguridad en transacciones cripto | Banxa","isPartOf":{"@id":"https:\/\/banxa.com\/es\/#website"},"datePublished":"2025-02-11T02:30:47+00:00","dateModified":"2026-04-23T20:04:32+00:00","description":"Revise el resumen de riesgos de Banxa para comprender los riesgos potenciales asociados con las transacciones de criptomonedas, la volatilidad y las medidas de seguridad.","breadcrumb":{"@id":"https:\/\/banxa.com\/es\/resumen-de-riesgos-2\/#breadcrumb"},"inLanguage":"es","potentialAction":[{"@type":"ReadAction","target":["https:\/\/banxa.com\/es\/resumen-de-riesgos-2\/"]}]},{"@type":"BreadcrumbList","@id":"https:\/\/banxa.com\/es\/resumen-de-riesgos-2\/#breadcrumb","itemListElement":[{"@type":"ListItem","position":1,"name":"Home","item":"https:\/\/banxa.com\/es\/"},{"@type":"ListItem","position":2,"name":"Resumen de riesgos"}]},{"@type":"WebSite","@id":"https:\/\/banxa.com\/es\/#website","url":"https:\/\/banxa.com\/es\/","name":"Banxa","description":"","publisher":{"@id":"https:\/\/banxa.com\/es\/#organization"},"alternateName":"Banxa Holdings Inc.","potentialAction":[{"@type":"SearchAction","target":{"@type":"EntryPoint","urlTemplate":"https:\/\/banxa.com\/es\/?s={search_term_string}"},"query-input":{"@type":"PropertyValueSpecification","valueRequired":true,"valueName":"search_term_string"}}],"inLanguage":"es"},{"@type":"Organization","@id":"https:\/\/banxa.com\/es\/#organization","name":"Banxa","alternateName":"Banxa Holdings Inc.","url":"https:\/\/banxa.com\/es\/","logo":{"@type":"ImageObject","inLanguage":"es","@id":"https:\/\/banxa.com\/es\/#\/schema\/logo\/image\/","url":"https:\/\/banxa.com\/wp-content\/uploads\/2025\/02\/Banxa-Icon-RGB-Favicon.png","contentUrl":"https:\/\/banxa.com\/wp-content\/uploads\/2025\/02\/Banxa-Icon-RGB-Favicon.png","width":520,"height":470,"caption":"Banxa"},"image":{"@id":"https:\/\/banxa.com\/es\/#\/schema\/logo\/image\/"},"sameAs":["https:\/\/www.facebook.com\/Banxa.Official\/","https:\/\/x.com\/BanxaHoldings","https:\/\/www.instagram.com\/banxaofficial\/","https:\/\/www.youtube.com\/channel\/UC1ENe9JnShhksGOaMaTyPvQ","https:\/\/www.linkedin.com\/company\/banxa-com"]}]}},"_links":{"self":[{"href":"https:\/\/banxa.com\/es\/wp-json\/wp\/v2\/pages\/5994","targetHints":{"allow":["GET"]}}],"collection":[{"href":"https:\/\/banxa.com\/es\/wp-json\/wp\/v2\/pages"}],"about":[{"href":"https:\/\/banxa.com\/es\/wp-json\/wp\/v2\/types\/page"}],"author":[{"embeddable":true,"href":"https:\/\/banxa.com\/es\/wp-json\/wp\/v2\/users\/3"}],"replies":[{"embeddable":true,"href":"https:\/\/banxa.com\/es\/wp-json\/wp\/v2\/comments?post=5994"}],"version-history":[{"count":0,"href":"https:\/\/banxa.com\/es\/wp-json\/wp\/v2\/pages\/5994\/revisions"}],"wp:attachment":[{"href":"https:\/\/banxa.com\/es\/wp-json\/wp\/v2\/media?parent=5994"}],"curies":[{"name":"wp","href":"https:\/\/api.w.org\/{rel}","templated":true}]}}