{"id":5082,"date":"2025-05-16T02:33:53","date_gmt":"2025-05-16T02:33:53","guid":{"rendered":"https:\/\/banxa.com\/divulgacion-de-conflictos-de-interes\/"},"modified":"2026-04-23T19:58:17","modified_gmt":"2026-04-23T19:58:17","slug":"divulgacion-de-conflictos-de-interes","status":"publish","type":"page","link":"https:\/\/banxa.com\/es\/divulgacion-de-conflictos-de-interes\/","title":{"rendered":"Divulgaci\u00f3n de conflictos de inter\u00e9s"},"content":{"rendered":"\n<p>EU Internet Ventures B.V. (\u00abEUIV\u00bb), la entidad europea de Banxa, est\u00e1 obligada a implementar y mantener pol\u00edticas y procedimientos eficaces para identificar, prevenir, gestionar y divulgar los conflictos de inter\u00e9s. A trav\u00e9s de esta divulgaci\u00f3n, EUIV pretende informarle sobre la naturaleza general y las fuentes de los conflictos de inter\u00e9s que han surgido o podr\u00edan surgir, y las medidas que EUIV ha tomado para mitigar estos conflictos de inter\u00e9s.<\/p>\n\n<h3 class=\"wp-block-heading\">Naturaleza general y fuentes de conflictos de inter\u00e9s<\/h3>\n\n<p>EUIV ha identificado dos categor\u00edas de conflictos de inter\u00e9s potenciales:<\/p>\n\n<ul class=\"wp-block-list\">\n<li>Conflictos de inter\u00e9s potencialmente perjudiciales para clientes de EUIV; y<\/li>\n\n\n\n<li>Conflictos de inter\u00e9s potencialmente perjudiciales para EUIV.<\/li>\n<\/ul>\n\n<p>Pueden surgir conflictos de inter\u00e9s potencialmente perjudiciales para los clientes cuando EUIV o los accionistas o miembros de EUIV, cualquier persona directa o indirectamente vinculada a EUIV o a los accionistas o miembros de EUIV por control, los miembros del consejo de EUIV o los empleados de EUIV (las <strong>Personas Vinculadas<\/strong>) se encuentren en cualquiera de las siguientes situaciones:<\/p>\n\n<ul class=\"wp-block-list\">\n<li>EUIV o la Persona Vinculada es probable que obtenga una ganancia financiera, evite una p\u00e9rdida financiera o reciba otro tipo de beneficio, a costa del cliente;<\/li>\n\n\n\n<li>EUIV o la Persona Vinculada tiene un inter\u00e9s en el resultado de un servicio de criptoactivos prestado a un cliente de EUIV o de una transacci\u00f3n realizada en nombre de dicho cliente, que es distinto del inter\u00e9s de ese cliente en dicho resultado;\u00a0<\/li>\n\n\n\n<li>EUIV o la Persona Vinculada tiene un incentivo financiero o de otro tipo para favorecer el inter\u00e9s de uno o m\u00e1s clientes de EUIV sobre el inter\u00e9s de otro cliente de EUIV;<\/li>\n\n\n\n<li>EUIV o la Persona Vinculada realiza la misma actividad que el cliente de EUIV; o<\/li>\n\n\n\n<li>EUIV o la Persona Vinculada recibe o recibir\u00e1 de una persona distinta del cliente de EUIV un incentivo en relaci\u00f3n con un servicio prestado a dicho cliente, en forma de beneficios o servicios monetarios o no monetarios.<\/li>\n<\/ul>\n\n<p>Pueden surgir conflictos de inter\u00e9s potencialmente perjudiciales para EUIV cuando una Persona Vinculada:<\/p>\n\n<ul class=\"wp-block-list\">\n<li>tiene un inter\u00e9s econ\u00f3mico en una persona, organismo o entidad con intereses en conflicto con los de EUIV;<\/li>\n\n\n\n<li>tiene una relaci\u00f3n personal con una persona, organismo o entidad con intereses en conflicto con los de EUIV;<\/li>\n\n\n\n<li>tiene o ha tenido una relaci\u00f3n profesional con una persona, organismo o entidad con intereses en conflicto con los de EUIV;<\/li>\n\n\n\n<li>tiene una relaci\u00f3n pol\u00edtica con una persona, organismo o entidad con intereses en conflicto con los de EUIV; o<\/li>\n\n\n\n<li>realiza tareas en conflicto, tiene asignadas responsabilidades en conflicto o est\u00e1 supervisada jer\u00e1rquicamente por alguien a cargo de funciones o tareas en conflicto.<\/li>\n<\/ul>\n\n<h3 class=\"wp-block-heading\">Medidas que EUIV ha tomado para mitigar estos conflictos de inter\u00e9s (potenciales)<\/h3>\n\n<p>EUIV ha implementado diversas medidas para prevenir que surjan los conflictos de inter\u00e9s descritos anteriormente:<\/p>\n\n<ul class=\"wp-block-list\">\n<li>Mediante formaci\u00f3n, EUIV asegura continuamente que las Personas Vinculadas sean conscientes de los riesgos de conflictos de inter\u00e9s y las medidas tomadas por EUIV para prevenirlos.<\/li>\n\n\n\n<li>EUIV ha implementado diversas pol\u00edticas y procedimientos estrictos que tienen como objetivo prevenir el surgimiento de conflictos de inter\u00e9s. Estas pol\u00edticas y procedimientos regulan los siguientes temas:\n<ul class=\"wp-block-list\">\n<li>Remuneraci\u00f3n<\/li>\n\n\n\n<li>Transacciones personales<\/li>\n\n\n\n<li>Aceptaci\u00f3n de regalos<\/li>\n\n\n\n<li>Campa\u00f1as de promoci\u00f3n<\/li>\n\n\n\n<li>Comisiones<\/li>\n\n\n\n<li>Actividades auxiliares<\/li>\n<\/ul>\n<\/li>\n\n\n\n<li>Adem\u00e1s, EUIV ha implementado diversas medidas en su gobernanza interna para prevenir que surjan conflictos de inter\u00e9s dentro de su organizaci\u00f3n y del grupo Banxa.<\/li>\n<\/ul>\n\n<h3 class=\"wp-block-heading\">Evaluaci\u00f3n y actualizaciones<\/h3>\n\n<p>EUIV mantiene registros actualizados de todas las situaciones que dan lugar a conflictos de inter\u00e9s reales y potenciales y de las medidas tomadas para mitigar dichos conflictos. Esta divulgaci\u00f3n se actualiza regularmente sobre la base de dichos registros, y se eval\u00faa anualmente en cuanto a su precisi\u00f3n, eficacia y cumplimiento de las regulaciones aplicables, abordando cualquier deficiencia al respecto.<\/p>\n\n<p><\/p>\n","protected":false},"excerpt":{"rendered":"<p>EU Internet Ventures B.V. (\u00abEUIV\u00bb), la entidad europea de Banxa, est\u00e1 obligada a implementar y mantener pol\u00edticas y procedimientos eficaces para identificar, prevenir, gestionar y divulgar los conflictos de inter\u00e9s. A trav\u00e9s de esta divulgaci\u00f3n, EUIV pretende informarle sobre la naturaleza general y las fuentes de los conflictos de inter\u00e9s que han surgido o podr\u00edan [&hellip;]<\/p>\n","protected":false},"author":3,"featured_media":0,"parent":0,"menu_order":0,"comment_status":"closed","ping_status":"closed","template":"","meta":{"footnotes":""},"class_list":["post-5082","page","type-page","status-publish","hentry"],"yoast_head":"<!-- This site is optimized with the Yoast SEO plugin v27.5 - https:\/\/yoast.com\/product\/yoast-seo-wordpress\/ -->\n<title>Divulgaci\u00f3n de conflictos de inter\u00e9s - Banxa<\/title>\n<meta name=\"robots\" content=\"index, follow, max-snippet:-1, max-image-preview:large, max-video-preview:-1\" \/>\n<link rel=\"canonical\" href=\"https:\/\/banxa.com\/es\/divulgacion-de-conflictos-de-interes\/\" \/>\n<meta property=\"og:locale\" content=\"es_ES\" \/>\n<meta property=\"og:type\" content=\"article\" \/>\n<meta property=\"og:title\" content=\"Divulgaci\u00f3n de conflictos de inter\u00e9s - Banxa\" \/>\n<meta property=\"og:description\" content=\"EU Internet Ventures B.V. (\u00abEUIV\u00bb), la entidad europea de Banxa, est\u00e1 obligada a implementar y mantener pol\u00edticas y procedimientos eficaces para identificar, prevenir, gestionar y divulgar los conflictos de inter\u00e9s. A trav\u00e9s de esta divulgaci\u00f3n, EUIV pretende informarle sobre la naturaleza general y las fuentes de los conflictos de inter\u00e9s que han surgido o podr\u00edan [&hellip;]\" \/>\n<meta property=\"og:url\" content=\"https:\/\/banxa.com\/es\/divulgacion-de-conflictos-de-interes\/\" \/>\n<meta property=\"og:site_name\" content=\"Banxa\" \/>\n<meta property=\"article:publisher\" content=\"https:\/\/www.facebook.com\/Banxa.Official\/\" \/>\n<meta property=\"article:modified_time\" content=\"2026-04-23T19:58:17+00:00\" \/>\n<meta property=\"og:image\" content=\"https:\/\/banxa.com\/wp-content\/uploads\/2025\/04\/Banxa-Holdings-Inc-Cover-image.jpg\" \/>\n\t<meta property=\"og:image:width\" content=\"1200\" \/>\n\t<meta property=\"og:image:height\" content=\"675\" \/>\n\t<meta property=\"og:image:type\" content=\"image\/jpeg\" \/>\n<meta name=\"twitter:card\" content=\"summary_large_image\" \/>\n<meta name=\"twitter:site\" content=\"@BanxaHoldings\" \/>\n<meta name=\"twitter:label1\" content=\"Tiempo de lectura\" \/>\n\t<meta name=\"twitter:data1\" content=\"3 minutos\" \/>\n<script type=\"application\/ld+json\" class=\"yoast-schema-graph\">{\"@context\":\"https:\\\/\\\/schema.org\",\"@graph\":[{\"@type\":\"WebPage\",\"@id\":\"https:\\\/\\\/banxa.com\\\/es\\\/divulgacion-de-conflictos-de-interes\\\/\",\"url\":\"https:\\\/\\\/banxa.com\\\/es\\\/divulgacion-de-conflictos-de-interes\\\/\",\"name\":\"Divulgaci\u00f3n de conflictos de inter\u00e9s - Banxa\",\"isPartOf\":{\"@id\":\"https:\\\/\\\/banxa.com\\\/es\\\/#website\"},\"datePublished\":\"2025-05-16T02:33:53+00:00\",\"dateModified\":\"2026-04-23T19:58:17+00:00\",\"breadcrumb\":{\"@id\":\"https:\\\/\\\/banxa.com\\\/es\\\/divulgacion-de-conflictos-de-interes\\\/#breadcrumb\"},\"inLanguage\":\"es\",\"potentialAction\":[{\"@type\":\"ReadAction\",\"target\":[\"https:\\\/\\\/banxa.com\\\/es\\\/divulgacion-de-conflictos-de-interes\\\/\"]}]},{\"@type\":\"BreadcrumbList\",\"@id\":\"https:\\\/\\\/banxa.com\\\/es\\\/divulgacion-de-conflictos-de-interes\\\/#breadcrumb\",\"itemListElement\":[{\"@type\":\"ListItem\",\"position\":1,\"name\":\"Home\",\"item\":\"https:\\\/\\\/banxa.com\\\/es\\\/\"},{\"@type\":\"ListItem\",\"position\":2,\"name\":\"Divulgaci\u00f3n de conflictos de inter\u00e9s\"}]},{\"@type\":\"WebSite\",\"@id\":\"https:\\\/\\\/banxa.com\\\/es\\\/#website\",\"url\":\"https:\\\/\\\/banxa.com\\\/es\\\/\",\"name\":\"Banxa\",\"description\":\"\",\"publisher\":{\"@id\":\"https:\\\/\\\/banxa.com\\\/es\\\/#organization\"},\"alternateName\":\"Banxa Holdings Inc.\",\"potentialAction\":[{\"@type\":\"SearchAction\",\"target\":{\"@type\":\"EntryPoint\",\"urlTemplate\":\"https:\\\/\\\/banxa.com\\\/es\\\/?s={search_term_string}\"},\"query-input\":{\"@type\":\"PropertyValueSpecification\",\"valueRequired\":true,\"valueName\":\"search_term_string\"}}],\"inLanguage\":\"es\"},{\"@type\":\"Organization\",\"@id\":\"https:\\\/\\\/banxa.com\\\/es\\\/#organization\",\"name\":\"Banxa\",\"alternateName\":\"Banxa Holdings Inc.\",\"url\":\"https:\\\/\\\/banxa.com\\\/es\\\/\",\"logo\":{\"@type\":\"ImageObject\",\"inLanguage\":\"es\",\"@id\":\"https:\\\/\\\/banxa.com\\\/es\\\/#\\\/schema\\\/logo\\\/image\\\/\",\"url\":\"https:\\\/\\\/banxa.com\\\/wp-content\\\/uploads\\\/2025\\\/02\\\/Banxa-Icon-RGB-Favicon.png\",\"contentUrl\":\"https:\\\/\\\/banxa.com\\\/wp-content\\\/uploads\\\/2025\\\/02\\\/Banxa-Icon-RGB-Favicon.png\",\"width\":520,\"height\":470,\"caption\":\"Banxa\"},\"image\":{\"@id\":\"https:\\\/\\\/banxa.com\\\/es\\\/#\\\/schema\\\/logo\\\/image\\\/\"},\"sameAs\":[\"https:\\\/\\\/www.facebook.com\\\/Banxa.Official\\\/\",\"https:\\\/\\\/x.com\\\/BanxaHoldings\",\"https:\\\/\\\/www.instagram.com\\\/banxaofficial\\\/\",\"https:\\\/\\\/www.youtube.com\\\/channel\\\/UC1ENe9JnShhksGOaMaTyPvQ\",\"https:\\\/\\\/www.linkedin.com\\\/company\\\/banxa-com\"]}]}<\/script>\n<!-- \/ Yoast SEO plugin. -->","yoast_head_json":{"title":"Divulgaci\u00f3n de conflictos de inter\u00e9s - Banxa","robots":{"index":"index","follow":"follow","max-snippet":"max-snippet:-1","max-image-preview":"max-image-preview:large","max-video-preview":"max-video-preview:-1"},"canonical":"https:\/\/banxa.com\/es\/divulgacion-de-conflictos-de-interes\/","og_locale":"es_ES","og_type":"article","og_title":"Divulgaci\u00f3n de conflictos de inter\u00e9s - Banxa","og_description":"EU Internet Ventures B.V. (\u00abEUIV\u00bb), la entidad europea de Banxa, est\u00e1 obligada a implementar y mantener pol\u00edticas y procedimientos eficaces para identificar, prevenir, gestionar y divulgar los conflictos de inter\u00e9s. A trav\u00e9s de esta divulgaci\u00f3n, EUIV pretende informarle sobre la naturaleza general y las fuentes de los conflictos de inter\u00e9s que han surgido o podr\u00edan [&hellip;]","og_url":"https:\/\/banxa.com\/es\/divulgacion-de-conflictos-de-interes\/","og_site_name":"Banxa","article_publisher":"https:\/\/www.facebook.com\/Banxa.Official\/","article_modified_time":"2026-04-23T19:58:17+00:00","og_image":[{"width":1200,"height":675,"url":"https:\/\/banxa.com\/wp-content\/uploads\/2025\/04\/Banxa-Holdings-Inc-Cover-image.jpg","type":"image\/jpeg"}],"twitter_card":"summary_large_image","twitter_site":"@BanxaHoldings","twitter_misc":{"Tiempo de lectura":"3 minutos"},"schema":{"@context":"https:\/\/schema.org","@graph":[{"@type":"WebPage","@id":"https:\/\/banxa.com\/es\/divulgacion-de-conflictos-de-interes\/","url":"https:\/\/banxa.com\/es\/divulgacion-de-conflictos-de-interes\/","name":"Divulgaci\u00f3n de conflictos de inter\u00e9s - Banxa","isPartOf":{"@id":"https:\/\/banxa.com\/es\/#website"},"datePublished":"2025-05-16T02:33:53+00:00","dateModified":"2026-04-23T19:58:17+00:00","breadcrumb":{"@id":"https:\/\/banxa.com\/es\/divulgacion-de-conflictos-de-interes\/#breadcrumb"},"inLanguage":"es","potentialAction":[{"@type":"ReadAction","target":["https:\/\/banxa.com\/es\/divulgacion-de-conflictos-de-interes\/"]}]},{"@type":"BreadcrumbList","@id":"https:\/\/banxa.com\/es\/divulgacion-de-conflictos-de-interes\/#breadcrumb","itemListElement":[{"@type":"ListItem","position":1,"name":"Home","item":"https:\/\/banxa.com\/es\/"},{"@type":"ListItem","position":2,"name":"Divulgaci\u00f3n de conflictos de inter\u00e9s"}]},{"@type":"WebSite","@id":"https:\/\/banxa.com\/es\/#website","url":"https:\/\/banxa.com\/es\/","name":"Banxa","description":"","publisher":{"@id":"https:\/\/banxa.com\/es\/#organization"},"alternateName":"Banxa Holdings Inc.","potentialAction":[{"@type":"SearchAction","target":{"@type":"EntryPoint","urlTemplate":"https:\/\/banxa.com\/es\/?s={search_term_string}"},"query-input":{"@type":"PropertyValueSpecification","valueRequired":true,"valueName":"search_term_string"}}],"inLanguage":"es"},{"@type":"Organization","@id":"https:\/\/banxa.com\/es\/#organization","name":"Banxa","alternateName":"Banxa Holdings Inc.","url":"https:\/\/banxa.com\/es\/","logo":{"@type":"ImageObject","inLanguage":"es","@id":"https:\/\/banxa.com\/es\/#\/schema\/logo\/image\/","url":"https:\/\/banxa.com\/wp-content\/uploads\/2025\/02\/Banxa-Icon-RGB-Favicon.png","contentUrl":"https:\/\/banxa.com\/wp-content\/uploads\/2025\/02\/Banxa-Icon-RGB-Favicon.png","width":520,"height":470,"caption":"Banxa"},"image":{"@id":"https:\/\/banxa.com\/es\/#\/schema\/logo\/image\/"},"sameAs":["https:\/\/www.facebook.com\/Banxa.Official\/","https:\/\/x.com\/BanxaHoldings","https:\/\/www.instagram.com\/banxaofficial\/","https:\/\/www.youtube.com\/channel\/UC1ENe9JnShhksGOaMaTyPvQ","https:\/\/www.linkedin.com\/company\/banxa-com"]}]}},"_links":{"self":[{"href":"https:\/\/banxa.com\/es\/wp-json\/wp\/v2\/pages\/5082","targetHints":{"allow":["GET"]}}],"collection":[{"href":"https:\/\/banxa.com\/es\/wp-json\/wp\/v2\/pages"}],"about":[{"href":"https:\/\/banxa.com\/es\/wp-json\/wp\/v2\/types\/page"}],"author":[{"embeddable":true,"href":"https:\/\/banxa.com\/es\/wp-json\/wp\/v2\/users\/3"}],"replies":[{"embeddable":true,"href":"https:\/\/banxa.com\/es\/wp-json\/wp\/v2\/comments?post=5082"}],"version-history":[{"count":0,"href":"https:\/\/banxa.com\/es\/wp-json\/wp\/v2\/pages\/5082\/revisions"}],"wp:attachment":[{"href":"https:\/\/banxa.com\/es\/wp-json\/wp\/v2\/media?parent=5082"}],"curies":[{"name":"wp","href":"https:\/\/api.w.org\/{rel}","templated":true}]}}