{"id":4377,"date":"2025-02-11T02:30:47","date_gmt":"2025-02-11T02:30:47","guid":{"rendered":"https:\/\/banxa.com\/risikouebersicht-2\/"},"modified":"2026-04-16T12:42:42","modified_gmt":"2026-04-16T12:42:42","slug":"risikouebersicht-2","status":"publish","type":"page","link":"https:\/\/banxa.com\/de\/risikouebersicht-2\/","title":{"rendered":"Risiko\u00fcbersicht"},"content":{"rendered":"\n<p><strong>Gesch\u00e4tzte Lesezeit: 2 Min.:<\/strong><\/p>\n\n<p>Aufgrund des Verlustpotenzials stuft die Financial Conduct Authority (FCA) diese Anlage als hochriskant ein.\u00a0<\/p>\n\n<h2 class=\"wp-block-heading\">Was sind die wesentlichen Risiken?\u00a0<\/h2>\n\n<h5 class=\"wp-block-heading\"><strong>1. Sie k\u00f6nnten Ihr gesamtes investiertes Geld verlieren<\/strong><\/h5>\n\n<ul class=\"wp-block-list\">\n<li>Die Wertentwicklung der meisten Kryptoassets kann hochvolatil sein, wobei ihr Wert ebenso schnell fallen wie steigen kann. Sie sollten darauf vorbereitet sein, Ihr gesamtes in Kryptoassets investiertes Geld zu verlieren.<\/li>\n\n\n\n<li>Der Kryptoasset-Markt ist weitgehend unreguliert. Es besteht das Risiko, Geld oder erworbene Kryptoassets durch Risiken wie Cyberangriffe, Finanzkriminalit\u00e4t und Unternehmensausf\u00e4lle zu verlieren.\u00a0<\/li>\n<\/ul>\n\n<h5 class=\"wp-block-heading\"><strong>2. Sie sollten nicht erwarten, gesch\u00fctzt zu sein, wenn etwas schiefgeht<\/strong><\/h5>\n\n<ul class=\"wp-block-list\">\n<li><a href=\"https:\/\/www.fscs.org.uk\/check\/investment-protection-checker\/\" target=\"_blank\" rel=\"noreferrer noopener\">Das Financial Services Compensation Scheme (FSCS) sch\u00fctzt diese Art von Anlage nicht, da es sich nicht um eine \u2019spezifizierte Anlage\u2019 nach dem britischen Regulierungsrahmen handelt \u2013 mit anderen Worten, diese Art von Anlagement isn&#8217;t recognised as the sort of investment that the FSCS can protect. Learn more by using the FSCS investment protection checker here.<\/a><\/li>\n\n\n\n<li><a href=\"https:\/\/www.financial-ombudsman.org.uk\/consumers\" target=\"_blank\" rel=\"noreferrer noopener\">Der Financial Ombudsman Service (FOS) ist nicht in der Lage, Beschwerden im Zusammenhang mit diesem Unternehmen zu ber\u00fccksichtigen. Erfahren Sie hier mehr \u00fcber den FOS-Schutz.<\/a><\/li>\n<\/ul>\n\n<h5 class=\"wp-block-heading\"><strong>3. Sie k\u00f6nnen Ihre Anlage m\u00f6glicherweise nicht verkaufen, wenn Sie m\u00f6chten<\/strong><\/h5>\n\n<ul class=\"wp-block-list\">\n<li>Es gibt keine Garantie daf\u00fcr, dass Investitionen in Kryptoassets jederzeit leicht verkauft werden k\u00f6nnen. Die M\u00f6glichkeit, ein Kryptoasset zu verkaufen, h\u00e4ngt von verschiedenen Faktoren ab, einschlie\u00dflich Angebot und Nachfrage auf dem Markt at that time.<\/li>\n\n\n\n<li>Betriebsst\u00f6rungen wie Technologieausf\u00e4lle, Cyberangriffe und die Vermischung von Geldern k\u00f6nnen unerw\u00fcnschte Verz\u00f6gerungen verursachen, und Sie sind m\u00f6glicherweise nicht in der Lage, Ihre Kryptoassets zum gew\u00fcnschten Zeitpunkt zu verkaufen.\u00a0<\/li>\n<\/ul>\n\n<h5 class=\"wp-block-heading\"><strong>4. Investitionen in Kryptoassets k\u00f6nnen komplex sein<\/strong><\/h5>\n\n<ul class=\"wp-block-list\">\n<li>Investitionen in Kryptoassets k\u00f6nnen komplex sein, was es schwierig macht, die mit der Anlage verbundenen Risiken zu verstehen.\u00a0<\/li>\n\n\n\n<li>Sie sollten vor einer Investition eigene Recherchen durchf\u00fchren. Wenn etwas zu gut klingt, um wahr zu sein, ist es das wahrscheinlich auch.\u00a0<\/li>\n<\/ul>\n\n<h5 class=\"wp-block-heading\"><strong>5. Setzen Sie nicht alles auf eine Karte<\/strong><\/h5>\n\n<ul class=\"wp-block-list\">\n<li>Alles Geld in eine einzige Anlageform zu investieren, ist riskant. Die Streuung Ihres Geldes \u00fcber verschiedene Anlagen macht Sie weniger abh\u00e4ngig davon, dass eine einzelne gut abschneidet.<\/li>\n\n\n\n<li><a href=\"https:\/\/www.fca.org.uk\/investsmart\/5-questions-ask-you-invest\" target=\"_blank\" rel=\"noreferrer noopener\">Eine gute Faustregel ist, nicht mehr als 10 % Ihres Geldes in risikoreiche Anlagen zu investieren. Erfahren Sie hier mehr.<\/a><\/li>\n<\/ul>\n\n<p><\/p>\n\n<p><a href=\"https:\/\/www.fca.org.uk\/investsmart\" target=\"_blank\" rel=\"noreferrer noopener\">Wenn Sie mehr dar\u00fcber erfahren m\u00f6chten, wie Sie sich sch\u00fctzen k\u00f6nnen, besuchen Sie hier die Website der FCA.<\/a><\/p>\n\n<p><a href=\"https:\/\/www.fca.org.uk\/investsmart\/crypto-basics\" target=\"_blank\" rel=\"noreferrer noopener\">F\u00fcr weitere Informationen \u00fcber Kryptoassets besuchen Sie hier die Website der FCA.<\/a><\/p>\n\n<p><\/p>\n","protected":false},"excerpt":{"rendered":"<p>Gesch\u00e4tzte Lesezeit: 2 Min.: Aufgrund des Verlustpotenzials stuft die Financial Conduct Authority (FCA) diese Anlage als hochriskant ein.\u00a0 Was sind die wesentlichen Risiken?\u00a0 1. Sie k\u00f6nnten Ihr gesamtes investiertes Geld verlieren 2. Sie sollten nicht erwarten, gesch\u00fctzt zu sein, wenn etwas schiefgeht 3. Sie k\u00f6nnen Ihre Anlage m\u00f6glicherweise nicht verkaufen, wenn Sie m\u00f6chten 4. Investitionen [&hellip;]<\/p>\n","protected":false},"author":3,"featured_media":0,"parent":0,"menu_order":0,"comment_status":"closed","ping_status":"closed","template":"","meta":{"footnotes":""},"class_list":["post-4377","page","type-page","status-publish","hentry"],"yoast_head":"<!-- This site is optimized with the Yoast SEO plugin v27.5 - https:\/\/yoast.com\/product\/yoast-seo-wordpress\/ -->\n<title>Risiko\u00fcbersicht \u2013 Krypto-Transaktionsrisiken &amp; Sicherheit | Banxa<\/title>\n<meta name=\"description\" content=\"Lesen Sie Banxas Risiko\u00fcbersicht, um die mit Kryptow\u00e4hrungstransaktionen, Volatilit\u00e4t und Sicherheitsma\u00dfnahmen verbundenen potenziellen Risiken zu verstehen.\" \/>\n<meta name=\"robots\" content=\"index, follow, max-snippet:-1, max-image-preview:large, max-video-preview:-1\" \/>\n<link rel=\"canonical\" href=\"https:\/\/banxa.com\/de\/risikouebersicht-2\/\" \/>\n<meta property=\"og:locale\" content=\"de_DE\" \/>\n<meta property=\"og:type\" content=\"article\" \/>\n<meta property=\"og:title\" content=\"Risiko\u00fcbersicht \u2013 Krypto-Transaktionsrisiken &amp; Sicherheit | Banxa\" \/>\n<meta property=\"og:description\" content=\"Lesen Sie Banxas Risiko\u00fcbersicht, um die mit Kryptow\u00e4hrungstransaktionen, Volatilit\u00e4t und Sicherheitsma\u00dfnahmen verbundenen potenziellen Risiken zu verstehen.\" \/>\n<meta property=\"og:url\" content=\"https:\/\/banxa.com\/de\/risikouebersicht-2\/\" \/>\n<meta property=\"og:site_name\" content=\"Banxa\" \/>\n<meta property=\"article:publisher\" content=\"https:\/\/www.facebook.com\/Banxa.Official\/\" \/>\n<meta property=\"article:modified_time\" content=\"2026-04-16T12:42:42+00:00\" \/>\n<meta property=\"og:image\" content=\"https:\/\/banxa.com\/wp-content\/uploads\/2025\/04\/Banxa-Holdings-Inc-Cover-image.jpg\" \/>\n\t<meta property=\"og:image:width\" content=\"1200\" \/>\n\t<meta property=\"og:image:height\" content=\"675\" \/>\n\t<meta property=\"og:image:type\" content=\"image\/jpeg\" \/>\n<meta name=\"twitter:card\" content=\"summary_large_image\" \/>\n<meta name=\"twitter:site\" content=\"@BanxaHoldings\" \/>\n<meta name=\"twitter:label1\" content=\"Gesch\u00e4tzte Lesezeit\" \/>\n\t<meta name=\"twitter:data1\" content=\"2\u00a0Minuten\" \/>\n<script type=\"application\/ld+json\" class=\"yoast-schema-graph\">{\"@context\":\"https:\\\/\\\/schema.org\",\"@graph\":[{\"@type\":\"WebPage\",\"@id\":\"https:\\\/\\\/banxa.com\\\/de\\\/risikouebersicht-2\\\/\",\"url\":\"https:\\\/\\\/banxa.com\\\/de\\\/risikouebersicht-2\\\/\",\"name\":\"Risiko\u00fcbersicht \u2013 Krypto-Transaktionsrisiken & Sicherheit | Banxa\",\"isPartOf\":{\"@id\":\"https:\\\/\\\/banxa.com\\\/de\\\/#website\"},\"datePublished\":\"2025-02-11T02:30:47+00:00\",\"dateModified\":\"2026-04-16T12:42:42+00:00\",\"description\":\"Lesen Sie Banxas Risiko\u00fcbersicht, um die mit Kryptow\u00e4hrungstransaktionen, Volatilit\u00e4t und Sicherheitsma\u00dfnahmen verbundenen potenziellen Risiken zu verstehen.\",\"breadcrumb\":{\"@id\":\"https:\\\/\\\/banxa.com\\\/de\\\/risikouebersicht-2\\\/#breadcrumb\"},\"inLanguage\":\"de\",\"potentialAction\":[{\"@type\":\"ReadAction\",\"target\":[\"https:\\\/\\\/banxa.com\\\/de\\\/risikouebersicht-2\\\/\"]}]},{\"@type\":\"BreadcrumbList\",\"@id\":\"https:\\\/\\\/banxa.com\\\/de\\\/risikouebersicht-2\\\/#breadcrumb\",\"itemListElement\":[{\"@type\":\"ListItem\",\"position\":1,\"name\":\"Home\",\"item\":\"https:\\\/\\\/banxa.com\\\/de\\\/\"},{\"@type\":\"ListItem\",\"position\":2,\"name\":\"Risiko\u00fcbersicht\"}]},{\"@type\":\"WebSite\",\"@id\":\"https:\\\/\\\/banxa.com\\\/de\\\/#website\",\"url\":\"https:\\\/\\\/banxa.com\\\/de\\\/\",\"name\":\"Banxa\",\"description\":\"\",\"publisher\":{\"@id\":\"https:\\\/\\\/banxa.com\\\/de\\\/#organization\"},\"alternateName\":\"Banxa Holdings Inc.\",\"potentialAction\":[{\"@type\":\"SearchAction\",\"target\":{\"@type\":\"EntryPoint\",\"urlTemplate\":\"https:\\\/\\\/banxa.com\\\/de\\\/?s={search_term_string}\"},\"query-input\":{\"@type\":\"PropertyValueSpecification\",\"valueRequired\":true,\"valueName\":\"search_term_string\"}}],\"inLanguage\":\"de\"},{\"@type\":\"Organization\",\"@id\":\"https:\\\/\\\/banxa.com\\\/de\\\/#organization\",\"name\":\"Banxa\",\"alternateName\":\"Banxa Holdings Inc.\",\"url\":\"https:\\\/\\\/banxa.com\\\/de\\\/\",\"logo\":{\"@type\":\"ImageObject\",\"inLanguage\":\"de\",\"@id\":\"https:\\\/\\\/banxa.com\\\/de\\\/#\\\/schema\\\/logo\\\/image\\\/\",\"url\":\"https:\\\/\\\/banxa.com\\\/wp-content\\\/uploads\\\/2025\\\/02\\\/Banxa-Icon-RGB-Favicon.png\",\"contentUrl\":\"https:\\\/\\\/banxa.com\\\/wp-content\\\/uploads\\\/2025\\\/02\\\/Banxa-Icon-RGB-Favicon.png\",\"width\":520,\"height\":470,\"caption\":\"Banxa\"},\"image\":{\"@id\":\"https:\\\/\\\/banxa.com\\\/de\\\/#\\\/schema\\\/logo\\\/image\\\/\"},\"sameAs\":[\"https:\\\/\\\/www.facebook.com\\\/Banxa.Official\\\/\",\"https:\\\/\\\/x.com\\\/BanxaHoldings\",\"https:\\\/\\\/www.instagram.com\\\/banxaofficial\\\/\",\"https:\\\/\\\/www.youtube.com\\\/channel\\\/UC1ENe9JnShhksGOaMaTyPvQ\",\"https:\\\/\\\/www.linkedin.com\\\/company\\\/banxa-com\"]}]}<\/script>\n<!-- \/ Yoast SEO plugin. -->","yoast_head_json":{"title":"Risiko\u00fcbersicht \u2013 Krypto-Transaktionsrisiken & Sicherheit | Banxa","description":"Lesen Sie Banxas Risiko\u00fcbersicht, um die mit Kryptow\u00e4hrungstransaktionen, Volatilit\u00e4t und Sicherheitsma\u00dfnahmen verbundenen potenziellen Risiken zu verstehen.","robots":{"index":"index","follow":"follow","max-snippet":"max-snippet:-1","max-image-preview":"max-image-preview:large","max-video-preview":"max-video-preview:-1"},"canonical":"https:\/\/banxa.com\/de\/risikouebersicht-2\/","og_locale":"de_DE","og_type":"article","og_title":"Risiko\u00fcbersicht \u2013 Krypto-Transaktionsrisiken & Sicherheit | Banxa","og_description":"Lesen Sie Banxas Risiko\u00fcbersicht, um die mit Kryptow\u00e4hrungstransaktionen, Volatilit\u00e4t und Sicherheitsma\u00dfnahmen verbundenen potenziellen Risiken zu verstehen.","og_url":"https:\/\/banxa.com\/de\/risikouebersicht-2\/","og_site_name":"Banxa","article_publisher":"https:\/\/www.facebook.com\/Banxa.Official\/","article_modified_time":"2026-04-16T12:42:42+00:00","og_image":[{"width":1200,"height":675,"url":"https:\/\/banxa.com\/wp-content\/uploads\/2025\/04\/Banxa-Holdings-Inc-Cover-image.jpg","type":"image\/jpeg"}],"twitter_card":"summary_large_image","twitter_site":"@BanxaHoldings","twitter_misc":{"Gesch\u00e4tzte Lesezeit":"2\u00a0Minuten"},"schema":{"@context":"https:\/\/schema.org","@graph":[{"@type":"WebPage","@id":"https:\/\/banxa.com\/de\/risikouebersicht-2\/","url":"https:\/\/banxa.com\/de\/risikouebersicht-2\/","name":"Risiko\u00fcbersicht \u2013 Krypto-Transaktionsrisiken & Sicherheit | Banxa","isPartOf":{"@id":"https:\/\/banxa.com\/de\/#website"},"datePublished":"2025-02-11T02:30:47+00:00","dateModified":"2026-04-16T12:42:42+00:00","description":"Lesen Sie Banxas Risiko\u00fcbersicht, um die mit Kryptow\u00e4hrungstransaktionen, Volatilit\u00e4t und Sicherheitsma\u00dfnahmen verbundenen potenziellen Risiken zu verstehen.","breadcrumb":{"@id":"https:\/\/banxa.com\/de\/risikouebersicht-2\/#breadcrumb"},"inLanguage":"de","potentialAction":[{"@type":"ReadAction","target":["https:\/\/banxa.com\/de\/risikouebersicht-2\/"]}]},{"@type":"BreadcrumbList","@id":"https:\/\/banxa.com\/de\/risikouebersicht-2\/#breadcrumb","itemListElement":[{"@type":"ListItem","position":1,"name":"Home","item":"https:\/\/banxa.com\/de\/"},{"@type":"ListItem","position":2,"name":"Risiko\u00fcbersicht"}]},{"@type":"WebSite","@id":"https:\/\/banxa.com\/de\/#website","url":"https:\/\/banxa.com\/de\/","name":"Banxa","description":"","publisher":{"@id":"https:\/\/banxa.com\/de\/#organization"},"alternateName":"Banxa Holdings Inc.","potentialAction":[{"@type":"SearchAction","target":{"@type":"EntryPoint","urlTemplate":"https:\/\/banxa.com\/de\/?s={search_term_string}"},"query-input":{"@type":"PropertyValueSpecification","valueRequired":true,"valueName":"search_term_string"}}],"inLanguage":"de"},{"@type":"Organization","@id":"https:\/\/banxa.com\/de\/#organization","name":"Banxa","alternateName":"Banxa Holdings Inc.","url":"https:\/\/banxa.com\/de\/","logo":{"@type":"ImageObject","inLanguage":"de","@id":"https:\/\/banxa.com\/de\/#\/schema\/logo\/image\/","url":"https:\/\/banxa.com\/wp-content\/uploads\/2025\/02\/Banxa-Icon-RGB-Favicon.png","contentUrl":"https:\/\/banxa.com\/wp-content\/uploads\/2025\/02\/Banxa-Icon-RGB-Favicon.png","width":520,"height":470,"caption":"Banxa"},"image":{"@id":"https:\/\/banxa.com\/de\/#\/schema\/logo\/image\/"},"sameAs":["https:\/\/www.facebook.com\/Banxa.Official\/","https:\/\/x.com\/BanxaHoldings","https:\/\/www.instagram.com\/banxaofficial\/","https:\/\/www.youtube.com\/channel\/UC1ENe9JnShhksGOaMaTyPvQ","https:\/\/www.linkedin.com\/company\/banxa-com"]}]}},"_links":{"self":[{"href":"https:\/\/banxa.com\/de\/wp-json\/wp\/v2\/pages\/4377","targetHints":{"allow":["GET"]}}],"collection":[{"href":"https:\/\/banxa.com\/de\/wp-json\/wp\/v2\/pages"}],"about":[{"href":"https:\/\/banxa.com\/de\/wp-json\/wp\/v2\/types\/page"}],"author":[{"embeddable":true,"href":"https:\/\/banxa.com\/de\/wp-json\/wp\/v2\/users\/3"}],"replies":[{"embeddable":true,"href":"https:\/\/banxa.com\/de\/wp-json\/wp\/v2\/comments?post=4377"}],"version-history":[{"count":0,"href":"https:\/\/banxa.com\/de\/wp-json\/wp\/v2\/pages\/4377\/revisions"}],"wp:attachment":[{"href":"https:\/\/banxa.com\/de\/wp-json\/wp\/v2\/media?parent=4377"}],"curies":[{"name":"wp","href":"https:\/\/api.w.org\/{rel}","templated":true}]}}