{"id":4252,"date":"2025-02-06T05:56:48","date_gmt":"2025-02-06T05:56:48","guid":{"rendered":"https:\/\/banxa.com\/verhaltensrichtlinie\/"},"modified":"2026-04-16T12:39:06","modified_gmt":"2026-04-16T12:39:06","slug":"verhaltensrichtlinie","status":"publish","type":"page","link":"https:\/\/banxa.com\/de\/verhaltensrichtlinie\/","title":{"rendered":"Verhaltensrichtlinie"},"content":{"rendered":"\n<p>Das Support-Team von Banxa arbeitet rund um die Uhr hart daran, die Anliegen unserer Kunden zu l\u00f6sen. Jedes Teammitglied wird sich ernsthaft bem\u00fchen, bei einer Anfrage zu helfen.<\/p>\n\n<p>Unsere Kunden haben das Recht, geh\u00f6rt, verstanden und respektiert zu werden. Es gibt jedoch Situationen, die es unserem Support-Team erschweren k\u00f6nnen, auf Anfragen zu reagieren. In einigen F\u00e4llen, wenn ein Kunde becomes threatening or abusive, we have to draw the line.<\/p>\n\n<p>Daher behalten wir uns das Recht vor, unsere Dienste zu verweigern und Gesch\u00e4ftsbeziehungen zu beenden, wenn ein Kunde gegen\u00fcber unserem Personal unh\u00f6flich, diskriminierend, bel\u00e4stigend oder beleidigend ist. Dar\u00fcber hinaus werden alle Drohungen mit Gewaltence will be treated seriously and reported to the authorities. Everyone has a right to feel safe at work, and it is no different for Banxa.<\/p>\n\n<p>Vielen Dank f\u00fcr Ihr Verst\u00e4ndnis f\u00fcr unsere Notwendigkeit, einen respektvollen und sicheren Arbeitsplatz zu schaffen. Wir m\u00f6chten die Anliegen unserer Kunden h\u00f6ren und f\u00fcr sie da sein, aber das Recht auf diese Unterst\u00fctzung ist mit der Erwartung verbundenf thoughtful, considerate behaviour and communication.<\/p>\n\n<p>Bitte kontaktieren Sie uns gerne f\u00fcr weitere Informationen oder Erl\u00e4uterungen zu dieser Richtlinie.<\/p>\n","protected":false},"excerpt":{"rendered":"<p>Das Support-Team von Banxa arbeitet rund um die Uhr hart daran, die Anliegen unserer Kunden zu l\u00f6sen. Jedes Teammitglied wird sich ernsthaft bem\u00fchen, bei einer Anfrage zu helfen. Unsere Kunden haben das Recht, geh\u00f6rt, verstanden und respektiert zu werden. Es gibt jedoch Situationen, die es unserem Support-Team erschweren k\u00f6nnen, auf Anfragen zu reagieren. In einigen [&hellip;]<\/p>\n","protected":false},"author":3,"featured_media":0,"parent":0,"menu_order":0,"comment_status":"closed","ping_status":"closed","template":"","meta":{"footnotes":""},"class_list":["post-4252","page","type-page","status-publish","hentry"],"yoast_head":"<!-- This site is optimized with the Yoast SEO plugin v27.5 - https:\/\/yoast.com\/product\/yoast-seo-wordpress\/ -->\n<title>Verhaltensrichtlinie \u2013 Plattformnutzung &amp; Verhaltensregeln | Banxa<\/title>\n<meta name=\"description\" content=\"Lesen Sie Banxas Verhaltensrichtlinie zu akzeptabler Plattformnutzung, Richtlinien f\u00fcr Kundenverhalten und Compliance-Standards.\" \/>\n<meta name=\"robots\" content=\"index, follow, max-snippet:-1, max-image-preview:large, max-video-preview:-1\" \/>\n<link rel=\"canonical\" href=\"https:\/\/banxa.com\/de\/verhaltensrichtlinie\/\" \/>\n<meta property=\"og:locale\" content=\"de_DE\" \/>\n<meta property=\"og:type\" content=\"article\" \/>\n<meta property=\"og:title\" content=\"Verhaltensrichtlinie \u2013 Plattformnutzung &amp; Verhaltensregeln | Banxa\" \/>\n<meta property=\"og:description\" content=\"Lesen Sie Banxas Verhaltensrichtlinie zu akzeptabler Plattformnutzung, Richtlinien f\u00fcr Kundenverhalten und Compliance-Standards.\" \/>\n<meta property=\"og:url\" content=\"https:\/\/banxa.com\/de\/verhaltensrichtlinie\/\" \/>\n<meta property=\"og:site_name\" content=\"Banxa\" \/>\n<meta property=\"article:publisher\" content=\"https:\/\/www.facebook.com\/Banxa.Official\/\" \/>\n<meta property=\"article:modified_time\" content=\"2026-04-16T12:39:06+00:00\" \/>\n<meta property=\"og:image\" content=\"https:\/\/banxa.com\/wp-content\/uploads\/2025\/04\/Banxa-Holdings-Inc-Cover-image.jpg\" \/>\n\t<meta property=\"og:image:width\" content=\"1200\" \/>\n\t<meta property=\"og:image:height\" content=\"675\" \/>\n\t<meta property=\"og:image:type\" content=\"image\/jpeg\" \/>\n<meta name=\"twitter:card\" content=\"summary_large_image\" \/>\n<meta name=\"twitter:site\" content=\"@BanxaHoldings\" \/>\n<meta name=\"twitter:label1\" content=\"Gesch\u00e4tzte Lesezeit\" \/>\n\t<meta name=\"twitter:data1\" content=\"1\u00a0Minute\" \/>\n<script type=\"application\/ld+json\" class=\"yoast-schema-graph\">{\"@context\":\"https:\\\/\\\/schema.org\",\"@graph\":[{\"@type\":\"WebPage\",\"@id\":\"https:\\\/\\\/banxa.com\\\/de\\\/verhaltensrichtlinie\\\/\",\"url\":\"https:\\\/\\\/banxa.com\\\/de\\\/verhaltensrichtlinie\\\/\",\"name\":\"Verhaltensrichtlinie \u2013 Plattformnutzung & Verhaltensregeln | Banxa\",\"isPartOf\":{\"@id\":\"https:\\\/\\\/banxa.com\\\/de\\\/#website\"},\"datePublished\":\"2025-02-06T05:56:48+00:00\",\"dateModified\":\"2026-04-16T12:39:06+00:00\",\"description\":\"Lesen Sie Banxas Verhaltensrichtlinie zu akzeptabler Plattformnutzung, Richtlinien f\u00fcr Kundenverhalten und Compliance-Standards.\",\"breadcrumb\":{\"@id\":\"https:\\\/\\\/banxa.com\\\/de\\\/verhaltensrichtlinie\\\/#breadcrumb\"},\"inLanguage\":\"de\",\"potentialAction\":[{\"@type\":\"ReadAction\",\"target\":[\"https:\\\/\\\/banxa.com\\\/de\\\/verhaltensrichtlinie\\\/\"]}]},{\"@type\":\"BreadcrumbList\",\"@id\":\"https:\\\/\\\/banxa.com\\\/de\\\/verhaltensrichtlinie\\\/#breadcrumb\",\"itemListElement\":[{\"@type\":\"ListItem\",\"position\":1,\"name\":\"Home\",\"item\":\"https:\\\/\\\/banxa.com\\\/de\\\/\"},{\"@type\":\"ListItem\",\"position\":2,\"name\":\"Verhaltensrichtlinie\"}]},{\"@type\":\"WebSite\",\"@id\":\"https:\\\/\\\/banxa.com\\\/de\\\/#website\",\"url\":\"https:\\\/\\\/banxa.com\\\/de\\\/\",\"name\":\"Banxa\",\"description\":\"\",\"publisher\":{\"@id\":\"https:\\\/\\\/banxa.com\\\/de\\\/#organization\"},\"alternateName\":\"Banxa Holdings Inc.\",\"potentialAction\":[{\"@type\":\"SearchAction\",\"target\":{\"@type\":\"EntryPoint\",\"urlTemplate\":\"https:\\\/\\\/banxa.com\\\/de\\\/?s={search_term_string}\"},\"query-input\":{\"@type\":\"PropertyValueSpecification\",\"valueRequired\":true,\"valueName\":\"search_term_string\"}}],\"inLanguage\":\"de\"},{\"@type\":\"Organization\",\"@id\":\"https:\\\/\\\/banxa.com\\\/de\\\/#organization\",\"name\":\"Banxa\",\"alternateName\":\"Banxa Holdings Inc.\",\"url\":\"https:\\\/\\\/banxa.com\\\/de\\\/\",\"logo\":{\"@type\":\"ImageObject\",\"inLanguage\":\"de\",\"@id\":\"https:\\\/\\\/banxa.com\\\/de\\\/#\\\/schema\\\/logo\\\/image\\\/\",\"url\":\"https:\\\/\\\/banxa.com\\\/wp-content\\\/uploads\\\/2025\\\/02\\\/Banxa-Icon-RGB-Favicon.png\",\"contentUrl\":\"https:\\\/\\\/banxa.com\\\/wp-content\\\/uploads\\\/2025\\\/02\\\/Banxa-Icon-RGB-Favicon.png\",\"width\":520,\"height\":470,\"caption\":\"Banxa\"},\"image\":{\"@id\":\"https:\\\/\\\/banxa.com\\\/de\\\/#\\\/schema\\\/logo\\\/image\\\/\"},\"sameAs\":[\"https:\\\/\\\/www.facebook.com\\\/Banxa.Official\\\/\",\"https:\\\/\\\/x.com\\\/BanxaHoldings\",\"https:\\\/\\\/www.instagram.com\\\/banxaofficial\\\/\",\"https:\\\/\\\/www.youtube.com\\\/channel\\\/UC1ENe9JnShhksGOaMaTyPvQ\",\"https:\\\/\\\/www.linkedin.com\\\/company\\\/banxa-com\"]}]}<\/script>\n<!-- \/ Yoast SEO plugin. -->","yoast_head_json":{"title":"Verhaltensrichtlinie \u2013 Plattformnutzung & Verhaltensregeln | Banxa","description":"Lesen Sie Banxas Verhaltensrichtlinie zu akzeptabler Plattformnutzung, Richtlinien f\u00fcr Kundenverhalten und Compliance-Standards.","robots":{"index":"index","follow":"follow","max-snippet":"max-snippet:-1","max-image-preview":"max-image-preview:large","max-video-preview":"max-video-preview:-1"},"canonical":"https:\/\/banxa.com\/de\/verhaltensrichtlinie\/","og_locale":"de_DE","og_type":"article","og_title":"Verhaltensrichtlinie \u2013 Plattformnutzung & Verhaltensregeln | Banxa","og_description":"Lesen Sie Banxas Verhaltensrichtlinie zu akzeptabler Plattformnutzung, Richtlinien f\u00fcr Kundenverhalten und Compliance-Standards.","og_url":"https:\/\/banxa.com\/de\/verhaltensrichtlinie\/","og_site_name":"Banxa","article_publisher":"https:\/\/www.facebook.com\/Banxa.Official\/","article_modified_time":"2026-04-16T12:39:06+00:00","og_image":[{"width":1200,"height":675,"url":"https:\/\/banxa.com\/wp-content\/uploads\/2025\/04\/Banxa-Holdings-Inc-Cover-image.jpg","type":"image\/jpeg"}],"twitter_card":"summary_large_image","twitter_site":"@BanxaHoldings","twitter_misc":{"Gesch\u00e4tzte Lesezeit":"1\u00a0Minute"},"schema":{"@context":"https:\/\/schema.org","@graph":[{"@type":"WebPage","@id":"https:\/\/banxa.com\/de\/verhaltensrichtlinie\/","url":"https:\/\/banxa.com\/de\/verhaltensrichtlinie\/","name":"Verhaltensrichtlinie \u2013 Plattformnutzung & Verhaltensregeln | Banxa","isPartOf":{"@id":"https:\/\/banxa.com\/de\/#website"},"datePublished":"2025-02-06T05:56:48+00:00","dateModified":"2026-04-16T12:39:06+00:00","description":"Lesen Sie Banxas Verhaltensrichtlinie zu akzeptabler Plattformnutzung, Richtlinien f\u00fcr Kundenverhalten und Compliance-Standards.","breadcrumb":{"@id":"https:\/\/banxa.com\/de\/verhaltensrichtlinie\/#breadcrumb"},"inLanguage":"de","potentialAction":[{"@type":"ReadAction","target":["https:\/\/banxa.com\/de\/verhaltensrichtlinie\/"]}]},{"@type":"BreadcrumbList","@id":"https:\/\/banxa.com\/de\/verhaltensrichtlinie\/#breadcrumb","itemListElement":[{"@type":"ListItem","position":1,"name":"Home","item":"https:\/\/banxa.com\/de\/"},{"@type":"ListItem","position":2,"name":"Verhaltensrichtlinie"}]},{"@type":"WebSite","@id":"https:\/\/banxa.com\/de\/#website","url":"https:\/\/banxa.com\/de\/","name":"Banxa","description":"","publisher":{"@id":"https:\/\/banxa.com\/de\/#organization"},"alternateName":"Banxa Holdings Inc.","potentialAction":[{"@type":"SearchAction","target":{"@type":"EntryPoint","urlTemplate":"https:\/\/banxa.com\/de\/?s={search_term_string}"},"query-input":{"@type":"PropertyValueSpecification","valueRequired":true,"valueName":"search_term_string"}}],"inLanguage":"de"},{"@type":"Organization","@id":"https:\/\/banxa.com\/de\/#organization","name":"Banxa","alternateName":"Banxa Holdings Inc.","url":"https:\/\/banxa.com\/de\/","logo":{"@type":"ImageObject","inLanguage":"de","@id":"https:\/\/banxa.com\/de\/#\/schema\/logo\/image\/","url":"https:\/\/banxa.com\/wp-content\/uploads\/2025\/02\/Banxa-Icon-RGB-Favicon.png","contentUrl":"https:\/\/banxa.com\/wp-content\/uploads\/2025\/02\/Banxa-Icon-RGB-Favicon.png","width":520,"height":470,"caption":"Banxa"},"image":{"@id":"https:\/\/banxa.com\/de\/#\/schema\/logo\/image\/"},"sameAs":["https:\/\/www.facebook.com\/Banxa.Official\/","https:\/\/x.com\/BanxaHoldings","https:\/\/www.instagram.com\/banxaofficial\/","https:\/\/www.youtube.com\/channel\/UC1ENe9JnShhksGOaMaTyPvQ","https:\/\/www.linkedin.com\/company\/banxa-com"]}]}},"_links":{"self":[{"href":"https:\/\/banxa.com\/de\/wp-json\/wp\/v2\/pages\/4252","targetHints":{"allow":["GET"]}}],"collection":[{"href":"https:\/\/banxa.com\/de\/wp-json\/wp\/v2\/pages"}],"about":[{"href":"https:\/\/banxa.com\/de\/wp-json\/wp\/v2\/types\/page"}],"author":[{"embeddable":true,"href":"https:\/\/banxa.com\/de\/wp-json\/wp\/v2\/users\/3"}],"replies":[{"embeddable":true,"href":"https:\/\/banxa.com\/de\/wp-json\/wp\/v2\/comments?post=4252"}],"version-history":[{"count":0,"href":"https:\/\/banxa.com\/de\/wp-json\/wp\/v2\/pages\/4252\/revisions"}],"wp:attachment":[{"href":"https:\/\/banxa.com\/de\/wp-json\/wp\/v2\/media?parent=4252"}],"curies":[{"name":"wp","href":"https:\/\/api.w.org\/{rel}","templated":true}]}}