{"id":4184,"date":"2025-05-08T00:58:42","date_gmt":"2025-05-08T00:58:42","guid":{"rendered":"https:\/\/banxa.com\/presse\/"},"modified":"2026-04-16T12:37:36","modified_gmt":"2026-04-16T12:37:36","slug":"presse","status":"publish","type":"page","link":"https:\/\/banxa.com\/de\/presse\/","title":{"rendered":"Presse"},"content":{"rendered":"\t\t<div data-elementor-type=\"wp-page\" data-elementor-id=\"4184\" class=\"elementor elementor-4184 elementor-3331\" data-elementor-post-type=\"page\">\n\t\t\t\t<div class=\"elementor-element elementor-element-c086965 e-flex e-con-boxed e-con e-parent\" data-id=\"c086965\" data-element_type=\"container\" data-e-type=\"container\">\n\t\t\t\t\t<div class=\"e-con-inner\">\n\t\t<div class=\"elementor-element elementor-element-3360dec e-con-full e-flex e-con e-child\" data-id=\"3360dec\" data-element_type=\"container\" data-e-type=\"container\" id=\"t0\">\n\t\t\t\t<div class=\"elementor-element elementor-element-c0c2b46 crosshtml elementor-widget elementor-widget-html\" data-id=\"c0c2b46\" data-element_type=\"widget\" data-e-type=\"widget\" data-widget_type=\"html.default\">\n\t\t\t\t\t    <div class=\"cross\" data-position=\"top-left\"><\/div>\n    <div class=\"cross\" data-position=\"top-right\"><\/div>\n    <div class=\"cross\" data-position=\"bottom-left\"><\/div>\n    <div class=\"cross\" data-position=\"bottom-right\"><\/div>\n\n\t\t\t\t<\/div>\n\t\t\t\t<\/div>\n\t\t<div class=\"elementor-element elementor-element-ccfb266 e-con-full newcontent e-flex e-con e-child\" data-id=\"ccfb266\" data-element_type=\"container\" data-e-type=\"container\">\n\t\t\t\t<div class=\"elementor-element elementor-element-5e443eb elementor-grid-2 elementor-posts--thumbnail-none elementor-grid-tablet-2 elementor-grid-mobile-1 elementor-posts__hover-gradient elementor-widget elementor-widget-posts\" data-id=\"5e443eb\" data-element_type=\"widget\" data-e-type=\"widget\" data-settings=\"{&quot;cards_columns&quot;:&quot;2&quot;,&quot;cards_row_gap&quot;:{&quot;unit&quot;:&quot;px&quot;,&quot;size&quot;:30,&quot;sizes&quot;:[]},&quot;cards_columns_tablet&quot;:&quot;2&quot;,&quot;cards_columns_mobile&quot;:&quot;1&quot;,&quot;cards_row_gap_tablet&quot;:{&quot;unit&quot;:&quot;px&quot;,&quot;size&quot;:&quot;&quot;,&quot;sizes&quot;:[]},&quot;cards_row_gap_mobile&quot;:{&quot;unit&quot;:&quot;px&quot;,&quot;size&quot;:&quot;&quot;,&quot;sizes&quot;:[]}}\" data-widget_type=\"posts.cards\">\n\t\t\t\t<div class=\"elementor-widget-container\">\n\t\t\t\t\t\t\t<div class=\"elementor-posts-container elementor-posts elementor-posts--skin-cards elementor-grid\" role=\"list\">\n\t\t\t\t<article class=\"elementor-post elementor-grid-item post-4126 page type-page status-publish hentry\" role=\"listitem\">\n\t\t\t<div class=\"elementor-post__card\">\n\t\t\t\t<div class=\"elementor-post__text\">\n\t\t\t\t<h3 class=\"elementor-post__title\">\n\t\t\t<a href=\"https:\/\/banxa.com\/de\/banxa-brings-seamless-google-pay-experience-to-crypto\/\" >\n\t\t\t\tBanxa Brings Seamless Google Pay Experience to Crypto\t\t\t<\/a>\n\t\t<\/h3>\n\t\t\t\t<div class=\"elementor-post__excerpt\">\n\t\t\t<p>Presse Banxa is making crypto more accessible and convenient with Google Pay. Team Banxa April 2025 Have you ever been this close to making a purchase, only to hit one<\/p>\n\t\t<\/div>\n\t\t\t\t<\/div>\n\t\t\t\t<div class=\"elementor-post__meta-data\">\n\t\t\t\t\t<span class=\"elementor-post-date\">\n\t\t\tApril 13, 2026\t\t<\/span>\n\t\t\t\t<\/div>\n\t\t\t\t\t<\/div>\n\t\t<\/article>\n\t\t\t\t<article class=\"elementor-post elementor-grid-item post-4243 page type-page status-publish hentry\" role=\"listitem\">\n\t\t\t<div class=\"elementor-post__card\">\n\t\t\t\t<div class=\"elementor-post__text\">\n\t\t\t\t<h3 class=\"elementor-post__title\">\n\t\t\t<a href=\"https:\/\/banxa.com\/de\/presse\/gate-partners-with-banxa-to-accelerate-access-to-the-us-crypto-market\/\" >\n\t\t\t\tGate Partners with Banxa to Accelerate Access to the US Crypto Market\t\t\t<\/a>\n\t\t<\/h3>\n\t\t\t\t<div class=\"elementor-post__excerpt\">\n\t\t\t<p>Presse Team Banxa March 2026 Reno, United States \u2013 March 17, 2026 \u2014 Banxa, leading global infrastructure provider for digital assets, today announced an expansion of its strategic partnership with<\/p>\n\t\t<\/div>\n\t\t\t\t<\/div>\n\t\t\t\t<div class=\"elementor-post__meta-data\">\n\t\t\t\t\t<span class=\"elementor-post-date\">\n\t\t\tM\u00e4rz 17, 2026\t\t<\/span>\n\t\t\t\t<\/div>\n\t\t\t\t\t<\/div>\n\t\t<\/article>\n\t\t\t\t<article class=\"elementor-post elementor-grid-item post-4244 page type-page status-publish hentry\" role=\"listitem\">\n\t\t\t<div class=\"elementor-post__card\">\n\t\t\t\t<div class=\"elementor-post__text\">\n\t\t\t\t<h3 class=\"elementor-post__title\">\n\t\t\t<a href=\"https:\/\/banxa.com\/de\/presse\/ton-foundation-kooperiert-mit-banxa-zur-ermoeglichung-von-stablecoin-zahlungen-fuer-unternehmen-in-ganz-asien\/\" >\n\t\t\t\tTON Foundation kooperiert mit Banxa zur Erm\u00f6glichung von Stablecoin-Zahlungen f\u00fcr Unternehmen in ganz Asien\t\t\t<\/a>\n\t\t<\/h3>\n\t\t\t\t<div class=\"elementor-post__excerpt\">\n\t\t\t<p>Presse Eine Partnerschaft, die regulierte Stablecoin-Abwicklung auf Enterprise-Niveau f\u00fcr Tausende von KMU im gesamten APAC-Raum mithilfe der TON-Infrastruktur erm\u00f6glicht. Team Banxa Februar 2025 Reno, United States \u2013 February 16, 2026<\/p>\n\t\t<\/div>\n\t\t\t\t<\/div>\n\t\t\t\t<div class=\"elementor-post__meta-data\">\n\t\t\t\t\t<span class=\"elementor-post-date\">\n\t\t\tFebruar 16, 2026\t\t<\/span>\n\t\t\t\t<\/div>\n\t\t\t\t\t<\/div>\n\t\t<\/article>\n\t\t\t\t<article class=\"elementor-post elementor-grid-item post-4245 page type-page status-publish hentry\" role=\"listitem\">\n\t\t\t<div class=\"elementor-post__card\">\n\t\t\t\t<div class=\"elementor-post__text\">\n\t\t\t\t<h3 class=\"elementor-post__title\">\n\t\t\t<a href=\"https:\/\/banxa.com\/de\/presse\/banxa-startet-im-viction-oekosystem-coin98-super-wallet-als-erster-partner-live\/\" >\n\t\t\t\tBanxa startet im Viction-\u00d6kosystem \u2013 Coin98 Super Wallet als erster Partner live\t\t\t<\/a>\n\t\t<\/h3>\n\t\t\t\t<div class=\"elementor-post__excerpt\">\n\t\t\t<p>Presse Coin98 wird die erste Viction-basierte Anwendung, die Banxas On-Ramp-L\u00f6sung aktiviert und einen schnellen, konformen und nutzerfreundlichen Zugang zu digitalen Assets direkt in der Super Wallet erm\u00f6glicht. Team Banxa Februar<\/p>\n\t\t<\/div>\n\t\t\t\t<\/div>\n\t\t\t\t<div class=\"elementor-post__meta-data\">\n\t\t\t\t\t<span class=\"elementor-post-date\">\n\t\t\tFebruar 12, 2026\t\t<\/span>\n\t\t\t\t<\/div>\n\t\t\t\t\t<\/div>\n\t\t<\/article>\n\t\t\t\t<article class=\"elementor-post elementor-grid-item post-4247 page type-page status-publish hentry\" role=\"listitem\">\n\t\t\t<div class=\"elementor-post__card\">\n\t\t\t\t<div class=\"elementor-post__text\">\n\t\t\t\t<h3 class=\"elementor-post__title\">\n\t\t\t<a href=\"https:\/\/banxa.com\/de\/presse\/banxa-vertieft-die-unterstuetzung-des-polkadot-oekosystems-und-fuegt-hydration-seinem-globalen-on-ramp-netzwerk-hinzu\/\" >\n\t\t\t\tBanxa vertieft die Unterst\u00fctzung des Polkadot-\u00d6kosystems und f\u00fcgt Hydration seinem globalen On-Ramp-Netzwerk hinzu\t\t\t<\/a>\n\t\t<\/h3>\n\t\t\t\t<div class=\"elementor-post__excerpt\">\n\t\t\t<p>Presse Team Banxa 14. Januar 2026 Toronto, Ontario \u2013 14. Januar 2026, Banxa, ein f\u00fchrender globaler Infrastrukturanbieter f\u00fcr die Bereitstellung eingebetteter Kryptol\u00f6sungen f\u00fcr f\u00fchrende B\u00f6rsen, Wallets und Fintechs, gab heute<\/p>\n\t\t<\/div>\n\t\t\t\t<\/div>\n\t\t\t\t<div class=\"elementor-post__meta-data\">\n\t\t\t\t\t<span class=\"elementor-post-date\">\n\t\t\tJanuar 14, 2026\t\t<\/span>\n\t\t\t\t<\/div>\n\t\t\t\t\t<\/div>\n\t\t<\/article>\n\t\t\t\t<article class=\"elementor-post elementor-grid-item post-4249 page type-page status-publish hentry\" role=\"listitem\">\n\t\t\t<div class=\"elementor-post__card\">\n\t\t\t\t<div class=\"elementor-post__text\">\n\t\t\t\t<h3 class=\"elementor-post__title\">\n\t\t\t<a href=\"https:\/\/banxa.com\/de\/presse\/banxa-traegt-zum-range-bericht-state-of-euro-stablecoins-2025-bei-und-hebt-das-wachstum-unter-mica-hervor\/\" >\n\t\t\t\tBanxa tr\u00e4gt zum Range-Bericht \u201eState of Euro Stablecoins 2025\u201c bei und hebt das Wachstum unter MiCA hervor\t\t\t<\/a>\n\t\t<\/h3>\n\t\t\t\t<div class=\"elementor-post__excerpt\">\n\t\t\t<p>Presse Team Banxa Dezember 2025 Toronto, Ontario \u2013 18. Dezember 2025, Banxa, ein weltweit f\u00fchrender Anbieter konformer Fiat-zu-Krypto-Infrastruktur, gab seine Mitwirkung an The State of Euro Stablecoins 2025 bekannt, einem<\/p>\n\t\t<\/div>\n\t\t\t\t<\/div>\n\t\t\t\t<div class=\"elementor-post__meta-data\">\n\t\t\t\t\t<span class=\"elementor-post-date\">\n\t\t\tDezember 18, 2025\t\t<\/span>\n\t\t\t\t<\/div>\n\t\t\t\t\t<\/div>\n\t\t<\/article>\n\t\t\t\t<article class=\"elementor-post elementor-grid-item post-4250 page type-page status-publish hentry\" role=\"listitem\">\n\t\t\t<div class=\"elementor-post__card\">\n\t\t\t\t<div class=\"elementor-post__text\">\n\t\t\t\t<h3 class=\"elementor-post__title\">\n\t\t\t<a href=\"https:\/\/banxa.com\/de\/presse\/mezo-integriert-banxa-zur-bereitstellung-eines-globalen-fiat-on-ramps-fuer-musd-und-bitcoin-gestuetzte-finanzdienstleistungen\/\" >\n\t\t\t\tMezo integriert Banxa zur Bereitstellung eines globalen Fiat-On-Ramps f\u00fcr MUSD und Bitcoin-gest\u00fctzte Finanzdienstleistungen\t\t\t<\/a>\n\t\t<\/h3>\n\t\t\t\t<div class=\"elementor-post__excerpt\">\n\t\t\t<p>Presse Team Banxa Dezember 2025 Mit Banxas globalem On-Ramp k\u00f6nnen Nutzer nun Mezos nativen Stablecoin (MUSD) kaufen und \u00fcber allt\u00e4gliche Fiat-Zahlungsmethoden Zugang zu Mezos Bitcoin-gest\u00fctztem \u00d6kosystem erhalten. Toronto, Ontario \u2013<\/p>\n\t\t<\/div>\n\t\t\t\t<\/div>\n\t\t\t\t<div class=\"elementor-post__meta-data\">\n\t\t\t\t\t<span class=\"elementor-post-date\">\n\t\t\tDezember 10, 2025\t\t<\/span>\n\t\t\t\t<\/div>\n\t\t\t\t\t<\/div>\n\t\t<\/article>\n\t\t\t\t<article class=\"elementor-post elementor-grid-item post-4149 page type-page status-publish has-post-thumbnail hentry\" role=\"listitem\">\n\t\t\t<div class=\"elementor-post__card\">\n\t\t\t\t<div class=\"elementor-post__text\">\n\t\t\t\t<h3 class=\"elementor-post__title\">\n\t\t\t<a href=\"https:\/\/banxa.com\/de\/banxa-fuegt-stablecoin-liquiditaet-fuer-bifrost-ueber-das-polkadot-oekosystem-hinzu\/\" >\n\t\t\t\tBanxa f\u00fcgt Stablecoin-Liquidit\u00e4t f\u00fcr Bifrost \u00fcber das Polkadot-\u00d6kosystem hinzu\t\t\t<\/a>\n\t\t<\/h3>\n\t\t\t\t<div class=\"elementor-post__excerpt\">\n\t\t\t<p>Presse Team Banxa November 2025 Toronto, Ontario \u2013 13. November 2025, Banxa, f\u00fchrender globaler Infrastrukturanbieter f\u00fcr eingebettetes Krypto, hat heute seine Integration mit Bifrost, einem Polkadot-Rollup, bekannt gegeben und erweitert<\/p>\n\t\t<\/div>\n\t\t\t\t<\/div>\n\t\t\t\t<div class=\"elementor-post__meta-data\">\n\t\t\t\t\t<span class=\"elementor-post-date\">\n\t\t\tNovember 13, 2025\t\t<\/span>\n\t\t\t\t<\/div>\n\t\t\t\t\t<\/div>\n\t\t<\/article>\n\t\t\t\t<article class=\"elementor-post elementor-grid-item post-4151 page type-page status-publish has-post-thumbnail hentry\" role=\"listitem\">\n\t\t\t<div class=\"elementor-post__card\">\n\t\t\t\t<div class=\"elementor-post__text\">\n\t\t\t\t<h3 class=\"elementor-post__title\">\n\t\t\t<a href=\"https:\/\/banxa.com\/de\/waehrenddessen-wenden-sich-investoren-tokenisierten-gold-und-silber-assets-zu\/\" >\n\t\t\t\tW\u00e4hrenddessen wenden sich Investoren tokenisierten Gold- und Silber-Assets zu\t\t\t<\/a>\n\t\t<\/h3>\n\t\t\t\t<div class=\"elementor-post__excerpt\">\n\t\t\t<p>Presse Team Banxa November 2025 Zusammenfassung Gold stieg auf 4.400 $\/oz, der Fokus richtet sich nun auf Silber, das die 50 $\/oz-Marke durchbricht \u2013 ein Signal f\u00fcr eine historische Rallye<\/p>\n\t\t<\/div>\n\t\t\t\t<\/div>\n\t\t\t\t<div class=\"elementor-post__meta-data\">\n\t\t\t\t\t<span class=\"elementor-post-date\">\n\t\t\tNovember 11, 2025\t\t<\/span>\n\t\t\t\t<\/div>\n\t\t\t\t\t<\/div>\n\t\t<\/article>\n\t\t\t\t<article class=\"elementor-post elementor-grid-item post-4153 page type-page status-publish has-post-thumbnail hentry\" role=\"listitem\">\n\t\t\t<div class=\"elementor-post__card\">\n\t\t\t\t<div class=\"elementor-post__text\">\n\t\t\t\t<h3 class=\"elementor-post__title\">\n\t\t\t<a href=\"https:\/\/banxa.com\/de\/banxa-expandiert-zu-polkadot-und-ermoeglicht-globalen-fiat-zugang-sowie-stablecoin-liquiditaet-fuer-entwickler-und-nutzer\/\" >\n\t\t\t\tBanxa expandiert zu Polkadot und erm\u00f6glicht globalen Fiat-Zugang sowie Stablecoin-Liquidit\u00e4t f\u00fcr Entwickler und Nutzer\t\t\t<\/a>\n\t\t<\/h3>\n\t\t\t\t<div class=\"elementor-post__excerpt\">\n\t\t\t<p>Presse Team Banxa November 2025 Toronto, Ontario \u2013 6. November 2025, Banxa, der f\u00fchrende globale Infrastrukturanbieter f\u00fcr eingebettetes Krypto, hat heute seine Integration mit dem Polkadot-\u00d6kosystem bekannt gegeben und bringt<\/p>\n\t\t<\/div>\n\t\t\t\t<\/div>\n\t\t\t\t<div class=\"elementor-post__meta-data\">\n\t\t\t\t\t<span class=\"elementor-post-date\">\n\t\t\tNovember 6, 2025\t\t<\/span>\n\t\t\t\t<\/div>\n\t\t\t\t\t<\/div>\n\t\t<\/article>\n\t\t\t\t<article class=\"elementor-post elementor-grid-item post-4155 page type-page status-publish hentry\" role=\"listitem\">\n\t\t\t<div class=\"elementor-post__card\">\n\t\t\t\t<div class=\"elementor-post__text\">\n\t\t\t\t<h3 class=\"elementor-post__title\">\n\t\t\t<a href=\"https:\/\/banxa.com\/de\/grosse-neuigkeiten-bei-banxa\/\" >\n\t\t\t\tGro\u00dfe Neuigkeiten bei Banxa!\t\t\t<\/a>\n\t\t<\/h3>\n\t\t\t\t<div class=\"elementor-post__excerpt\">\n\t\t\t<p>Presse Wir waren flei\u00dfig am Aufbauen, aber wir freuen uns, einige gro\u00dfe Neuigkeiten \u00fcber die Expansion von Banxa zu teilen. Es gibt viel zu entdecken, w\u00e4hrend wir gemeinsam wachsen \u2013<\/p>\n\t\t<\/div>\n\t\t\t\t<\/div>\n\t\t\t\t<div class=\"elementor-post__meta-data\">\n\t\t\t\t\t<span class=\"elementor-post-date\">\n\t\t\tOktober 30, 2025\t\t<\/span>\n\t\t\t\t<\/div>\n\t\t\t\t\t<\/div>\n\t\t<\/article>\n\t\t\t\t<article class=\"elementor-post elementor-grid-item post-4171 page type-page status-publish has-post-thumbnail hentry\" role=\"listitem\">\n\t\t\t<div class=\"elementor-post__card\">\n\t\t\t\t<div class=\"elementor-post__text\">\n\t\t\t\t<h3 class=\"elementor-post__title\">\n\t\t\t<a href=\"https:\/\/banxa.com\/de\/banxa-sichert-sich-mica-lizenz-in-den-niederlanden-und-erweitert-regulierte-krypto-dienste-in-ganz-europa\/\" >\n\t\t\t\tBanxa sichert sich MiCA-Lizenz in den Niederlanden und erweitert regulierte Krypto-Dienste in ganz Europa\t\t\t<\/a>\n\t\t<\/h3>\n\t\t\t\t<div class=\"elementor-post__excerpt\">\n\t\t\t<p>Presse Banxa hat eine MiCA-Lizenz in den Niederlanden gesichert, die es der europ\u00e4ischen Einheit erm\u00f6glicht, als regulierter Krypto-Asset-Dienstleister in 30 EWR-L\u00e4ndern zu operieren. Dieser Meilenstein erweitert den globalen regulatorischen Fu\u00dfabdruck<\/p>\n\t\t<\/div>\n\t\t\t\t<\/div>\n\t\t\t\t<div class=\"elementor-post__meta-data\">\n\t\t\t\t\t<span class=\"elementor-post-date\">\n\t\t\tOktober 13, 2025\t\t<\/span>\n\t\t\t\t<\/div>\n\t\t\t\t\t<\/div>\n\t\t<\/article>\n\t\t\t\t<article class=\"elementor-post elementor-grid-item post-4173 page type-page status-publish has-post-thumbnail hentry\" role=\"listitem\">\n\t\t\t<div class=\"elementor-post__card\">\n\t\t\t\t<div class=\"elementor-post__text\">\n\t\t\t\t<h3 class=\"elementor-post__title\">\n\t\t\t<a href=\"https:\/\/banxa.com\/de\/banxa-startet-erste-tezos-integration-mit-etherlink-und-ermoeglicht-nahtlosen-krypto-zugang\/\" >\n\t\t\t\tBanxa startet erste Tezos-Integration mit Etherlink und erm\u00f6glicht nahtlosen Krypto-Zugang\t\t\t<\/a>\n\t\t<\/h3>\n\t\t\t\t<div class=\"elementor-post__excerpt\">\n\t\t\t<p>Presse Banxa f\u00fchrt eingebettete Krypto-L\u00f6sungen f\u00fcr das Tezos-\u00d6kosystem ein, die es Nutzern erm\u00f6glichen, digitale Verm\u00f6genswerte direkt in Tezos-dApps zu erwerben, unterst\u00fctzt durch das globale Netzwerk lokaler und Krypto-Zahlungsmethoden. Team Banxa<\/p>\n\t\t<\/div>\n\t\t\t\t<\/div>\n\t\t\t\t<div class=\"elementor-post__meta-data\">\n\t\t\t\t\t<span class=\"elementor-post-date\">\n\t\t\tOktober 6, 2025\t\t<\/span>\n\t\t\t\t<\/div>\n\t\t\t\t\t<\/div>\n\t\t<\/article>\n\t\t\t\t<article class=\"elementor-post elementor-grid-item post-4175 page type-page status-publish hentry\" role=\"listitem\">\n\t\t\t<div class=\"elementor-post__card\">\n\t\t\t\t<div class=\"elementor-post__text\">\n\t\t\t\t<h3 class=\"elementor-post__title\">\n\t\t\t<a href=\"https:\/\/banxa.com\/de\/ein-netzwerk-ueberall-lokal\/\" >\n\t\t\t\tEin Netzwerk. \u00dcberall lokal.\t\t\t<\/a>\n\t\t<\/h3>\n\t\t\t\t<div class=\"elementor-post__excerpt\">\n\t\t\t<p>Presse Wir bauen eine global lizenzierte Zahlungsinfrastruktur: lokale On- und Off-Ramps, gest\u00fctzt durch robuste, vielseitige Lizenzierung, damit Unternehmen Anwendungsf\u00e4lle wie grenz\u00fcberschreitende B2B-Zahlungen, \u00dcberweisungen, Gehaltsabrechnungen und H\u00e4ndlerabwicklung starten und skalieren k\u00f6nnen<\/p>\n\t\t<\/div>\n\t\t\t\t<\/div>\n\t\t\t\t<div class=\"elementor-post__meta-data\">\n\t\t\t\t\t<span class=\"elementor-post-date\">\n\t\t\tSeptember 19, 2025\t\t<\/span>\n\t\t\t\t<\/div>\n\t\t\t\t\t<\/div>\n\t\t<\/article>\n\t\t\t\t<article class=\"elementor-post elementor-grid-item post-4178 page type-page status-publish has-post-thumbnail hentry\" role=\"listitem\">\n\t\t\t<div class=\"elementor-post__card\">\n\t\t\t\t<div class=\"elementor-post__text\">\n\t\t\t\t<h3 class=\"elementor-post__title\">\n\t\t\t<a href=\"https:\/\/banxa.com\/de\/banxa-kooperiert-mit-concordium-zur-ermoeglichung-des-globalen-zugangs-zu-ccd\/\" >\n\t\t\t\tBanxa kooperiert mit Concordium zur Erm\u00f6glichung des globalen Zugangs zu CCD\t\t\t<\/a>\n\t\t<\/h3>\n\t\t\t\t<div class=\"elementor-post__excerpt\">\n\t\t\t<p>Presse Team Banxa Juli 2025 Banxa freut sich, unsere neueste Blockchain-Integration bekannt zu geben: vollst\u00e4ndige Unterst\u00fctzung f\u00fcr das Concordium-Netzwerk und seinen nativen Token CCD. CCD wird nun \u00fcber das Banxa-Frontend-Widget<\/p>\n\t\t<\/div>\n\t\t\t\t<\/div>\n\t\t\t\t<div class=\"elementor-post__meta-data\">\n\t\t\t\t\t<span class=\"elementor-post-date\">\n\t\t\tJuli 10, 2025\t\t<\/span>\n\t\t\t\t<\/div>\n\t\t\t\t\t<\/div>\n\t\t<\/article>\n\t\t\t\t<article class=\"elementor-post elementor-grid-item post-4183 page type-page status-publish hentry\" role=\"listitem\">\n\t\t\t<div class=\"elementor-post__card\">\n\t\t\t\t<div class=\"elementor-post__text\">\n\t\t\t\t<h3 class=\"elementor-post__title\">\n\t\t\t<a href=\"https:\/\/banxa.com\/de\/banxa-unterstuetzt-jetzt-den-ripple-usd-rlusd-stablecoin\/\" >\n\t\t\t\tBanxa unterst\u00fctzt jetzt den Ripple USD (RLUSD) Stablecoin\t\t\t<\/a>\n\t\t<\/h3>\n\t\t\t\t<div class=\"elementor-post__excerpt\">\n\t\t\t<p>Presse Team Banxa Mai 2025 Banxa is excited to announce support for Ripple USD (RLUSD). RLUSD is a USD-backed stablecoin, fully backed 1:1 by a reserve of cash and cash<\/p>\n\t\t<\/div>\n\t\t\t\t<\/div>\n\t\t\t\t<div class=\"elementor-post__meta-data\">\n\t\t\t\t\t<span class=\"elementor-post-date\">\n\t\t\tMai 8, 2025\t\t<\/span>\n\t\t\t\t<\/div>\n\t\t\t\t\t<\/div>\n\t\t<\/article>\n\t\t\t\t<\/div>\n\t\t\n\t\t\t\t\t\t<\/div>\n\t\t\t\t<\/div>\n\t\t\t\t<\/div>\n\t\t\t\t\t<\/div>\n\t\t\t\t<\/div>\n\t\t\t\t<\/div>\n\t\t","protected":false},"excerpt":{"rendered":"","protected":false},"author":3,"featured_media":0,"parent":0,"menu_order":0,"comment_status":"closed","ping_status":"closed","template":"","meta":{"footnotes":""},"class_list":["post-4184","page","type-page","status-publish","hentry"],"yoast_head":"<!-- This site is optimized with the Yoast SEO plugin v27.5 - https:\/\/yoast.com\/product\/yoast-seo-wordpress\/ -->\n<title>Presse - Banxa<\/title>\n<meta name=\"description\" content=\"Pressemitteilungen, Medienberichterstattung und mehr.\" \/>\n<meta name=\"robots\" content=\"index, follow, max-snippet:-1, max-image-preview:large, max-video-preview:-1\" \/>\n<link rel=\"canonical\" href=\"https:\/\/banxa.com\/de\/presse\/\" \/>\n<meta property=\"og:locale\" content=\"de_DE\" \/>\n<meta property=\"og:type\" content=\"article\" \/>\n<meta property=\"og:title\" content=\"Presse - Banxa\" \/>\n<meta property=\"og:description\" content=\"Pressemitteilungen, Medienberichterstattung und mehr.\" \/>\n<meta property=\"og:url\" content=\"https:\/\/banxa.com\/de\/presse\/\" \/>\n<meta property=\"og:site_name\" content=\"Banxa\" \/>\n<meta property=\"article:publisher\" content=\"https:\/\/www.facebook.com\/Banxa.Official\/\" \/>\n<meta property=\"article:modified_time\" content=\"2026-04-16T12:37:36+00:00\" \/>\n<meta property=\"og:image\" content=\"https:\/\/banxa.com\/wp-content\/uploads\/2025\/04\/Banxa-Holdings-Inc-Cover-image.jpg\" \/>\n\t<meta property=\"og:image:width\" content=\"1200\" \/>\n\t<meta property=\"og:image:height\" content=\"675\" \/>\n\t<meta property=\"og:image:type\" content=\"image\/jpeg\" \/>\n<meta name=\"twitter:card\" content=\"summary_large_image\" \/>\n<meta name=\"twitter:site\" content=\"@BanxaHoldings\" \/>\n<script type=\"application\/ld+json\" class=\"yoast-schema-graph\">{\"@context\":\"https:\\\/\\\/schema.org\",\"@graph\":[{\"@type\":\"WebPage\",\"@id\":\"https:\\\/\\\/banxa.com\\\/de\\\/presse\\\/\",\"url\":\"https:\\\/\\\/banxa.com\\\/de\\\/presse\\\/\",\"name\":\"Presse - Banxa\",\"isPartOf\":{\"@id\":\"https:\\\/\\\/banxa.com\\\/de\\\/#website\"},\"datePublished\":\"2025-05-08T00:58:42+00:00\",\"dateModified\":\"2026-04-16T12:37:36+00:00\",\"description\":\"Pressemitteilungen, Medienberichterstattung und mehr.\",\"breadcrumb\":{\"@id\":\"https:\\\/\\\/banxa.com\\\/de\\\/presse\\\/#breadcrumb\"},\"inLanguage\":\"de\",\"potentialAction\":[{\"@type\":\"ReadAction\",\"target\":[\"https:\\\/\\\/banxa.com\\\/de\\\/presse\\\/\"]}]},{\"@type\":\"BreadcrumbList\",\"@id\":\"https:\\\/\\\/banxa.com\\\/de\\\/presse\\\/#breadcrumb\",\"itemListElement\":[{\"@type\":\"ListItem\",\"position\":1,\"name\":\"Home\",\"item\":\"https:\\\/\\\/banxa.com\\\/de\\\/\"},{\"@type\":\"ListItem\",\"position\":2,\"name\":\"Presse\"}]},{\"@type\":\"WebSite\",\"@id\":\"https:\\\/\\\/banxa.com\\\/de\\\/#website\",\"url\":\"https:\\\/\\\/banxa.com\\\/de\\\/\",\"name\":\"Banxa\",\"description\":\"\",\"publisher\":{\"@id\":\"https:\\\/\\\/banxa.com\\\/de\\\/#organization\"},\"alternateName\":\"Banxa Holdings Inc.\",\"potentialAction\":[{\"@type\":\"SearchAction\",\"target\":{\"@type\":\"EntryPoint\",\"urlTemplate\":\"https:\\\/\\\/banxa.com\\\/de\\\/?s={search_term_string}\"},\"query-input\":{\"@type\":\"PropertyValueSpecification\",\"valueRequired\":true,\"valueName\":\"search_term_string\"}}],\"inLanguage\":\"de\"},{\"@type\":\"Organization\",\"@id\":\"https:\\\/\\\/banxa.com\\\/de\\\/#organization\",\"name\":\"Banxa\",\"alternateName\":\"Banxa Holdings Inc.\",\"url\":\"https:\\\/\\\/banxa.com\\\/de\\\/\",\"logo\":{\"@type\":\"ImageObject\",\"inLanguage\":\"de\",\"@id\":\"https:\\\/\\\/banxa.com\\\/de\\\/#\\\/schema\\\/logo\\\/image\\\/\",\"url\":\"https:\\\/\\\/banxa.com\\\/wp-content\\\/uploads\\\/2025\\\/02\\\/Banxa-Icon-RGB-Favicon.png\",\"contentUrl\":\"https:\\\/\\\/banxa.com\\\/wp-content\\\/uploads\\\/2025\\\/02\\\/Banxa-Icon-RGB-Favicon.png\",\"width\":520,\"height\":470,\"caption\":\"Banxa\"},\"image\":{\"@id\":\"https:\\\/\\\/banxa.com\\\/de\\\/#\\\/schema\\\/logo\\\/image\\\/\"},\"sameAs\":[\"https:\\\/\\\/www.facebook.com\\\/Banxa.Official\\\/\",\"https:\\\/\\\/x.com\\\/BanxaHoldings\",\"https:\\\/\\\/www.instagram.com\\\/banxaofficial\\\/\",\"https:\\\/\\\/www.youtube.com\\\/channel\\\/UC1ENe9JnShhksGOaMaTyPvQ\",\"https:\\\/\\\/www.linkedin.com\\\/company\\\/banxa-com\"]}]}<\/script>\n<!-- \/ Yoast SEO plugin. -->","yoast_head_json":{"title":"Presse - Banxa","description":"Pressemitteilungen, Medienberichterstattung und mehr.","robots":{"index":"index","follow":"follow","max-snippet":"max-snippet:-1","max-image-preview":"max-image-preview:large","max-video-preview":"max-video-preview:-1"},"canonical":"https:\/\/banxa.com\/de\/presse\/","og_locale":"de_DE","og_type":"article","og_title":"Presse - Banxa","og_description":"Pressemitteilungen, Medienberichterstattung und mehr.","og_url":"https:\/\/banxa.com\/de\/presse\/","og_site_name":"Banxa","article_publisher":"https:\/\/www.facebook.com\/Banxa.Official\/","article_modified_time":"2026-04-16T12:37:36+00:00","og_image":[{"width":1200,"height":675,"url":"https:\/\/banxa.com\/wp-content\/uploads\/2025\/04\/Banxa-Holdings-Inc-Cover-image.jpg","type":"image\/jpeg"}],"twitter_card":"summary_large_image","twitter_site":"@BanxaHoldings","schema":{"@context":"https:\/\/schema.org","@graph":[{"@type":"WebPage","@id":"https:\/\/banxa.com\/de\/presse\/","url":"https:\/\/banxa.com\/de\/presse\/","name":"Presse - Banxa","isPartOf":{"@id":"https:\/\/banxa.com\/de\/#website"},"datePublished":"2025-05-08T00:58:42+00:00","dateModified":"2026-04-16T12:37:36+00:00","description":"Pressemitteilungen, Medienberichterstattung und mehr.","breadcrumb":{"@id":"https:\/\/banxa.com\/de\/presse\/#breadcrumb"},"inLanguage":"de","potentialAction":[{"@type":"ReadAction","target":["https:\/\/banxa.com\/de\/presse\/"]}]},{"@type":"BreadcrumbList","@id":"https:\/\/banxa.com\/de\/presse\/#breadcrumb","itemListElement":[{"@type":"ListItem","position":1,"name":"Home","item":"https:\/\/banxa.com\/de\/"},{"@type":"ListItem","position":2,"name":"Presse"}]},{"@type":"WebSite","@id":"https:\/\/banxa.com\/de\/#website","url":"https:\/\/banxa.com\/de\/","name":"Banxa","description":"","publisher":{"@id":"https:\/\/banxa.com\/de\/#organization"},"alternateName":"Banxa Holdings Inc.","potentialAction":[{"@type":"SearchAction","target":{"@type":"EntryPoint","urlTemplate":"https:\/\/banxa.com\/de\/?s={search_term_string}"},"query-input":{"@type":"PropertyValueSpecification","valueRequired":true,"valueName":"search_term_string"}}],"inLanguage":"de"},{"@type":"Organization","@id":"https:\/\/banxa.com\/de\/#organization","name":"Banxa","alternateName":"Banxa Holdings Inc.","url":"https:\/\/banxa.com\/de\/","logo":{"@type":"ImageObject","inLanguage":"de","@id":"https:\/\/banxa.com\/de\/#\/schema\/logo\/image\/","url":"https:\/\/banxa.com\/wp-content\/uploads\/2025\/02\/Banxa-Icon-RGB-Favicon.png","contentUrl":"https:\/\/banxa.com\/wp-content\/uploads\/2025\/02\/Banxa-Icon-RGB-Favicon.png","width":520,"height":470,"caption":"Banxa"},"image":{"@id":"https:\/\/banxa.com\/de\/#\/schema\/logo\/image\/"},"sameAs":["https:\/\/www.facebook.com\/Banxa.Official\/","https:\/\/x.com\/BanxaHoldings","https:\/\/www.instagram.com\/banxaofficial\/","https:\/\/www.youtube.com\/channel\/UC1ENe9JnShhksGOaMaTyPvQ","https:\/\/www.linkedin.com\/company\/banxa-com"]}]}},"_links":{"self":[{"href":"https:\/\/banxa.com\/de\/wp-json\/wp\/v2\/pages\/4184","targetHints":{"allow":["GET"]}}],"collection":[{"href":"https:\/\/banxa.com\/de\/wp-json\/wp\/v2\/pages"}],"about":[{"href":"https:\/\/banxa.com\/de\/wp-json\/wp\/v2\/types\/page"}],"author":[{"embeddable":true,"href":"https:\/\/banxa.com\/de\/wp-json\/wp\/v2\/users\/3"}],"replies":[{"embeddable":true,"href":"https:\/\/banxa.com\/de\/wp-json\/wp\/v2\/comments?post=4184"}],"version-history":[{"count":0,"href":"https:\/\/banxa.com\/de\/wp-json\/wp\/v2\/pages\/4184\/revisions"}],"wp:attachment":[{"href":"https:\/\/banxa.com\/de\/wp-json\/wp\/v2\/media?parent=4184"}],"curies":[{"name":"wp","href":"https:\/\/api.w.org\/{rel}","templated":true}]}}